{"id":22917,"date":"2019-01-16T10:09:49","date_gmt":"2019-01-16T09:09:49","guid":{"rendered":"https:\/\/www.penamontanesa.com\/parcelas\/"},"modified":"2026-03-07T14:37:51","modified_gmt":"2026-03-07T13:37:51","slug":"parcelas","status":"publish","type":"page","link":"https:\/\/www.penamontanesa.com\/de\/parcelas\/","title":{"rendered":"Stellpl\u00e4tze"},"content":{"rendered":"\n<h2 class=\"wp-block-heading\">Stellpl\u00e4tze<\/h2>\n\n\n\n<p>Gro\u00dfe Parzellen mit viel Schatten auf dem gesamten Campingplatz. Dar\u00fcber hinaus haben wir eine neue Fl\u00e4che von Grundst\u00fccken. Die meisten Grundst\u00fccke sind durch Hecken abgegrenzt, viel privater.<\/p>\n\n\n\n<div class=\"wp-block-columns has-2-columns is-layout-flex wp-container-core-columns-is-layout-9d6595d7 wp-block-columns-is-layout-flex\">\n<div class=\"wp-block-column is-layout-flow wp-block-column-is-layout-flow\">\n<p class=\"has-text-align-center has-blank-3-cleargreen-background-color has-background\">Gro\u00dfe Stellpl\u00e4tze f\u00fcr bis zu<strong> 6 Personen.<\/strong><\/p>\n\n\n\n\n    \n\n\n\n        \n        <div id=\"booking_button-block_77059eaa292beadeb0d1d48087368359\" class=\"booking_button aligncenter\">\n            <a class=\"boton-reservar\" href=\"https:\/\/booking.penamontanesa.com\/search?lang=de&#038;categoryIds=1\" target=\"_blank\">Stellplatz reservieren<\/a>        <\/div>\n\n\n\n\n<style type=\"text\/css\">\n    \/* Si volem afegir estils a la preview de la zona admin utilitzem la class .block-editor *\/\n    \/*.block-label {\n        font-family: -apple-system,BlinkMacSystemFont,\"Segoe UI\",Roboto,Oxygen-Sans,Ubuntu,Cantarell,\"Helvetica Neue\",sans-serif;\n        font-size: 11px;\n        padding: 4px 4px;\n        background: #007cba;\n        color: #fff;\n    }\n    .block-editor .booking_button {\n        text-align: center;\n\n    }\n    .block-editor .booking_button a {\n        padding: 12px 24px;\n        font-size: 18px;\n        background: black;\n        border-radius: 50px;\n        white-space: nowrap;\n        overflow: hidden;\n        text-overflow: ellipsis;\n        color: white;\n    }*\/\n    \/* Podem utilitzar el identificador especific del block $id *\/\n    .block-editor #booking_button-block_77059eaa292beadeb0d1d48087368359 {\n        padding: 10px;\n        min-height: 30px;\n    }\n\n\n<\/style>\n\n\n\n<div class=\"wp-block-button is-style-custom-button-style aligncenter\"><a class=\"wp-block-button__link wp-element-button\" href=\"https:\/\/www.penamontanesa.com\/de\/preise\/campingpreise\/\">Siehe Preise 2026<\/a><\/div>\n\n\n\n<p><\/p>\n<\/div>\n\n\n\n<div class=\"wp-block-column is-layout-flow wp-block-column-is-layout-flow\">\n<p class=\"has-text-align-center has-background\" style=\"background-color:#d3e5cf\">Sonderpreis * f\u00fcr von <strong>2 Personen<\/strong> bewohnte Grundst\u00fccke. <br>* nicht eingeschlossen Personen<\/p>\n\n\n\n\n    \n\n\n\n        \n        <div id=\"booking_button-block_3d63c95d0e6174e6edc45a278e302d02\" class=\"booking_button aligncenter\">\n            <a class=\"boton-reservar\" href=\"https:\/\/booking.penamontanesa.com\/search?lang=de&#038;categoryIds=8\" target=\"_blank\">Stellplatz reservieren (2 personen)<\/a>        <\/div>\n\n\n\n\n<style type=\"text\/css\">\n    \/* Si volem afegir estils a la preview de la zona admin utilitzem la class .block-editor *\/\n    \/*.block-label {\n        font-family: -apple-system,BlinkMacSystemFont,\"Segoe UI\",Roboto,Oxygen-Sans,Ubuntu,Cantarell,\"Helvetica Neue\",sans-serif;\n        font-size: 11px;\n        padding: 4px 4px;\n        background: #007cba;\n        color: #fff;\n    }\n    .block-editor .booking_button {\n        text-align: center;\n\n    }\n    .block-editor .booking_button a {\n        padding: 12px 24px;\n        font-size: 18px;\n        background: black;\n        border-radius: 50px;\n        white-space: nowrap;\n        overflow: hidden;\n        text-overflow: ellipsis;\n        color: white;\n    }*\/\n    \/* Podem utilitzar el identificador especific del block $id *\/\n    .block-editor #booking_button-block_3d63c95d0e6174e6edc45a278e302d02 {\n        padding: 10px;\n        min-height: 30px;\n    }\n\n\n<\/style>\n\n\n\n<p><\/p>\n<\/div>\n<\/div>\n\n\n\n<h3 class=\"wp-block-heading\">Beschreibung<\/h3>\n\n\n\n<div class=\"wp-block-columns has-2-columns is-layout-flex wp-container-core-columns-is-layout-9d6595d7 wp-block-columns-is-layout-flex\">\n<div class=\"wp-block-column is-layout-flow wp-block-column-is-layout-flow\">\n<ul class=\"wp-block-list\">\n<li>Kostenloses hei\u00dfes Wasser<\/li>\n\n\n\n<li>Steckdosen auf dem gesamten Campingplatz<\/li>\n\n\n\n<li>K\u00f6rperpflegeprodukte f\u00fcr Babys<\/li>\n\n\n\n<li>Gr\u00fcnfl\u00e4chen<\/li>\n\n\n\n<li>Spielpl\u00e4tze<\/li>\n<\/ul>\n<\/div>\n\n\n\n<div class=\"wp-block-column is-layout-flow wp-block-column-is-layout-flow\">\n<ul class=\"wp-block-list\">\n<li>Toiletten f\u00fcr Menschen mit eingeschr\u00e4nkter Mobilit\u00e4t.<\/li>\n\n\n\n<li>Aufbewahrung von Wohnwagen im Winter.<\/li>\n\n\n\n<li>Haustiere erlaubt (gebunden).<\/li>\n\n\n\n<li>W\u00e4scherei, Vermietung von K\u00fchlschr\u00e4nken.<\/li>\n<\/ul>\n<\/div>\n<\/div>\n\n\n\n<div class=\"wp-block-cover alignfull is-light\"><img decoding=\"async\" class=\"wp-block-cover__image-background wp-image-19765\" src=\"https:\/\/www.penamontanesa.com\/wp-content\/uploads\/pena-montanesa-0050.jpg\" data-object-fit=\"cover\"\/><span aria-hidden=\"true\" class=\"wp-block-cover__background has-background-dim-20 has-background-dim\"><\/span><div class=\"wp-block-cover__inner-container is-layout-flow wp-block-cover-is-layout-flow\">\n<p class=\"has-text-align-center has-large-font-size\">Camping sehr bewaldet.<br>Catalpas, moreras, chopos.<\/p>\n<\/div><\/div>\n\n\n\n<h2 class=\"wp-block-heading\">Virtual tour<\/h2>\n\n\n\n<iframe loading=\"lazy\" src=\"https:\/\/www.google.com\/maps\/embed?pb=!4v1550564006053!6m8!1m7!1sCAoSLEFGMVFpcFBZb25ObjMzZjNYNmFIZ1l3QUZRa0Z4SHBaNHlVMGQybEdiNExU!2m2!1d42.43552654623289!2d0.1351770027630437!3f347.22!4f0!5f0.8160813932612223\" style=\"border:0\" allowfullscreen=\"\" width=\"100%\" height=\"450\" frameborder=\"0\"><\/iframe>\n\n\n\n<h2 class=\"wp-block-heading\">Unterk\u00fcnfte<\/h2>\n\n\n\n            \n        \n        \n\n            <article id=\"featured_lodgements-block_cc1e499ba7fc7639c006b23273608ac4\" class=\"featured_lodgements alignwide featured-columns-4\">\n                <script>\n                    $(document).ready(function(){\n                       $(\"#featured_lodgements-block_cc1e499ba7fc7639c006b23273608ac4 .lodgements-slide\").owlCarousel({\n                            nav: true,\n                            dots: false,\n                            margin: 20,\n                            mouseDrag: true,\n                            responsive: {\n                                0: {\n                                    items: 1,\n                                   },\n                                768: {\n                                    items: 4,\n                                   }\n                            }\n                       });\n                    });\n\n                <\/script>\n                <div class=\"lodgements-slide owl-carousel\">\n                                \n                    \n                                        <a class=\"item-list-23567\" href=\"https:\/\/www.penamontanesa.com\/de\/unterkunfte\/bungalow-2-personas\/\">\n                                                                                                                                        <div class=\"item-list-thumb-wrapper\">\n                            <div class=\"item-list-thumb cover\" style=\"background-image:url(https:\/\/www.penamontanesa.com\/wp-content\/uploads\/madera-1-1-640x480.jpg)\"><\/div>\n                        <\/div>\n                                                        <p class=\"icon-house has-medium-font-size\">Bungalow 2 Personen<span class=\"has-normal-font-size\">Ab 58\u20ac<\/span><\/p>\n\n                    <\/a>\n                    \n                \n                    \n                                        <a class=\"item-list-23589\" href=\"https:\/\/www.penamontanesa.com\/de\/?page_id=23589\">\n                                                                                                                                        <div class=\"item-list-thumb-wrapper\">\n                            <div class=\"item-list-thumb cover\" style=\"background-image:url(https:\/\/www.penamontanesa.com\/wp-content\/uploads\/mg-7429-1-640x480.jpg)\"><\/div>\n                        <\/div>\n                                                        <p class=\"icon-house has-medium-font-size\">Privat: Bungalow 3 Personen<span class=\"has-normal-font-size\">Ab 69\u20ac<\/span><\/p>\n\n                    <\/a>\n                    \n                \n                    \n                                        <a class=\"item-list-23594\" href=\"https:\/\/www.penamontanesa.com\/de\/?page_id=23594\">\n                                                                                                                                        <div class=\"item-list-thumb-wrapper\">\n                            <div class=\"item-list-thumb cover\" style=\"background-image:url(https:\/\/www.penamontanesa.com\/wp-content\/uploads\/madera-9-640x480.jpg)\"><\/div>\n                        <\/div>\n                                                        <p class=\"icon-house has-medium-font-size\">Privat: Bungalow 4 Personen<span class=\"has-normal-font-size\">Ab 86\u20ac<\/span><\/p>\n\n                    <\/a>\n                    \n                \n                    \n                                        <a class=\"item-list-23599\" href=\"https:\/\/www.penamontanesa.com\/de\/unterkunfte\/bungalow-5-personen\/\">\n                                                                                                                                        <div class=\"item-list-thumb-wrapper\">\n                            <div class=\"item-list-thumb cover\" style=\"background-image:url(https:\/\/www.penamontanesa.com\/wp-content\/uploads\/mg-7418-640x480.jpg)\"><\/div>\n                        <\/div>\n                                                        <p class=\"icon-house has-medium-font-size\">Familienbungalow<span class=\"has-normal-font-size\">Ab 87\u20ac<\/span><\/p>\n\n                    <\/a>\n                    \n                \n                    \n                                        <a class=\"item-list-23605\" href=\"https:\/\/www.penamontanesa.com\/de\/?page_id=23605\">\n                                                                                                                                        <div class=\"item-list-thumb-wrapper\">\n                            <div class=\"item-list-thumb cover\" style=\"background-image:url(https:\/\/www.penamontanesa.com\/wp-content\/uploads\/movil-7-640x480.jpg)\"><\/div>\n                        <\/div>\n                                                        <p class=\"icon-house has-medium-font-size\">Privat: Mobilhome 2 personen<span class=\"has-normal-font-size\">Ab 51\u20ac<\/span><\/p>\n\n                    <\/a>\n                    \n                \n                    \n                                        <a class=\"item-list-23618\" href=\"https:\/\/www.penamontanesa.com\/de\/?page_id=23618\">\n                                                                                                                                        <div class=\"item-list-thumb-wrapper\">\n                            <div class=\"item-list-thumb cover\" style=\"background-image:url(https:\/\/www.penamontanesa.com\/wp-content\/uploads\/movil-2-640x480.jpg)\"><\/div>\n                        <\/div>\n                                                        <p class=\"icon-house has-medium-font-size\">Privat: Mobilhome 3 Personen<span class=\"has-normal-font-size\">Ab 65\u20ac<\/span><\/p>\n\n                    <\/a>\n                    \n                \n                    \n                                        <a class=\"item-list-23623\" href=\"https:\/\/www.penamontanesa.com\/de\/unterkunfte\/mobilhome-4-personen\/\">\n                                                                                                                                        <div class=\"item-list-thumb-wrapper\">\n                            <div class=\"item-list-thumb cover\" style=\"background-image:url(https:\/\/www.penamontanesa.com\/wp-content\/uploads\/movil-2-640x480.jpg)\"><\/div>\n                        <\/div>\n                                                        <p class=\"icon-house has-medium-font-size\">Mobilhome<span class=\"has-normal-font-size\">Ab 66\u20ac<\/span><\/p>\n\n                    <\/a>\n                    \n                                <\/div>\n            <\/article>\n                            <p style=\"background-color:#d3e5cf\" class=\"has-background featured-float\"><\/p>\n                    \n    \n\n\n","protected":false},"excerpt":{"rendered":"<p>Stellpl\u00e4tze Gro\u00dfe Parzellen mit viel Schatten auf dem gesamten Campingplatz. [&hellip;]<\/p>\n","protected":false},"author":1,"featured_media":0,"parent":0,"menu_order":10,"comment_status":"closed","ping_status":"closed","template":"templates\/tmpl-alojamiento.php","meta":{"_acf_changed":false,"footnotes":""},"class_list":["post-22917","page","type-page","status-publish","hentry"],"acf":[],"yoast_head":"<!-- This site is optimized with the Yoast SEO plugin v26.5 - https:\/\/yoast.com\/wordpress\/plugins\/seo\/ -->\n<title>Stellpl\u00e4tze - Camping Pe\u00f1a Monta\u00f1esa<\/title>\n<meta name=\"robots\" content=\"index, follow, max-snippet:-1, max-image-preview:large, max-video-preview:-1\" \/>\n<link rel=\"canonical\" href=\"https:\/\/www.penamontanesa.com\/de\/parcelas\/\" \/>\n<meta property=\"og:locale\" content=\"de_DE\" \/>\n<meta property=\"og:type\" content=\"article\" \/>\n<meta property=\"og:title\" content=\"Stellpl\u00e4tze - Camping Pe\u00f1a Monta\u00f1esa\" \/>\n<meta property=\"og:description\" content=\"Stellpl\u00e4tze Gro\u00dfe Parzellen mit viel Schatten auf dem gesamten Campingplatz. [&hellip;]\" \/>\n<meta property=\"og:url\" content=\"https:\/\/www.penamontanesa.com\/de\/parcelas\/\" \/>\n<meta property=\"og:site_name\" content=\"Camping Pe\u00f1a Monta\u00f1esa\" \/>\n<meta property=\"article:modified_time\" content=\"2026-03-07T13:37:51+00:00\" \/>\n<meta name=\"twitter:card\" content=\"summary_large_image\" \/>\n<meta name=\"twitter:label1\" content=\"Gesch\u00e4tzte Lesezeit\" \/>\n\t<meta name=\"twitter:data1\" content=\"1\u00a0Minute\" \/>\n<script type=\"application\/ld+json\" class=\"yoast-schema-graph\">{\"@context\":\"https:\/\/schema.org\",\"@graph\":[{\"@type\":\"WebPage\",\"@id\":\"https:\/\/www.penamontanesa.com\/de\/parcelas\/\",\"url\":\"https:\/\/www.penamontanesa.com\/de\/parcelas\/\",\"name\":\"Stellpl\u00e4tze - Camping Pe\u00f1a Monta\u00f1esa\",\"isPartOf\":{\"@id\":\"https:\/\/www.penamontanesa.com\/de\/#website\"},\"primaryImageOfPage\":{\"@id\":\"https:\/\/www.penamontanesa.com\/de\/parcelas\/#primaryimage\"},\"image\":{\"@id\":\"https:\/\/www.penamontanesa.com\/de\/parcelas\/#primaryimage\"},\"thumbnailUrl\":\"https:\/\/www.penamontanesa.com\/wp-content\/uploads\/pena-montanesa-0050.jpg\",\"datePublished\":\"2019-01-16T09:09:49+00:00\",\"dateModified\":\"2026-03-07T13:37:51+00:00\",\"breadcrumb\":{\"@id\":\"https:\/\/www.penamontanesa.com\/de\/parcelas\/#breadcrumb\"},\"inLanguage\":\"de\",\"potentialAction\":[{\"@type\":\"ReadAction\",\"target\":[\"https:\/\/www.penamontanesa.com\/de\/parcelas\/\"]}]},{\"@type\":\"ImageObject\",\"inLanguage\":\"de\",\"@id\":\"https:\/\/www.penamontanesa.com\/de\/parcelas\/#primaryimage\",\"url\":\"https:\/\/www.penamontanesa.com\/wp-content\/uploads\/pena-montanesa-0050.jpg\",\"contentUrl\":\"https:\/\/www.penamontanesa.com\/wp-content\/uploads\/pena-montanesa-0050.jpg\"},{\"@type\":\"BreadcrumbList\",\"@id\":\"https:\/\/www.penamontanesa.com\/de\/parcelas\/#breadcrumb\",\"itemListElement\":[{\"@type\":\"ListItem\",\"position\":1,\"name\":\"Portada\",\"item\":\"https:\/\/www.penamontanesa.com\/de\/\"},{\"@type\":\"ListItem\",\"position\":2,\"name\":\"Stellpl\u00e4tze\"}]},{\"@type\":\"WebSite\",\"@id\":\"https:\/\/www.penamontanesa.com\/de\/#website\",\"url\":\"https:\/\/www.penamontanesa.com\/de\/\",\"name\":\"Camping Pe\u00f1a Monta\u00f1esa\",\"description\":\"Camping y bungalows. Ainsa Pirineos. Parque Nacional de Ordesa y Monte Perdido.\",\"publisher\":{\"@id\":\"https:\/\/www.penamontanesa.com\/de\/#organization\"},\"potentialAction\":[{\"@type\":\"SearchAction\",\"target\":{\"@type\":\"EntryPoint\",\"urlTemplate\":\"https:\/\/www.penamontanesa.com\/de\/?s={search_term_string}\"},\"query-input\":{\"@type\":\"PropertyValueSpecification\",\"valueRequired\":true,\"valueName\":\"search_term_string\"}}],\"inLanguage\":\"de\"},{\"@type\":\"Organization\",\"@id\":\"https:\/\/www.penamontanesa.com\/de\/#organization\",\"name\":\"Camping Pe\u00f1a Monta\u00f1esa\",\"url\":\"https:\/\/www.penamontanesa.com\/de\/\",\"logo\":{\"@type\":\"ImageObject\",\"inLanguage\":\"de\",\"@id\":\"https:\/\/www.penamontanesa.com\/de\/#\/schema\/logo\/image\/\",\"url\":\"https:\/\/www.penamontanesa.com\/wp-content\/uploads\/cropped-penamontanesa-logo-1-1.png\",\"contentUrl\":\"https:\/\/www.penamontanesa.com\/wp-content\/uploads\/cropped-penamontanesa-logo-1-1.png\",\"width\":420,\"height\":103,\"caption\":\"Camping Pe\u00f1a Monta\u00f1esa\"},\"image\":{\"@id\":\"https:\/\/www.penamontanesa.com\/de\/#\/schema\/logo\/image\/\"}}]}<\/script>\n<!-- \/ Yoast SEO plugin. -->","yoast_head_json":{"title":"Stellpl\u00e4tze - Camping Pe\u00f1a Monta\u00f1esa","robots":{"index":"index","follow":"follow","max-snippet":"max-snippet:-1","max-image-preview":"max-image-preview:large","max-video-preview":"max-video-preview:-1"},"canonical":"https:\/\/www.penamontanesa.com\/de\/parcelas\/","og_locale":"de_DE","og_type":"article","og_title":"Stellpl\u00e4tze - Camping Pe\u00f1a Monta\u00f1esa","og_description":"Stellpl\u00e4tze Gro\u00dfe Parzellen mit viel Schatten auf dem gesamten Campingplatz. [&hellip;]","og_url":"https:\/\/www.penamontanesa.com\/de\/parcelas\/","og_site_name":"Camping Pe\u00f1a Monta\u00f1esa","article_modified_time":"2026-03-07T13:37:51+00:00","twitter_card":"summary_large_image","twitter_misc":{"Gesch\u00e4tzte Lesezeit":"1\u00a0Minute"},"schema":{"@context":"https:\/\/schema.org","@graph":[{"@type":"WebPage","@id":"https:\/\/www.penamontanesa.com\/de\/parcelas\/","url":"https:\/\/www.penamontanesa.com\/de\/parcelas\/","name":"Stellpl\u00e4tze - Camping Pe\u00f1a Monta\u00f1esa","isPartOf":{"@id":"https:\/\/www.penamontanesa.com\/de\/#website"},"primaryImageOfPage":{"@id":"https:\/\/www.penamontanesa.com\/de\/parcelas\/#primaryimage"},"image":{"@id":"https:\/\/www.penamontanesa.com\/de\/parcelas\/#primaryimage"},"thumbnailUrl":"https:\/\/www.penamontanesa.com\/wp-content\/uploads\/pena-montanesa-0050.jpg","datePublished":"2019-01-16T09:09:49+00:00","dateModified":"2026-03-07T13:37:51+00:00","breadcrumb":{"@id":"https:\/\/www.penamontanesa.com\/de\/parcelas\/#breadcrumb"},"inLanguage":"de","potentialAction":[{"@type":"ReadAction","target":["https:\/\/www.penamontanesa.com\/de\/parcelas\/"]}]},{"@type":"ImageObject","inLanguage":"de","@id":"https:\/\/www.penamontanesa.com\/de\/parcelas\/#primaryimage","url":"https:\/\/www.penamontanesa.com\/wp-content\/uploads\/pena-montanesa-0050.jpg","contentUrl":"https:\/\/www.penamontanesa.com\/wp-content\/uploads\/pena-montanesa-0050.jpg"},{"@type":"BreadcrumbList","@id":"https:\/\/www.penamontanesa.com\/de\/parcelas\/#breadcrumb","itemListElement":[{"@type":"ListItem","position":1,"name":"Portada","item":"https:\/\/www.penamontanesa.com\/de\/"},{"@type":"ListItem","position":2,"name":"Stellpl\u00e4tze"}]},{"@type":"WebSite","@id":"https:\/\/www.penamontanesa.com\/de\/#website","url":"https:\/\/www.penamontanesa.com\/de\/","name":"Camping Pe\u00f1a Monta\u00f1esa","description":"Camping y bungalows. Ainsa Pirineos. Parque Nacional de Ordesa y Monte Perdido.","publisher":{"@id":"https:\/\/www.penamontanesa.com\/de\/#organization"},"potentialAction":[{"@type":"SearchAction","target":{"@type":"EntryPoint","urlTemplate":"https:\/\/www.penamontanesa.com\/de\/?s={search_term_string}"},"query-input":{"@type":"PropertyValueSpecification","valueRequired":true,"valueName":"search_term_string"}}],"inLanguage":"de"},{"@type":"Organization","@id":"https:\/\/www.penamontanesa.com\/de\/#organization","name":"Camping Pe\u00f1a Monta\u00f1esa","url":"https:\/\/www.penamontanesa.com\/de\/","logo":{"@type":"ImageObject","inLanguage":"de","@id":"https:\/\/www.penamontanesa.com\/de\/#\/schema\/logo\/image\/","url":"https:\/\/www.penamontanesa.com\/wp-content\/uploads\/cropped-penamontanesa-logo-1-1.png","contentUrl":"https:\/\/www.penamontanesa.com\/wp-content\/uploads\/cropped-penamontanesa-logo-1-1.png","width":420,"height":103,"caption":"Camping Pe\u00f1a Monta\u00f1esa"},"image":{"@id":"https:\/\/www.penamontanesa.com\/de\/#\/schema\/logo\/image\/"}}]}},"_links":{"self":[{"href":"https:\/\/www.penamontanesa.com\/de\/wp-json\/wp\/v2\/pages\/22917","targetHints":{"allow":["GET"]}}],"collection":[{"href":"https:\/\/www.penamontanesa.com\/de\/wp-json\/wp\/v2\/pages"}],"about":[{"href":"https:\/\/www.penamontanesa.com\/de\/wp-json\/wp\/v2\/types\/page"}],"author":[{"embeddable":true,"href":"https:\/\/www.penamontanesa.com\/de\/wp-json\/wp\/v2\/users\/1"}],"replies":[{"embeddable":true,"href":"https:\/\/www.penamontanesa.com\/de\/wp-json\/wp\/v2\/comments?post=22917"}],"version-history":[{"count":13,"href":"https:\/\/www.penamontanesa.com\/de\/wp-json\/wp\/v2\/pages\/22917\/revisions"}],"predecessor-version":[{"id":63541,"href":"https:\/\/www.penamontanesa.com\/de\/wp-json\/wp\/v2\/pages\/22917\/revisions\/63541"}],"wp:attachment":[{"href":"https:\/\/www.penamontanesa.com\/de\/wp-json\/wp\/v2\/media?parent=22917"}],"curies":[{"name":"wp","href":"https:\/\/api.w.org\/{rel}","templated":true}]}}