{"id":23014,"date":"2019-02-05T11:30:22","date_gmt":"2019-02-05T10:30:22","guid":{"rendered":"https:\/\/www.penamontanesa.com\/questions-frequentes\/"},"modified":"2019-03-13T12:24:03","modified_gmt":"2019-03-13T11:24:03","slug":"haufig-gestellte-fragen","status":"publish","type":"page","link":"https:\/\/www.penamontanesa.com\/de\/haufig-gestellte-fragen\/","title":{"rendered":"H\u00e4ufig gestellte Fragen"},"content":{"rendered":"<!-- part faqs -->\n            <div class=\"faqs-group\">\n                <h5 class=\"faq-title\">\u00dcber Bungalows und Mobilheime  <\/h5>\n                <div class=\"faqs-wrapper\">\n\n                                    <div class=\"faq\">\n\n                        <input type=\"checkbox\" id=\"faq-23191\" name=\"faq-group\">\n                        <label for=\"faq-23191\"><h3>Gibt es in den Bungalows Heizung?<\/h3><span class=\"icon-caret-down\"><\/span><\/label>\n                        <div class=\"content-faq\">\n                            Ja, es gibt Heizung in allen Unterk\u00fcnften.                        <\/div>\n                    <\/div>\n                                        <div class=\"faq\">\n\n                        <input type=\"checkbox\" id=\"faq-23197\" name=\"faq-group\">\n                        <label for=\"faq-23197\"><h3>Gibt es Betten in den Bungalows?<\/h3><span class=\"icon-caret-down\"><\/span><\/label>\n                        <div class=\"content-faq\">\n                            <p>Nein. Sie sollten Bettw\u00e4sche und Handt\u00fccher mitbringen. Sie k\u00f6nnen sie beim Camping mieten.<\/p>\n                        <\/div>\n                    <\/div>\n                                        <div class=\"faq\">\n\n                        <input type=\"checkbox\" id=\"faq-23203\" name=\"faq-group\">\n                        <label for=\"faq-23203\"><h3>Wann m\u00fcssen Sie die Bungalows oder Mobilheime am Abreisetag freigeben?<\/h3><span class=\"icon-caret-down\"><\/span><\/label>\n                        <div class=\"content-faq\">\n                            <p>Die Bungalows und Mobilhomes m\u00fcssen vor 12 Uhr freigegeben werden. Mittags und k\u00f6nnen bleiben und die Einrichtungen f\u00fcr den Rest des Tages genie\u00dfen.<\/p>\n                        <\/div>\n                    <\/div>\n                                        <div class=\"faq\">\n\n                        <input type=\"checkbox\" id=\"faq-23164\" name=\"faq-group\">\n                        <label for=\"faq-23164\"><h3>Gibt es in den Bungalows Fernseher?<\/h3><span class=\"icon-caret-down\"><\/span><\/label>\n                        <div class=\"content-faq\">\n                            <p>Ja, sowohl in den Bungalows als auch in den Mobilhomes.<\/p>\n                        <\/div>\n                    <\/div>\n                                    <\/div>\n            <\/div>\n                        <div class=\"faqs-group\">\n                <h5 class=\"faq-title\">\u00dcber den Campingplatz<\/h5>\n                <div class=\"faqs-wrapper\">\n\n                                    <div class=\"faq\">\n\n                        <input type=\"checkbox\" id=\"faq-23171\" name=\"faq-group\">\n                        <label for=\"faq-23171\"><h3>An welchen Daten ist der Campingplatz ge\u00f6ffnet??<\/h3><span class=\"icon-caret-down\"><\/span><\/label>\n                        <div class=\"content-faq\">\n                            <p>Die \u00d6ffnungszeiten des Campingplatzes werden immer \u00fcber den Reservierungskalender angegeben.<\/p>\n                        <\/div>\n                    <\/div>\n                                        <div class=\"faq\">\n\n                        <input type=\"checkbox\" id=\"faq-23211\" name=\"faq-group\">\n                        <label for=\"faq-23211\"><h3>K\u00f6nnen Sie beim Camping mit einer Visa-Eurocard oder MasterCard bezahlen?<\/h3><span class=\"icon-caret-down\"><\/span><\/label>\n                        <div class=\"content-faq\">\n                            <p><strong>Ja<\/strong><\/p>\n                        <\/div>\n                    <\/div>\n                                        <div class=\"faq\">\n\n                        <input type=\"checkbox\" id=\"faq-23219\" name=\"faq-group\">\n                        <label for=\"faq-23219\"><h3>K\u00f6nnen Sie auf dem Campingplatz grillen?<\/h3><span class=\"icon-caret-down\"><\/span><\/label>\n                        <div class=\"content-faq\">\n                            <p>Nein. Nur Elektro- und Camping-Gas<\/p>\n                        <\/div>\n                    <\/div>\n                                        <div class=\"faq\">\n\n                        <input type=\"checkbox\" id=\"faq-23239\" name=\"faq-group\">\n                        <label for=\"faq-23239\"><h3>Gibt es auf dem Camping Unterhaltung f\u00fcr Kinder?<\/h3><span class=\"icon-caret-down\"><\/span><\/label>\n                        <div class=\"content-faq\">\n                            <p>Ja, in der Hauptsaison.<\/p>\n                        <\/div>\n                    <\/div>\n                                        <div class=\"faq\">\n\n                        <input type=\"checkbox\" id=\"faq-23265\" name=\"faq-group\">\n                        <label for=\"faq-23265\"><h3>Wie weit ist die n\u00e4chste Stadt vom Campingplatz entfernt?<\/h3><span class=\"icon-caret-down\"><\/span><\/label>\n                        <div class=\"content-faq\">\n                            <p>Labuerda, 1.800 m. (sehr sch\u00f6ner Ausflug ca. 30 Minuten zu Fu\u00df) A\u00ednsa 2 km. (sehr sch\u00f6ner Ausflug, der an der Plaza und Burg von A\u00ednsa endet, ca. 30 Minuten).<\/p>\n                        <\/div>\n                    <\/div>\n                                        <div class=\"faq\">\n\n                        <input type=\"checkbox\" id=\"faq-23268\" name=\"faq-group\">\n                        <label for=\"faq-23268\"><h3>Wann m\u00fcssen Sie den Campingplatz am Abreisetag freigeben?<\/h3><span class=\"icon-caret-down\"><\/span><\/label>\n                        <div class=\"content-faq\">\n                            <p>Das Grundst\u00fcck muss vor 12 Uhr frei und sauber sein. und sie k\u00f6nnen bleiben und die Einrichtungen f\u00fcr den Rest des Tages genie\u00dfen.<\/p>\n                        <\/div>\n                    <\/div>\n                                    <\/div>\n            <\/div>\n                        <div class=\"faqs-group\">\n                <h5 class=\"faq-title\">\u00dcber die Einrichtungen<\/h5>\n                <div class=\"faqs-wrapper\">\n\n                                    <div class=\"faq\">\n\n                        <input type=\"checkbox\" id=\"faq-23229\" name=\"faq-group\">\n                        <label for=\"faq-23229\"><h3>An welchen Tagen ist das Hallenbad beheizt?<\/h3><span class=\"icon-caret-down\"><\/span><\/label>\n                        <div class=\"content-faq\">\n                            <p>Zolang de camping open is, met uitzondering van 1 mei tot 30 september, zomerseizoen.<\/p>\n                        <\/div>\n                    <\/div>\n                                        <div class=\"faq\">\n\n                        <input type=\"checkbox\" id=\"faq-23247\" name=\"faq-group\">\n                        <label for=\"faq-23247\"><h3>Gibt es im Camping eine Babywanne?<\/h3><span class=\"icon-caret-down\"><\/span><\/label>\n                        <div class=\"content-faq\">\n                            <p>Ja<\/p>\n                        <\/div>\n                    <\/div>\n                                        <div class=\"faq\">\n\n                        <input type=\"checkbox\" id=\"faq-23250\" name=\"faq-group\">\n                        <label for=\"faq-23250\"><h3>Gibt es auf dem Camping ein Bad f\u00fcr Personen mit eingeschr\u00e4nkter Mobilit\u00e4t?<\/h3><span class=\"icon-caret-down\"><\/span><\/label>\n                        <div class=\"content-faq\">\n                            <p>Ja<\/p>\n                        <\/div>\n                    <\/div>\n                                    <\/div>\n            <\/div>\n                        <div class=\"faqs-group\">\n                <h5 class=\"faq-title\">\u00dcber Tiere auf dem Campingplatz<\/h5>\n                <div class=\"faqs-wrapper\">\n\n                                    <div class=\"faq\">\n\n                        <input type=\"checkbox\" id=\"faq-23179\" name=\"faq-group\">\n                        <label for=\"faq-23179\"><h3>D\u00fcrfen Hunde auf dem Campingplatz mit?<\/h3><span class=\"icon-caret-down\"><\/span><\/label>\n                        <div class=\"content-faq\">\n                            <p>Ja, sie m\u00fcssen auf dem gesamten Campingplatz gebunden sein und jederzeit von ihrem Besitzer begleitet werden<\/p>\n                        <\/div>\n                    <\/div>\n                                        <div class=\"faq\">\n\n                        <input type=\"checkbox\" id=\"faq-23185\" name=\"faq-group\">\n                        <label for=\"faq-23185\"><h3>D\u00fcrfen Hunde in die Bungalows?<\/h3><span class=\"icon-caret-down\"><\/span><\/label>\n                        <div class=\"content-faq\">\n                            <p>Ja, sie m\u00fcssen auf dem gesamten Campingplatz angebunden sein und jederzeit von ihrem Besitzer begleitet werden.<\/p>\n                        <\/div>\n                    <\/div>\n                                    <\/div>\n            <\/div>\n            \n\n\n\n<p><\/p>\n","protected":false},"excerpt":{"rendered":"","protected":false},"author":1,"featured_media":23018,"parent":0,"menu_order":6,"comment_status":"closed","ping_status":"closed","template":"","meta":{"_acf_changed":false,"footnotes":""},"class_list":["post-23014","page","type-page","status-publish","has-post-thumbnail","hentry"],"acf":[],"yoast_head":"<!-- This site is optimized with the Yoast SEO plugin v26.5 - https:\/\/yoast.com\/wordpress\/plugins\/seo\/ -->\n<title>H\u00e4ufig gestellte Fragen  - Camping Pe\u00f1a Monta\u00f1esa<\/title>\n<meta name=\"robots\" content=\"index, follow, max-snippet:-1, max-image-preview:large, max-video-preview:-1\" \/>\n<link rel=\"canonical\" href=\"https:\/\/www.penamontanesa.com\/de\/haufig-gestellte-fragen\/\" \/>\n<meta property=\"og:locale\" content=\"de_DE\" \/>\n<meta property=\"og:type\" content=\"article\" \/>\n<meta property=\"og:title\" content=\"H\u00e4ufig gestellte Fragen  - Camping Pe\u00f1a Monta\u00f1esa\" \/>\n<meta property=\"og:url\" content=\"https:\/\/www.penamontanesa.com\/de\/haufig-gestellte-fragen\/\" \/>\n<meta property=\"og:site_name\" content=\"Camping Pe\u00f1a Monta\u00f1esa\" \/>\n<meta property=\"article:modified_time\" content=\"2019-03-13T11:24:03+00:00\" \/>\n<meta property=\"og:image\" content=\"https:\/\/www.penamontanesa.com\/wp-content\/uploads\/mg-8948.jpg\" \/>\n\t<meta property=\"og:image:width\" content=\"2048\" \/>\n\t<meta property=\"og:image:height\" content=\"1365\" \/>\n\t<meta property=\"og:image:type\" content=\"image\/jpeg\" \/>\n<meta name=\"twitter:card\" content=\"summary_large_image\" \/>\n<script type=\"application\/ld+json\" class=\"yoast-schema-graph\">{\"@context\":\"https:\/\/schema.org\",\"@graph\":[{\"@type\":\"WebPage\",\"@id\":\"https:\/\/www.penamontanesa.com\/de\/haufig-gestellte-fragen\/\",\"url\":\"https:\/\/www.penamontanesa.com\/de\/haufig-gestellte-fragen\/\",\"name\":\"H\u00e4ufig gestellte Fragen - Camping Pe\u00f1a Monta\u00f1esa\",\"isPartOf\":{\"@id\":\"https:\/\/www.penamontanesa.com\/de\/#website\"},\"primaryImageOfPage\":{\"@id\":\"https:\/\/www.penamontanesa.com\/de\/haufig-gestellte-fragen\/#primaryimage\"},\"image\":{\"@id\":\"https:\/\/www.penamontanesa.com\/de\/haufig-gestellte-fragen\/#primaryimage\"},\"thumbnailUrl\":\"https:\/\/www.penamontanesa.com\/wp-content\/uploads\/mg-8948.jpg\",\"datePublished\":\"2019-02-05T10:30:22+00:00\",\"dateModified\":\"2019-03-13T11:24:03+00:00\",\"breadcrumb\":{\"@id\":\"https:\/\/www.penamontanesa.com\/de\/haufig-gestellte-fragen\/#breadcrumb\"},\"inLanguage\":\"de\",\"potentialAction\":[{\"@type\":\"ReadAction\",\"target\":[\"https:\/\/www.penamontanesa.com\/de\/haufig-gestellte-fragen\/\"]}]},{\"@type\":\"ImageObject\",\"inLanguage\":\"de\",\"@id\":\"https:\/\/www.penamontanesa.com\/de\/haufig-gestellte-fragen\/#primaryimage\",\"url\":\"https:\/\/www.penamontanesa.com\/wp-content\/uploads\/mg-8948.jpg\",\"contentUrl\":\"https:\/\/www.penamontanesa.com\/wp-content\/uploads\/mg-8948.jpg\",\"width\":2048,\"height\":1365},{\"@type\":\"BreadcrumbList\",\"@id\":\"https:\/\/www.penamontanesa.com\/de\/haufig-gestellte-fragen\/#breadcrumb\",\"itemListElement\":[{\"@type\":\"ListItem\",\"position\":1,\"name\":\"Portada\",\"item\":\"https:\/\/www.penamontanesa.com\/de\/\"},{\"@type\":\"ListItem\",\"position\":2,\"name\":\"H\u00e4ufig gestellte Fragen\"}]},{\"@type\":\"WebSite\",\"@id\":\"https:\/\/www.penamontanesa.com\/de\/#website\",\"url\":\"https:\/\/www.penamontanesa.com\/de\/\",\"name\":\"Camping Pe\u00f1a Monta\u00f1esa\",\"description\":\"Camping y bungalows. Ainsa Pirineos. Parque Nacional de Ordesa y Monte Perdido.\",\"publisher\":{\"@id\":\"https:\/\/www.penamontanesa.com\/de\/#organization\"},\"potentialAction\":[{\"@type\":\"SearchAction\",\"target\":{\"@type\":\"EntryPoint\",\"urlTemplate\":\"https:\/\/www.penamontanesa.com\/de\/?s={search_term_string}\"},\"query-input\":{\"@type\":\"PropertyValueSpecification\",\"valueRequired\":true,\"valueName\":\"search_term_string\"}}],\"inLanguage\":\"de\"},{\"@type\":\"Organization\",\"@id\":\"https:\/\/www.penamontanesa.com\/de\/#organization\",\"name\":\"Camping Pe\u00f1a Monta\u00f1esa\",\"url\":\"https:\/\/www.penamontanesa.com\/de\/\",\"logo\":{\"@type\":\"ImageObject\",\"inLanguage\":\"de\",\"@id\":\"https:\/\/www.penamontanesa.com\/de\/#\/schema\/logo\/image\/\",\"url\":\"https:\/\/www.penamontanesa.com\/wp-content\/uploads\/cropped-penamontanesa-logo-1-1.png\",\"contentUrl\":\"https:\/\/www.penamontanesa.com\/wp-content\/uploads\/cropped-penamontanesa-logo-1-1.png\",\"width\":420,\"height\":103,\"caption\":\"Camping Pe\u00f1a Monta\u00f1esa\"},\"image\":{\"@id\":\"https:\/\/www.penamontanesa.com\/de\/#\/schema\/logo\/image\/\"}}]}<\/script>\n<!-- \/ Yoast SEO plugin. -->","yoast_head_json":{"title":"H\u00e4ufig gestellte Fragen  - Camping Pe\u00f1a Monta\u00f1esa","robots":{"index":"index","follow":"follow","max-snippet":"max-snippet:-1","max-image-preview":"max-image-preview:large","max-video-preview":"max-video-preview:-1"},"canonical":"https:\/\/www.penamontanesa.com\/de\/haufig-gestellte-fragen\/","og_locale":"de_DE","og_type":"article","og_title":"H\u00e4ufig gestellte Fragen  - Camping Pe\u00f1a Monta\u00f1esa","og_url":"https:\/\/www.penamontanesa.com\/de\/haufig-gestellte-fragen\/","og_site_name":"Camping Pe\u00f1a Monta\u00f1esa","article_modified_time":"2019-03-13T11:24:03+00:00","og_image":[{"width":2048,"height":1365,"url":"https:\/\/www.penamontanesa.com\/wp-content\/uploads\/mg-8948.jpg","type":"image\/jpeg"}],"twitter_card":"summary_large_image","schema":{"@context":"https:\/\/schema.org","@graph":[{"@type":"WebPage","@id":"https:\/\/www.penamontanesa.com\/de\/haufig-gestellte-fragen\/","url":"https:\/\/www.penamontanesa.com\/de\/haufig-gestellte-fragen\/","name":"H\u00e4ufig gestellte Fragen - Camping Pe\u00f1a Monta\u00f1esa","isPartOf":{"@id":"https:\/\/www.penamontanesa.com\/de\/#website"},"primaryImageOfPage":{"@id":"https:\/\/www.penamontanesa.com\/de\/haufig-gestellte-fragen\/#primaryimage"},"image":{"@id":"https:\/\/www.penamontanesa.com\/de\/haufig-gestellte-fragen\/#primaryimage"},"thumbnailUrl":"https:\/\/www.penamontanesa.com\/wp-content\/uploads\/mg-8948.jpg","datePublished":"2019-02-05T10:30:22+00:00","dateModified":"2019-03-13T11:24:03+00:00","breadcrumb":{"@id":"https:\/\/www.penamontanesa.com\/de\/haufig-gestellte-fragen\/#breadcrumb"},"inLanguage":"de","potentialAction":[{"@type":"ReadAction","target":["https:\/\/www.penamontanesa.com\/de\/haufig-gestellte-fragen\/"]}]},{"@type":"ImageObject","inLanguage":"de","@id":"https:\/\/www.penamontanesa.com\/de\/haufig-gestellte-fragen\/#primaryimage","url":"https:\/\/www.penamontanesa.com\/wp-content\/uploads\/mg-8948.jpg","contentUrl":"https:\/\/www.penamontanesa.com\/wp-content\/uploads\/mg-8948.jpg","width":2048,"height":1365},{"@type":"BreadcrumbList","@id":"https:\/\/www.penamontanesa.com\/de\/haufig-gestellte-fragen\/#breadcrumb","itemListElement":[{"@type":"ListItem","position":1,"name":"Portada","item":"https:\/\/www.penamontanesa.com\/de\/"},{"@type":"ListItem","position":2,"name":"H\u00e4ufig gestellte Fragen"}]},{"@type":"WebSite","@id":"https:\/\/www.penamontanesa.com\/de\/#website","url":"https:\/\/www.penamontanesa.com\/de\/","name":"Camping Pe\u00f1a Monta\u00f1esa","description":"Camping y bungalows. Ainsa Pirineos. Parque Nacional de Ordesa y Monte Perdido.","publisher":{"@id":"https:\/\/www.penamontanesa.com\/de\/#organization"},"potentialAction":[{"@type":"SearchAction","target":{"@type":"EntryPoint","urlTemplate":"https:\/\/www.penamontanesa.com\/de\/?s={search_term_string}"},"query-input":{"@type":"PropertyValueSpecification","valueRequired":true,"valueName":"search_term_string"}}],"inLanguage":"de"},{"@type":"Organization","@id":"https:\/\/www.penamontanesa.com\/de\/#organization","name":"Camping Pe\u00f1a Monta\u00f1esa","url":"https:\/\/www.penamontanesa.com\/de\/","logo":{"@type":"ImageObject","inLanguage":"de","@id":"https:\/\/www.penamontanesa.com\/de\/#\/schema\/logo\/image\/","url":"https:\/\/www.penamontanesa.com\/wp-content\/uploads\/cropped-penamontanesa-logo-1-1.png","contentUrl":"https:\/\/www.penamontanesa.com\/wp-content\/uploads\/cropped-penamontanesa-logo-1-1.png","width":420,"height":103,"caption":"Camping Pe\u00f1a Monta\u00f1esa"},"image":{"@id":"https:\/\/www.penamontanesa.com\/de\/#\/schema\/logo\/image\/"}}]}},"_links":{"self":[{"href":"https:\/\/www.penamontanesa.com\/de\/wp-json\/wp\/v2\/pages\/23014","targetHints":{"allow":["GET"]}}],"collection":[{"href":"https:\/\/www.penamontanesa.com\/de\/wp-json\/wp\/v2\/pages"}],"about":[{"href":"https:\/\/www.penamontanesa.com\/de\/wp-json\/wp\/v2\/types\/page"}],"author":[{"embeddable":true,"href":"https:\/\/www.penamontanesa.com\/de\/wp-json\/wp\/v2\/users\/1"}],"replies":[{"embeddable":true,"href":"https:\/\/www.penamontanesa.com\/de\/wp-json\/wp\/v2\/comments?post=23014"}],"version-history":[{"count":1,"href":"https:\/\/www.penamontanesa.com\/de\/wp-json\/wp\/v2\/pages\/23014\/revisions"}],"predecessor-version":[{"id":23016,"href":"https:\/\/www.penamontanesa.com\/de\/wp-json\/wp\/v2\/pages\/23014\/revisions\/23016"}],"wp:featuredmedia":[{"embeddable":true,"href":"https:\/\/www.penamontanesa.com\/de\/wp-json\/wp\/v2\/media\/23018"}],"wp:attachment":[{"href":"https:\/\/www.penamontanesa.com\/de\/wp-json\/wp\/v2\/media?parent=23014"}],"curies":[{"name":"wp","href":"https:\/\/api.w.org\/{rel}","templated":true}]}}