{"id":23038,"date":"2019-01-16T10:35:23","date_gmt":"2019-01-16T09:35:23","guid":{"rendered":"https:\/\/www.penamontanesa.com\/preise\/tarifas-camping\/"},"modified":"2019-10-24T21:17:42","modified_gmt":"2019-10-24T19:17:42","slug":"campingpreise","status":"publish","type":"page","link":"https:\/\/www.penamontanesa.com\/de\/preise\/campingpreise\/","title":{"rendered":"Campingpreise"},"content":{"rendered":"<table class=\"rates\">\r\n<tbody>\r\n<tr>\r\n<td>Erwachsener<\/td>\r\n<td class=\"temp1\">5.95 \u20ac<\/td>\r\n<td class=\"temp2\">7.50 \u20ac<\/td>\r\n<td class=\"temp3\">8.50\u20ac<\/td>\r\n<td class=\"temp4\">9.50 \u20ac<\/td>\r\n<\/tr>\r\n<tr>\r\n<td>Kinder (2 &#8211; 10 Jahren)<\/td>\r\n<td class=\"temp1\">5.65 \u20ac<\/td>\r\n<td class=\"temp2\">6.75 \u20ac<\/td>\r\n<td class=\"temp3\">7.95 \u20ac<\/td>\r\n<td class=\"temp4\">9.00 \u20ac<\/td>\r\n<\/tr>\r\n<tr>\r\n<td>Stellplatz<\/td>\r\n<td class=\"temp1\">25.35\u20ac<\/td>\r\n<td class=\"temp2\">28.50 \u20ac<\/td>\r\n<td class=\"temp3\">34.50 \u20ac<\/td>\r\n<td class=\"temp4\">39.00 \u20ac<\/td>\r\n<\/tr>\r\n<tr>\r\n<td>Stellplatz (2 Personen)<\/td>\r\n<td class=\"temp1\">22.90 \u20ac<\/td>\r\n<td class=\"temp2\">24.50 \u20ac<\/td>\r\n<td class=\"temp3\">29.50 \u20ac<\/td>\r\n<td class=\"temp4\">33.00 \u20ac<\/td>\r\n<\/tr>\r\n<tr>\r\n<td>Strom<\/td>\r\n<td class=\"temp1\">incluida<\/td>\r\n<td class=\"temp2\">incluida<\/td>\r\n<td class=\"temp3\">incluida<\/td>\r\n<td class=\"temp4\">incluida<\/td>\r\n<\/tr>\r\n<tr>\r\n<td>Hunde<\/td>\r\n<td class=\"temp1\">7.00 \u20ac<\/td>\r\n<td class=\"temp2\">7.00 \u20ac<\/td>\r\n<td class=\"temp3\">7.00 \u20ac<\/td>\r\n<td class=\"temp4\">7.00 \u20ac<\/td>\r\n<\/tr>\r\n<tr>\r\n<td>Zus\u00e4tzliches Zelt<\/td>\r\n<td class=\"temp1\">7.00 \u20ac<\/td>\r\n<td class=\"temp2\">7.00 \u20ac<\/td>\r\n<td class=\"temp3\">8.50 \u20ac<\/td>\r\n<td class=\"temp4\">9.50 \u20ac<\/td>\r\n<\/tr>\r\n<tr>\r\n<td>Zus\u00e4tzliches Auto<\/td>\r\n<td class=\"temp1\">7.00 \u20ac<\/td>\r\n<td class=\"temp2\">7.00 \u20ac<\/td>\r\n<td class=\"temp3\">8.50 \u20ac<\/td>\r\n<td class=\"temp4\">9.50 \u20ac<\/td>\r\n<\/tr>\r\n<tr>\r\n<td>Moto \/ Quad extra<\/td>\r\n<td class=\"temp1\">6.50 \u20ac<\/td>\r\n<td class=\"temp2\">7.00 \u20ac<\/td>\r\n<td class=\"temp3\">7.00 \u20ac<\/td>\r\n<td class=\"temp4\">8.00 \u20ac<\/td>\r\n<\/tr>\r\n<tr>\r\n<td>Stellplatz &#8222;DE PASO&#8220;<\/td>\r\n<td class=\"temp1\">27.00 \u20ac<\/td>\r\n<td class=\"temp2\">30.00 \u20ac<\/td>\r\n<td class=\"temp3\">33.00 \u20ac<\/td>\r\n<td class=\"temp4\">38.00 \u20ac<\/td>\r\n<\/tr>\r\n<tr>\r\n<td>Visitors<\/td>\r\n<td class=\"temp1\">7.00 \u20ac<\/td>\r\n<td class=\"temp2\">7.00 \u20ac<\/td>\r\n<td class=\"temp3\">7.00 \u20ac<\/td>\r\n<td class=\"temp4\">9.00 \u20ac<\/td>\r\n<\/tr>\r\n<\/tbody>\r\n<\/table>\n\n\n\n<ul class=\"wp-block-list\"><li>10% IVA Inbegriffen <\/li><\/ul>\n\n\n\n<p class=\"has-background has-small-font-size has-very-light-gray-background-color\"><strong>Die Konzepte &#8222;Parzelle&#8220; und &#8222;Parzelle (2 Personen)&#8220; umfassen: <br><\/strong>Auto * + CARAVAN  \/ ZELT + STROM (Personen werden separat hinzugef\u00fcgt).<br>* 1 Auto oder zwei Motorr\u00e4der<br>** Wohnwagen oder Familienzelt oder Wohnmobil<br>** Auf jedem Grundst\u00fcck ist nur 1 Familien-Campingeinheit erlaubt<br><br><strong>Die &#8222;PASSAGE Plot&#8220; beinhaltet:<\/strong> 2 Personen + Wohnmobil + Strom<br><br>** Strom (6 A). Warmwasser und Nutzung der Au\u00dfenpools und des beheizten Hallenbades mit Whirlpools und Sportanlagen, KOSTENLOS.<br>** Die Preise sind in Euro und pro Nacht<br>** Die Preise enthalten 10% Mehrwertsteuer<br>** Kreditkarten werden an der Rezeption als Zahlungsmittel akzeptiert<\/p>\n\n\n\n<p class=\"has-background has-small-font-size\" style=\"background-color:#fdf1e3\"><strong>STORNIERUNGSBEDINGUNGEN F\u00dcR DIE RESERVIERUNG<\/strong>: <br>&#8211; KOSTENLOSE STORNIERUNG: wenn Sie Ihre Reservierung mehr als 7 Tage im Voraus stornieren, wird der Campingplatz die gesamte Vorauszahlung zur\u00fcckgeben;<br>&#8211; Wenn Sie Ihre Reservierung weniger als 7 Tage im Voraus stornieren, beh\u00e4lt der Campingplatz den Gesamtbetrag der Vorauszahlung;<br>&#8211; Wenn Sie nach dem Check-in nicht erscheinen oder Ihren Aufenthalt k\u00fcrzen, m\u00fcssen Sie den Gesamtbetrag der Erstbuchung bezahlen.<\/p>\n","protected":false},"excerpt":{"rendered":"<p>10% IVA Die Konzepte &#8222;Parzelle&#8220; und &#8222;Parzelle (2 Personen)&#8220; umfassen: [&hellip;]<\/p>\n","protected":false},"author":1,"featured_media":22929,"parent":22938,"menu_order":0,"comment_status":"closed","ping_status":"closed","template":"","meta":{"_acf_changed":false,"footnotes":""},"class_list":["post-23038","page","type-page","status-publish","has-post-thumbnail","hentry"],"acf":[],"yoast_head":"<!-- This site is optimized with the Yoast SEO plugin v26.5 - https:\/\/yoast.com\/wordpress\/plugins\/seo\/ -->\n<title>Campingpreise  - Camping Pe\u00f1a Monta\u00f1esa<\/title>\n<meta name=\"robots\" content=\"index, follow, max-snippet:-1, max-image-preview:large, max-video-preview:-1\" \/>\n<link rel=\"canonical\" href=\"https:\/\/www.penamontanesa.com\/de\/preise\/campingpreise\/\" \/>\n<meta property=\"og:locale\" content=\"de_DE\" \/>\n<meta property=\"og:type\" content=\"article\" \/>\n<meta property=\"og:title\" content=\"Campingpreise  - Camping Pe\u00f1a Monta\u00f1esa\" \/>\n<meta property=\"og:description\" content=\"10% IVA Die Konzepte &#8222;Parzelle&#8220; und &#8222;Parzelle (2 Personen)&#8220; umfassen: [&hellip;]\" \/>\n<meta property=\"og:url\" content=\"https:\/\/www.penamontanesa.com\/de\/preise\/campingpreise\/\" \/>\n<meta property=\"og:site_name\" content=\"Camping Pe\u00f1a Monta\u00f1esa\" \/>\n<meta property=\"article:modified_time\" content=\"2019-10-24T19:17:42+00:00\" \/>\n<meta property=\"og:image\" content=\"https:\/\/www.penamontanesa.com\/wp-content\/uploads\/img-1275-custom-1.jpg\" \/>\n\t<meta property=\"og:image:width\" content=\"2000\" \/>\n\t<meta property=\"og:image:height\" content=\"1333\" \/>\n\t<meta property=\"og:image:type\" content=\"image\/jpeg\" \/>\n<meta name=\"twitter:card\" content=\"summary_large_image\" \/>\n<script type=\"application\/ld+json\" class=\"yoast-schema-graph\">{\"@context\":\"https:\/\/schema.org\",\"@graph\":[{\"@type\":\"WebPage\",\"@id\":\"https:\/\/www.penamontanesa.com\/de\/preise\/campingpreise\/\",\"url\":\"https:\/\/www.penamontanesa.com\/de\/preise\/campingpreise\/\",\"name\":\"Campingpreise - Camping Pe\u00f1a Monta\u00f1esa\",\"isPartOf\":{\"@id\":\"https:\/\/www.penamontanesa.com\/de\/#website\"},\"primaryImageOfPage\":{\"@id\":\"https:\/\/www.penamontanesa.com\/de\/preise\/campingpreise\/#primaryimage\"},\"image\":{\"@id\":\"https:\/\/www.penamontanesa.com\/de\/preise\/campingpreise\/#primaryimage\"},\"thumbnailUrl\":\"https:\/\/www.penamontanesa.com\/wp-content\/uploads\/img-1275-custom-1.jpg\",\"datePublished\":\"2019-01-16T09:35:23+00:00\",\"dateModified\":\"2019-10-24T19:17:42+00:00\",\"breadcrumb\":{\"@id\":\"https:\/\/www.penamontanesa.com\/de\/preise\/campingpreise\/#breadcrumb\"},\"inLanguage\":\"de\",\"potentialAction\":[{\"@type\":\"ReadAction\",\"target\":[\"https:\/\/www.penamontanesa.com\/de\/preise\/campingpreise\/\"]}]},{\"@type\":\"ImageObject\",\"inLanguage\":\"de\",\"@id\":\"https:\/\/www.penamontanesa.com\/de\/preise\/campingpreise\/#primaryimage\",\"url\":\"https:\/\/www.penamontanesa.com\/wp-content\/uploads\/img-1275-custom-1.jpg\",\"contentUrl\":\"https:\/\/www.penamontanesa.com\/wp-content\/uploads\/img-1275-custom-1.jpg\",\"width\":2000,\"height\":1333},{\"@type\":\"BreadcrumbList\",\"@id\":\"https:\/\/www.penamontanesa.com\/de\/preise\/campingpreise\/#breadcrumb\",\"itemListElement\":[{\"@type\":\"ListItem\",\"position\":1,\"name\":\"Portada\",\"item\":\"https:\/\/www.penamontanesa.com\/de\/\"},{\"@type\":\"ListItem\",\"position\":2,\"name\":\"Preise\",\"item\":\"https:\/\/www.penamontanesa.com\/de\/preise\/\"},{\"@type\":\"ListItem\",\"position\":3,\"name\":\"Campingpreise\"}]},{\"@type\":\"WebSite\",\"@id\":\"https:\/\/www.penamontanesa.com\/de\/#website\",\"url\":\"https:\/\/www.penamontanesa.com\/de\/\",\"name\":\"Camping Pe\u00f1a Monta\u00f1esa\",\"description\":\"Camping y bungalows. Ainsa Pirineos. Parque Nacional de Ordesa y Monte Perdido.\",\"publisher\":{\"@id\":\"https:\/\/www.penamontanesa.com\/de\/#organization\"},\"potentialAction\":[{\"@type\":\"SearchAction\",\"target\":{\"@type\":\"EntryPoint\",\"urlTemplate\":\"https:\/\/www.penamontanesa.com\/de\/?s={search_term_string}\"},\"query-input\":{\"@type\":\"PropertyValueSpecification\",\"valueRequired\":true,\"valueName\":\"search_term_string\"}}],\"inLanguage\":\"de\"},{\"@type\":\"Organization\",\"@id\":\"https:\/\/www.penamontanesa.com\/de\/#organization\",\"name\":\"Camping Pe\u00f1a Monta\u00f1esa\",\"url\":\"https:\/\/www.penamontanesa.com\/de\/\",\"logo\":{\"@type\":\"ImageObject\",\"inLanguage\":\"de\",\"@id\":\"https:\/\/www.penamontanesa.com\/de\/#\/schema\/logo\/image\/\",\"url\":\"https:\/\/www.penamontanesa.com\/wp-content\/uploads\/cropped-penamontanesa-logo-1-1.png\",\"contentUrl\":\"https:\/\/www.penamontanesa.com\/wp-content\/uploads\/cropped-penamontanesa-logo-1-1.png\",\"width\":420,\"height\":103,\"caption\":\"Camping Pe\u00f1a Monta\u00f1esa\"},\"image\":{\"@id\":\"https:\/\/www.penamontanesa.com\/de\/#\/schema\/logo\/image\/\"}}]}<\/script>\n<!-- \/ Yoast SEO plugin. -->","yoast_head_json":{"title":"Campingpreise  - Camping Pe\u00f1a Monta\u00f1esa","robots":{"index":"index","follow":"follow","max-snippet":"max-snippet:-1","max-image-preview":"max-image-preview:large","max-video-preview":"max-video-preview:-1"},"canonical":"https:\/\/www.penamontanesa.com\/de\/preise\/campingpreise\/","og_locale":"de_DE","og_type":"article","og_title":"Campingpreise  - Camping Pe\u00f1a Monta\u00f1esa","og_description":"10% IVA Die Konzepte &#8222;Parzelle&#8220; und &#8222;Parzelle (2 Personen)&#8220; umfassen: [&hellip;]","og_url":"https:\/\/www.penamontanesa.com\/de\/preise\/campingpreise\/","og_site_name":"Camping Pe\u00f1a Monta\u00f1esa","article_modified_time":"2019-10-24T19:17:42+00:00","og_image":[{"width":2000,"height":1333,"url":"https:\/\/www.penamontanesa.com\/wp-content\/uploads\/img-1275-custom-1.jpg","type":"image\/jpeg"}],"twitter_card":"summary_large_image","schema":{"@context":"https:\/\/schema.org","@graph":[{"@type":"WebPage","@id":"https:\/\/www.penamontanesa.com\/de\/preise\/campingpreise\/","url":"https:\/\/www.penamontanesa.com\/de\/preise\/campingpreise\/","name":"Campingpreise - Camping Pe\u00f1a Monta\u00f1esa","isPartOf":{"@id":"https:\/\/www.penamontanesa.com\/de\/#website"},"primaryImageOfPage":{"@id":"https:\/\/www.penamontanesa.com\/de\/preise\/campingpreise\/#primaryimage"},"image":{"@id":"https:\/\/www.penamontanesa.com\/de\/preise\/campingpreise\/#primaryimage"},"thumbnailUrl":"https:\/\/www.penamontanesa.com\/wp-content\/uploads\/img-1275-custom-1.jpg","datePublished":"2019-01-16T09:35:23+00:00","dateModified":"2019-10-24T19:17:42+00:00","breadcrumb":{"@id":"https:\/\/www.penamontanesa.com\/de\/preise\/campingpreise\/#breadcrumb"},"inLanguage":"de","potentialAction":[{"@type":"ReadAction","target":["https:\/\/www.penamontanesa.com\/de\/preise\/campingpreise\/"]}]},{"@type":"ImageObject","inLanguage":"de","@id":"https:\/\/www.penamontanesa.com\/de\/preise\/campingpreise\/#primaryimage","url":"https:\/\/www.penamontanesa.com\/wp-content\/uploads\/img-1275-custom-1.jpg","contentUrl":"https:\/\/www.penamontanesa.com\/wp-content\/uploads\/img-1275-custom-1.jpg","width":2000,"height":1333},{"@type":"BreadcrumbList","@id":"https:\/\/www.penamontanesa.com\/de\/preise\/campingpreise\/#breadcrumb","itemListElement":[{"@type":"ListItem","position":1,"name":"Portada","item":"https:\/\/www.penamontanesa.com\/de\/"},{"@type":"ListItem","position":2,"name":"Preise","item":"https:\/\/www.penamontanesa.com\/de\/preise\/"},{"@type":"ListItem","position":3,"name":"Campingpreise"}]},{"@type":"WebSite","@id":"https:\/\/www.penamontanesa.com\/de\/#website","url":"https:\/\/www.penamontanesa.com\/de\/","name":"Camping Pe\u00f1a Monta\u00f1esa","description":"Camping y bungalows. Ainsa Pirineos. Parque Nacional de Ordesa y Monte Perdido.","publisher":{"@id":"https:\/\/www.penamontanesa.com\/de\/#organization"},"potentialAction":[{"@type":"SearchAction","target":{"@type":"EntryPoint","urlTemplate":"https:\/\/www.penamontanesa.com\/de\/?s={search_term_string}"},"query-input":{"@type":"PropertyValueSpecification","valueRequired":true,"valueName":"search_term_string"}}],"inLanguage":"de"},{"@type":"Organization","@id":"https:\/\/www.penamontanesa.com\/de\/#organization","name":"Camping Pe\u00f1a Monta\u00f1esa","url":"https:\/\/www.penamontanesa.com\/de\/","logo":{"@type":"ImageObject","inLanguage":"de","@id":"https:\/\/www.penamontanesa.com\/de\/#\/schema\/logo\/image\/","url":"https:\/\/www.penamontanesa.com\/wp-content\/uploads\/cropped-penamontanesa-logo-1-1.png","contentUrl":"https:\/\/www.penamontanesa.com\/wp-content\/uploads\/cropped-penamontanesa-logo-1-1.png","width":420,"height":103,"caption":"Camping Pe\u00f1a Monta\u00f1esa"},"image":{"@id":"https:\/\/www.penamontanesa.com\/de\/#\/schema\/logo\/image\/"}}]}},"_links":{"self":[{"href":"https:\/\/www.penamontanesa.com\/de\/wp-json\/wp\/v2\/pages\/23038","targetHints":{"allow":["GET"]}}],"collection":[{"href":"https:\/\/www.penamontanesa.com\/de\/wp-json\/wp\/v2\/pages"}],"about":[{"href":"https:\/\/www.penamontanesa.com\/de\/wp-json\/wp\/v2\/types\/page"}],"author":[{"embeddable":true,"href":"https:\/\/www.penamontanesa.com\/de\/wp-json\/wp\/v2\/users\/1"}],"replies":[{"embeddable":true,"href":"https:\/\/www.penamontanesa.com\/de\/wp-json\/wp\/v2\/comments?post=23038"}],"version-history":[{"count":4,"href":"https:\/\/www.penamontanesa.com\/de\/wp-json\/wp\/v2\/pages\/23038\/revisions"}],"predecessor-version":[{"id":24147,"href":"https:\/\/www.penamontanesa.com\/de\/wp-json\/wp\/v2\/pages\/23038\/revisions\/24147"}],"up":[{"embeddable":true,"href":"https:\/\/www.penamontanesa.com\/de\/wp-json\/wp\/v2\/pages\/22938"}],"wp:featuredmedia":[{"embeddable":true,"href":"https:\/\/www.penamontanesa.com\/de\/wp-json\/wp\/v2\/media\/22929"}],"wp:attachment":[{"href":"https:\/\/www.penamontanesa.com\/de\/wp-json\/wp\/v2\/media?parent=23038"}],"curies":[{"name":"wp","href":"https:\/\/api.w.org\/{rel}","templated":true}]}}