{"id":23041,"date":"2019-01-16T10:35:55","date_gmt":"2019-01-16T09:35:55","guid":{"rendered":"https:\/\/www.penamontanesa.com\/preise\/tarifas-mobilhomes\/"},"modified":"2026-03-08T05:02:15","modified_gmt":"2026-03-08T04:02:15","slug":"preise-mobilhomes","status":"publish","type":"page","link":"https:\/\/www.penamontanesa.com\/de\/preise\/preise-mobilhomes\/","title":{"rendered":"Mobilhomes Preise"},"content":{"rendered":"<table class=\"rates\">\r\n<tbody>\r\n<tr>\r\n<td>Mobilhome 2 p.<\/td>\r\n<td class=\"temp1\">66 \u20ac<\/td>\r\n<td class=\"temp2\">73 \u20ac<\/td>\r\n<td class=\"temp3\">90 \u20ac<\/td>\r\n<td class=\"temp4\">115 \u20ac<\/td>\r\n<\/tr>\r\n<tr>\r\n<td>Mobilhome 3 p.<\/td>\r\n<td class=\"temp1\">81 \u20ac<\/td>\r\n<td class=\"temp2\">93 \u20ac<\/td>\r\n<td class=\"temp3\">117 \u20ac<\/td>\r\n<td class=\"temp4\">140 \u20ac<\/td>\r\n<\/tr>\r\n<tr>\r\n<td>Mobilhome 4 p.<\/td>\r\n<td class=\"temp1\">102 \u20ac<\/td>\r\n<td class=\"temp2\">118 \u20ac<\/td>\r\n<td class=\"temp3\">137 \u20ac<\/td>\r\n<td class=\"temp4\">160 \u20ac<\/td>\r\n<\/tr>\r\n<\/tbody>\r\n<\/table>\n\n\n\n<p class=\"has-small-font-size\"> *10% IVA Inbegriffen   <\/p>\n\n\n\n<p style=\"background-color:#eaedee\" class=\"has-background has-small-font-size\"> *Der Preis ist inkl. \u00dcbernachtung, Parking Auto und Benutzung unserer Installationen: Freib\u00e4der, <strong>Geheitztes Innenbad mit Jacuzzies<\/strong>, Sportplatz mit Kunstgras (Fussball, Basketball, Tennis, Spielpl\u00e4tze).<br>** Am Tag der Ankunft ist der Bungalow oder Mobilhome ab 15:00 Uhr verf\u00fcgbar.<br>*** Am Tag der Abreise m\u00fcssen Sie das Mietobjekt bevor 12:00 Uhr verlassen. Wenn gew\u00fcnscht k\u00f6nnen Sie den ganzen Tag noch am Campingplatz verbleiben. <\/p>\n\n\n\n<p class=\"has-background has-small-font-size\" style=\"background-color:#fdf1e3\"><strong>STORNIERUNGSBEDINGUNGEN F\u00dcR DIE RESERVIERUNG<\/strong>: <br>&#8211; KOSTENLOSE STORNIERUNG: wenn Sie Ihre Reservierung mehr als 7 Tage im Voraus stornieren, wird der Campingplatz die gesamte Vorauszahlung zur\u00fcckgeben;<br>&#8211; Wenn Sie Ihre Reservierung weniger als 7 Tage im Voraus stornieren, beh\u00e4lt der Campingplatz den Gesamtbetrag der Vorauszahlung;<br>&#8211; Wenn Sie nach dem Check-in nicht erscheinen oder Ihren Aufenthalt k\u00fcrzen, m\u00fcssen Sie den Gesamtbetrag der Erstbuchung bezahlen.<\/p>\n","protected":false},"excerpt":{"rendered":"<p>*10% IVA *Der Preis ist inkl. \u00dcbernachtung, Parking Auto und [&hellip;]<\/p>\n","protected":false},"author":1,"featured_media":22058,"parent":22938,"menu_order":3,"comment_status":"closed","ping_status":"closed","template":"","meta":{"_acf_changed":false,"footnotes":""},"class_list":["post-23041","page","type-page","status-publish","has-post-thumbnail","hentry"],"acf":[],"yoast_head":"<!-- This site is optimized with the Yoast SEO plugin v26.5 - https:\/\/yoast.com\/wordpress\/plugins\/seo\/ -->\n<title>Mobilhomes Preise - Camping Pe\u00f1a Monta\u00f1esa<\/title>\n<meta name=\"robots\" content=\"index, follow, max-snippet:-1, max-image-preview:large, max-video-preview:-1\" \/>\n<link rel=\"canonical\" href=\"https:\/\/www.penamontanesa.com\/de\/preise\/preise-mobilhomes\/\" \/>\n<meta property=\"og:locale\" content=\"de_DE\" \/>\n<meta property=\"og:type\" content=\"article\" \/>\n<meta property=\"og:title\" content=\"Mobilhomes Preise - Camping Pe\u00f1a Monta\u00f1esa\" \/>\n<meta property=\"og:description\" content=\"*10% IVA *Der Preis ist inkl. \u00dcbernachtung, Parking Auto und [&hellip;]\" \/>\n<meta property=\"og:url\" content=\"https:\/\/www.penamontanesa.com\/de\/preise\/preise-mobilhomes\/\" \/>\n<meta property=\"og:site_name\" content=\"Camping Pe\u00f1a Monta\u00f1esa\" \/>\n<meta property=\"article:modified_time\" content=\"2026-03-08T04:02:15+00:00\" \/>\n<meta property=\"og:image\" content=\"https:\/\/www.penamontanesa.com\/wp-content\/uploads\/movil-2.jpg\" \/>\n\t<meta property=\"og:image:width\" content=\"2048\" \/>\n\t<meta property=\"og:image:height\" content=\"1536\" \/>\n\t<meta property=\"og:image:type\" content=\"image\/jpeg\" \/>\n<meta name=\"twitter:card\" content=\"summary_large_image\" \/>\n<meta name=\"twitter:label1\" content=\"Gesch\u00e4tzte Lesezeit\" \/>\n\t<meta name=\"twitter:data1\" content=\"1\u00a0Minute\" \/>\n<script type=\"application\/ld+json\" class=\"yoast-schema-graph\">{\"@context\":\"https:\/\/schema.org\",\"@graph\":[{\"@type\":\"WebPage\",\"@id\":\"https:\/\/www.penamontanesa.com\/de\/preise\/preise-mobilhomes\/\",\"url\":\"https:\/\/www.penamontanesa.com\/de\/preise\/preise-mobilhomes\/\",\"name\":\"Mobilhomes Preise - Camping Pe\u00f1a Monta\u00f1esa\",\"isPartOf\":{\"@id\":\"https:\/\/www.penamontanesa.com\/de\/#website\"},\"primaryImageOfPage\":{\"@id\":\"https:\/\/www.penamontanesa.com\/de\/preise\/preise-mobilhomes\/#primaryimage\"},\"image\":{\"@id\":\"https:\/\/www.penamontanesa.com\/de\/preise\/preise-mobilhomes\/#primaryimage\"},\"thumbnailUrl\":\"https:\/\/www.penamontanesa.com\/wp-content\/uploads\/movil-2.jpg\",\"datePublished\":\"2019-01-16T09:35:55+00:00\",\"dateModified\":\"2026-03-08T04:02:15+00:00\",\"breadcrumb\":{\"@id\":\"https:\/\/www.penamontanesa.com\/de\/preise\/preise-mobilhomes\/#breadcrumb\"},\"inLanguage\":\"de\",\"potentialAction\":[{\"@type\":\"ReadAction\",\"target\":[\"https:\/\/www.penamontanesa.com\/de\/preise\/preise-mobilhomes\/\"]}]},{\"@type\":\"ImageObject\",\"inLanguage\":\"de\",\"@id\":\"https:\/\/www.penamontanesa.com\/de\/preise\/preise-mobilhomes\/#primaryimage\",\"url\":\"https:\/\/www.penamontanesa.com\/wp-content\/uploads\/movil-2.jpg\",\"contentUrl\":\"https:\/\/www.penamontanesa.com\/wp-content\/uploads\/movil-2.jpg\",\"width\":2048,\"height\":1536},{\"@type\":\"BreadcrumbList\",\"@id\":\"https:\/\/www.penamontanesa.com\/de\/preise\/preise-mobilhomes\/#breadcrumb\",\"itemListElement\":[{\"@type\":\"ListItem\",\"position\":1,\"name\":\"Portada\",\"item\":\"https:\/\/www.penamontanesa.com\/de\/\"},{\"@type\":\"ListItem\",\"position\":2,\"name\":\"Preise\",\"item\":\"https:\/\/www.penamontanesa.com\/de\/preise\/\"},{\"@type\":\"ListItem\",\"position\":3,\"name\":\"Mobilhomes Preise\"}]},{\"@type\":\"WebSite\",\"@id\":\"https:\/\/www.penamontanesa.com\/de\/#website\",\"url\":\"https:\/\/www.penamontanesa.com\/de\/\",\"name\":\"Camping Pe\u00f1a Monta\u00f1esa\",\"description\":\"Camping y bungalows. Ainsa Pirineos. Parque Nacional de Ordesa y Monte Perdido.\",\"publisher\":{\"@id\":\"https:\/\/www.penamontanesa.com\/de\/#organization\"},\"potentialAction\":[{\"@type\":\"SearchAction\",\"target\":{\"@type\":\"EntryPoint\",\"urlTemplate\":\"https:\/\/www.penamontanesa.com\/de\/?s={search_term_string}\"},\"query-input\":{\"@type\":\"PropertyValueSpecification\",\"valueRequired\":true,\"valueName\":\"search_term_string\"}}],\"inLanguage\":\"de\"},{\"@type\":\"Organization\",\"@id\":\"https:\/\/www.penamontanesa.com\/de\/#organization\",\"name\":\"Camping Pe\u00f1a Monta\u00f1esa\",\"url\":\"https:\/\/www.penamontanesa.com\/de\/\",\"logo\":{\"@type\":\"ImageObject\",\"inLanguage\":\"de\",\"@id\":\"https:\/\/www.penamontanesa.com\/de\/#\/schema\/logo\/image\/\",\"url\":\"https:\/\/www.penamontanesa.com\/wp-content\/uploads\/cropped-penamontanesa-logo-1-1.png\",\"contentUrl\":\"https:\/\/www.penamontanesa.com\/wp-content\/uploads\/cropped-penamontanesa-logo-1-1.png\",\"width\":420,\"height\":103,\"caption\":\"Camping Pe\u00f1a Monta\u00f1esa\"},\"image\":{\"@id\":\"https:\/\/www.penamontanesa.com\/de\/#\/schema\/logo\/image\/\"}}]}<\/script>\n<!-- \/ Yoast SEO plugin. -->","yoast_head_json":{"title":"Mobilhomes Preise - Camping Pe\u00f1a Monta\u00f1esa","robots":{"index":"index","follow":"follow","max-snippet":"max-snippet:-1","max-image-preview":"max-image-preview:large","max-video-preview":"max-video-preview:-1"},"canonical":"https:\/\/www.penamontanesa.com\/de\/preise\/preise-mobilhomes\/","og_locale":"de_DE","og_type":"article","og_title":"Mobilhomes Preise - Camping Pe\u00f1a Monta\u00f1esa","og_description":"*10% IVA *Der Preis ist inkl. \u00dcbernachtung, Parking Auto und [&hellip;]","og_url":"https:\/\/www.penamontanesa.com\/de\/preise\/preise-mobilhomes\/","og_site_name":"Camping Pe\u00f1a Monta\u00f1esa","article_modified_time":"2026-03-08T04:02:15+00:00","og_image":[{"width":2048,"height":1536,"url":"https:\/\/www.penamontanesa.com\/wp-content\/uploads\/movil-2.jpg","type":"image\/jpeg"}],"twitter_card":"summary_large_image","twitter_misc":{"Gesch\u00e4tzte Lesezeit":"1\u00a0Minute"},"schema":{"@context":"https:\/\/schema.org","@graph":[{"@type":"WebPage","@id":"https:\/\/www.penamontanesa.com\/de\/preise\/preise-mobilhomes\/","url":"https:\/\/www.penamontanesa.com\/de\/preise\/preise-mobilhomes\/","name":"Mobilhomes Preise - Camping Pe\u00f1a Monta\u00f1esa","isPartOf":{"@id":"https:\/\/www.penamontanesa.com\/de\/#website"},"primaryImageOfPage":{"@id":"https:\/\/www.penamontanesa.com\/de\/preise\/preise-mobilhomes\/#primaryimage"},"image":{"@id":"https:\/\/www.penamontanesa.com\/de\/preise\/preise-mobilhomes\/#primaryimage"},"thumbnailUrl":"https:\/\/www.penamontanesa.com\/wp-content\/uploads\/movil-2.jpg","datePublished":"2019-01-16T09:35:55+00:00","dateModified":"2026-03-08T04:02:15+00:00","breadcrumb":{"@id":"https:\/\/www.penamontanesa.com\/de\/preise\/preise-mobilhomes\/#breadcrumb"},"inLanguage":"de","potentialAction":[{"@type":"ReadAction","target":["https:\/\/www.penamontanesa.com\/de\/preise\/preise-mobilhomes\/"]}]},{"@type":"ImageObject","inLanguage":"de","@id":"https:\/\/www.penamontanesa.com\/de\/preise\/preise-mobilhomes\/#primaryimage","url":"https:\/\/www.penamontanesa.com\/wp-content\/uploads\/movil-2.jpg","contentUrl":"https:\/\/www.penamontanesa.com\/wp-content\/uploads\/movil-2.jpg","width":2048,"height":1536},{"@type":"BreadcrumbList","@id":"https:\/\/www.penamontanesa.com\/de\/preise\/preise-mobilhomes\/#breadcrumb","itemListElement":[{"@type":"ListItem","position":1,"name":"Portada","item":"https:\/\/www.penamontanesa.com\/de\/"},{"@type":"ListItem","position":2,"name":"Preise","item":"https:\/\/www.penamontanesa.com\/de\/preise\/"},{"@type":"ListItem","position":3,"name":"Mobilhomes Preise"}]},{"@type":"WebSite","@id":"https:\/\/www.penamontanesa.com\/de\/#website","url":"https:\/\/www.penamontanesa.com\/de\/","name":"Camping Pe\u00f1a Monta\u00f1esa","description":"Camping y bungalows. Ainsa Pirineos. Parque Nacional de Ordesa y Monte Perdido.","publisher":{"@id":"https:\/\/www.penamontanesa.com\/de\/#organization"},"potentialAction":[{"@type":"SearchAction","target":{"@type":"EntryPoint","urlTemplate":"https:\/\/www.penamontanesa.com\/de\/?s={search_term_string}"},"query-input":{"@type":"PropertyValueSpecification","valueRequired":true,"valueName":"search_term_string"}}],"inLanguage":"de"},{"@type":"Organization","@id":"https:\/\/www.penamontanesa.com\/de\/#organization","name":"Camping Pe\u00f1a Monta\u00f1esa","url":"https:\/\/www.penamontanesa.com\/de\/","logo":{"@type":"ImageObject","inLanguage":"de","@id":"https:\/\/www.penamontanesa.com\/de\/#\/schema\/logo\/image\/","url":"https:\/\/www.penamontanesa.com\/wp-content\/uploads\/cropped-penamontanesa-logo-1-1.png","contentUrl":"https:\/\/www.penamontanesa.com\/wp-content\/uploads\/cropped-penamontanesa-logo-1-1.png","width":420,"height":103,"caption":"Camping Pe\u00f1a Monta\u00f1esa"},"image":{"@id":"https:\/\/www.penamontanesa.com\/de\/#\/schema\/logo\/image\/"}}]}},"_links":{"self":[{"href":"https:\/\/www.penamontanesa.com\/de\/wp-json\/wp\/v2\/pages\/23041","targetHints":{"allow":["GET"]}}],"collection":[{"href":"https:\/\/www.penamontanesa.com\/de\/wp-json\/wp\/v2\/pages"}],"about":[{"href":"https:\/\/www.penamontanesa.com\/de\/wp-json\/wp\/v2\/types\/page"}],"author":[{"embeddable":true,"href":"https:\/\/www.penamontanesa.com\/de\/wp-json\/wp\/v2\/users\/1"}],"replies":[{"embeddable":true,"href":"https:\/\/www.penamontanesa.com\/de\/wp-json\/wp\/v2\/comments?post=23041"}],"version-history":[{"count":7,"href":"https:\/\/www.penamontanesa.com\/de\/wp-json\/wp\/v2\/pages\/23041\/revisions"}],"predecessor-version":[{"id":63662,"href":"https:\/\/www.penamontanesa.com\/de\/wp-json\/wp\/v2\/pages\/23041\/revisions\/63662"}],"up":[{"embeddable":true,"href":"https:\/\/www.penamontanesa.com\/de\/wp-json\/wp\/v2\/pages\/22938"}],"wp:featuredmedia":[{"embeddable":true,"href":"https:\/\/www.penamontanesa.com\/de\/wp-json\/wp\/v2\/media\/22058"}],"wp:attachment":[{"href":"https:\/\/www.penamontanesa.com\/de\/wp-json\/wp\/v2\/media?parent=23041"}],"curies":[{"name":"wp","href":"https:\/\/api.w.org\/{rel}","templated":true}]}}