{"id":23459,"date":"2019-02-04T09:59:45","date_gmt":"2019-02-04T08:59:45","guid":{"rendered":"https:\/\/www.penamontanesa.com\/aktivitaten\/ausfluge-vom-campingplatz\/muro-de-roda\/"},"modified":"2019-03-14T10:44:45","modified_gmt":"2019-03-14T09:44:45","slug":"muro-de-roda","status":"publish","type":"page","link":"https:\/\/www.penamontanesa.com\/de\/aktivitaten\/ausfluge-vom-campingplatz\/muro-de-roda\/","title":{"rendered":"Muro de Roda"},"content":{"rendered":"\n<p>In strategisch g\u00fcnstiger Lage ist es eine befestigte Stadt der Gemeinde La Fueva in Sobrarbe. Muro de Roda hebt sich vom Tozal de Muro ab, der h\u00f6chsten Erhebung in der von der Bev\u00f6lkerung benannten Sierra de Muro de Roda, die die nat\u00fcrliche Region La Fueva im Osten und das Cinca-Tal im Westen teilt.<br><\/p>\n\n\n\n<p>Auf Muro de Roda gelangt man \u00fcber eine von Tierrantona ausgehende Spur. Wir k\u00f6nnen auch das Tal von La Fueva mit seinen vielen St\u00e4dten, deren Hauptstadt Tierrantona entspricht, nutzen.<br><\/p>\n","protected":false},"excerpt":{"rendered":"<p>In strategisch g\u00fcnstiger Lage ist es eine befestigte Stadt der [&hellip;]<\/p>\n","protected":false},"author":1,"featured_media":22467,"parent":23384,"menu_order":2,"comment_status":"closed","ping_status":"closed","template":"","meta":{"_acf_changed":false,"footnotes":""},"class_list":["post-23459","page","type-page","status-publish","has-post-thumbnail","hentry"],"acf":[],"yoast_head":"<!-- This site is optimized with the Yoast SEO plugin v26.5 - https:\/\/yoast.com\/wordpress\/plugins\/seo\/ -->\n<title>Muro de Roda - Camping Pe\u00f1a Monta\u00f1esa<\/title>\n<meta name=\"robots\" content=\"index, follow, max-snippet:-1, max-image-preview:large, max-video-preview:-1\" \/>\n<link rel=\"canonical\" href=\"https:\/\/www.penamontanesa.com\/de\/aktivitaten\/ausfluge-vom-campingplatz\/muro-de-roda\/\" \/>\n<meta property=\"og:locale\" content=\"de_DE\" \/>\n<meta property=\"og:type\" content=\"article\" \/>\n<meta property=\"og:title\" content=\"Muro de Roda - Camping Pe\u00f1a Monta\u00f1esa\" \/>\n<meta property=\"og:description\" content=\"In strategisch g\u00fcnstiger Lage ist es eine befestigte Stadt der [&hellip;]\" \/>\n<meta property=\"og:url\" content=\"https:\/\/www.penamontanesa.com\/de\/aktivitaten\/ausfluge-vom-campingplatz\/muro-de-roda\/\" \/>\n<meta property=\"og:site_name\" content=\"Camping Pe\u00f1a Monta\u00f1esa\" \/>\n<meta property=\"article:modified_time\" content=\"2019-03-14T09:44:45+00:00\" \/>\n<meta property=\"og:image\" content=\"https:\/\/www.penamontanesa.com\/wp-content\/uploads\/muroderoda.jpg\" \/>\n\t<meta property=\"og:image:width\" content=\"2048\" \/>\n\t<meta property=\"og:image:height\" content=\"1268\" \/>\n\t<meta property=\"og:image:type\" content=\"image\/jpeg\" \/>\n<meta name=\"twitter:card\" content=\"summary_large_image\" \/>\n<script type=\"application\/ld+json\" class=\"yoast-schema-graph\">{\"@context\":\"https:\/\/schema.org\",\"@graph\":[{\"@type\":\"WebPage\",\"@id\":\"https:\/\/www.penamontanesa.com\/de\/aktivitaten\/ausfluge-vom-campingplatz\/muro-de-roda\/\",\"url\":\"https:\/\/www.penamontanesa.com\/de\/aktivitaten\/ausfluge-vom-campingplatz\/muro-de-roda\/\",\"name\":\"Muro de Roda - Camping Pe\u00f1a Monta\u00f1esa\",\"isPartOf\":{\"@id\":\"https:\/\/www.penamontanesa.com\/de\/#website\"},\"primaryImageOfPage\":{\"@id\":\"https:\/\/www.penamontanesa.com\/de\/aktivitaten\/ausfluge-vom-campingplatz\/muro-de-roda\/#primaryimage\"},\"image\":{\"@id\":\"https:\/\/www.penamontanesa.com\/de\/aktivitaten\/ausfluge-vom-campingplatz\/muro-de-roda\/#primaryimage\"},\"thumbnailUrl\":\"https:\/\/www.penamontanesa.com\/wp-content\/uploads\/muroderoda.jpg\",\"datePublished\":\"2019-02-04T08:59:45+00:00\",\"dateModified\":\"2019-03-14T09:44:45+00:00\",\"breadcrumb\":{\"@id\":\"https:\/\/www.penamontanesa.com\/de\/aktivitaten\/ausfluge-vom-campingplatz\/muro-de-roda\/#breadcrumb\"},\"inLanguage\":\"de\",\"potentialAction\":[{\"@type\":\"ReadAction\",\"target\":[\"https:\/\/www.penamontanesa.com\/de\/aktivitaten\/ausfluge-vom-campingplatz\/muro-de-roda\/\"]}]},{\"@type\":\"ImageObject\",\"inLanguage\":\"de\",\"@id\":\"https:\/\/www.penamontanesa.com\/de\/aktivitaten\/ausfluge-vom-campingplatz\/muro-de-roda\/#primaryimage\",\"url\":\"https:\/\/www.penamontanesa.com\/wp-content\/uploads\/muroderoda.jpg\",\"contentUrl\":\"https:\/\/www.penamontanesa.com\/wp-content\/uploads\/muroderoda.jpg\",\"width\":2048,\"height\":1268},{\"@type\":\"BreadcrumbList\",\"@id\":\"https:\/\/www.penamontanesa.com\/de\/aktivitaten\/ausfluge-vom-campingplatz\/muro-de-roda\/#breadcrumb\",\"itemListElement\":[{\"@type\":\"ListItem\",\"position\":1,\"name\":\"Portada\",\"item\":\"https:\/\/www.penamontanesa.com\/de\/\"},{\"@type\":\"ListItem\",\"position\":2,\"name\":\"Aktivit\u00e4ten\",\"item\":\"https:\/\/www.penamontanesa.com\/de\/aktivitaten\/\"},{\"@type\":\"ListItem\",\"position\":3,\"name\":\"Ausfl\u00fcge vom Campingplatz\",\"item\":\"https:\/\/www.penamontanesa.com\/de\/aktivitaten\/ausfluge-vom-campingplatz\/\"},{\"@type\":\"ListItem\",\"position\":4,\"name\":\"Muro de Roda\"}]},{\"@type\":\"WebSite\",\"@id\":\"https:\/\/www.penamontanesa.com\/de\/#website\",\"url\":\"https:\/\/www.penamontanesa.com\/de\/\",\"name\":\"Camping Pe\u00f1a Monta\u00f1esa\",\"description\":\"Camping y bungalows. Ainsa Pirineos. Parque Nacional de Ordesa y Monte Perdido.\",\"publisher\":{\"@id\":\"https:\/\/www.penamontanesa.com\/de\/#organization\"},\"potentialAction\":[{\"@type\":\"SearchAction\",\"target\":{\"@type\":\"EntryPoint\",\"urlTemplate\":\"https:\/\/www.penamontanesa.com\/de\/?s={search_term_string}\"},\"query-input\":{\"@type\":\"PropertyValueSpecification\",\"valueRequired\":true,\"valueName\":\"search_term_string\"}}],\"inLanguage\":\"de\"},{\"@type\":\"Organization\",\"@id\":\"https:\/\/www.penamontanesa.com\/de\/#organization\",\"name\":\"Camping Pe\u00f1a Monta\u00f1esa\",\"url\":\"https:\/\/www.penamontanesa.com\/de\/\",\"logo\":{\"@type\":\"ImageObject\",\"inLanguage\":\"de\",\"@id\":\"https:\/\/www.penamontanesa.com\/de\/#\/schema\/logo\/image\/\",\"url\":\"https:\/\/www.penamontanesa.com\/wp-content\/uploads\/cropped-penamontanesa-logo-1-1.png\",\"contentUrl\":\"https:\/\/www.penamontanesa.com\/wp-content\/uploads\/cropped-penamontanesa-logo-1-1.png\",\"width\":420,\"height\":103,\"caption\":\"Camping Pe\u00f1a Monta\u00f1esa\"},\"image\":{\"@id\":\"https:\/\/www.penamontanesa.com\/de\/#\/schema\/logo\/image\/\"}}]}<\/script>\n<!-- \/ Yoast SEO plugin. -->","yoast_head_json":{"title":"Muro de Roda - Camping Pe\u00f1a Monta\u00f1esa","robots":{"index":"index","follow":"follow","max-snippet":"max-snippet:-1","max-image-preview":"max-image-preview:large","max-video-preview":"max-video-preview:-1"},"canonical":"https:\/\/www.penamontanesa.com\/de\/aktivitaten\/ausfluge-vom-campingplatz\/muro-de-roda\/","og_locale":"de_DE","og_type":"article","og_title":"Muro de Roda - Camping Pe\u00f1a Monta\u00f1esa","og_description":"In strategisch g\u00fcnstiger Lage ist es eine befestigte Stadt der [&hellip;]","og_url":"https:\/\/www.penamontanesa.com\/de\/aktivitaten\/ausfluge-vom-campingplatz\/muro-de-roda\/","og_site_name":"Camping Pe\u00f1a Monta\u00f1esa","article_modified_time":"2019-03-14T09:44:45+00:00","og_image":[{"width":2048,"height":1268,"url":"https:\/\/www.penamontanesa.com\/wp-content\/uploads\/muroderoda.jpg","type":"image\/jpeg"}],"twitter_card":"summary_large_image","schema":{"@context":"https:\/\/schema.org","@graph":[{"@type":"WebPage","@id":"https:\/\/www.penamontanesa.com\/de\/aktivitaten\/ausfluge-vom-campingplatz\/muro-de-roda\/","url":"https:\/\/www.penamontanesa.com\/de\/aktivitaten\/ausfluge-vom-campingplatz\/muro-de-roda\/","name":"Muro de Roda - Camping Pe\u00f1a Monta\u00f1esa","isPartOf":{"@id":"https:\/\/www.penamontanesa.com\/de\/#website"},"primaryImageOfPage":{"@id":"https:\/\/www.penamontanesa.com\/de\/aktivitaten\/ausfluge-vom-campingplatz\/muro-de-roda\/#primaryimage"},"image":{"@id":"https:\/\/www.penamontanesa.com\/de\/aktivitaten\/ausfluge-vom-campingplatz\/muro-de-roda\/#primaryimage"},"thumbnailUrl":"https:\/\/www.penamontanesa.com\/wp-content\/uploads\/muroderoda.jpg","datePublished":"2019-02-04T08:59:45+00:00","dateModified":"2019-03-14T09:44:45+00:00","breadcrumb":{"@id":"https:\/\/www.penamontanesa.com\/de\/aktivitaten\/ausfluge-vom-campingplatz\/muro-de-roda\/#breadcrumb"},"inLanguage":"de","potentialAction":[{"@type":"ReadAction","target":["https:\/\/www.penamontanesa.com\/de\/aktivitaten\/ausfluge-vom-campingplatz\/muro-de-roda\/"]}]},{"@type":"ImageObject","inLanguage":"de","@id":"https:\/\/www.penamontanesa.com\/de\/aktivitaten\/ausfluge-vom-campingplatz\/muro-de-roda\/#primaryimage","url":"https:\/\/www.penamontanesa.com\/wp-content\/uploads\/muroderoda.jpg","contentUrl":"https:\/\/www.penamontanesa.com\/wp-content\/uploads\/muroderoda.jpg","width":2048,"height":1268},{"@type":"BreadcrumbList","@id":"https:\/\/www.penamontanesa.com\/de\/aktivitaten\/ausfluge-vom-campingplatz\/muro-de-roda\/#breadcrumb","itemListElement":[{"@type":"ListItem","position":1,"name":"Portada","item":"https:\/\/www.penamontanesa.com\/de\/"},{"@type":"ListItem","position":2,"name":"Aktivit\u00e4ten","item":"https:\/\/www.penamontanesa.com\/de\/aktivitaten\/"},{"@type":"ListItem","position":3,"name":"Ausfl\u00fcge vom Campingplatz","item":"https:\/\/www.penamontanesa.com\/de\/aktivitaten\/ausfluge-vom-campingplatz\/"},{"@type":"ListItem","position":4,"name":"Muro de Roda"}]},{"@type":"WebSite","@id":"https:\/\/www.penamontanesa.com\/de\/#website","url":"https:\/\/www.penamontanesa.com\/de\/","name":"Camping Pe\u00f1a Monta\u00f1esa","description":"Camping y bungalows. Ainsa Pirineos. Parque Nacional de Ordesa y Monte Perdido.","publisher":{"@id":"https:\/\/www.penamontanesa.com\/de\/#organization"},"potentialAction":[{"@type":"SearchAction","target":{"@type":"EntryPoint","urlTemplate":"https:\/\/www.penamontanesa.com\/de\/?s={search_term_string}"},"query-input":{"@type":"PropertyValueSpecification","valueRequired":true,"valueName":"search_term_string"}}],"inLanguage":"de"},{"@type":"Organization","@id":"https:\/\/www.penamontanesa.com\/de\/#organization","name":"Camping Pe\u00f1a Monta\u00f1esa","url":"https:\/\/www.penamontanesa.com\/de\/","logo":{"@type":"ImageObject","inLanguage":"de","@id":"https:\/\/www.penamontanesa.com\/de\/#\/schema\/logo\/image\/","url":"https:\/\/www.penamontanesa.com\/wp-content\/uploads\/cropped-penamontanesa-logo-1-1.png","contentUrl":"https:\/\/www.penamontanesa.com\/wp-content\/uploads\/cropped-penamontanesa-logo-1-1.png","width":420,"height":103,"caption":"Camping Pe\u00f1a Monta\u00f1esa"},"image":{"@id":"https:\/\/www.penamontanesa.com\/de\/#\/schema\/logo\/image\/"}}]}},"_links":{"self":[{"href":"https:\/\/www.penamontanesa.com\/de\/wp-json\/wp\/v2\/pages\/23459","targetHints":{"allow":["GET"]}}],"collection":[{"href":"https:\/\/www.penamontanesa.com\/de\/wp-json\/wp\/v2\/pages"}],"about":[{"href":"https:\/\/www.penamontanesa.com\/de\/wp-json\/wp\/v2\/types\/page"}],"author":[{"embeddable":true,"href":"https:\/\/www.penamontanesa.com\/de\/wp-json\/wp\/v2\/users\/1"}],"replies":[{"embeddable":true,"href":"https:\/\/www.penamontanesa.com\/de\/wp-json\/wp\/v2\/comments?post=23459"}],"version-history":[{"count":1,"href":"https:\/\/www.penamontanesa.com\/de\/wp-json\/wp\/v2\/pages\/23459\/revisions"}],"predecessor-version":[{"id":23460,"href":"https:\/\/www.penamontanesa.com\/de\/wp-json\/wp\/v2\/pages\/23459\/revisions\/23460"}],"up":[{"embeddable":true,"href":"https:\/\/www.penamontanesa.com\/de\/wp-json\/wp\/v2\/pages\/23384"}],"wp:featuredmedia":[{"embeddable":true,"href":"https:\/\/www.penamontanesa.com\/de\/wp-json\/wp\/v2\/media\/22467"}],"wp:attachment":[{"href":"https:\/\/www.penamontanesa.com\/de\/wp-json\/wp\/v2\/media?parent=23459"}],"curies":[{"name":"wp","href":"https:\/\/api.w.org\/{rel}","templated":true}]}}