{"id":23493,"date":"2019-02-04T10:42:35","date_gmt":"2019-02-04T09:42:35","guid":{"rendered":"https:\/\/www.penamontanesa.com\/aktivitaten\/ausfluge-vom-campingplatz\/las-gorgas-de-puertolas\/"},"modified":"2019-03-14T10:57:44","modified_gmt":"2019-03-14T09:57:44","slug":"die-gorgas-de-puertolas","status":"publish","type":"page","link":"https:\/\/www.penamontanesa.com\/de\/aktivitaten\/ausfluge-vom-campingplatz\/die-gorgas-de-puertolas\/","title":{"rendered":"Die Gorgas de Pu\u00e9rtolas"},"content":{"rendered":"\n<p>Es gibt sieben Badepl\u00e4tze in der Cinca, zwischen den Kilometerpunkten 59 und 63 der Stra\u00dfe A-138. Der Zugang wird mit Informationstafeln konditioniert und signalisiert. In diesem Fluss flussabw\u00e4rts wird allj\u00e4hrlich der Abstieg der Nabatas mit Ausgang der Br\u00fccke von Laspu\u00f1a und Ankunft in Ainsa gefeiert. Ein weiterer Grund, n\u00e4her an die K\u00fcste zu kommen.<br>  <\/p>\n","protected":false},"excerpt":{"rendered":"<p>Es gibt sieben Badepl\u00e4tze in der Cinca, zwischen den Kilometerpunkten [&hellip;]<\/p>\n","protected":false},"author":1,"featured_media":23497,"parent":23384,"menu_order":5,"comment_status":"closed","ping_status":"closed","template":"","meta":{"_acf_changed":false,"footnotes":""},"class_list":["post-23493","page","type-page","status-publish","has-post-thumbnail","hentry"],"acf":[],"yoast_head":"<!-- This site is optimized with the Yoast SEO plugin v26.5 - https:\/\/yoast.com\/wordpress\/plugins\/seo\/ -->\n<title>Die Gorgas de Pu\u00e9rtolas  - Camping Pe\u00f1a Monta\u00f1esa<\/title>\n<meta name=\"robots\" content=\"index, follow, max-snippet:-1, max-image-preview:large, max-video-preview:-1\" \/>\n<link rel=\"canonical\" href=\"https:\/\/www.penamontanesa.com\/de\/aktivitaten\/ausfluge-vom-campingplatz\/die-gorgas-de-puertolas\/\" \/>\n<meta property=\"og:locale\" content=\"de_DE\" \/>\n<meta property=\"og:type\" content=\"article\" \/>\n<meta property=\"og:title\" content=\"Die Gorgas de Pu\u00e9rtolas  - Camping Pe\u00f1a Monta\u00f1esa\" \/>\n<meta property=\"og:description\" content=\"Es gibt sieben Badepl\u00e4tze in der Cinca, zwischen den Kilometerpunkten [&hellip;]\" \/>\n<meta property=\"og:url\" content=\"https:\/\/www.penamontanesa.com\/de\/aktivitaten\/ausfluge-vom-campingplatz\/die-gorgas-de-puertolas\/\" \/>\n<meta property=\"og:site_name\" content=\"Camping Pe\u00f1a Monta\u00f1esa\" \/>\n<meta property=\"article:modified_time\" content=\"2019-03-14T09:57:44+00:00\" \/>\n<meta property=\"og:image\" content=\"https:\/\/www.penamontanesa.com\/wp-content\/uploads\/23-col4779.jpg\" \/>\n\t<meta property=\"og:image:width\" content=\"580\" \/>\n\t<meta property=\"og:image:height\" content=\"388\" \/>\n\t<meta property=\"og:image:type\" content=\"image\/jpeg\" \/>\n<meta name=\"twitter:card\" content=\"summary_large_image\" \/>\n<script type=\"application\/ld+json\" class=\"yoast-schema-graph\">{\"@context\":\"https:\/\/schema.org\",\"@graph\":[{\"@type\":\"WebPage\",\"@id\":\"https:\/\/www.penamontanesa.com\/de\/aktivitaten\/ausfluge-vom-campingplatz\/die-gorgas-de-puertolas\/\",\"url\":\"https:\/\/www.penamontanesa.com\/de\/aktivitaten\/ausfluge-vom-campingplatz\/die-gorgas-de-puertolas\/\",\"name\":\"Die Gorgas de Pu\u00e9rtolas - Camping Pe\u00f1a Monta\u00f1esa\",\"isPartOf\":{\"@id\":\"https:\/\/www.penamontanesa.com\/de\/#website\"},\"primaryImageOfPage\":{\"@id\":\"https:\/\/www.penamontanesa.com\/de\/aktivitaten\/ausfluge-vom-campingplatz\/die-gorgas-de-puertolas\/#primaryimage\"},\"image\":{\"@id\":\"https:\/\/www.penamontanesa.com\/de\/aktivitaten\/ausfluge-vom-campingplatz\/die-gorgas-de-puertolas\/#primaryimage\"},\"thumbnailUrl\":\"https:\/\/www.penamontanesa.com\/wp-content\/uploads\/23-col4779.jpg\",\"datePublished\":\"2019-02-04T09:42:35+00:00\",\"dateModified\":\"2019-03-14T09:57:44+00:00\",\"breadcrumb\":{\"@id\":\"https:\/\/www.penamontanesa.com\/de\/aktivitaten\/ausfluge-vom-campingplatz\/die-gorgas-de-puertolas\/#breadcrumb\"},\"inLanguage\":\"de\",\"potentialAction\":[{\"@type\":\"ReadAction\",\"target\":[\"https:\/\/www.penamontanesa.com\/de\/aktivitaten\/ausfluge-vom-campingplatz\/die-gorgas-de-puertolas\/\"]}]},{\"@type\":\"ImageObject\",\"inLanguage\":\"de\",\"@id\":\"https:\/\/www.penamontanesa.com\/de\/aktivitaten\/ausfluge-vom-campingplatz\/die-gorgas-de-puertolas\/#primaryimage\",\"url\":\"https:\/\/www.penamontanesa.com\/wp-content\/uploads\/23-col4779.jpg\",\"contentUrl\":\"https:\/\/www.penamontanesa.com\/wp-content\/uploads\/23-col4779.jpg\",\"width\":580,\"height\":388},{\"@type\":\"BreadcrumbList\",\"@id\":\"https:\/\/www.penamontanesa.com\/de\/aktivitaten\/ausfluge-vom-campingplatz\/die-gorgas-de-puertolas\/#breadcrumb\",\"itemListElement\":[{\"@type\":\"ListItem\",\"position\":1,\"name\":\"Portada\",\"item\":\"https:\/\/www.penamontanesa.com\/de\/\"},{\"@type\":\"ListItem\",\"position\":2,\"name\":\"Aktivit\u00e4ten\",\"item\":\"https:\/\/www.penamontanesa.com\/de\/aktivitaten\/\"},{\"@type\":\"ListItem\",\"position\":3,\"name\":\"Ausfl\u00fcge vom Campingplatz\",\"item\":\"https:\/\/www.penamontanesa.com\/de\/aktivitaten\/ausfluge-vom-campingplatz\/\"},{\"@type\":\"ListItem\",\"position\":4,\"name\":\"Die Gorgas de Pu\u00e9rtolas\"}]},{\"@type\":\"WebSite\",\"@id\":\"https:\/\/www.penamontanesa.com\/de\/#website\",\"url\":\"https:\/\/www.penamontanesa.com\/de\/\",\"name\":\"Camping Pe\u00f1a Monta\u00f1esa\",\"description\":\"Camping y bungalows. Ainsa Pirineos. Parque Nacional de Ordesa y Monte Perdido.\",\"publisher\":{\"@id\":\"https:\/\/www.penamontanesa.com\/de\/#organization\"},\"potentialAction\":[{\"@type\":\"SearchAction\",\"target\":{\"@type\":\"EntryPoint\",\"urlTemplate\":\"https:\/\/www.penamontanesa.com\/de\/?s={search_term_string}\"},\"query-input\":{\"@type\":\"PropertyValueSpecification\",\"valueRequired\":true,\"valueName\":\"search_term_string\"}}],\"inLanguage\":\"de\"},{\"@type\":\"Organization\",\"@id\":\"https:\/\/www.penamontanesa.com\/de\/#organization\",\"name\":\"Camping Pe\u00f1a Monta\u00f1esa\",\"url\":\"https:\/\/www.penamontanesa.com\/de\/\",\"logo\":{\"@type\":\"ImageObject\",\"inLanguage\":\"de\",\"@id\":\"https:\/\/www.penamontanesa.com\/de\/#\/schema\/logo\/image\/\",\"url\":\"https:\/\/www.penamontanesa.com\/wp-content\/uploads\/cropped-penamontanesa-logo-1-1.png\",\"contentUrl\":\"https:\/\/www.penamontanesa.com\/wp-content\/uploads\/cropped-penamontanesa-logo-1-1.png\",\"width\":420,\"height\":103,\"caption\":\"Camping Pe\u00f1a Monta\u00f1esa\"},\"image\":{\"@id\":\"https:\/\/www.penamontanesa.com\/de\/#\/schema\/logo\/image\/\"}}]}<\/script>\n<!-- \/ Yoast SEO plugin. -->","yoast_head_json":{"title":"Die Gorgas de Pu\u00e9rtolas  - Camping Pe\u00f1a Monta\u00f1esa","robots":{"index":"index","follow":"follow","max-snippet":"max-snippet:-1","max-image-preview":"max-image-preview:large","max-video-preview":"max-video-preview:-1"},"canonical":"https:\/\/www.penamontanesa.com\/de\/aktivitaten\/ausfluge-vom-campingplatz\/die-gorgas-de-puertolas\/","og_locale":"de_DE","og_type":"article","og_title":"Die Gorgas de Pu\u00e9rtolas  - Camping Pe\u00f1a Monta\u00f1esa","og_description":"Es gibt sieben Badepl\u00e4tze in der Cinca, zwischen den Kilometerpunkten [&hellip;]","og_url":"https:\/\/www.penamontanesa.com\/de\/aktivitaten\/ausfluge-vom-campingplatz\/die-gorgas-de-puertolas\/","og_site_name":"Camping Pe\u00f1a Monta\u00f1esa","article_modified_time":"2019-03-14T09:57:44+00:00","og_image":[{"width":580,"height":388,"url":"https:\/\/www.penamontanesa.com\/wp-content\/uploads\/23-col4779.jpg","type":"image\/jpeg"}],"twitter_card":"summary_large_image","schema":{"@context":"https:\/\/schema.org","@graph":[{"@type":"WebPage","@id":"https:\/\/www.penamontanesa.com\/de\/aktivitaten\/ausfluge-vom-campingplatz\/die-gorgas-de-puertolas\/","url":"https:\/\/www.penamontanesa.com\/de\/aktivitaten\/ausfluge-vom-campingplatz\/die-gorgas-de-puertolas\/","name":"Die Gorgas de Pu\u00e9rtolas - Camping Pe\u00f1a Monta\u00f1esa","isPartOf":{"@id":"https:\/\/www.penamontanesa.com\/de\/#website"},"primaryImageOfPage":{"@id":"https:\/\/www.penamontanesa.com\/de\/aktivitaten\/ausfluge-vom-campingplatz\/die-gorgas-de-puertolas\/#primaryimage"},"image":{"@id":"https:\/\/www.penamontanesa.com\/de\/aktivitaten\/ausfluge-vom-campingplatz\/die-gorgas-de-puertolas\/#primaryimage"},"thumbnailUrl":"https:\/\/www.penamontanesa.com\/wp-content\/uploads\/23-col4779.jpg","datePublished":"2019-02-04T09:42:35+00:00","dateModified":"2019-03-14T09:57:44+00:00","breadcrumb":{"@id":"https:\/\/www.penamontanesa.com\/de\/aktivitaten\/ausfluge-vom-campingplatz\/die-gorgas-de-puertolas\/#breadcrumb"},"inLanguage":"de","potentialAction":[{"@type":"ReadAction","target":["https:\/\/www.penamontanesa.com\/de\/aktivitaten\/ausfluge-vom-campingplatz\/die-gorgas-de-puertolas\/"]}]},{"@type":"ImageObject","inLanguage":"de","@id":"https:\/\/www.penamontanesa.com\/de\/aktivitaten\/ausfluge-vom-campingplatz\/die-gorgas-de-puertolas\/#primaryimage","url":"https:\/\/www.penamontanesa.com\/wp-content\/uploads\/23-col4779.jpg","contentUrl":"https:\/\/www.penamontanesa.com\/wp-content\/uploads\/23-col4779.jpg","width":580,"height":388},{"@type":"BreadcrumbList","@id":"https:\/\/www.penamontanesa.com\/de\/aktivitaten\/ausfluge-vom-campingplatz\/die-gorgas-de-puertolas\/#breadcrumb","itemListElement":[{"@type":"ListItem","position":1,"name":"Portada","item":"https:\/\/www.penamontanesa.com\/de\/"},{"@type":"ListItem","position":2,"name":"Aktivit\u00e4ten","item":"https:\/\/www.penamontanesa.com\/de\/aktivitaten\/"},{"@type":"ListItem","position":3,"name":"Ausfl\u00fcge vom Campingplatz","item":"https:\/\/www.penamontanesa.com\/de\/aktivitaten\/ausfluge-vom-campingplatz\/"},{"@type":"ListItem","position":4,"name":"Die Gorgas de Pu\u00e9rtolas"}]},{"@type":"WebSite","@id":"https:\/\/www.penamontanesa.com\/de\/#website","url":"https:\/\/www.penamontanesa.com\/de\/","name":"Camping Pe\u00f1a Monta\u00f1esa","description":"Camping y bungalows. Ainsa Pirineos. Parque Nacional de Ordesa y Monte Perdido.","publisher":{"@id":"https:\/\/www.penamontanesa.com\/de\/#organization"},"potentialAction":[{"@type":"SearchAction","target":{"@type":"EntryPoint","urlTemplate":"https:\/\/www.penamontanesa.com\/de\/?s={search_term_string}"},"query-input":{"@type":"PropertyValueSpecification","valueRequired":true,"valueName":"search_term_string"}}],"inLanguage":"de"},{"@type":"Organization","@id":"https:\/\/www.penamontanesa.com\/de\/#organization","name":"Camping Pe\u00f1a Monta\u00f1esa","url":"https:\/\/www.penamontanesa.com\/de\/","logo":{"@type":"ImageObject","inLanguage":"de","@id":"https:\/\/www.penamontanesa.com\/de\/#\/schema\/logo\/image\/","url":"https:\/\/www.penamontanesa.com\/wp-content\/uploads\/cropped-penamontanesa-logo-1-1.png","contentUrl":"https:\/\/www.penamontanesa.com\/wp-content\/uploads\/cropped-penamontanesa-logo-1-1.png","width":420,"height":103,"caption":"Camping Pe\u00f1a Monta\u00f1esa"},"image":{"@id":"https:\/\/www.penamontanesa.com\/de\/#\/schema\/logo\/image\/"}}]}},"_links":{"self":[{"href":"https:\/\/www.penamontanesa.com\/de\/wp-json\/wp\/v2\/pages\/23493","targetHints":{"allow":["GET"]}}],"collection":[{"href":"https:\/\/www.penamontanesa.com\/de\/wp-json\/wp\/v2\/pages"}],"about":[{"href":"https:\/\/www.penamontanesa.com\/de\/wp-json\/wp\/v2\/types\/page"}],"author":[{"embeddable":true,"href":"https:\/\/www.penamontanesa.com\/de\/wp-json\/wp\/v2\/users\/1"}],"replies":[{"embeddable":true,"href":"https:\/\/www.penamontanesa.com\/de\/wp-json\/wp\/v2\/comments?post=23493"}],"version-history":[{"count":1,"href":"https:\/\/www.penamontanesa.com\/de\/wp-json\/wp\/v2\/pages\/23493\/revisions"}],"predecessor-version":[{"id":23495,"href":"https:\/\/www.penamontanesa.com\/de\/wp-json\/wp\/v2\/pages\/23493\/revisions\/23495"}],"up":[{"embeddable":true,"href":"https:\/\/www.penamontanesa.com\/de\/wp-json\/wp\/v2\/pages\/23384"}],"wp:featuredmedia":[{"embeddable":true,"href":"https:\/\/www.penamontanesa.com\/de\/wp-json\/wp\/v2\/media\/23497"}],"wp:attachment":[{"href":"https:\/\/www.penamontanesa.com\/de\/wp-json\/wp\/v2\/media?parent=23493"}],"curies":[{"name":"wp","href":"https:\/\/api.w.org\/{rel}","templated":true}]}}