{"id":23501,"date":"2019-02-04T10:45:25","date_gmt":"2019-02-04T09:45:25","guid":{"rendered":"https:\/\/www.penamontanesa.com\/aktivitaten\/ausfluge-vom-campingplatz\/parque-nacional-de-ordesa-y-monte-perdido\/"},"modified":"2019-03-14T11:10:58","modified_gmt":"2019-03-14T10:10:58","slug":"nationalpark-ordesa-y-monte-perdido","status":"publish","type":"page","link":"https:\/\/www.penamontanesa.com\/de\/aktivitaten\/ausfluge-vom-campingplatz\/nationalpark-ordesa-y-monte-perdido\/","title":{"rendered":"Nationalpark Ordesa y Monte Perdido"},"content":{"rendered":"\n<p>Der Nationalpark Ordesa und Monte Perdido befindet sich in den Pyren\u00e4en von Huesca, vollst\u00e4ndig im Bezirk Sobrarbe, Aragonien (Spanien).<br><\/p>\n\n\n\n<p>Der Nationalpark von Ordesa und Monte Perdido ist eine geographische Einheit erster Ordnung. Domina seine Geographie der imposante Monte Perdido, 3.355 m, das h\u00f6chste Kalksteinmassiv Westeuropas, mit den Gipfeln der Drei Sorores oder Treserols. Monte Perdido, Cylinder und Pico A\u00f1isclo -Soum of Ramond-, aus dem die T\u00e4ler von Ordesa, A\u00f1isclo, Escua\u00edn und Pineta stammen, die von den jeweiligen Fl\u00fcssen Arazas, Bell\u00f3s, Yaga und Cinca gemei\u00dfelt werden.<br><\/p>\n\n\n\n<p>Am 13. Juli 1982 wurde der Park mit dem Gesetz 52\/1982 erweitert und unter dem heutigen Namen neu klassifiziert. Gegenw\u00e4rtig gibt es im Nationalpark andere Schutzformen als der Nationalpark, 1977 wurde er zum Biosph\u00e4renreservat erkl\u00e4rt, 1988 zum Schutzgebiet f\u00fcr V\u00f6gel und 1997 zum Weltkulturerbe der UNESCO.<br><\/p>\n\n\n\n<p>Der Nationalpark Ordesa y Monte Perdido bildet eine erstklassige geographische Einheit. Der imposante Monte Perdido \u00fcberragt seine Orographie (3.355 m). Er ist das gr\u00f6\u00dfte kalkhaltige Gebirgsmassiv Westeuropas mit den Gipfeln der Tres Sorores oder Treserols: Monte Perdido, Cilindro und Pico de A\u00f1isclo &#8211; Sonum de Ramond -, von denen sie stammen Bewaffnet die T\u00e4ler von Ordesa, A\u00f1isclo, Escua\u00edn und Pineta, die von den jeweiligen Fl\u00fcssen der Arazas, Bell\u00f3s, Yaga und Cinca gemei\u00dfelt wurden. Die komplizierte geologische und morphologische Geschichte hat zusammen mit einem strengen Klima zu einer gro\u00dfen H\u00f6he und steilen Abh\u00e4ngen gef\u00fchrt.<br><\/p>\n\n\n\n<p>Die Landschaft zeigt gro\u00dfe Kontraste. Im Hochland herrscht die extreme Trockenheit der Karstw\u00fcsten vor, wo Regenwasser und Schmelzwasser durch Risse und Dolinen durch den Boden sickern. In den T\u00e4lern ist das Wasser immer pr\u00e4sent und springt in Form von Wasserf\u00e4llen und Schluchten, die von \u00fcppiger Vegetation bedeckt sind.<br><\/p>\n\n\n\n<p>Die gro\u00dfe Vielfalt an Umgebungen und Landschaften wurde einst von ber\u00fchmten Pers\u00f6nlichkeiten wie Louis Ramond de Carbonni\u00e8res, Soler und Santal\u00f3, Lucien Briet, Ricardo del Arco, Lucas Mallada, Franz Schrader und vielen anderen gepriesen<br>  <\/p>\n","protected":false},"excerpt":{"rendered":"<p>Der Nationalpark Ordesa und Monte Perdido befindet sich in den [&hellip;]<\/p>\n","protected":false},"author":1,"featured_media":22115,"parent":23384,"menu_order":6,"comment_status":"closed","ping_status":"closed","template":"","meta":{"_acf_changed":false,"footnotes":""},"class_list":["post-23501","page","type-page","status-publish","has-post-thumbnail","hentry"],"acf":[],"yoast_head":"<!-- This site is optimized with the Yoast SEO plugin v26.5 - https:\/\/yoast.com\/wordpress\/plugins\/seo\/ -->\n<title>Nationalpark Ordesa y Monte Perdido - Camping Pe\u00f1a Monta\u00f1esa<\/title>\n<meta name=\"robots\" content=\"index, follow, max-snippet:-1, max-image-preview:large, max-video-preview:-1\" \/>\n<link rel=\"canonical\" href=\"https:\/\/www.penamontanesa.com\/de\/aktivitaten\/ausfluge-vom-campingplatz\/nationalpark-ordesa-y-monte-perdido\/\" \/>\n<meta property=\"og:locale\" content=\"de_DE\" \/>\n<meta property=\"og:type\" content=\"article\" \/>\n<meta property=\"og:title\" content=\"Nationalpark Ordesa y Monte Perdido - Camping Pe\u00f1a Monta\u00f1esa\" \/>\n<meta property=\"og:description\" content=\"Der Nationalpark Ordesa und Monte Perdido befindet sich in den [&hellip;]\" \/>\n<meta property=\"og:url\" content=\"https:\/\/www.penamontanesa.com\/de\/aktivitaten\/ausfluge-vom-campingplatz\/nationalpark-ordesa-y-monte-perdido\/\" \/>\n<meta property=\"og:site_name\" content=\"Camping Pe\u00f1a Monta\u00f1esa\" \/>\n<meta property=\"article:modified_time\" content=\"2019-03-14T10:10:58+00:00\" \/>\n<meta property=\"og:image\" content=\"https:\/\/www.penamontanesa.com\/wp-content\/uploads\/cirque-de-soaso-et-massif-du-mont-perdu.jpg\" \/>\n\t<meta property=\"og:image:width\" content=\"2048\" \/>\n\t<meta property=\"og:image:height\" content=\"1536\" \/>\n\t<meta property=\"og:image:type\" content=\"image\/jpeg\" \/>\n<meta name=\"twitter:card\" content=\"summary_large_image\" \/>\n<meta name=\"twitter:label1\" content=\"Gesch\u00e4tzte Lesezeit\" \/>\n\t<meta name=\"twitter:data1\" content=\"2\u00a0Minuten\" \/>\n<script type=\"application\/ld+json\" class=\"yoast-schema-graph\">{\"@context\":\"https:\/\/schema.org\",\"@graph\":[{\"@type\":\"WebPage\",\"@id\":\"https:\/\/www.penamontanesa.com\/de\/aktivitaten\/ausfluge-vom-campingplatz\/nationalpark-ordesa-y-monte-perdido\/\",\"url\":\"https:\/\/www.penamontanesa.com\/de\/aktivitaten\/ausfluge-vom-campingplatz\/nationalpark-ordesa-y-monte-perdido\/\",\"name\":\"Nationalpark Ordesa y Monte Perdido - Camping Pe\u00f1a Monta\u00f1esa\",\"isPartOf\":{\"@id\":\"https:\/\/www.penamontanesa.com\/de\/#website\"},\"primaryImageOfPage\":{\"@id\":\"https:\/\/www.penamontanesa.com\/de\/aktivitaten\/ausfluge-vom-campingplatz\/nationalpark-ordesa-y-monte-perdido\/#primaryimage\"},\"image\":{\"@id\":\"https:\/\/www.penamontanesa.com\/de\/aktivitaten\/ausfluge-vom-campingplatz\/nationalpark-ordesa-y-monte-perdido\/#primaryimage\"},\"thumbnailUrl\":\"https:\/\/www.penamontanesa.com\/wp-content\/uploads\/cirque-de-soaso-et-massif-du-mont-perdu.jpg\",\"datePublished\":\"2019-02-04T09:45:25+00:00\",\"dateModified\":\"2019-03-14T10:10:58+00:00\",\"breadcrumb\":{\"@id\":\"https:\/\/www.penamontanesa.com\/de\/aktivitaten\/ausfluge-vom-campingplatz\/nationalpark-ordesa-y-monte-perdido\/#breadcrumb\"},\"inLanguage\":\"de\",\"potentialAction\":[{\"@type\":\"ReadAction\",\"target\":[\"https:\/\/www.penamontanesa.com\/de\/aktivitaten\/ausfluge-vom-campingplatz\/nationalpark-ordesa-y-monte-perdido\/\"]}]},{\"@type\":\"ImageObject\",\"inLanguage\":\"de\",\"@id\":\"https:\/\/www.penamontanesa.com\/de\/aktivitaten\/ausfluge-vom-campingplatz\/nationalpark-ordesa-y-monte-perdido\/#primaryimage\",\"url\":\"https:\/\/www.penamontanesa.com\/wp-content\/uploads\/cirque-de-soaso-et-massif-du-mont-perdu.jpg\",\"contentUrl\":\"https:\/\/www.penamontanesa.com\/wp-content\/uploads\/cirque-de-soaso-et-massif-du-mont-perdu.jpg\",\"width\":2048,\"height\":1536},{\"@type\":\"BreadcrumbList\",\"@id\":\"https:\/\/www.penamontanesa.com\/de\/aktivitaten\/ausfluge-vom-campingplatz\/nationalpark-ordesa-y-monte-perdido\/#breadcrumb\",\"itemListElement\":[{\"@type\":\"ListItem\",\"position\":1,\"name\":\"Portada\",\"item\":\"https:\/\/www.penamontanesa.com\/de\/\"},{\"@type\":\"ListItem\",\"position\":2,\"name\":\"Aktivit\u00e4ten\",\"item\":\"https:\/\/www.penamontanesa.com\/de\/aktivitaten\/\"},{\"@type\":\"ListItem\",\"position\":3,\"name\":\"Ausfl\u00fcge vom Campingplatz\",\"item\":\"https:\/\/www.penamontanesa.com\/de\/aktivitaten\/ausfluge-vom-campingplatz\/\"},{\"@type\":\"ListItem\",\"position\":4,\"name\":\"Nationalpark Ordesa y Monte Perdido\"}]},{\"@type\":\"WebSite\",\"@id\":\"https:\/\/www.penamontanesa.com\/de\/#website\",\"url\":\"https:\/\/www.penamontanesa.com\/de\/\",\"name\":\"Camping Pe\u00f1a Monta\u00f1esa\",\"description\":\"Camping y bungalows. Ainsa Pirineos. Parque Nacional de Ordesa y Monte Perdido.\",\"publisher\":{\"@id\":\"https:\/\/www.penamontanesa.com\/de\/#organization\"},\"potentialAction\":[{\"@type\":\"SearchAction\",\"target\":{\"@type\":\"EntryPoint\",\"urlTemplate\":\"https:\/\/www.penamontanesa.com\/de\/?s={search_term_string}\"},\"query-input\":{\"@type\":\"PropertyValueSpecification\",\"valueRequired\":true,\"valueName\":\"search_term_string\"}}],\"inLanguage\":\"de\"},{\"@type\":\"Organization\",\"@id\":\"https:\/\/www.penamontanesa.com\/de\/#organization\",\"name\":\"Camping Pe\u00f1a Monta\u00f1esa\",\"url\":\"https:\/\/www.penamontanesa.com\/de\/\",\"logo\":{\"@type\":\"ImageObject\",\"inLanguage\":\"de\",\"@id\":\"https:\/\/www.penamontanesa.com\/de\/#\/schema\/logo\/image\/\",\"url\":\"https:\/\/www.penamontanesa.com\/wp-content\/uploads\/cropped-penamontanesa-logo-1-1.png\",\"contentUrl\":\"https:\/\/www.penamontanesa.com\/wp-content\/uploads\/cropped-penamontanesa-logo-1-1.png\",\"width\":420,\"height\":103,\"caption\":\"Camping Pe\u00f1a Monta\u00f1esa\"},\"image\":{\"@id\":\"https:\/\/www.penamontanesa.com\/de\/#\/schema\/logo\/image\/\"}}]}<\/script>\n<!-- \/ Yoast SEO plugin. -->","yoast_head_json":{"title":"Nationalpark Ordesa y Monte Perdido - Camping Pe\u00f1a Monta\u00f1esa","robots":{"index":"index","follow":"follow","max-snippet":"max-snippet:-1","max-image-preview":"max-image-preview:large","max-video-preview":"max-video-preview:-1"},"canonical":"https:\/\/www.penamontanesa.com\/de\/aktivitaten\/ausfluge-vom-campingplatz\/nationalpark-ordesa-y-monte-perdido\/","og_locale":"de_DE","og_type":"article","og_title":"Nationalpark Ordesa y Monte Perdido - Camping Pe\u00f1a Monta\u00f1esa","og_description":"Der Nationalpark Ordesa und Monte Perdido befindet sich in den [&hellip;]","og_url":"https:\/\/www.penamontanesa.com\/de\/aktivitaten\/ausfluge-vom-campingplatz\/nationalpark-ordesa-y-monte-perdido\/","og_site_name":"Camping Pe\u00f1a Monta\u00f1esa","article_modified_time":"2019-03-14T10:10:58+00:00","og_image":[{"width":2048,"height":1536,"url":"https:\/\/www.penamontanesa.com\/wp-content\/uploads\/cirque-de-soaso-et-massif-du-mont-perdu.jpg","type":"image\/jpeg"}],"twitter_card":"summary_large_image","twitter_misc":{"Gesch\u00e4tzte Lesezeit":"2\u00a0Minuten"},"schema":{"@context":"https:\/\/schema.org","@graph":[{"@type":"WebPage","@id":"https:\/\/www.penamontanesa.com\/de\/aktivitaten\/ausfluge-vom-campingplatz\/nationalpark-ordesa-y-monte-perdido\/","url":"https:\/\/www.penamontanesa.com\/de\/aktivitaten\/ausfluge-vom-campingplatz\/nationalpark-ordesa-y-monte-perdido\/","name":"Nationalpark Ordesa y Monte Perdido - Camping Pe\u00f1a Monta\u00f1esa","isPartOf":{"@id":"https:\/\/www.penamontanesa.com\/de\/#website"},"primaryImageOfPage":{"@id":"https:\/\/www.penamontanesa.com\/de\/aktivitaten\/ausfluge-vom-campingplatz\/nationalpark-ordesa-y-monte-perdido\/#primaryimage"},"image":{"@id":"https:\/\/www.penamontanesa.com\/de\/aktivitaten\/ausfluge-vom-campingplatz\/nationalpark-ordesa-y-monte-perdido\/#primaryimage"},"thumbnailUrl":"https:\/\/www.penamontanesa.com\/wp-content\/uploads\/cirque-de-soaso-et-massif-du-mont-perdu.jpg","datePublished":"2019-02-04T09:45:25+00:00","dateModified":"2019-03-14T10:10:58+00:00","breadcrumb":{"@id":"https:\/\/www.penamontanesa.com\/de\/aktivitaten\/ausfluge-vom-campingplatz\/nationalpark-ordesa-y-monte-perdido\/#breadcrumb"},"inLanguage":"de","potentialAction":[{"@type":"ReadAction","target":["https:\/\/www.penamontanesa.com\/de\/aktivitaten\/ausfluge-vom-campingplatz\/nationalpark-ordesa-y-monte-perdido\/"]}]},{"@type":"ImageObject","inLanguage":"de","@id":"https:\/\/www.penamontanesa.com\/de\/aktivitaten\/ausfluge-vom-campingplatz\/nationalpark-ordesa-y-monte-perdido\/#primaryimage","url":"https:\/\/www.penamontanesa.com\/wp-content\/uploads\/cirque-de-soaso-et-massif-du-mont-perdu.jpg","contentUrl":"https:\/\/www.penamontanesa.com\/wp-content\/uploads\/cirque-de-soaso-et-massif-du-mont-perdu.jpg","width":2048,"height":1536},{"@type":"BreadcrumbList","@id":"https:\/\/www.penamontanesa.com\/de\/aktivitaten\/ausfluge-vom-campingplatz\/nationalpark-ordesa-y-monte-perdido\/#breadcrumb","itemListElement":[{"@type":"ListItem","position":1,"name":"Portada","item":"https:\/\/www.penamontanesa.com\/de\/"},{"@type":"ListItem","position":2,"name":"Aktivit\u00e4ten","item":"https:\/\/www.penamontanesa.com\/de\/aktivitaten\/"},{"@type":"ListItem","position":3,"name":"Ausfl\u00fcge vom Campingplatz","item":"https:\/\/www.penamontanesa.com\/de\/aktivitaten\/ausfluge-vom-campingplatz\/"},{"@type":"ListItem","position":4,"name":"Nationalpark Ordesa y Monte Perdido"}]},{"@type":"WebSite","@id":"https:\/\/www.penamontanesa.com\/de\/#website","url":"https:\/\/www.penamontanesa.com\/de\/","name":"Camping Pe\u00f1a Monta\u00f1esa","description":"Camping y bungalows. Ainsa Pirineos. Parque Nacional de Ordesa y Monte Perdido.","publisher":{"@id":"https:\/\/www.penamontanesa.com\/de\/#organization"},"potentialAction":[{"@type":"SearchAction","target":{"@type":"EntryPoint","urlTemplate":"https:\/\/www.penamontanesa.com\/de\/?s={search_term_string}"},"query-input":{"@type":"PropertyValueSpecification","valueRequired":true,"valueName":"search_term_string"}}],"inLanguage":"de"},{"@type":"Organization","@id":"https:\/\/www.penamontanesa.com\/de\/#organization","name":"Camping Pe\u00f1a Monta\u00f1esa","url":"https:\/\/www.penamontanesa.com\/de\/","logo":{"@type":"ImageObject","inLanguage":"de","@id":"https:\/\/www.penamontanesa.com\/de\/#\/schema\/logo\/image\/","url":"https:\/\/www.penamontanesa.com\/wp-content\/uploads\/cropped-penamontanesa-logo-1-1.png","contentUrl":"https:\/\/www.penamontanesa.com\/wp-content\/uploads\/cropped-penamontanesa-logo-1-1.png","width":420,"height":103,"caption":"Camping Pe\u00f1a Monta\u00f1esa"},"image":{"@id":"https:\/\/www.penamontanesa.com\/de\/#\/schema\/logo\/image\/"}}]}},"_links":{"self":[{"href":"https:\/\/www.penamontanesa.com\/de\/wp-json\/wp\/v2\/pages\/23501","targetHints":{"allow":["GET"]}}],"collection":[{"href":"https:\/\/www.penamontanesa.com\/de\/wp-json\/wp\/v2\/pages"}],"about":[{"href":"https:\/\/www.penamontanesa.com\/de\/wp-json\/wp\/v2\/types\/page"}],"author":[{"embeddable":true,"href":"https:\/\/www.penamontanesa.com\/de\/wp-json\/wp\/v2\/users\/1"}],"replies":[{"embeddable":true,"href":"https:\/\/www.penamontanesa.com\/de\/wp-json\/wp\/v2\/comments?post=23501"}],"version-history":[{"count":1,"href":"https:\/\/www.penamontanesa.com\/de\/wp-json\/wp\/v2\/pages\/23501\/revisions"}],"predecessor-version":[{"id":23502,"href":"https:\/\/www.penamontanesa.com\/de\/wp-json\/wp\/v2\/pages\/23501\/revisions\/23502"}],"up":[{"embeddable":true,"href":"https:\/\/www.penamontanesa.com\/de\/wp-json\/wp\/v2\/pages\/23384"}],"wp:featuredmedia":[{"embeddable":true,"href":"https:\/\/www.penamontanesa.com\/de\/wp-json\/wp\/v2\/media\/22115"}],"wp:attachment":[{"href":"https:\/\/www.penamontanesa.com\/de\/wp-json\/wp\/v2\/media?parent=23501"}],"curies":[{"name":"wp","href":"https:\/\/api.w.org\/{rel}","templated":true}]}}