{"id":23508,"date":"2019-01-31T17:01:08","date_gmt":"2019-01-31T16:01:08","guid":{"rendered":"https:\/\/www.penamontanesa.com\/aktivitaten\/ausfluge-vom-campingplatz\/monasterio-de-san-victorian\/"},"modified":"2019-05-04T14:08:24","modified_gmt":"2019-05-04T12:08:24","slug":"monasterio-de-san-victorian","status":"publish","type":"page","link":"https:\/\/www.penamontanesa.com\/de\/aktivitaten\/ausfluge-vom-campingplatz\/monasterio-de-san-victorian\/","title":{"rendered":"Kloster von San Victorian"},"content":{"rendered":"\n<p>Das Kloster von San Victori\u00e1n befindet sich an einem der s\u00fcd\u00f6stlichen Abh\u00e4nge des Pena Montanesa, in der Gemeinde Los Molinos und nur wenige Kilometer von A\u00ednsa entfernt.<br><\/p>\n\n\n\n<p>Es hat seinen Ursprung im elften Jahrhundert, nachdem die M\u00f6nche des westgotischen Klosters Asan um Huesca umgezogen waren. Es wurde k\u00fcrzlich mit einer gr\u00fcndlichen Reinigung und Rekonstruktion des Kirchendachs restauriert.<br><\/p>\n\n\n\n<p>Die Klostergruppe besteht haupts\u00e4chlich aus Geb\u00e4uden aus dem 16. und 18. Jahrhundert.<br><\/p>\n","protected":false},"excerpt":{"rendered":"<p>Das Kloster von San Victori\u00e1n befindet sich an einem der [&hellip;]<\/p>\n","protected":false},"author":1,"featured_media":23512,"parent":23384,"menu_order":7,"comment_status":"closed","ping_status":"closed","template":"","meta":{"_acf_changed":false,"footnotes":""},"class_list":["post-23508","page","type-page","status-publish","has-post-thumbnail","hentry"],"acf":[],"yoast_head":"<!-- This site is optimized with the Yoast SEO plugin v26.5 - https:\/\/yoast.com\/wordpress\/plugins\/seo\/ -->\n<title>Kloster von San Victorian - Camping Pe\u00f1a Monta\u00f1esa<\/title>\n<meta name=\"robots\" content=\"index, follow, max-snippet:-1, max-image-preview:large, max-video-preview:-1\" \/>\n<link rel=\"canonical\" href=\"https:\/\/www.penamontanesa.com\/de\/aktivitaten\/ausfluge-vom-campingplatz\/monasterio-de-san-victorian\/\" \/>\n<meta property=\"og:locale\" content=\"de_DE\" \/>\n<meta property=\"og:type\" content=\"article\" \/>\n<meta property=\"og:title\" content=\"Kloster von San Victorian - Camping Pe\u00f1a Monta\u00f1esa\" \/>\n<meta property=\"og:description\" content=\"Das Kloster von San Victori\u00e1n befindet sich an einem der [&hellip;]\" \/>\n<meta property=\"og:url\" content=\"https:\/\/www.penamontanesa.com\/de\/aktivitaten\/ausfluge-vom-campingplatz\/monasterio-de-san-victorian\/\" \/>\n<meta property=\"og:site_name\" content=\"Camping Pe\u00f1a Monta\u00f1esa\" \/>\n<meta property=\"article:modified_time\" content=\"2019-05-04T12:08:24+00:00\" \/>\n<meta property=\"og:image\" content=\"https:\/\/www.penamontanesa.com\/wp-content\/uploads\/monasterio-de-san-victorian.jpg\" \/>\n\t<meta property=\"og:image:width\" content=\"2048\" \/>\n\t<meta property=\"og:image:height\" content=\"1360\" \/>\n\t<meta property=\"og:image:type\" content=\"image\/jpeg\" \/>\n<meta name=\"twitter:card\" content=\"summary_large_image\" \/>\n<script type=\"application\/ld+json\" class=\"yoast-schema-graph\">{\"@context\":\"https:\/\/schema.org\",\"@graph\":[{\"@type\":\"WebPage\",\"@id\":\"https:\/\/www.penamontanesa.com\/de\/aktivitaten\/ausfluge-vom-campingplatz\/monasterio-de-san-victorian\/\",\"url\":\"https:\/\/www.penamontanesa.com\/de\/aktivitaten\/ausfluge-vom-campingplatz\/monasterio-de-san-victorian\/\",\"name\":\"Kloster von San Victorian - Camping Pe\u00f1a Monta\u00f1esa\",\"isPartOf\":{\"@id\":\"https:\/\/www.penamontanesa.com\/de\/#website\"},\"primaryImageOfPage\":{\"@id\":\"https:\/\/www.penamontanesa.com\/de\/aktivitaten\/ausfluge-vom-campingplatz\/monasterio-de-san-victorian\/#primaryimage\"},\"image\":{\"@id\":\"https:\/\/www.penamontanesa.com\/de\/aktivitaten\/ausfluge-vom-campingplatz\/monasterio-de-san-victorian\/#primaryimage\"},\"thumbnailUrl\":\"https:\/\/www.penamontanesa.com\/wp-content\/uploads\/monasterio-de-san-victorian.jpg\",\"datePublished\":\"2019-01-31T16:01:08+00:00\",\"dateModified\":\"2019-05-04T12:08:24+00:00\",\"breadcrumb\":{\"@id\":\"https:\/\/www.penamontanesa.com\/de\/aktivitaten\/ausfluge-vom-campingplatz\/monasterio-de-san-victorian\/#breadcrumb\"},\"inLanguage\":\"de\",\"potentialAction\":[{\"@type\":\"ReadAction\",\"target\":[\"https:\/\/www.penamontanesa.com\/de\/aktivitaten\/ausfluge-vom-campingplatz\/monasterio-de-san-victorian\/\"]}]},{\"@type\":\"ImageObject\",\"inLanguage\":\"de\",\"@id\":\"https:\/\/www.penamontanesa.com\/de\/aktivitaten\/ausfluge-vom-campingplatz\/monasterio-de-san-victorian\/#primaryimage\",\"url\":\"https:\/\/www.penamontanesa.com\/wp-content\/uploads\/monasterio-de-san-victorian.jpg\",\"contentUrl\":\"https:\/\/www.penamontanesa.com\/wp-content\/uploads\/monasterio-de-san-victorian.jpg\",\"width\":2048,\"height\":1360},{\"@type\":\"BreadcrumbList\",\"@id\":\"https:\/\/www.penamontanesa.com\/de\/aktivitaten\/ausfluge-vom-campingplatz\/monasterio-de-san-victorian\/#breadcrumb\",\"itemListElement\":[{\"@type\":\"ListItem\",\"position\":1,\"name\":\"Portada\",\"item\":\"https:\/\/www.penamontanesa.com\/de\/\"},{\"@type\":\"ListItem\",\"position\":2,\"name\":\"Aktivit\u00e4ten\",\"item\":\"https:\/\/www.penamontanesa.com\/de\/aktivitaten\/\"},{\"@type\":\"ListItem\",\"position\":3,\"name\":\"Ausfl\u00fcge vom Campingplatz\",\"item\":\"https:\/\/www.penamontanesa.com\/de\/aktivitaten\/ausfluge-vom-campingplatz\/\"},{\"@type\":\"ListItem\",\"position\":4,\"name\":\"Kloster von San Victorian\"}]},{\"@type\":\"WebSite\",\"@id\":\"https:\/\/www.penamontanesa.com\/de\/#website\",\"url\":\"https:\/\/www.penamontanesa.com\/de\/\",\"name\":\"Camping Pe\u00f1a Monta\u00f1esa\",\"description\":\"Camping y bungalows. Ainsa Pirineos. Parque Nacional de Ordesa y Monte Perdido.\",\"publisher\":{\"@id\":\"https:\/\/www.penamontanesa.com\/de\/#organization\"},\"potentialAction\":[{\"@type\":\"SearchAction\",\"target\":{\"@type\":\"EntryPoint\",\"urlTemplate\":\"https:\/\/www.penamontanesa.com\/de\/?s={search_term_string}\"},\"query-input\":{\"@type\":\"PropertyValueSpecification\",\"valueRequired\":true,\"valueName\":\"search_term_string\"}}],\"inLanguage\":\"de\"},{\"@type\":\"Organization\",\"@id\":\"https:\/\/www.penamontanesa.com\/de\/#organization\",\"name\":\"Camping Pe\u00f1a Monta\u00f1esa\",\"url\":\"https:\/\/www.penamontanesa.com\/de\/\",\"logo\":{\"@type\":\"ImageObject\",\"inLanguage\":\"de\",\"@id\":\"https:\/\/www.penamontanesa.com\/de\/#\/schema\/logo\/image\/\",\"url\":\"https:\/\/www.penamontanesa.com\/wp-content\/uploads\/cropped-penamontanesa-logo-1-1.png\",\"contentUrl\":\"https:\/\/www.penamontanesa.com\/wp-content\/uploads\/cropped-penamontanesa-logo-1-1.png\",\"width\":420,\"height\":103,\"caption\":\"Camping Pe\u00f1a Monta\u00f1esa\"},\"image\":{\"@id\":\"https:\/\/www.penamontanesa.com\/de\/#\/schema\/logo\/image\/\"}}]}<\/script>\n<!-- \/ Yoast SEO plugin. -->","yoast_head_json":{"title":"Kloster von San Victorian - Camping Pe\u00f1a Monta\u00f1esa","robots":{"index":"index","follow":"follow","max-snippet":"max-snippet:-1","max-image-preview":"max-image-preview:large","max-video-preview":"max-video-preview:-1"},"canonical":"https:\/\/www.penamontanesa.com\/de\/aktivitaten\/ausfluge-vom-campingplatz\/monasterio-de-san-victorian\/","og_locale":"de_DE","og_type":"article","og_title":"Kloster von San Victorian - Camping Pe\u00f1a Monta\u00f1esa","og_description":"Das Kloster von San Victori\u00e1n befindet sich an einem der [&hellip;]","og_url":"https:\/\/www.penamontanesa.com\/de\/aktivitaten\/ausfluge-vom-campingplatz\/monasterio-de-san-victorian\/","og_site_name":"Camping Pe\u00f1a Monta\u00f1esa","article_modified_time":"2019-05-04T12:08:24+00:00","og_image":[{"width":2048,"height":1360,"url":"https:\/\/www.penamontanesa.com\/wp-content\/uploads\/monasterio-de-san-victorian.jpg","type":"image\/jpeg"}],"twitter_card":"summary_large_image","schema":{"@context":"https:\/\/schema.org","@graph":[{"@type":"WebPage","@id":"https:\/\/www.penamontanesa.com\/de\/aktivitaten\/ausfluge-vom-campingplatz\/monasterio-de-san-victorian\/","url":"https:\/\/www.penamontanesa.com\/de\/aktivitaten\/ausfluge-vom-campingplatz\/monasterio-de-san-victorian\/","name":"Kloster von San Victorian - Camping Pe\u00f1a Monta\u00f1esa","isPartOf":{"@id":"https:\/\/www.penamontanesa.com\/de\/#website"},"primaryImageOfPage":{"@id":"https:\/\/www.penamontanesa.com\/de\/aktivitaten\/ausfluge-vom-campingplatz\/monasterio-de-san-victorian\/#primaryimage"},"image":{"@id":"https:\/\/www.penamontanesa.com\/de\/aktivitaten\/ausfluge-vom-campingplatz\/monasterio-de-san-victorian\/#primaryimage"},"thumbnailUrl":"https:\/\/www.penamontanesa.com\/wp-content\/uploads\/monasterio-de-san-victorian.jpg","datePublished":"2019-01-31T16:01:08+00:00","dateModified":"2019-05-04T12:08:24+00:00","breadcrumb":{"@id":"https:\/\/www.penamontanesa.com\/de\/aktivitaten\/ausfluge-vom-campingplatz\/monasterio-de-san-victorian\/#breadcrumb"},"inLanguage":"de","potentialAction":[{"@type":"ReadAction","target":["https:\/\/www.penamontanesa.com\/de\/aktivitaten\/ausfluge-vom-campingplatz\/monasterio-de-san-victorian\/"]}]},{"@type":"ImageObject","inLanguage":"de","@id":"https:\/\/www.penamontanesa.com\/de\/aktivitaten\/ausfluge-vom-campingplatz\/monasterio-de-san-victorian\/#primaryimage","url":"https:\/\/www.penamontanesa.com\/wp-content\/uploads\/monasterio-de-san-victorian.jpg","contentUrl":"https:\/\/www.penamontanesa.com\/wp-content\/uploads\/monasterio-de-san-victorian.jpg","width":2048,"height":1360},{"@type":"BreadcrumbList","@id":"https:\/\/www.penamontanesa.com\/de\/aktivitaten\/ausfluge-vom-campingplatz\/monasterio-de-san-victorian\/#breadcrumb","itemListElement":[{"@type":"ListItem","position":1,"name":"Portada","item":"https:\/\/www.penamontanesa.com\/de\/"},{"@type":"ListItem","position":2,"name":"Aktivit\u00e4ten","item":"https:\/\/www.penamontanesa.com\/de\/aktivitaten\/"},{"@type":"ListItem","position":3,"name":"Ausfl\u00fcge vom Campingplatz","item":"https:\/\/www.penamontanesa.com\/de\/aktivitaten\/ausfluge-vom-campingplatz\/"},{"@type":"ListItem","position":4,"name":"Kloster von San Victorian"}]},{"@type":"WebSite","@id":"https:\/\/www.penamontanesa.com\/de\/#website","url":"https:\/\/www.penamontanesa.com\/de\/","name":"Camping Pe\u00f1a Monta\u00f1esa","description":"Camping y bungalows. Ainsa Pirineos. Parque Nacional de Ordesa y Monte Perdido.","publisher":{"@id":"https:\/\/www.penamontanesa.com\/de\/#organization"},"potentialAction":[{"@type":"SearchAction","target":{"@type":"EntryPoint","urlTemplate":"https:\/\/www.penamontanesa.com\/de\/?s={search_term_string}"},"query-input":{"@type":"PropertyValueSpecification","valueRequired":true,"valueName":"search_term_string"}}],"inLanguage":"de"},{"@type":"Organization","@id":"https:\/\/www.penamontanesa.com\/de\/#organization","name":"Camping Pe\u00f1a Monta\u00f1esa","url":"https:\/\/www.penamontanesa.com\/de\/","logo":{"@type":"ImageObject","inLanguage":"de","@id":"https:\/\/www.penamontanesa.com\/de\/#\/schema\/logo\/image\/","url":"https:\/\/www.penamontanesa.com\/wp-content\/uploads\/cropped-penamontanesa-logo-1-1.png","contentUrl":"https:\/\/www.penamontanesa.com\/wp-content\/uploads\/cropped-penamontanesa-logo-1-1.png","width":420,"height":103,"caption":"Camping Pe\u00f1a Monta\u00f1esa"},"image":{"@id":"https:\/\/www.penamontanesa.com\/de\/#\/schema\/logo\/image\/"}}]}},"_links":{"self":[{"href":"https:\/\/www.penamontanesa.com\/de\/wp-json\/wp\/v2\/pages\/23508","targetHints":{"allow":["GET"]}}],"collection":[{"href":"https:\/\/www.penamontanesa.com\/de\/wp-json\/wp\/v2\/pages"}],"about":[{"href":"https:\/\/www.penamontanesa.com\/de\/wp-json\/wp\/v2\/types\/page"}],"author":[{"embeddable":true,"href":"https:\/\/www.penamontanesa.com\/de\/wp-json\/wp\/v2\/users\/1"}],"replies":[{"embeddable":true,"href":"https:\/\/www.penamontanesa.com\/de\/wp-json\/wp\/v2\/comments?post=23508"}],"version-history":[{"count":2,"href":"https:\/\/www.penamontanesa.com\/de\/wp-json\/wp\/v2\/pages\/23508\/revisions"}],"predecessor-version":[{"id":24416,"href":"https:\/\/www.penamontanesa.com\/de\/wp-json\/wp\/v2\/pages\/23508\/revisions\/24416"}],"up":[{"embeddable":true,"href":"https:\/\/www.penamontanesa.com\/de\/wp-json\/wp\/v2\/pages\/23384"}],"wp:featuredmedia":[{"embeddable":true,"href":"https:\/\/www.penamontanesa.com\/de\/wp-json\/wp\/v2\/media\/23512"}],"wp:attachment":[{"href":"https:\/\/www.penamontanesa.com\/de\/wp-json\/wp\/v2\/media?parent=23508"}],"curies":[{"name":"wp","href":"https:\/\/api.w.org\/{rel}","templated":true}]}}