{"id":23561,"date":"2019-02-04T09:51:41","date_gmt":"2019-02-04T08:51:41","guid":{"rendered":"https:\/\/www.penamontanesa.com\/aktivitaten\/ausfluge-vom-campingplatz\/la-torre-de-abizanda-y-los-titiriteros\/"},"modified":"2019-03-14T12:00:39","modified_gmt":"2019-03-14T11:00:39","slug":"la-torre-de-abizanda-y-los-titiriteros","status":"publish","type":"page","link":"https:\/\/www.penamontanesa.com\/de\/aktivitaten\/ausfluge-vom-campingplatz\/la-torre-de-abizanda-y-los-titiriteros\/","title":{"rendered":"Turm von Abizanda und die Puppenspieler von Binefar"},"content":{"rendered":"\n<p>Deutlich sichtbar von der Stra\u00dfe C-138 von Barbastro nach L&#8217;Ainsa. Dominiert den H\u00fcgel, auf dem die Stadt steht. Die Aussicht auf die Region und die Pyren\u00e4en vom Ger\u00fcst ist spektakul\u00e4r.<br><\/p>\n\n\n\n<p>Die Aussicht auf die Region und die Pyren\u00e4en von ihrem Ger\u00fcst aus ist spektakul\u00e4r. Der schlanke Turm von Abizanda ist die unbestrittene Arbeit der lombardischen Meister, die um 1023 ausgef\u00fchrt wurde, um den Angriff des Is\u00e1bena-Beckens darzustellen. Das Geb\u00e4ude des Schlosses und der Kapelle des Schlosses ist sp\u00e4ter das Werk lokaler Lehrer.<br><\/p>\n\n\n\n<h2 class=\"wp-block-heading\">Puppenspieler:<br><\/h2>\n\n\n\n<p style=\"text-align:left\">In den Pyren\u00e4en-Puppen und dem Volkstheater werden die Puppenspieler von Bin\u00e9far st\u00e4ndig ihre Kreationen pr\u00e4sentieren und den Besuchern die M\u00f6glichkeit bieten, sich mit der Theater-, Musik- und Festkultur der Pyren\u00e4en-Umgebung zu besch\u00e4ftigen.<br><\/p>\n\n\n\n<div class=\"wp-block-button btn\"><a class=\"wp-block-button__link\" href=\"http:\/\/www.lacasadelostiteres.com\/programacion.html\">The Puppeteers of Binefar<\/a><\/div>\n","protected":false},"excerpt":{"rendered":"<p>Deutlich sichtbar von der Stra\u00dfe C-138 von Barbastro nach L&#8217;Ainsa. [&hellip;]<\/p>\n","protected":false},"author":1,"featured_media":23562,"parent":23384,"menu_order":11,"comment_status":"closed","ping_status":"closed","template":"","meta":{"_acf_changed":false,"footnotes":""},"class_list":["post-23561","page","type-page","status-publish","has-post-thumbnail","hentry"],"acf":[],"yoast_head":"<!-- This site is optimized with the Yoast SEO plugin v26.5 - https:\/\/yoast.com\/wordpress\/plugins\/seo\/ -->\n<title>Turm von Abizanda und die Puppenspieler von Binefar - Camping Pe\u00f1a Monta\u00f1esa<\/title>\n<meta name=\"robots\" content=\"index, follow, max-snippet:-1, max-image-preview:large, max-video-preview:-1\" \/>\n<link rel=\"canonical\" href=\"https:\/\/www.penamontanesa.com\/de\/aktivitaten\/ausfluge-vom-campingplatz\/la-torre-de-abizanda-y-los-titiriteros\/\" \/>\n<meta property=\"og:locale\" content=\"de_DE\" \/>\n<meta property=\"og:type\" content=\"article\" \/>\n<meta property=\"og:title\" content=\"Turm von Abizanda und die Puppenspieler von Binefar - Camping Pe\u00f1a Monta\u00f1esa\" \/>\n<meta property=\"og:description\" content=\"Deutlich sichtbar von der Stra\u00dfe C-138 von Barbastro nach L&#8217;Ainsa. [&hellip;]\" \/>\n<meta property=\"og:url\" content=\"https:\/\/www.penamontanesa.com\/de\/aktivitaten\/ausfluge-vom-campingplatz\/la-torre-de-abizanda-y-los-titiriteros\/\" \/>\n<meta property=\"og:site_name\" content=\"Camping Pe\u00f1a Monta\u00f1esa\" \/>\n<meta property=\"article:modified_time\" content=\"2019-03-14T11:00:39+00:00\" \/>\n<meta property=\"og:image\" content=\"https:\/\/www.penamontanesa.com\/wp-content\/uploads\/360-e1549279811259.jpg\" \/>\n\t<meta property=\"og:image:width\" content=\"1080\" \/>\n\t<meta property=\"og:image:height\" content=\"545\" \/>\n\t<meta property=\"og:image:type\" content=\"image\/jpeg\" \/>\n<meta name=\"twitter:card\" content=\"summary_large_image\" \/>\n<meta name=\"twitter:label1\" content=\"Gesch\u00e4tzte Lesezeit\" \/>\n\t<meta name=\"twitter:data1\" content=\"1\u00a0Minute\" \/>\n<script type=\"application\/ld+json\" class=\"yoast-schema-graph\">{\"@context\":\"https:\/\/schema.org\",\"@graph\":[{\"@type\":\"WebPage\",\"@id\":\"https:\/\/www.penamontanesa.com\/de\/aktivitaten\/ausfluge-vom-campingplatz\/la-torre-de-abizanda-y-los-titiriteros\/\",\"url\":\"https:\/\/www.penamontanesa.com\/de\/aktivitaten\/ausfluge-vom-campingplatz\/la-torre-de-abizanda-y-los-titiriteros\/\",\"name\":\"Turm von Abizanda und die Puppenspieler von Binefar - Camping Pe\u00f1a Monta\u00f1esa\",\"isPartOf\":{\"@id\":\"https:\/\/www.penamontanesa.com\/de\/#website\"},\"primaryImageOfPage\":{\"@id\":\"https:\/\/www.penamontanesa.com\/de\/aktivitaten\/ausfluge-vom-campingplatz\/la-torre-de-abizanda-y-los-titiriteros\/#primaryimage\"},\"image\":{\"@id\":\"https:\/\/www.penamontanesa.com\/de\/aktivitaten\/ausfluge-vom-campingplatz\/la-torre-de-abizanda-y-los-titiriteros\/#primaryimage\"},\"thumbnailUrl\":\"https:\/\/www.penamontanesa.com\/wp-content\/uploads\/360-e1549279811259.jpg\",\"datePublished\":\"2019-02-04T08:51:41+00:00\",\"dateModified\":\"2019-03-14T11:00:39+00:00\",\"breadcrumb\":{\"@id\":\"https:\/\/www.penamontanesa.com\/de\/aktivitaten\/ausfluge-vom-campingplatz\/la-torre-de-abizanda-y-los-titiriteros\/#breadcrumb\"},\"inLanguage\":\"de\",\"potentialAction\":[{\"@type\":\"ReadAction\",\"target\":[\"https:\/\/www.penamontanesa.com\/de\/aktivitaten\/ausfluge-vom-campingplatz\/la-torre-de-abizanda-y-los-titiriteros\/\"]}]},{\"@type\":\"ImageObject\",\"inLanguage\":\"de\",\"@id\":\"https:\/\/www.penamontanesa.com\/de\/aktivitaten\/ausfluge-vom-campingplatz\/la-torre-de-abizanda-y-los-titiriteros\/#primaryimage\",\"url\":\"https:\/\/www.penamontanesa.com\/wp-content\/uploads\/360-e1549279811259.jpg\",\"contentUrl\":\"https:\/\/www.penamontanesa.com\/wp-content\/uploads\/360-e1549279811259.jpg\",\"width\":1080,\"height\":545},{\"@type\":\"BreadcrumbList\",\"@id\":\"https:\/\/www.penamontanesa.com\/de\/aktivitaten\/ausfluge-vom-campingplatz\/la-torre-de-abizanda-y-los-titiriteros\/#breadcrumb\",\"itemListElement\":[{\"@type\":\"ListItem\",\"position\":1,\"name\":\"Portada\",\"item\":\"https:\/\/www.penamontanesa.com\/de\/\"},{\"@type\":\"ListItem\",\"position\":2,\"name\":\"Aktivit\u00e4ten\",\"item\":\"https:\/\/www.penamontanesa.com\/de\/aktivitaten\/\"},{\"@type\":\"ListItem\",\"position\":3,\"name\":\"Ausfl\u00fcge vom Campingplatz\",\"item\":\"https:\/\/www.penamontanesa.com\/de\/aktivitaten\/ausfluge-vom-campingplatz\/\"},{\"@type\":\"ListItem\",\"position\":4,\"name\":\"Turm von Abizanda und die Puppenspieler von Binefar\"}]},{\"@type\":\"WebSite\",\"@id\":\"https:\/\/www.penamontanesa.com\/de\/#website\",\"url\":\"https:\/\/www.penamontanesa.com\/de\/\",\"name\":\"Camping Pe\u00f1a Monta\u00f1esa\",\"description\":\"Camping y bungalows. Ainsa Pirineos. Parque Nacional de Ordesa y Monte Perdido.\",\"publisher\":{\"@id\":\"https:\/\/www.penamontanesa.com\/de\/#organization\"},\"potentialAction\":[{\"@type\":\"SearchAction\",\"target\":{\"@type\":\"EntryPoint\",\"urlTemplate\":\"https:\/\/www.penamontanesa.com\/de\/?s={search_term_string}\"},\"query-input\":{\"@type\":\"PropertyValueSpecification\",\"valueRequired\":true,\"valueName\":\"search_term_string\"}}],\"inLanguage\":\"de\"},{\"@type\":\"Organization\",\"@id\":\"https:\/\/www.penamontanesa.com\/de\/#organization\",\"name\":\"Camping Pe\u00f1a Monta\u00f1esa\",\"url\":\"https:\/\/www.penamontanesa.com\/de\/\",\"logo\":{\"@type\":\"ImageObject\",\"inLanguage\":\"de\",\"@id\":\"https:\/\/www.penamontanesa.com\/de\/#\/schema\/logo\/image\/\",\"url\":\"https:\/\/www.penamontanesa.com\/wp-content\/uploads\/cropped-penamontanesa-logo-1-1.png\",\"contentUrl\":\"https:\/\/www.penamontanesa.com\/wp-content\/uploads\/cropped-penamontanesa-logo-1-1.png\",\"width\":420,\"height\":103,\"caption\":\"Camping Pe\u00f1a Monta\u00f1esa\"},\"image\":{\"@id\":\"https:\/\/www.penamontanesa.com\/de\/#\/schema\/logo\/image\/\"}}]}<\/script>\n<!-- \/ Yoast SEO plugin. -->","yoast_head_json":{"title":"Turm von Abizanda und die Puppenspieler von Binefar - Camping Pe\u00f1a Monta\u00f1esa","robots":{"index":"index","follow":"follow","max-snippet":"max-snippet:-1","max-image-preview":"max-image-preview:large","max-video-preview":"max-video-preview:-1"},"canonical":"https:\/\/www.penamontanesa.com\/de\/aktivitaten\/ausfluge-vom-campingplatz\/la-torre-de-abizanda-y-los-titiriteros\/","og_locale":"de_DE","og_type":"article","og_title":"Turm von Abizanda und die Puppenspieler von Binefar - Camping Pe\u00f1a Monta\u00f1esa","og_description":"Deutlich sichtbar von der Stra\u00dfe C-138 von Barbastro nach L&#8217;Ainsa. [&hellip;]","og_url":"https:\/\/www.penamontanesa.com\/de\/aktivitaten\/ausfluge-vom-campingplatz\/la-torre-de-abizanda-y-los-titiriteros\/","og_site_name":"Camping Pe\u00f1a Monta\u00f1esa","article_modified_time":"2019-03-14T11:00:39+00:00","og_image":[{"width":1080,"height":545,"url":"https:\/\/www.penamontanesa.com\/wp-content\/uploads\/360-e1549279811259.jpg","type":"image\/jpeg"}],"twitter_card":"summary_large_image","twitter_misc":{"Gesch\u00e4tzte Lesezeit":"1\u00a0Minute"},"schema":{"@context":"https:\/\/schema.org","@graph":[{"@type":"WebPage","@id":"https:\/\/www.penamontanesa.com\/de\/aktivitaten\/ausfluge-vom-campingplatz\/la-torre-de-abizanda-y-los-titiriteros\/","url":"https:\/\/www.penamontanesa.com\/de\/aktivitaten\/ausfluge-vom-campingplatz\/la-torre-de-abizanda-y-los-titiriteros\/","name":"Turm von Abizanda und die Puppenspieler von Binefar - Camping Pe\u00f1a Monta\u00f1esa","isPartOf":{"@id":"https:\/\/www.penamontanesa.com\/de\/#website"},"primaryImageOfPage":{"@id":"https:\/\/www.penamontanesa.com\/de\/aktivitaten\/ausfluge-vom-campingplatz\/la-torre-de-abizanda-y-los-titiriteros\/#primaryimage"},"image":{"@id":"https:\/\/www.penamontanesa.com\/de\/aktivitaten\/ausfluge-vom-campingplatz\/la-torre-de-abizanda-y-los-titiriteros\/#primaryimage"},"thumbnailUrl":"https:\/\/www.penamontanesa.com\/wp-content\/uploads\/360-e1549279811259.jpg","datePublished":"2019-02-04T08:51:41+00:00","dateModified":"2019-03-14T11:00:39+00:00","breadcrumb":{"@id":"https:\/\/www.penamontanesa.com\/de\/aktivitaten\/ausfluge-vom-campingplatz\/la-torre-de-abizanda-y-los-titiriteros\/#breadcrumb"},"inLanguage":"de","potentialAction":[{"@type":"ReadAction","target":["https:\/\/www.penamontanesa.com\/de\/aktivitaten\/ausfluge-vom-campingplatz\/la-torre-de-abizanda-y-los-titiriteros\/"]}]},{"@type":"ImageObject","inLanguage":"de","@id":"https:\/\/www.penamontanesa.com\/de\/aktivitaten\/ausfluge-vom-campingplatz\/la-torre-de-abizanda-y-los-titiriteros\/#primaryimage","url":"https:\/\/www.penamontanesa.com\/wp-content\/uploads\/360-e1549279811259.jpg","contentUrl":"https:\/\/www.penamontanesa.com\/wp-content\/uploads\/360-e1549279811259.jpg","width":1080,"height":545},{"@type":"BreadcrumbList","@id":"https:\/\/www.penamontanesa.com\/de\/aktivitaten\/ausfluge-vom-campingplatz\/la-torre-de-abizanda-y-los-titiriteros\/#breadcrumb","itemListElement":[{"@type":"ListItem","position":1,"name":"Portada","item":"https:\/\/www.penamontanesa.com\/de\/"},{"@type":"ListItem","position":2,"name":"Aktivit\u00e4ten","item":"https:\/\/www.penamontanesa.com\/de\/aktivitaten\/"},{"@type":"ListItem","position":3,"name":"Ausfl\u00fcge vom Campingplatz","item":"https:\/\/www.penamontanesa.com\/de\/aktivitaten\/ausfluge-vom-campingplatz\/"},{"@type":"ListItem","position":4,"name":"Turm von Abizanda und die Puppenspieler von Binefar"}]},{"@type":"WebSite","@id":"https:\/\/www.penamontanesa.com\/de\/#website","url":"https:\/\/www.penamontanesa.com\/de\/","name":"Camping Pe\u00f1a Monta\u00f1esa","description":"Camping y bungalows. Ainsa Pirineos. Parque Nacional de Ordesa y Monte Perdido.","publisher":{"@id":"https:\/\/www.penamontanesa.com\/de\/#organization"},"potentialAction":[{"@type":"SearchAction","target":{"@type":"EntryPoint","urlTemplate":"https:\/\/www.penamontanesa.com\/de\/?s={search_term_string}"},"query-input":{"@type":"PropertyValueSpecification","valueRequired":true,"valueName":"search_term_string"}}],"inLanguage":"de"},{"@type":"Organization","@id":"https:\/\/www.penamontanesa.com\/de\/#organization","name":"Camping Pe\u00f1a Monta\u00f1esa","url":"https:\/\/www.penamontanesa.com\/de\/","logo":{"@type":"ImageObject","inLanguage":"de","@id":"https:\/\/www.penamontanesa.com\/de\/#\/schema\/logo\/image\/","url":"https:\/\/www.penamontanesa.com\/wp-content\/uploads\/cropped-penamontanesa-logo-1-1.png","contentUrl":"https:\/\/www.penamontanesa.com\/wp-content\/uploads\/cropped-penamontanesa-logo-1-1.png","width":420,"height":103,"caption":"Camping Pe\u00f1a Monta\u00f1esa"},"image":{"@id":"https:\/\/www.penamontanesa.com\/de\/#\/schema\/logo\/image\/"}}]}},"_links":{"self":[{"href":"https:\/\/www.penamontanesa.com\/de\/wp-json\/wp\/v2\/pages\/23561","targetHints":{"allow":["GET"]}}],"collection":[{"href":"https:\/\/www.penamontanesa.com\/de\/wp-json\/wp\/v2\/pages"}],"about":[{"href":"https:\/\/www.penamontanesa.com\/de\/wp-json\/wp\/v2\/types\/page"}],"author":[{"embeddable":true,"href":"https:\/\/www.penamontanesa.com\/de\/wp-json\/wp\/v2\/users\/1"}],"replies":[{"embeddable":true,"href":"https:\/\/www.penamontanesa.com\/de\/wp-json\/wp\/v2\/comments?post=23561"}],"version-history":[{"count":1,"href":"https:\/\/www.penamontanesa.com\/de\/wp-json\/wp\/v2\/pages\/23561\/revisions"}],"predecessor-version":[{"id":23563,"href":"https:\/\/www.penamontanesa.com\/de\/wp-json\/wp\/v2\/pages\/23561\/revisions\/23563"}],"up":[{"embeddable":true,"href":"https:\/\/www.penamontanesa.com\/de\/wp-json\/wp\/v2\/pages\/23384"}],"wp:featuredmedia":[{"embeddable":true,"href":"https:\/\/www.penamontanesa.com\/de\/wp-json\/wp\/v2\/media\/23562"}],"wp:attachment":[{"href":"https:\/\/www.penamontanesa.com\/de\/wp-json\/wp\/v2\/media?parent=23561"}],"curies":[{"name":"wp","href":"https:\/\/api.w.org\/{rel}","templated":true}]}}