{"id":23623,"date":"2019-02-18T08:46:34","date_gmt":"2019-02-18T07:46:34","guid":{"rendered":"https:\/\/www.penamontanesa.com\/unterkunfte\/mobilhome-4-personas\/"},"modified":"2026-01-29T01:31:00","modified_gmt":"2026-01-29T00:31:00","slug":"mobilhome-4-personen","status":"publish","type":"page","link":"https:\/\/www.penamontanesa.com\/de\/unterkunfte\/mobilhome-4-personen\/","title":{"rendered":"Mobilhome"},"content":{"rendered":"\n<div class=\"wp-block-columns has-2-columns is-layout-flex wp-container-core-columns-is-layout-9d6595d7 wp-block-columns-is-layout-flex\">\n<div class=\"wp-block-column is-layout-flow wp-block-column-is-layout-flow\">\n<p>Kommen Sie und genie\u00dfen Sie dieses Mobilehome mit einer gem\u00fctlichen \u00fcberdachten Terrasse.<br><\/p>\n\n\n\n<p>Bestehend aus: Essk\u00fcche (Geschirr, K\u00fchlschrank, Warmwasserbereiter, Gasherd, Mikrowelle, TV), Badezimmer mit WC, Zimmer mit Doppelbett, Zimmer mit zwei Einzelbetten oder Etagenbetten (je nach Modell). \u00dcberdachte Terrasse mit Tisch und St\u00fchlen.<\/p>\n\n\n\n<p>* Platz f\u00fcr 2 bis 4 Personen.<br><\/p>\n<\/div>\n\n\n\n<div class=\"wp-block-column is-layout-flow wp-block-column-is-layout-flow\">\n<figure class=\"wp-block-image\"><img loading=\"lazy\" decoding=\"async\" width=\"600\" height=\"428\" src=\"https:\/\/www.penamontanesa.com\/wp-content\/uploads\/mh-3-4-pax-plano.jpg\" alt=\"\" class=\"wp-image-21127\" srcset=\"https:\/\/www.penamontanesa.com\/wp-content\/uploads\/mh-3-4-pax-plano.jpg 600w, https:\/\/www.penamontanesa.com\/wp-content\/uploads\/mh-3-4-pax-plano-300x214.jpg 300w, https:\/\/www.penamontanesa.com\/wp-content\/uploads\/mh-3-4-pax-plano-240x171.jpg 240w\" sizes=\"auto, (max-width: 600px) 100vw, 600px\" \/><\/figure>\n<\/div>\n<\/div>\n\n\n\n<p class=\"custom-float has-blank-3-cleargreen-background-color has-background has-medium-font-size\">Schau mal<\/p>\n\n\n\n            \n                    <article id=\"advanced_gallery-block_ecbe1dbe479154a33b8fd52527087add\" class=\"advanced_gallery alignwide columns-3\">\n                \n            <script>\n\n            $(document).ready(function() {\n              var owl = $('#id-gal-747349320');\n              owl.owlCarousel({\n                margin: 20,\n                nav: true,\n                autoplay:false,\n                loop: true,\n                dots: false,\n                responsive: {\n                  0: {\n                    items: 1\n                  },\n                  400: {\n\n                    items: 1\n                  },\n\n                  600: {\n\n                    items: 1\n                  },\n                  1000: {\n                    items: 3\n                  }\n                }\n              })\n            })\n\n            <\/script><div class=\"owl-container\"><div id=\"id-gal-747349320\" class=\"galeria clearfix galeria-slider owl-carousel\"><div class=\"item\"><a href=\"https:\/\/www.penamontanesa.com\/wp-content\/uploads\/mobilhome1.jpg\" id=\"thumb-21133\" class=\"image-link\"><div class=\"item-thumb cover\" style=\"background-image:url(https:\/\/www.penamontanesa.com\/wp-content\/uploads\/mobilhome1-900x640.jpg)\"><\/div><\/a><\/div><div class=\"item\"><a href=\"https:\/\/www.penamontanesa.com\/wp-content\/uploads\/mobilhome2.jpg\" id=\"thumb-21136\" class=\"image-link\"><div class=\"item-thumb cover\" style=\"background-image:url(https:\/\/www.penamontanesa.com\/wp-content\/uploads\/mobilhome2-900x640.jpg)\"><\/div><\/a><\/div><div class=\"item\"><a href=\"https:\/\/www.penamontanesa.com\/wp-content\/uploads\/mobilhome3.jpg\" id=\"thumb-21139\" class=\"image-link\"><div class=\"item-thumb cover\" style=\"background-image:url(https:\/\/www.penamontanesa.com\/wp-content\/uploads\/mobilhome3-900x640.jpg)\"><\/div><\/a><\/div><div class=\"item\"><a href=\"https:\/\/www.penamontanesa.com\/wp-content\/uploads\/mobilhome5.jpg\" id=\"thumb-21145\" class=\"image-link\"><div class=\"item-thumb cover\" style=\"background-image:url(https:\/\/www.penamontanesa.com\/wp-content\/uploads\/mobilhome5-900x640.jpg)\"><\/div><\/a><\/div><div class=\"item\"><a href=\"https:\/\/www.penamontanesa.com\/wp-content\/uploads\/mobilhome6.jpg\" id=\"thumb-21148\" class=\"image-link\"><div class=\"item-thumb cover\" style=\"background-image:url(https:\/\/www.penamontanesa.com\/wp-content\/uploads\/mobilhome6-900x640.jpg)\"><\/div><\/a><\/div><div class=\"item\"><a href=\"https:\/\/www.penamontanesa.com\/wp-content\/uploads\/mobilhome4.jpg\" id=\"thumb-21142\" class=\"image-link\"><div class=\"item-thumb cover\" style=\"background-image:url(https:\/\/www.penamontanesa.com\/wp-content\/uploads\/mobilhome4-774x640.jpg)\"><\/div><\/a><\/div><\/div><\/div>            <\/article>\n        \n    \n\n\n\n\n\n<h2 class=\"wp-block-heading\" id=\"mce_19\">Zusammenfassung der Unterkunft<br><\/h2>\n\n\n\n<div class=\"wp-block-columns has-2-columns is-layout-flex wp-container-core-columns-is-layout-9d6595d7 wp-block-columns-is-layout-flex\">\n<div class=\"wp-block-column is-layout-flow wp-block-column-is-layout-flow\">\n<ul class=\"wp-block-list\">\n<li>Geschirr<\/li>\n\n\n\n<li>K\u00fchlschrank<\/li>\n\n\n\n<li>Warmwasserbereiter<\/li>\n\n\n\n<li>Gasherd<\/li>\n\n\n\n<li>Mikrowelle<br><\/li>\n<\/ul>\n<\/div>\n\n\n\n<div class=\"wp-block-column is-layout-flow wp-block-column-is-layout-flow\">\n<ul class=\"wp-block-list\">\n<li>Klimaanlage<\/li>\n\n\n\n<li>Fernseher<\/li>\n\n\n\n<li>Badezimmer mit Sitzbad<\/li>\n\n\n\n<li>Bettw\u00e4sche und Handt\u00fccher &#8211; nicht inbegriffen <br>  <\/li>\n<\/ul>\n<\/div>\n<\/div>\n\n\n\n<h2 class=\"wp-block-heading\" id=\"mce_18\">Andere Unterk\u00fcnfte<br><\/h2>\n\n\n\n            \n        \n        \n\n            <article id=\"featured_lodgements-block_f955b8a971e47fd63eb66be59fb231c7\" class=\"featured_lodgements alignwide featured-columns-3\">\n                <script>\n                    $(document).ready(function(){\n                       $(\"#featured_lodgements-block_f955b8a971e47fd63eb66be59fb231c7 .lodgements-slide\").owlCarousel({\n                            nav: true,\n                            dots: false,\n                            margin: 20,\n                            mouseDrag: true,\n                            responsive: {\n                                0: {\n                                    items: 1,\n                                   },\n                                768: {\n                                    items: 3,\n                                   }\n                            }\n                       });\n                    });\n\n                <\/script>\n                <div class=\"lodgements-slide owl-carousel\">\n                                \n                    \n                                        <a class=\"item-list-23567\" href=\"https:\/\/www.penamontanesa.com\/de\/unterkunfte\/bungalow-2-personas\/\">\n                                                                                                                                        <div class=\"item-list-thumb-wrapper\">\n                            <div class=\"item-list-thumb cover\" style=\"background-image:url(https:\/\/www.penamontanesa.com\/wp-content\/uploads\/madera-1-1-640x480.jpg)\"><\/div>\n                        <\/div>\n                                                        <p class=\"icon-house has-medium-font-size\">Bungalow 2 Personen<span class=\"has-normal-font-size\">Ab 58\u20ac<\/span><\/p>\n\n                    <\/a>\n                    \n                \n                    \n                                        <a class=\"item-list-63185\" href=\"https:\/\/www.penamontanesa.com\/de\/unterkunfte\/cabana-5-personas\/\">\n                                                                                                                                        <div class=\"item-list-thumb-wrapper\">\n                            <div class=\"item-list-thumb cover\" style=\"background-image:url(https:\/\/www.penamontanesa.com\/wp-content\/uploads\/cabana-nordica-640x480.png)\"><\/div>\n                        <\/div>\n                                                        <p class=\"icon-house has-medium-font-size\">Ferienhaus pyren\u00e4en<span class=\"has-normal-font-size\">Ab 100\u20ac<\/span><\/p>\n\n                    <\/a>\n                    \n                \n                    \n                                        <a class=\"item-list-63370\" href=\"https:\/\/www.penamontanesa.com\/de\/unterkunfte\/holzbungalow-5-personen\/\">\n                                                                                                                                        <div class=\"item-list-thumb-wrapper\">\n                            <div class=\"item-list-thumb cover\" style=\"background-image:url(https:\/\/www.penamontanesa.com\/wp-content\/uploads\/bw-40s-640x480.png)\"><\/div>\n                        <\/div>\n                                                        <p class=\"icon-house has-medium-font-size\">Holzbungalow<span class=\"has-normal-font-size\">Ab 87\u20ac<\/span><\/p>\n\n                    <\/a>\n                    \n                \n                    \n                                        <a class=\"item-list-23599\" href=\"https:\/\/www.penamontanesa.com\/de\/unterkunfte\/bungalow-5-personen\/\">\n                                                                                                                                        <div class=\"item-list-thumb-wrapper\">\n                            <div class=\"item-list-thumb cover\" style=\"background-image:url(https:\/\/www.penamontanesa.com\/wp-content\/uploads\/mg-7418-640x480.jpg)\"><\/div>\n                        <\/div>\n                                                        <p class=\"icon-house has-medium-font-size\">Familienbungalow<span class=\"has-normal-font-size\">Ab 87\u20ac<\/span><\/p>\n\n                    <\/a>\n                    \n                                <\/div>\n            <\/article>\n                            <p style=\"background-color:#d3e5cf\" class=\"has-background featured-float\"><\/p>\n                    \n    \n\n\n","protected":false},"excerpt":{"rendered":"<p>Kommen Sie und genie\u00dfen Sie dieses Mobilehome mit einer gem\u00fctlichen [&hellip;]<\/p>\n","protected":false},"author":1,"featured_media":22058,"parent":22933,"menu_order":8,"comment_status":"closed","ping_status":"closed","template":"templates\/tmpl-alojamiento.php","meta":{"_acf_changed":false,"footnotes":""},"class_list":["post-23623","page","type-page","status-publish","has-post-thumbnail","hentry"],"acf":[],"yoast_head":"<!-- This site is optimized with the Yoast SEO plugin v26.5 - https:\/\/yoast.com\/wordpress\/plugins\/seo\/ -->\n<title>Mobilhome - Camping Pe\u00f1a Monta\u00f1esa<\/title>\n<meta name=\"description\" content=\"Kommen Sie und genie\u00dfen Sie dieses Mobilehome mit einer gem\u00fctlichen \u00fcberdachten Terrasse.\" \/>\n<meta name=\"robots\" content=\"index, follow, max-snippet:-1, max-image-preview:large, max-video-preview:-1\" \/>\n<link rel=\"canonical\" href=\"https:\/\/www.penamontanesa.com\/de\/unterkunfte\/mobilhome-4-personen\/\" \/>\n<meta property=\"og:locale\" content=\"de_DE\" \/>\n<meta property=\"og:type\" content=\"article\" \/>\n<meta property=\"og:title\" content=\"Mobilhome - Camping Pe\u00f1a Monta\u00f1esa\" \/>\n<meta property=\"og:description\" content=\"Kommen Sie und genie\u00dfen Sie dieses Mobilehome mit einer gem\u00fctlichen \u00fcberdachten Terrasse.\" \/>\n<meta property=\"og:url\" content=\"https:\/\/www.penamontanesa.com\/de\/unterkunfte\/mobilhome-4-personen\/\" \/>\n<meta property=\"og:site_name\" content=\"Camping Pe\u00f1a Monta\u00f1esa\" \/>\n<meta property=\"article:modified_time\" content=\"2026-01-29T00:31:00+00:00\" \/>\n<meta property=\"og:image\" content=\"https:\/\/www.penamontanesa.com\/wp-content\/uploads\/movil-2.jpg\" \/>\n\t<meta property=\"og:image:width\" content=\"2048\" \/>\n\t<meta property=\"og:image:height\" content=\"1536\" \/>\n\t<meta property=\"og:image:type\" content=\"image\/jpeg\" \/>\n<meta name=\"twitter:card\" content=\"summary_large_image\" \/>\n<meta name=\"twitter:label1\" content=\"Gesch\u00e4tzte Lesezeit\" \/>\n\t<meta name=\"twitter:data1\" content=\"1\u00a0Minute\" \/>\n<script type=\"application\/ld+json\" class=\"yoast-schema-graph\">{\"@context\":\"https:\/\/schema.org\",\"@graph\":[{\"@type\":\"WebPage\",\"@id\":\"https:\/\/www.penamontanesa.com\/de\/unterkunfte\/mobilhome-4-personen\/\",\"url\":\"https:\/\/www.penamontanesa.com\/de\/unterkunfte\/mobilhome-4-personen\/\",\"name\":\"Mobilhome - Camping Pe\u00f1a Monta\u00f1esa\",\"isPartOf\":{\"@id\":\"https:\/\/www.penamontanesa.com\/de\/#website\"},\"primaryImageOfPage\":{\"@id\":\"https:\/\/www.penamontanesa.com\/de\/unterkunfte\/mobilhome-4-personen\/#primaryimage\"},\"image\":{\"@id\":\"https:\/\/www.penamontanesa.com\/de\/unterkunfte\/mobilhome-4-personen\/#primaryimage\"},\"thumbnailUrl\":\"https:\/\/www.penamontanesa.com\/wp-content\/uploads\/movil-2.jpg\",\"datePublished\":\"2019-02-18T07:46:34+00:00\",\"dateModified\":\"2026-01-29T00:31:00+00:00\",\"description\":\"Kommen Sie und genie\u00dfen Sie dieses Mobilehome mit einer gem\u00fctlichen \u00fcberdachten Terrasse.\",\"breadcrumb\":{\"@id\":\"https:\/\/www.penamontanesa.com\/de\/unterkunfte\/mobilhome-4-personen\/#breadcrumb\"},\"inLanguage\":\"de\",\"potentialAction\":[{\"@type\":\"ReadAction\",\"target\":[\"https:\/\/www.penamontanesa.com\/de\/unterkunfte\/mobilhome-4-personen\/\"]}]},{\"@type\":\"ImageObject\",\"inLanguage\":\"de\",\"@id\":\"https:\/\/www.penamontanesa.com\/de\/unterkunfte\/mobilhome-4-personen\/#primaryimage\",\"url\":\"https:\/\/www.penamontanesa.com\/wp-content\/uploads\/movil-2.jpg\",\"contentUrl\":\"https:\/\/www.penamontanesa.com\/wp-content\/uploads\/movil-2.jpg\",\"width\":2048,\"height\":1536},{\"@type\":\"BreadcrumbList\",\"@id\":\"https:\/\/www.penamontanesa.com\/de\/unterkunfte\/mobilhome-4-personen\/#breadcrumb\",\"itemListElement\":[{\"@type\":\"ListItem\",\"position\":1,\"name\":\"Portada\",\"item\":\"https:\/\/www.penamontanesa.com\/de\/\"},{\"@type\":\"ListItem\",\"position\":2,\"name\":\"Unterk\u00fcnfte\",\"item\":\"https:\/\/www.penamontanesa.com\/de\/alojamientos\/\"},{\"@type\":\"ListItem\",\"position\":3,\"name\":\"Mobilhome\"}]},{\"@type\":\"WebSite\",\"@id\":\"https:\/\/www.penamontanesa.com\/de\/#website\",\"url\":\"https:\/\/www.penamontanesa.com\/de\/\",\"name\":\"Camping Pe\u00f1a Monta\u00f1esa\",\"description\":\"Camping y bungalows. Ainsa Pirineos. Parque Nacional de Ordesa y Monte Perdido.\",\"publisher\":{\"@id\":\"https:\/\/www.penamontanesa.com\/de\/#organization\"},\"potentialAction\":[{\"@type\":\"SearchAction\",\"target\":{\"@type\":\"EntryPoint\",\"urlTemplate\":\"https:\/\/www.penamontanesa.com\/de\/?s={search_term_string}\"},\"query-input\":{\"@type\":\"PropertyValueSpecification\",\"valueRequired\":true,\"valueName\":\"search_term_string\"}}],\"inLanguage\":\"de\"},{\"@type\":\"Organization\",\"@id\":\"https:\/\/www.penamontanesa.com\/de\/#organization\",\"name\":\"Camping Pe\u00f1a Monta\u00f1esa\",\"url\":\"https:\/\/www.penamontanesa.com\/de\/\",\"logo\":{\"@type\":\"ImageObject\",\"inLanguage\":\"de\",\"@id\":\"https:\/\/www.penamontanesa.com\/de\/#\/schema\/logo\/image\/\",\"url\":\"https:\/\/www.penamontanesa.com\/wp-content\/uploads\/cropped-penamontanesa-logo-1-1.png\",\"contentUrl\":\"https:\/\/www.penamontanesa.com\/wp-content\/uploads\/cropped-penamontanesa-logo-1-1.png\",\"width\":420,\"height\":103,\"caption\":\"Camping Pe\u00f1a Monta\u00f1esa\"},\"image\":{\"@id\":\"https:\/\/www.penamontanesa.com\/de\/#\/schema\/logo\/image\/\"}}]}<\/script>\n<!-- \/ Yoast SEO plugin. -->","yoast_head_json":{"title":"Mobilhome - Camping Pe\u00f1a Monta\u00f1esa","description":"Kommen Sie und genie\u00dfen Sie dieses Mobilehome mit einer gem\u00fctlichen \u00fcberdachten Terrasse.","robots":{"index":"index","follow":"follow","max-snippet":"max-snippet:-1","max-image-preview":"max-image-preview:large","max-video-preview":"max-video-preview:-1"},"canonical":"https:\/\/www.penamontanesa.com\/de\/unterkunfte\/mobilhome-4-personen\/","og_locale":"de_DE","og_type":"article","og_title":"Mobilhome - Camping Pe\u00f1a Monta\u00f1esa","og_description":"Kommen Sie und genie\u00dfen Sie dieses Mobilehome mit einer gem\u00fctlichen \u00fcberdachten Terrasse.","og_url":"https:\/\/www.penamontanesa.com\/de\/unterkunfte\/mobilhome-4-personen\/","og_site_name":"Camping Pe\u00f1a Monta\u00f1esa","article_modified_time":"2026-01-29T00:31:00+00:00","og_image":[{"width":2048,"height":1536,"url":"https:\/\/www.penamontanesa.com\/wp-content\/uploads\/movil-2.jpg","type":"image\/jpeg"}],"twitter_card":"summary_large_image","twitter_misc":{"Gesch\u00e4tzte Lesezeit":"1\u00a0Minute"},"schema":{"@context":"https:\/\/schema.org","@graph":[{"@type":"WebPage","@id":"https:\/\/www.penamontanesa.com\/de\/unterkunfte\/mobilhome-4-personen\/","url":"https:\/\/www.penamontanesa.com\/de\/unterkunfte\/mobilhome-4-personen\/","name":"Mobilhome - Camping Pe\u00f1a Monta\u00f1esa","isPartOf":{"@id":"https:\/\/www.penamontanesa.com\/de\/#website"},"primaryImageOfPage":{"@id":"https:\/\/www.penamontanesa.com\/de\/unterkunfte\/mobilhome-4-personen\/#primaryimage"},"image":{"@id":"https:\/\/www.penamontanesa.com\/de\/unterkunfte\/mobilhome-4-personen\/#primaryimage"},"thumbnailUrl":"https:\/\/www.penamontanesa.com\/wp-content\/uploads\/movil-2.jpg","datePublished":"2019-02-18T07:46:34+00:00","dateModified":"2026-01-29T00:31:00+00:00","description":"Kommen Sie und genie\u00dfen Sie dieses Mobilehome mit einer gem\u00fctlichen \u00fcberdachten Terrasse.","breadcrumb":{"@id":"https:\/\/www.penamontanesa.com\/de\/unterkunfte\/mobilhome-4-personen\/#breadcrumb"},"inLanguage":"de","potentialAction":[{"@type":"ReadAction","target":["https:\/\/www.penamontanesa.com\/de\/unterkunfte\/mobilhome-4-personen\/"]}]},{"@type":"ImageObject","inLanguage":"de","@id":"https:\/\/www.penamontanesa.com\/de\/unterkunfte\/mobilhome-4-personen\/#primaryimage","url":"https:\/\/www.penamontanesa.com\/wp-content\/uploads\/movil-2.jpg","contentUrl":"https:\/\/www.penamontanesa.com\/wp-content\/uploads\/movil-2.jpg","width":2048,"height":1536},{"@type":"BreadcrumbList","@id":"https:\/\/www.penamontanesa.com\/de\/unterkunfte\/mobilhome-4-personen\/#breadcrumb","itemListElement":[{"@type":"ListItem","position":1,"name":"Portada","item":"https:\/\/www.penamontanesa.com\/de\/"},{"@type":"ListItem","position":2,"name":"Unterk\u00fcnfte","item":"https:\/\/www.penamontanesa.com\/de\/alojamientos\/"},{"@type":"ListItem","position":3,"name":"Mobilhome"}]},{"@type":"WebSite","@id":"https:\/\/www.penamontanesa.com\/de\/#website","url":"https:\/\/www.penamontanesa.com\/de\/","name":"Camping Pe\u00f1a Monta\u00f1esa","description":"Camping y bungalows. Ainsa Pirineos. Parque Nacional de Ordesa y Monte Perdido.","publisher":{"@id":"https:\/\/www.penamontanesa.com\/de\/#organization"},"potentialAction":[{"@type":"SearchAction","target":{"@type":"EntryPoint","urlTemplate":"https:\/\/www.penamontanesa.com\/de\/?s={search_term_string}"},"query-input":{"@type":"PropertyValueSpecification","valueRequired":true,"valueName":"search_term_string"}}],"inLanguage":"de"},{"@type":"Organization","@id":"https:\/\/www.penamontanesa.com\/de\/#organization","name":"Camping Pe\u00f1a Monta\u00f1esa","url":"https:\/\/www.penamontanesa.com\/de\/","logo":{"@type":"ImageObject","inLanguage":"de","@id":"https:\/\/www.penamontanesa.com\/de\/#\/schema\/logo\/image\/","url":"https:\/\/www.penamontanesa.com\/wp-content\/uploads\/cropped-penamontanesa-logo-1-1.png","contentUrl":"https:\/\/www.penamontanesa.com\/wp-content\/uploads\/cropped-penamontanesa-logo-1-1.png","width":420,"height":103,"caption":"Camping Pe\u00f1a Monta\u00f1esa"},"image":{"@id":"https:\/\/www.penamontanesa.com\/de\/#\/schema\/logo\/image\/"}}]}},"_links":{"self":[{"href":"https:\/\/www.penamontanesa.com\/de\/wp-json\/wp\/v2\/pages\/23623","targetHints":{"allow":["GET"]}}],"collection":[{"href":"https:\/\/www.penamontanesa.com\/de\/wp-json\/wp\/v2\/pages"}],"about":[{"href":"https:\/\/www.penamontanesa.com\/de\/wp-json\/wp\/v2\/types\/page"}],"author":[{"embeddable":true,"href":"https:\/\/www.penamontanesa.com\/de\/wp-json\/wp\/v2\/users\/1"}],"replies":[{"embeddable":true,"href":"https:\/\/www.penamontanesa.com\/de\/wp-json\/wp\/v2\/comments?post=23623"}],"version-history":[{"count":11,"href":"https:\/\/www.penamontanesa.com\/de\/wp-json\/wp\/v2\/pages\/23623\/revisions"}],"predecessor-version":[{"id":63492,"href":"https:\/\/www.penamontanesa.com\/de\/wp-json\/wp\/v2\/pages\/23623\/revisions\/63492"}],"up":[{"embeddable":true,"href":"https:\/\/www.penamontanesa.com\/de\/wp-json\/wp\/v2\/pages\/22933"}],"wp:featuredmedia":[{"embeddable":true,"href":"https:\/\/www.penamontanesa.com\/de\/wp-json\/wp\/v2\/media\/22058"}],"wp:attachment":[{"href":"https:\/\/www.penamontanesa.com\/de\/wp-json\/wp\/v2\/media?parent=23623"}],"curies":[{"name":"wp","href":"https:\/\/api.w.org\/{rel}","templated":true}]}}