{"id":23783,"date":"2019-01-16T10:31:10","date_gmt":"2019-01-16T09:31:10","guid":{"rendered":"https:\/\/www.penamontanesa.com\/einrichtungen\/zona-polideportiva\/"},"modified":"2019-03-14T13:16:45","modified_gmt":"2019-03-14T12:16:45","slug":"zona-polideportiva","status":"publish","type":"page","link":"https:\/\/www.penamontanesa.com\/de\/einrichtungen\/zona-polideportiva\/","title":{"rendered":"Sportbereich"},"content":{"rendered":"\n<p>Mehr als 18.000 Quadratmeter f\u00fcr Freizeit und Erholung. Fu\u00dfball, Handball, Basketball, Volleyball, Tennis, Tischtennis usw. Leichtathletik und Velodrom f\u00fcr Fahrr\u00e4der und Schlittschuhe.<br><\/p>\n\n\n\n<p style=\"background-color:#d3e5cf\" class=\"has-background has-medium-font-size custom-float\">Schaut mal rein<br><\/p>\n\n\n\n            \n                    <article id=\"advanced_gallery-block_5c515b0a25040\" class=\"advanced_gallery alignwide columns-3\">\n                \n            <script>\n\n            $(document).ready(function() {\n              var owl = $('#id-gal-882691872');\n              owl.owlCarousel({\n                margin: 20,\n                nav: true,\n                autoplay:false,\n                loop: true,\n                dots: false,\n                responsive: {\n                  0: {\n                    items: 1\n                  },\n                  400: {\n\n                    items: 1\n                  },\n\n                  600: {\n\n                    items: 1\n                  },\n                  1000: {\n                    items: 3\n                  }\n                }\n              })\n            })\n\n            <\/script><div class=\"owl-container\"><div id=\"id-gal-882691872\" class=\"galeria clearfix galeria-slider owl-carousel\"><div class=\"item\"><a href=\"https:\/\/www.penamontanesa.com\/wp-content\/uploads\/138194-1400x933.jpg\" id=\"thumb-23784\" class=\"image-link\"><div class=\"item-thumb cover\" style=\"background-image:url(https:\/\/www.penamontanesa.com\/wp-content\/uploads\/138194-900x640.jpg)\"><\/div><\/a><\/div><div class=\"item\"><a href=\"https:\/\/www.penamontanesa.com\/wp-content\/uploads\/mg-7612-1.jpg\" id=\"thumb-22387\" class=\"image-link\"><div class=\"item-thumb cover\" style=\"background-image:url(https:\/\/www.penamontanesa.com\/wp-content\/uploads\/mg-7612-1-900x640.jpg)\"><\/div><\/a><\/div><div class=\"item\"><a href=\"https:\/\/www.penamontanesa.com\/wp-content\/uploads\/mg-7687-1.jpg\" id=\"thumb-22397\" class=\"image-link\"><div class=\"item-thumb cover\" style=\"background-image:url(https:\/\/www.penamontanesa.com\/wp-content\/uploads\/mg-7687-1-900x640.jpg)\"><\/div><\/a><\/div><div class=\"item\"><a href=\"https:\/\/www.penamontanesa.com\/wp-content\/uploads\/camping-2010-34-1-1400x930.jpg\" id=\"thumb-22392\" class=\"image-link\"><div class=\"item-thumb cover\" style=\"background-image:url(https:\/\/www.penamontanesa.com\/wp-content\/uploads\/camping-2010-34-1-900x640.jpg)\"><\/div><\/a><\/div><\/div><\/div>            <\/article>\n        \n    \n\n\n\n\n\n<h2 class=\"wp-block-heading\">Virtuelle Tour<br><\/h2>\n\n\n\n<figure><iframe loading=\"lazy\" src=\"https:\/\/www.google.com\/maps\/embed?pb=!4v1550563079475!6m8!1m7!1sBXsQdnivmIEAAAQIuA7IVw!2m2!1d42.43520808004488!2d0.1351421514634694!3f354.6!4f0!5f0.7820865974627469\" allowfullscreen=\"\" height=\"450\" width=\"100%\"><\/iframe><\/figure>\n\n\n\n<h2 class=\"wp-block-heading\">Einrichtungen<\/h2>\n\n\n\n            \n        \n        \n\n            <article id=\"featured_lodgements-block_5c8a4420829eb\" class=\"featured_lodgements alignwide featured-columns-4\">\n                <script>\n                    $(document).ready(function(){\n                       $(\"#featured_lodgements-block_5c8a4420829eb .lodgements-slide\").owlCarousel({\n                            nav: true,\n                            dots: false,\n                            margin: 20,\n                            mouseDrag: true,\n                            responsive: {\n                                0: {\n                                    items: 1,\n                                   },\n                                768: {\n                                    items: 4,\n                                   }\n                            }\n                       });\n                    });\n\n                <\/script>\n                <div class=\"lodgements-slide owl-carousel\">\n                                \n                    \n                                        <a class=\"item-list-23706\" href=\"https:\/\/www.penamontanesa.com\/de\/einrichtungen\/aussenpools-spa\/\">\n                                                                                                                                        <div class=\"item-list-thumb-wrapper\">\n                            <div class=\"item-list-thumb cover\" style=\"background-image:url(https:\/\/www.penamontanesa.com\/wp-content\/uploads\/img-1314-640x480.jpg)\"><\/div>\n                        <\/div>\n                                                        <p class=\"has-medium-font-size\">Au\u00dfenpools<\/p>\n\n                    <\/a>\n                    \n                \n                    \n                                        <a class=\"item-list-23717\" href=\"https:\/\/www.penamontanesa.com\/de\/einrichtungen\/beheiztes-hallenbad-entspannung\/\">\n                                                                                                                                        <div class=\"item-list-thumb-wrapper\">\n                            <div class=\"item-list-thumb cover\" style=\"background-image:url(https:\/\/www.penamontanesa.com\/wp-content\/uploads\/piscinasexteriores-18-640x480.jpg)\"><\/div>\n                        <\/div>\n                                                        <p class=\"has-medium-font-size\">Beheiztes Hallenbad &#8211; Entspannung<\/p>\n\n                    <\/a>\n                    \n                \n                    \n                                        <a class=\"item-list-23722\" href=\"https:\/\/www.penamontanesa.com\/de\/einrichtungen\/bar-chiringuito-y-terraza\/\">\n                                                                                                                                        <div class=\"item-list-thumb-wrapper\">\n                            <div class=\"item-list-thumb cover\" style=\"background-image:url(https:\/\/www.penamontanesa.com\/wp-content\/uploads\/mg-8832-640x480.jpg)\"><\/div>\n                        <\/div>\n                                                        <p class=\"has-medium-font-size\">Chiringuito Bar und Terrasse<\/p>\n\n                    <\/a>\n                    \n                \n                    \n                                        <a class=\"item-list-23728\" href=\"https:\/\/www.penamontanesa.com\/de\/einrichtungen\/bar-restaurant\/\">\n                                                                                                                                        <div class=\"item-list-thumb-wrapper\">\n                            <div class=\"item-list-thumb cover\" style=\"background-image:url(https:\/\/www.penamontanesa.com\/wp-content\/uploads\/mg-7026-640x480.jpg)\"><\/div>\n                        <\/div>\n                                                        <p class=\"has-medium-font-size\">Bar Restaurant<\/p>\n\n                    <\/a>\n                    \n                \n                    \n                                        <a class=\"item-list-23759\" href=\"https:\/\/www.penamontanesa.com\/de\/einrichtungen\/spielplatze\/\">\n                                                                                                                                        <div class=\"item-list-thumb-wrapper\">\n                            <div class=\"item-list-thumb cover\" style=\"background-image:url(https:\/\/www.penamontanesa.com\/wp-content\/uploads\/home-2-640x480.jpg)\"><\/div>\n                        <\/div>\n                                                        <p class=\"has-medium-font-size\">Spielpl\u00e4tze<\/p>\n\n                    <\/a>\n                    \n                \n                    \n                                        <a class=\"item-list-23773\" href=\"https:\/\/www.penamontanesa.com\/de\/einrichtungen\/badezimmer\/\">\n                                                                                                                                        <div class=\"item-list-thumb-wrapper\">\n                            <div class=\"item-list-thumb cover\" style=\"background-image:url(https:\/\/www.penamontanesa.com\/wp-content\/uploads\/pena-montanesa-0046-3-640x480.jpg)\"><\/div>\n                        <\/div>\n                                                        <p class=\"has-medium-font-size\">Badezimmer<\/p>\n\n                    <\/a>\n                    \n                \n                    \n                                        <a class=\"item-list-23783\" href=\"https:\/\/www.penamontanesa.com\/de\/einrichtungen\/zona-polideportiva\/\">\n                                                                                                                                        <div class=\"item-list-thumb-wrapper\">\n                            <div class=\"item-list-thumb cover\" style=\"background-image:url(https:\/\/www.penamontanesa.com\/wp-content\/uploads\/mg-7684-1-640x480.jpg)\"><\/div>\n                        <\/div>\n                                                        <p class=\"has-medium-font-size\">Sportbereich<\/p>\n\n                    <\/a>\n                    \n                                <\/div>\n            <\/article>\n                            <p style=\"background-color:#d3e5cf\" class=\"has-background featured-float\"><\/p>\n                    \n    \n\n\n","protected":false},"excerpt":{"rendered":"<p>Mehr als 18.000 Quadratmeter f\u00fcr Freizeit und Erholung. Fu\u00dfball, Handball, [&hellip;]<\/p>\n","protected":false},"author":1,"featured_media":22401,"parent":22947,"menu_order":7,"comment_status":"closed","ping_status":"closed","template":"","meta":{"_acf_changed":false,"footnotes":""},"class_list":["post-23783","page","type-page","status-publish","has-post-thumbnail","hentry"],"acf":[],"yoast_head":"<!-- This site is optimized with the Yoast SEO plugin v26.5 - https:\/\/yoast.com\/wordpress\/plugins\/seo\/ -->\n<title>Sportbereich - Camping Pe\u00f1a Monta\u00f1esa<\/title>\n<meta name=\"robots\" content=\"index, follow, max-snippet:-1, max-image-preview:large, max-video-preview:-1\" \/>\n<link rel=\"canonical\" href=\"https:\/\/www.penamontanesa.com\/de\/einrichtungen\/zona-polideportiva\/\" \/>\n<meta property=\"og:locale\" content=\"de_DE\" \/>\n<meta property=\"og:type\" content=\"article\" \/>\n<meta property=\"og:title\" content=\"Sportbereich - Camping Pe\u00f1a Monta\u00f1esa\" \/>\n<meta property=\"og:description\" content=\"Mehr als 18.000 Quadratmeter f\u00fcr Freizeit und Erholung. Fu\u00dfball, Handball, [&hellip;]\" \/>\n<meta property=\"og:url\" content=\"https:\/\/www.penamontanesa.com\/de\/einrichtungen\/zona-polideportiva\/\" \/>\n<meta property=\"og:site_name\" content=\"Camping Pe\u00f1a Monta\u00f1esa\" \/>\n<meta property=\"article:modified_time\" content=\"2019-03-14T12:16:45+00:00\" \/>\n<meta property=\"og:image\" content=\"https:\/\/www.penamontanesa.com\/wp-content\/uploads\/mg-7684-1.jpg\" \/>\n\t<meta property=\"og:image:width\" content=\"1158\" \/>\n\t<meta property=\"og:image:height\" content=\"772\" \/>\n\t<meta property=\"og:image:type\" content=\"image\/jpeg\" \/>\n<meta name=\"twitter:card\" content=\"summary_large_image\" \/>\n<script type=\"application\/ld+json\" class=\"yoast-schema-graph\">{\"@context\":\"https:\/\/schema.org\",\"@graph\":[{\"@type\":\"WebPage\",\"@id\":\"https:\/\/www.penamontanesa.com\/de\/einrichtungen\/zona-polideportiva\/\",\"url\":\"https:\/\/www.penamontanesa.com\/de\/einrichtungen\/zona-polideportiva\/\",\"name\":\"Sportbereich - Camping Pe\u00f1a Monta\u00f1esa\",\"isPartOf\":{\"@id\":\"https:\/\/www.penamontanesa.com\/de\/#website\"},\"primaryImageOfPage\":{\"@id\":\"https:\/\/www.penamontanesa.com\/de\/einrichtungen\/zona-polideportiva\/#primaryimage\"},\"image\":{\"@id\":\"https:\/\/www.penamontanesa.com\/de\/einrichtungen\/zona-polideportiva\/#primaryimage\"},\"thumbnailUrl\":\"https:\/\/www.penamontanesa.com\/wp-content\/uploads\/mg-7684-1.jpg\",\"datePublished\":\"2019-01-16T09:31:10+00:00\",\"dateModified\":\"2019-03-14T12:16:45+00:00\",\"breadcrumb\":{\"@id\":\"https:\/\/www.penamontanesa.com\/de\/einrichtungen\/zona-polideportiva\/#breadcrumb\"},\"inLanguage\":\"de\",\"potentialAction\":[{\"@type\":\"ReadAction\",\"target\":[\"https:\/\/www.penamontanesa.com\/de\/einrichtungen\/zona-polideportiva\/\"]}]},{\"@type\":\"ImageObject\",\"inLanguage\":\"de\",\"@id\":\"https:\/\/www.penamontanesa.com\/de\/einrichtungen\/zona-polideportiva\/#primaryimage\",\"url\":\"https:\/\/www.penamontanesa.com\/wp-content\/uploads\/mg-7684-1.jpg\",\"contentUrl\":\"https:\/\/www.penamontanesa.com\/wp-content\/uploads\/mg-7684-1.jpg\",\"width\":1158,\"height\":772},{\"@type\":\"BreadcrumbList\",\"@id\":\"https:\/\/www.penamontanesa.com\/de\/einrichtungen\/zona-polideportiva\/#breadcrumb\",\"itemListElement\":[{\"@type\":\"ListItem\",\"position\":1,\"name\":\"Portada\",\"item\":\"https:\/\/www.penamontanesa.com\/de\/\"},{\"@type\":\"ListItem\",\"position\":2,\"name\":\"Einrichtungen\",\"item\":\"https:\/\/www.penamontanesa.com\/de\/einrichtungen\/\"},{\"@type\":\"ListItem\",\"position\":3,\"name\":\"Sportbereich\"}]},{\"@type\":\"WebSite\",\"@id\":\"https:\/\/www.penamontanesa.com\/de\/#website\",\"url\":\"https:\/\/www.penamontanesa.com\/de\/\",\"name\":\"Camping Pe\u00f1a Monta\u00f1esa\",\"description\":\"Camping y bungalows. Ainsa Pirineos. Parque Nacional de Ordesa y Monte Perdido.\",\"publisher\":{\"@id\":\"https:\/\/www.penamontanesa.com\/de\/#organization\"},\"potentialAction\":[{\"@type\":\"SearchAction\",\"target\":{\"@type\":\"EntryPoint\",\"urlTemplate\":\"https:\/\/www.penamontanesa.com\/de\/?s={search_term_string}\"},\"query-input\":{\"@type\":\"PropertyValueSpecification\",\"valueRequired\":true,\"valueName\":\"search_term_string\"}}],\"inLanguage\":\"de\"},{\"@type\":\"Organization\",\"@id\":\"https:\/\/www.penamontanesa.com\/de\/#organization\",\"name\":\"Camping Pe\u00f1a Monta\u00f1esa\",\"url\":\"https:\/\/www.penamontanesa.com\/de\/\",\"logo\":{\"@type\":\"ImageObject\",\"inLanguage\":\"de\",\"@id\":\"https:\/\/www.penamontanesa.com\/de\/#\/schema\/logo\/image\/\",\"url\":\"https:\/\/www.penamontanesa.com\/wp-content\/uploads\/cropped-penamontanesa-logo-1-1.png\",\"contentUrl\":\"https:\/\/www.penamontanesa.com\/wp-content\/uploads\/cropped-penamontanesa-logo-1-1.png\",\"width\":420,\"height\":103,\"caption\":\"Camping Pe\u00f1a Monta\u00f1esa\"},\"image\":{\"@id\":\"https:\/\/www.penamontanesa.com\/de\/#\/schema\/logo\/image\/\"}}]}<\/script>\n<!-- \/ Yoast SEO plugin. -->","yoast_head_json":{"title":"Sportbereich - Camping Pe\u00f1a Monta\u00f1esa","robots":{"index":"index","follow":"follow","max-snippet":"max-snippet:-1","max-image-preview":"max-image-preview:large","max-video-preview":"max-video-preview:-1"},"canonical":"https:\/\/www.penamontanesa.com\/de\/einrichtungen\/zona-polideportiva\/","og_locale":"de_DE","og_type":"article","og_title":"Sportbereich - Camping Pe\u00f1a Monta\u00f1esa","og_description":"Mehr als 18.000 Quadratmeter f\u00fcr Freizeit und Erholung. Fu\u00dfball, Handball, [&hellip;]","og_url":"https:\/\/www.penamontanesa.com\/de\/einrichtungen\/zona-polideportiva\/","og_site_name":"Camping Pe\u00f1a Monta\u00f1esa","article_modified_time":"2019-03-14T12:16:45+00:00","og_image":[{"width":1158,"height":772,"url":"https:\/\/www.penamontanesa.com\/wp-content\/uploads\/mg-7684-1.jpg","type":"image\/jpeg"}],"twitter_card":"summary_large_image","schema":{"@context":"https:\/\/schema.org","@graph":[{"@type":"WebPage","@id":"https:\/\/www.penamontanesa.com\/de\/einrichtungen\/zona-polideportiva\/","url":"https:\/\/www.penamontanesa.com\/de\/einrichtungen\/zona-polideportiva\/","name":"Sportbereich - Camping Pe\u00f1a Monta\u00f1esa","isPartOf":{"@id":"https:\/\/www.penamontanesa.com\/de\/#website"},"primaryImageOfPage":{"@id":"https:\/\/www.penamontanesa.com\/de\/einrichtungen\/zona-polideportiva\/#primaryimage"},"image":{"@id":"https:\/\/www.penamontanesa.com\/de\/einrichtungen\/zona-polideportiva\/#primaryimage"},"thumbnailUrl":"https:\/\/www.penamontanesa.com\/wp-content\/uploads\/mg-7684-1.jpg","datePublished":"2019-01-16T09:31:10+00:00","dateModified":"2019-03-14T12:16:45+00:00","breadcrumb":{"@id":"https:\/\/www.penamontanesa.com\/de\/einrichtungen\/zona-polideportiva\/#breadcrumb"},"inLanguage":"de","potentialAction":[{"@type":"ReadAction","target":["https:\/\/www.penamontanesa.com\/de\/einrichtungen\/zona-polideportiva\/"]}]},{"@type":"ImageObject","inLanguage":"de","@id":"https:\/\/www.penamontanesa.com\/de\/einrichtungen\/zona-polideportiva\/#primaryimage","url":"https:\/\/www.penamontanesa.com\/wp-content\/uploads\/mg-7684-1.jpg","contentUrl":"https:\/\/www.penamontanesa.com\/wp-content\/uploads\/mg-7684-1.jpg","width":1158,"height":772},{"@type":"BreadcrumbList","@id":"https:\/\/www.penamontanesa.com\/de\/einrichtungen\/zona-polideportiva\/#breadcrumb","itemListElement":[{"@type":"ListItem","position":1,"name":"Portada","item":"https:\/\/www.penamontanesa.com\/de\/"},{"@type":"ListItem","position":2,"name":"Einrichtungen","item":"https:\/\/www.penamontanesa.com\/de\/einrichtungen\/"},{"@type":"ListItem","position":3,"name":"Sportbereich"}]},{"@type":"WebSite","@id":"https:\/\/www.penamontanesa.com\/de\/#website","url":"https:\/\/www.penamontanesa.com\/de\/","name":"Camping Pe\u00f1a Monta\u00f1esa","description":"Camping y bungalows. Ainsa Pirineos. Parque Nacional de Ordesa y Monte Perdido.","publisher":{"@id":"https:\/\/www.penamontanesa.com\/de\/#organization"},"potentialAction":[{"@type":"SearchAction","target":{"@type":"EntryPoint","urlTemplate":"https:\/\/www.penamontanesa.com\/de\/?s={search_term_string}"},"query-input":{"@type":"PropertyValueSpecification","valueRequired":true,"valueName":"search_term_string"}}],"inLanguage":"de"},{"@type":"Organization","@id":"https:\/\/www.penamontanesa.com\/de\/#organization","name":"Camping Pe\u00f1a Monta\u00f1esa","url":"https:\/\/www.penamontanesa.com\/de\/","logo":{"@type":"ImageObject","inLanguage":"de","@id":"https:\/\/www.penamontanesa.com\/de\/#\/schema\/logo\/image\/","url":"https:\/\/www.penamontanesa.com\/wp-content\/uploads\/cropped-penamontanesa-logo-1-1.png","contentUrl":"https:\/\/www.penamontanesa.com\/wp-content\/uploads\/cropped-penamontanesa-logo-1-1.png","width":420,"height":103,"caption":"Camping Pe\u00f1a Monta\u00f1esa"},"image":{"@id":"https:\/\/www.penamontanesa.com\/de\/#\/schema\/logo\/image\/"}}]}},"_links":{"self":[{"href":"https:\/\/www.penamontanesa.com\/de\/wp-json\/wp\/v2\/pages\/23783","targetHints":{"allow":["GET"]}}],"collection":[{"href":"https:\/\/www.penamontanesa.com\/de\/wp-json\/wp\/v2\/pages"}],"about":[{"href":"https:\/\/www.penamontanesa.com\/de\/wp-json\/wp\/v2\/types\/page"}],"author":[{"embeddable":true,"href":"https:\/\/www.penamontanesa.com\/de\/wp-json\/wp\/v2\/users\/1"}],"replies":[{"embeddable":true,"href":"https:\/\/www.penamontanesa.com\/de\/wp-json\/wp\/v2\/comments?post=23783"}],"version-history":[{"count":2,"href":"https:\/\/www.penamontanesa.com\/de\/wp-json\/wp\/v2\/pages\/23783\/revisions"}],"predecessor-version":[{"id":23814,"href":"https:\/\/www.penamontanesa.com\/de\/wp-json\/wp\/v2\/pages\/23783\/revisions\/23814"}],"up":[{"embeddable":true,"href":"https:\/\/www.penamontanesa.com\/de\/wp-json\/wp\/v2\/pages\/22947"}],"wp:featuredmedia":[{"embeddable":true,"href":"https:\/\/www.penamontanesa.com\/de\/wp-json\/wp\/v2\/media\/22401"}],"wp:attachment":[{"href":"https:\/\/www.penamontanesa.com\/de\/wp-json\/wp\/v2\/media?parent=23783"}],"curies":[{"name":"wp","href":"https:\/\/api.w.org\/{rel}","templated":true}]}}