{"id":23805,"date":"2019-01-16T10:30:44","date_gmt":"2019-01-16T09:30:44","guid":{"rendered":"https:\/\/www.penamontanesa.com\/einrichtungen\/supermercado\/"},"modified":"2019-03-14T13:15:27","modified_gmt":"2019-03-14T12:15:27","slug":"supermercado","status":"publish","type":"page","link":"https:\/\/www.penamontanesa.com\/de\/einrichtungen\/supermercado\/","title":{"rendered":"Supermarkt"},"content":{"rendered":"\n<p>Gro\u00dfe Auswahl an Produkten, bei denen Sie alles finden, was Sie f\u00fcr Sie und Ihre Familie brauchen.<br><br><\/p>\n\n\n\n<p style=\"background-color:#d3e5cf\" class=\"has-background custom-float\">Ge\u00f6ffnet von 08:00 bis 09:30 Uhr.<br><\/p>\n\n\n\n<div class=\"wp-block-cover has-background-dim-20 has-background-dim alignfull is-layout-flow wp-block-cover-is-layout-flow\" style=\"background-image:url(https:\/\/www.penamontanesa.com\/wp-content\/uploads\/pena-montanesa-0086.jpg)\"><p class=\"wp-block-cover-text\">K\u00fchl-, Tiefk\u00fchl-, Frisch- und Grundprodukte.<br><\/p><\/div>\n\n\n\n<h2 class=\"wp-block-heading\">Virtuelle Tour<br><\/h2>\n\n\n\n<figure><iframe loading=\"lazy\" src=\"https:\/\/www.google.com\/maps\/embed?pb=!4v1550562839571!6m8!1m7!1sGzcwunmxdrgAAAQIuA7Uaw!2m2!1d42.43521965913888!2d0.1357250433451327!3f295.03!4f0!5f0.7820865974627469\" width=\"100%\" height=\"450\" allowfullscreen=\"\"><\/iframe><\/figure>\n\n\n\n<h2 class=\"wp-block-heading\">Einrichtungen<\/h2>\n\n\n\n            \n        \n        \n\n            <article id=\"featured_lodgements-block_5c8a4420829eb\" class=\"featured_lodgements alignwide featured-columns-4\">\n                <script>\n                    $(document).ready(function(){\n                       $(\"#featured_lodgements-block_5c8a4420829eb .lodgements-slide\").owlCarousel({\n                            nav: true,\n                            dots: false,\n                            margin: 20,\n                            mouseDrag: true,\n                            responsive: {\n                                0: {\n                                    items: 1,\n                                   },\n                                768: {\n                                    items: 4,\n                                   }\n                            }\n                       });\n                    });\n\n                <\/script>\n                <div class=\"lodgements-slide owl-carousel\">\n                                \n                    \n                                        <a class=\"item-list-23706\" href=\"https:\/\/www.penamontanesa.com\/de\/einrichtungen\/aussenpools-spa\/\">\n                                                                                                                                        <div class=\"item-list-thumb-wrapper\">\n                            <div class=\"item-list-thumb cover\" style=\"background-image:url(https:\/\/www.penamontanesa.com\/wp-content\/uploads\/img-1314-640x480.jpg)\"><\/div>\n                        <\/div>\n                                                        <p class=\"has-medium-font-size\">Au\u00dfenpools<\/p>\n\n                    <\/a>\n                    \n                \n                    \n                                        <a class=\"item-list-23717\" href=\"https:\/\/www.penamontanesa.com\/de\/einrichtungen\/beheiztes-hallenbad-entspannung\/\">\n                                                                                                                                        <div class=\"item-list-thumb-wrapper\">\n                            <div class=\"item-list-thumb cover\" style=\"background-image:url(https:\/\/www.penamontanesa.com\/wp-content\/uploads\/piscinasexteriores-18-640x480.jpg)\"><\/div>\n                        <\/div>\n                                                        <p class=\"has-medium-font-size\">Beheiztes Hallenbad &#8211; Entspannung<\/p>\n\n                    <\/a>\n                    \n                \n                    \n                                        <a class=\"item-list-23722\" href=\"https:\/\/www.penamontanesa.com\/de\/einrichtungen\/bar-chiringuito-y-terraza\/\">\n                                                                                                                                        <div class=\"item-list-thumb-wrapper\">\n                            <div class=\"item-list-thumb cover\" style=\"background-image:url(https:\/\/www.penamontanesa.com\/wp-content\/uploads\/mg-8832-640x480.jpg)\"><\/div>\n                        <\/div>\n                                                        <p class=\"has-medium-font-size\">Chiringuito Bar und Terrasse<\/p>\n\n                    <\/a>\n                    \n                \n                    \n                                        <a class=\"item-list-23728\" href=\"https:\/\/www.penamontanesa.com\/de\/einrichtungen\/bar-restaurant\/\">\n                                                                                                                                        <div class=\"item-list-thumb-wrapper\">\n                            <div class=\"item-list-thumb cover\" style=\"background-image:url(https:\/\/www.penamontanesa.com\/wp-content\/uploads\/mg-7026-640x480.jpg)\"><\/div>\n                        <\/div>\n                                                        <p class=\"has-medium-font-size\">Bar Restaurant<\/p>\n\n                    <\/a>\n                    \n                \n                    \n                                        <a class=\"item-list-23759\" href=\"https:\/\/www.penamontanesa.com\/de\/einrichtungen\/spielplatze\/\">\n                                                                                                                                        <div class=\"item-list-thumb-wrapper\">\n                            <div class=\"item-list-thumb cover\" style=\"background-image:url(https:\/\/www.penamontanesa.com\/wp-content\/uploads\/home-2-640x480.jpg)\"><\/div>\n                        <\/div>\n                                                        <p class=\"has-medium-font-size\">Spielpl\u00e4tze<\/p>\n\n                    <\/a>\n                    \n                \n                    \n                                        <a class=\"item-list-23773\" href=\"https:\/\/www.penamontanesa.com\/de\/einrichtungen\/badezimmer\/\">\n                                                                                                                                        <div class=\"item-list-thumb-wrapper\">\n                            <div class=\"item-list-thumb cover\" style=\"background-image:url(https:\/\/www.penamontanesa.com\/wp-content\/uploads\/pena-montanesa-0046-3-640x480.jpg)\"><\/div>\n                        <\/div>\n                                                        <p class=\"has-medium-font-size\">Badezimmer<\/p>\n\n                    <\/a>\n                    \n                \n                    \n                                        <a class=\"item-list-23783\" href=\"https:\/\/www.penamontanesa.com\/de\/einrichtungen\/zona-polideportiva\/\">\n                                                                                                                                        <div class=\"item-list-thumb-wrapper\">\n                            <div class=\"item-list-thumb cover\" style=\"background-image:url(https:\/\/www.penamontanesa.com\/wp-content\/uploads\/mg-7684-1-640x480.jpg)\"><\/div>\n                        <\/div>\n                                                        <p class=\"has-medium-font-size\">Sportbereich<\/p>\n\n                    <\/a>\n                    \n                                <\/div>\n            <\/article>\n                            <p style=\"background-color:#d3e5cf\" class=\"has-background featured-float\"><\/p>\n                    \n    \n\n\n","protected":false},"excerpt":{"rendered":"<p>Gro\u00dfe Auswahl an Produkten, bei denen Sie alles finden, was [&hellip;]<\/p>\n","protected":false},"author":1,"featured_media":23807,"parent":22947,"menu_order":6,"comment_status":"closed","ping_status":"closed","template":"","meta":{"_acf_changed":false,"footnotes":""},"class_list":["post-23805","page","type-page","status-publish","has-post-thumbnail","hentry"],"acf":[],"yoast_head":"<!-- This site is optimized with the Yoast SEO plugin v26.5 - https:\/\/yoast.com\/wordpress\/plugins\/seo\/ -->\n<title>Supermarkt - Camping Pe\u00f1a Monta\u00f1esa<\/title>\n<meta name=\"robots\" content=\"index, follow, max-snippet:-1, max-image-preview:large, max-video-preview:-1\" \/>\n<link rel=\"canonical\" href=\"https:\/\/www.penamontanesa.com\/de\/einrichtungen\/supermercado\/\" \/>\n<meta property=\"og:locale\" content=\"de_DE\" \/>\n<meta property=\"og:type\" content=\"article\" \/>\n<meta property=\"og:title\" content=\"Supermarkt - Camping Pe\u00f1a Monta\u00f1esa\" \/>\n<meta property=\"og:description\" content=\"Gro\u00dfe Auswahl an Produkten, bei denen Sie alles finden, was [&hellip;]\" \/>\n<meta property=\"og:url\" content=\"https:\/\/www.penamontanesa.com\/de\/einrichtungen\/supermercado\/\" \/>\n<meta property=\"og:site_name\" content=\"Camping Pe\u00f1a Monta\u00f1esa\" \/>\n<meta property=\"article:modified_time\" content=\"2019-03-14T12:15:27+00:00\" \/>\n<meta property=\"og:image\" content=\"https:\/\/www.penamontanesa.com\/wp-content\/uploads\/pena-montanesa-0087.jpg\" \/>\n\t<meta property=\"og:image:width\" content=\"2048\" \/>\n\t<meta property=\"og:image:height\" content=\"1354\" \/>\n\t<meta property=\"og:image:type\" content=\"image\/jpeg\" \/>\n<meta name=\"twitter:card\" content=\"summary_large_image\" \/>\n<script type=\"application\/ld+json\" class=\"yoast-schema-graph\">{\"@context\":\"https:\/\/schema.org\",\"@graph\":[{\"@type\":\"WebPage\",\"@id\":\"https:\/\/www.penamontanesa.com\/de\/einrichtungen\/supermercado\/\",\"url\":\"https:\/\/www.penamontanesa.com\/de\/einrichtungen\/supermercado\/\",\"name\":\"Supermarkt - Camping Pe\u00f1a Monta\u00f1esa\",\"isPartOf\":{\"@id\":\"https:\/\/www.penamontanesa.com\/de\/#website\"},\"primaryImageOfPage\":{\"@id\":\"https:\/\/www.penamontanesa.com\/de\/einrichtungen\/supermercado\/#primaryimage\"},\"image\":{\"@id\":\"https:\/\/www.penamontanesa.com\/de\/einrichtungen\/supermercado\/#primaryimage\"},\"thumbnailUrl\":\"https:\/\/www.penamontanesa.com\/wp-content\/uploads\/pena-montanesa-0087.jpg\",\"datePublished\":\"2019-01-16T09:30:44+00:00\",\"dateModified\":\"2019-03-14T12:15:27+00:00\",\"breadcrumb\":{\"@id\":\"https:\/\/www.penamontanesa.com\/de\/einrichtungen\/supermercado\/#breadcrumb\"},\"inLanguage\":\"de\",\"potentialAction\":[{\"@type\":\"ReadAction\",\"target\":[\"https:\/\/www.penamontanesa.com\/de\/einrichtungen\/supermercado\/\"]}]},{\"@type\":\"ImageObject\",\"inLanguage\":\"de\",\"@id\":\"https:\/\/www.penamontanesa.com\/de\/einrichtungen\/supermercado\/#primaryimage\",\"url\":\"https:\/\/www.penamontanesa.com\/wp-content\/uploads\/pena-montanesa-0087.jpg\",\"contentUrl\":\"https:\/\/www.penamontanesa.com\/wp-content\/uploads\/pena-montanesa-0087.jpg\",\"width\":2048,\"height\":1354},{\"@type\":\"BreadcrumbList\",\"@id\":\"https:\/\/www.penamontanesa.com\/de\/einrichtungen\/supermercado\/#breadcrumb\",\"itemListElement\":[{\"@type\":\"ListItem\",\"position\":1,\"name\":\"Portada\",\"item\":\"https:\/\/www.penamontanesa.com\/de\/\"},{\"@type\":\"ListItem\",\"position\":2,\"name\":\"Einrichtungen\",\"item\":\"https:\/\/www.penamontanesa.com\/de\/einrichtungen\/\"},{\"@type\":\"ListItem\",\"position\":3,\"name\":\"Supermarkt\"}]},{\"@type\":\"WebSite\",\"@id\":\"https:\/\/www.penamontanesa.com\/de\/#website\",\"url\":\"https:\/\/www.penamontanesa.com\/de\/\",\"name\":\"Camping Pe\u00f1a Monta\u00f1esa\",\"description\":\"Camping y bungalows. Ainsa Pirineos. Parque Nacional de Ordesa y Monte Perdido.\",\"publisher\":{\"@id\":\"https:\/\/www.penamontanesa.com\/de\/#organization\"},\"potentialAction\":[{\"@type\":\"SearchAction\",\"target\":{\"@type\":\"EntryPoint\",\"urlTemplate\":\"https:\/\/www.penamontanesa.com\/de\/?s={search_term_string}\"},\"query-input\":{\"@type\":\"PropertyValueSpecification\",\"valueRequired\":true,\"valueName\":\"search_term_string\"}}],\"inLanguage\":\"de\"},{\"@type\":\"Organization\",\"@id\":\"https:\/\/www.penamontanesa.com\/de\/#organization\",\"name\":\"Camping Pe\u00f1a Monta\u00f1esa\",\"url\":\"https:\/\/www.penamontanesa.com\/de\/\",\"logo\":{\"@type\":\"ImageObject\",\"inLanguage\":\"de\",\"@id\":\"https:\/\/www.penamontanesa.com\/de\/#\/schema\/logo\/image\/\",\"url\":\"https:\/\/www.penamontanesa.com\/wp-content\/uploads\/cropped-penamontanesa-logo-1-1.png\",\"contentUrl\":\"https:\/\/www.penamontanesa.com\/wp-content\/uploads\/cropped-penamontanesa-logo-1-1.png\",\"width\":420,\"height\":103,\"caption\":\"Camping Pe\u00f1a Monta\u00f1esa\"},\"image\":{\"@id\":\"https:\/\/www.penamontanesa.com\/de\/#\/schema\/logo\/image\/\"}}]}<\/script>\n<!-- \/ Yoast SEO plugin. -->","yoast_head_json":{"title":"Supermarkt - Camping Pe\u00f1a Monta\u00f1esa","robots":{"index":"index","follow":"follow","max-snippet":"max-snippet:-1","max-image-preview":"max-image-preview:large","max-video-preview":"max-video-preview:-1"},"canonical":"https:\/\/www.penamontanesa.com\/de\/einrichtungen\/supermercado\/","og_locale":"de_DE","og_type":"article","og_title":"Supermarkt - Camping Pe\u00f1a Monta\u00f1esa","og_description":"Gro\u00dfe Auswahl an Produkten, bei denen Sie alles finden, was [&hellip;]","og_url":"https:\/\/www.penamontanesa.com\/de\/einrichtungen\/supermercado\/","og_site_name":"Camping Pe\u00f1a Monta\u00f1esa","article_modified_time":"2019-03-14T12:15:27+00:00","og_image":[{"width":2048,"height":1354,"url":"https:\/\/www.penamontanesa.com\/wp-content\/uploads\/pena-montanesa-0087.jpg","type":"image\/jpeg"}],"twitter_card":"summary_large_image","schema":{"@context":"https:\/\/schema.org","@graph":[{"@type":"WebPage","@id":"https:\/\/www.penamontanesa.com\/de\/einrichtungen\/supermercado\/","url":"https:\/\/www.penamontanesa.com\/de\/einrichtungen\/supermercado\/","name":"Supermarkt - Camping Pe\u00f1a Monta\u00f1esa","isPartOf":{"@id":"https:\/\/www.penamontanesa.com\/de\/#website"},"primaryImageOfPage":{"@id":"https:\/\/www.penamontanesa.com\/de\/einrichtungen\/supermercado\/#primaryimage"},"image":{"@id":"https:\/\/www.penamontanesa.com\/de\/einrichtungen\/supermercado\/#primaryimage"},"thumbnailUrl":"https:\/\/www.penamontanesa.com\/wp-content\/uploads\/pena-montanesa-0087.jpg","datePublished":"2019-01-16T09:30:44+00:00","dateModified":"2019-03-14T12:15:27+00:00","breadcrumb":{"@id":"https:\/\/www.penamontanesa.com\/de\/einrichtungen\/supermercado\/#breadcrumb"},"inLanguage":"de","potentialAction":[{"@type":"ReadAction","target":["https:\/\/www.penamontanesa.com\/de\/einrichtungen\/supermercado\/"]}]},{"@type":"ImageObject","inLanguage":"de","@id":"https:\/\/www.penamontanesa.com\/de\/einrichtungen\/supermercado\/#primaryimage","url":"https:\/\/www.penamontanesa.com\/wp-content\/uploads\/pena-montanesa-0087.jpg","contentUrl":"https:\/\/www.penamontanesa.com\/wp-content\/uploads\/pena-montanesa-0087.jpg","width":2048,"height":1354},{"@type":"BreadcrumbList","@id":"https:\/\/www.penamontanesa.com\/de\/einrichtungen\/supermercado\/#breadcrumb","itemListElement":[{"@type":"ListItem","position":1,"name":"Portada","item":"https:\/\/www.penamontanesa.com\/de\/"},{"@type":"ListItem","position":2,"name":"Einrichtungen","item":"https:\/\/www.penamontanesa.com\/de\/einrichtungen\/"},{"@type":"ListItem","position":3,"name":"Supermarkt"}]},{"@type":"WebSite","@id":"https:\/\/www.penamontanesa.com\/de\/#website","url":"https:\/\/www.penamontanesa.com\/de\/","name":"Camping Pe\u00f1a Monta\u00f1esa","description":"Camping y bungalows. Ainsa Pirineos. Parque Nacional de Ordesa y Monte Perdido.","publisher":{"@id":"https:\/\/www.penamontanesa.com\/de\/#organization"},"potentialAction":[{"@type":"SearchAction","target":{"@type":"EntryPoint","urlTemplate":"https:\/\/www.penamontanesa.com\/de\/?s={search_term_string}"},"query-input":{"@type":"PropertyValueSpecification","valueRequired":true,"valueName":"search_term_string"}}],"inLanguage":"de"},{"@type":"Organization","@id":"https:\/\/www.penamontanesa.com\/de\/#organization","name":"Camping Pe\u00f1a Monta\u00f1esa","url":"https:\/\/www.penamontanesa.com\/de\/","logo":{"@type":"ImageObject","inLanguage":"de","@id":"https:\/\/www.penamontanesa.com\/de\/#\/schema\/logo\/image\/","url":"https:\/\/www.penamontanesa.com\/wp-content\/uploads\/cropped-penamontanesa-logo-1-1.png","contentUrl":"https:\/\/www.penamontanesa.com\/wp-content\/uploads\/cropped-penamontanesa-logo-1-1.png","width":420,"height":103,"caption":"Camping Pe\u00f1a Monta\u00f1esa"},"image":{"@id":"https:\/\/www.penamontanesa.com\/de\/#\/schema\/logo\/image\/"}}]}},"_links":{"self":[{"href":"https:\/\/www.penamontanesa.com\/de\/wp-json\/wp\/v2\/pages\/23805","targetHints":{"allow":["GET"]}}],"collection":[{"href":"https:\/\/www.penamontanesa.com\/de\/wp-json\/wp\/v2\/pages"}],"about":[{"href":"https:\/\/www.penamontanesa.com\/de\/wp-json\/wp\/v2\/types\/page"}],"author":[{"embeddable":true,"href":"https:\/\/www.penamontanesa.com\/de\/wp-json\/wp\/v2\/users\/1"}],"replies":[{"embeddable":true,"href":"https:\/\/www.penamontanesa.com\/de\/wp-json\/wp\/v2\/comments?post=23805"}],"version-history":[{"count":1,"href":"https:\/\/www.penamontanesa.com\/de\/wp-json\/wp\/v2\/pages\/23805\/revisions"}],"predecessor-version":[{"id":23808,"href":"https:\/\/www.penamontanesa.com\/de\/wp-json\/wp\/v2\/pages\/23805\/revisions\/23808"}],"up":[{"embeddable":true,"href":"https:\/\/www.penamontanesa.com\/de\/wp-json\/wp\/v2\/pages\/22947"}],"wp:featuredmedia":[{"embeddable":true,"href":"https:\/\/www.penamontanesa.com\/de\/wp-json\/wp\/v2\/media\/23807"}],"wp:attachment":[{"href":"https:\/\/www.penamontanesa.com\/de\/wp-json\/wp\/v2\/media?parent=23805"}],"curies":[{"name":"wp","href":"https:\/\/api.w.org\/{rel}","templated":true}]}}