{"id":24103,"date":"2019-03-20T08:53:19","date_gmt":"2019-03-20T07:53:19","guid":{"rendered":"https:\/\/www.penamontanesa.com\/politica-de-privacidad\/"},"modified":"2019-03-20T08:54:21","modified_gmt":"2019-03-20T07:54:21","slug":"datenschutzrichtlinie","status":"publish","type":"page","link":"https:\/\/www.penamontanesa.com\/de\/datenschutzrichtlinie\/","title":{"rendered":"Datenschutzrichtlinie"},"content":{"rendered":"\n<p>In \u00dcbereinstimmung mit den geltenden Bestimmungen zum Schutz personenbezogener Daten, der Verordnung (EU) 2016\/679 vom 27. April (DSGVO) und dem Organgesetz (ES) 15\/1999 vom 13. Dezember (LOPD) informieren wir Sie dar\u00fcber Der Verantwortliche f\u00fcr die Behandlung ist: Camping Pe\u00f1a Monta\u00f1esa Ctra. A\u00ednsa-Francia, Km. 2 &#8211; 22360 LABUERDA-AINSA (HUESCA). E-Mail: info@penamontanesa.com<\/p>\n\n\n\n<p>Im Namen des Campings Pe\u00f1a Monta\u00f1esa, behandeln wir die Informationen, die Sie uns \u00fcbermitteln, um Ihnen auf beliebige Weise (Post, E-Mail oder Telefon und wasap) Werbung f\u00fcr unsere Produkte zu senden und Sie zu Veranstaltungen des Unternehmens einzuladen. Die angegebenen Daten bleiben erhalten, bis Sie das Ende der Aktivit\u00e4ten anfordern (Unterdr\u00fcckung). Die Daten werden nicht an Dritte weitergegeben, es sei denn, es besteht eine rechtliche Verpflichtung und automatisierte Entscheidungen werden nicht getroffen. Sie haben das Recht, eine Best\u00e4tigung dar\u00fcber zu erhalten, ob wir Ihre personenbezogenen Daten auf Camping Pe\u00f1a Monta\u00f1esa verarbeiten, Sie haben daher das Recht, auf Ihre personenbezogenen Daten zuzugreifen, fehlerhafte Daten zu korrigieren oder eine L\u00f6schung zu verlangen, wenn die Daten nicht mehr f\u00fcr den Zweck ben\u00f6tigt werden , f\u00fcr den sie eingeholt wurden, k\u00f6nnen sie in bestimmten F\u00e4llen die Beschr\u00e4nkung und \/ oder den Widerspruch derselben sowie deren \u00dcbertragbarkeit beantragen und ihre Zustimmung widerrufen.<\/p>\n\n\n\n<p>Zu diesem Zweck k\u00f6nnen Sie einen Brief an die oben genannte E-Mail-Adresse senden.<\/p>\n\n\n\n<p>Dar\u00fcber hinaus kann sich der Interessent bei Fragen zur Verarbeitung seiner Daten an uns wenden oder sich an die zust\u00e4ndige Datenschutzbeh\u00f6rde (AEPD) wenden, um zus\u00e4tzliche Informationen zu erhalten oder einen Antrag zu stellen.<\/p>\n\n\n\n<p>Die Legitimation gilt f\u00fcr die von uns geforderte Einwilligung und Sie erteilen uns ausdr\u00fccklich die Einwilligung f\u00fcr die Bedingungen dieses Dokuments.<\/p>\n","protected":false},"excerpt":{"rendered":"<p>In \u00dcbereinstimmung mit den geltenden Bestimmungen zum Schutz personenbezogener Daten, [&hellip;]<\/p>\n","protected":false},"author":1,"featured_media":0,"parent":0,"menu_order":1,"comment_status":"closed","ping_status":"closed","template":"","meta":{"_acf_changed":false,"footnotes":""},"class_list":["post-24103","page","type-page","status-publish","hentry"],"acf":[],"yoast_head":"<!-- This site is optimized with the Yoast SEO plugin v26.5 - https:\/\/yoast.com\/wordpress\/plugins\/seo\/ -->\n<title>Datenschutzrichtlinie - Camping Pe\u00f1a Monta\u00f1esa<\/title>\n<meta name=\"robots\" content=\"index, follow, max-snippet:-1, max-image-preview:large, max-video-preview:-1\" \/>\n<link rel=\"canonical\" href=\"https:\/\/www.penamontanesa.com\/de\/datenschutzrichtlinie\/\" \/>\n<meta property=\"og:locale\" content=\"de_DE\" \/>\n<meta property=\"og:type\" content=\"article\" \/>\n<meta property=\"og:title\" content=\"Datenschutzrichtlinie - Camping Pe\u00f1a Monta\u00f1esa\" \/>\n<meta property=\"og:description\" content=\"In \u00dcbereinstimmung mit den geltenden Bestimmungen zum Schutz personenbezogener Daten, [&hellip;]\" \/>\n<meta property=\"og:url\" content=\"https:\/\/www.penamontanesa.com\/de\/datenschutzrichtlinie\/\" \/>\n<meta property=\"og:site_name\" content=\"Camping Pe\u00f1a Monta\u00f1esa\" \/>\n<meta property=\"article:modified_time\" content=\"2019-03-20T07:54:21+00:00\" \/>\n<meta name=\"twitter:card\" content=\"summary_large_image\" \/>\n<meta name=\"twitter:label1\" content=\"Gesch\u00e4tzte Lesezeit\" \/>\n\t<meta name=\"twitter:data1\" content=\"1\u00a0Minute\" \/>\n<script type=\"application\/ld+json\" class=\"yoast-schema-graph\">{\"@context\":\"https:\/\/schema.org\",\"@graph\":[{\"@type\":\"WebPage\",\"@id\":\"https:\/\/www.penamontanesa.com\/de\/datenschutzrichtlinie\/\",\"url\":\"https:\/\/www.penamontanesa.com\/de\/datenschutzrichtlinie\/\",\"name\":\"Datenschutzrichtlinie - Camping Pe\u00f1a Monta\u00f1esa\",\"isPartOf\":{\"@id\":\"https:\/\/www.penamontanesa.com\/de\/#website\"},\"datePublished\":\"2019-03-20T07:53:19+00:00\",\"dateModified\":\"2019-03-20T07:54:21+00:00\",\"breadcrumb\":{\"@id\":\"https:\/\/www.penamontanesa.com\/de\/datenschutzrichtlinie\/#breadcrumb\"},\"inLanguage\":\"de\",\"potentialAction\":[{\"@type\":\"ReadAction\",\"target\":[\"https:\/\/www.penamontanesa.com\/de\/datenschutzrichtlinie\/\"]}]},{\"@type\":\"BreadcrumbList\",\"@id\":\"https:\/\/www.penamontanesa.com\/de\/datenschutzrichtlinie\/#breadcrumb\",\"itemListElement\":[{\"@type\":\"ListItem\",\"position\":1,\"name\":\"Portada\",\"item\":\"https:\/\/www.penamontanesa.com\/de\/\"},{\"@type\":\"ListItem\",\"position\":2,\"name\":\"Datenschutzrichtlinie\"}]},{\"@type\":\"WebSite\",\"@id\":\"https:\/\/www.penamontanesa.com\/de\/#website\",\"url\":\"https:\/\/www.penamontanesa.com\/de\/\",\"name\":\"Camping Pe\u00f1a Monta\u00f1esa\",\"description\":\"Camping y bungalows. Ainsa Pirineos. Parque Nacional de Ordesa y Monte Perdido.\",\"publisher\":{\"@id\":\"https:\/\/www.penamontanesa.com\/de\/#organization\"},\"potentialAction\":[{\"@type\":\"SearchAction\",\"target\":{\"@type\":\"EntryPoint\",\"urlTemplate\":\"https:\/\/www.penamontanesa.com\/de\/?s={search_term_string}\"},\"query-input\":{\"@type\":\"PropertyValueSpecification\",\"valueRequired\":true,\"valueName\":\"search_term_string\"}}],\"inLanguage\":\"de\"},{\"@type\":\"Organization\",\"@id\":\"https:\/\/www.penamontanesa.com\/de\/#organization\",\"name\":\"Camping Pe\u00f1a Monta\u00f1esa\",\"url\":\"https:\/\/www.penamontanesa.com\/de\/\",\"logo\":{\"@type\":\"ImageObject\",\"inLanguage\":\"de\",\"@id\":\"https:\/\/www.penamontanesa.com\/de\/#\/schema\/logo\/image\/\",\"url\":\"https:\/\/www.penamontanesa.com\/wp-content\/uploads\/cropped-penamontanesa-logo-1-1.png\",\"contentUrl\":\"https:\/\/www.penamontanesa.com\/wp-content\/uploads\/cropped-penamontanesa-logo-1-1.png\",\"width\":420,\"height\":103,\"caption\":\"Camping Pe\u00f1a Monta\u00f1esa\"},\"image\":{\"@id\":\"https:\/\/www.penamontanesa.com\/de\/#\/schema\/logo\/image\/\"}}]}<\/script>\n<!-- \/ Yoast SEO plugin. -->","yoast_head_json":{"title":"Datenschutzrichtlinie - Camping Pe\u00f1a Monta\u00f1esa","robots":{"index":"index","follow":"follow","max-snippet":"max-snippet:-1","max-image-preview":"max-image-preview:large","max-video-preview":"max-video-preview:-1"},"canonical":"https:\/\/www.penamontanesa.com\/de\/datenschutzrichtlinie\/","og_locale":"de_DE","og_type":"article","og_title":"Datenschutzrichtlinie - Camping Pe\u00f1a Monta\u00f1esa","og_description":"In \u00dcbereinstimmung mit den geltenden Bestimmungen zum Schutz personenbezogener Daten, [&hellip;]","og_url":"https:\/\/www.penamontanesa.com\/de\/datenschutzrichtlinie\/","og_site_name":"Camping Pe\u00f1a Monta\u00f1esa","article_modified_time":"2019-03-20T07:54:21+00:00","twitter_card":"summary_large_image","twitter_misc":{"Gesch\u00e4tzte Lesezeit":"1\u00a0Minute"},"schema":{"@context":"https:\/\/schema.org","@graph":[{"@type":"WebPage","@id":"https:\/\/www.penamontanesa.com\/de\/datenschutzrichtlinie\/","url":"https:\/\/www.penamontanesa.com\/de\/datenschutzrichtlinie\/","name":"Datenschutzrichtlinie - Camping Pe\u00f1a Monta\u00f1esa","isPartOf":{"@id":"https:\/\/www.penamontanesa.com\/de\/#website"},"datePublished":"2019-03-20T07:53:19+00:00","dateModified":"2019-03-20T07:54:21+00:00","breadcrumb":{"@id":"https:\/\/www.penamontanesa.com\/de\/datenschutzrichtlinie\/#breadcrumb"},"inLanguage":"de","potentialAction":[{"@type":"ReadAction","target":["https:\/\/www.penamontanesa.com\/de\/datenschutzrichtlinie\/"]}]},{"@type":"BreadcrumbList","@id":"https:\/\/www.penamontanesa.com\/de\/datenschutzrichtlinie\/#breadcrumb","itemListElement":[{"@type":"ListItem","position":1,"name":"Portada","item":"https:\/\/www.penamontanesa.com\/de\/"},{"@type":"ListItem","position":2,"name":"Datenschutzrichtlinie"}]},{"@type":"WebSite","@id":"https:\/\/www.penamontanesa.com\/de\/#website","url":"https:\/\/www.penamontanesa.com\/de\/","name":"Camping Pe\u00f1a Monta\u00f1esa","description":"Camping y bungalows. Ainsa Pirineos. Parque Nacional de Ordesa y Monte Perdido.","publisher":{"@id":"https:\/\/www.penamontanesa.com\/de\/#organization"},"potentialAction":[{"@type":"SearchAction","target":{"@type":"EntryPoint","urlTemplate":"https:\/\/www.penamontanesa.com\/de\/?s={search_term_string}"},"query-input":{"@type":"PropertyValueSpecification","valueRequired":true,"valueName":"search_term_string"}}],"inLanguage":"de"},{"@type":"Organization","@id":"https:\/\/www.penamontanesa.com\/de\/#organization","name":"Camping Pe\u00f1a Monta\u00f1esa","url":"https:\/\/www.penamontanesa.com\/de\/","logo":{"@type":"ImageObject","inLanguage":"de","@id":"https:\/\/www.penamontanesa.com\/de\/#\/schema\/logo\/image\/","url":"https:\/\/www.penamontanesa.com\/wp-content\/uploads\/cropped-penamontanesa-logo-1-1.png","contentUrl":"https:\/\/www.penamontanesa.com\/wp-content\/uploads\/cropped-penamontanesa-logo-1-1.png","width":420,"height":103,"caption":"Camping Pe\u00f1a Monta\u00f1esa"},"image":{"@id":"https:\/\/www.penamontanesa.com\/de\/#\/schema\/logo\/image\/"}}]}},"_links":{"self":[{"href":"https:\/\/www.penamontanesa.com\/de\/wp-json\/wp\/v2\/pages\/24103","targetHints":{"allow":["GET"]}}],"collection":[{"href":"https:\/\/www.penamontanesa.com\/de\/wp-json\/wp\/v2\/pages"}],"about":[{"href":"https:\/\/www.penamontanesa.com\/de\/wp-json\/wp\/v2\/types\/page"}],"author":[{"embeddable":true,"href":"https:\/\/www.penamontanesa.com\/de\/wp-json\/wp\/v2\/users\/1"}],"replies":[{"embeddable":true,"href":"https:\/\/www.penamontanesa.com\/de\/wp-json\/wp\/v2\/comments?post=24103"}],"version-history":[{"count":1,"href":"https:\/\/www.penamontanesa.com\/de\/wp-json\/wp\/v2\/pages\/24103\/revisions"}],"predecessor-version":[{"id":24104,"href":"https:\/\/www.penamontanesa.com\/de\/wp-json\/wp\/v2\/pages\/24103\/revisions\/24104"}],"wp:attachment":[{"href":"https:\/\/www.penamontanesa.com\/de\/wp-json\/wp\/v2\/media?parent=24103"}],"curies":[{"name":"wp","href":"https:\/\/api.w.org\/{rel}","templated":true}]}}