{"id":63370,"date":"2026-01-28T22:27:53","date_gmt":"2026-01-28T21:27:53","guid":{"rendered":"https:\/\/www.penamontanesa.com\/?page_id=63370"},"modified":"2026-01-29T01:38:36","modified_gmt":"2026-01-29T00:38:36","slug":"holzbungalow-5-personen","status":"publish","type":"page","link":"https:\/\/www.penamontanesa.com\/de\/unterkunfte\/holzbungalow-5-personen\/","title":{"rendered":"Holzbungalow"},"content":{"rendered":"\n<div class=\"wp-block-columns has-2-columns is-layout-flex wp-container-core-columns-is-layout-9d6595d7 wp-block-columns-is-layout-flex\">\n<div class=\"wp-block-column is-layout-flow wp-block-column-is-layout-flow\">\n<p><strong>Holzbungalow<\/strong> f\u00fcr bis zu 5 Personen, der Komfort und Funktionalit\u00e4t in jedem Winkel bietet. Er verf\u00fcgt \u00fcber eine voll ausgestattete Wohnk\u00fcche mit Schlafsofa, ein Badezimmer mit halber Badewanne, ein Schlafzimmer mit Doppelbett, ein Schlafzimmer mit Einzelbett und einen offenen Dachboden mit zwei Einzelbetten.<\/p>\n\n\n\n<p>Im Au\u00dfenbereich befindet sich eine gem\u00fctliche Veranda mit Tisch und St\u00fchlen. Ideal f\u00fcr Familien oder Gruppen von Freunden.<\/p>\n<\/div>\n\n\n\n<div class=\"wp-block-column is-layout-flow wp-block-column-is-layout-flow\"><div class=\"wp-block-image\">\n<figure class=\"aligncenter is-resized\"><img loading=\"lazy\" decoding=\"async\" width=\"393\" height=\"600\" src=\"https:\/\/www.penamontanesa.com\/wp-content\/uploads\/bw-3-5-pax-plano.jpg\" alt=\"\" class=\"wp-image-21181\" style=\"width:170px;height:260px\" srcset=\"https:\/\/www.penamontanesa.com\/wp-content\/uploads\/bw-3-5-pax-plano.jpg 393w, https:\/\/www.penamontanesa.com\/wp-content\/uploads\/bw-3-5-pax-plano-197x300.jpg 197w, https:\/\/www.penamontanesa.com\/wp-content\/uploads\/bw-3-5-pax-plano-157x240.jpg 157w\" sizes=\"auto, (max-width: 393px) 100vw, 393px\" \/><\/figure>\n<\/div>\n\n\n<p><\/p>\n<\/div>\n<\/div>\n\n\n\n<p class=\"custom-float has-blank-3-cleargreen-background-color has-background has-medium-font-size\">Schau mal<\/p>\n\n\n\n            \n                    <article id=\"advanced_gallery-block_4fb4374b60ca258ea5167751e048649b\" class=\"advanced_gallery alignwide columns-3\">\n                \n            <script>\n\n            $(document).ready(function() {\n              var owl = $('#id-gal-551319212');\n              owl.owlCarousel({\n                margin: 20,\n                nav: true,\n                autoplay:false,\n                loop: true,\n                dots: false,\n                responsive: {\n                  0: {\n                    items: 1\n                  },\n                  400: {\n\n                    items: 1\n                  },\n\n                  600: {\n\n                    items: 1\n                  },\n                  1000: {\n                    items: 3\n                  }\n                }\n              })\n            })\n\n            <\/script><div class=\"owl-container\"><div id=\"id-gal-551319212\" class=\"galeria clearfix galeria-slider owl-carousel\"><div class=\"item\"><a href=\"https:\/\/www.penamontanesa.com\/wp-content\/uploads\/bw-40s-1400x933.png\" id=\"thumb-63340\" class=\"image-link\"><div class=\"item-thumb cover\" style=\"background-image:url(https:\/\/www.penamontanesa.com\/wp-content\/uploads\/bw-40s-900x640.png)\"><\/div><\/a><\/div><div class=\"item\"><a href=\"https:\/\/www.penamontanesa.com\/wp-content\/uploads\/pa281116-9596-o-1400x1050.jpg\" id=\"thumb-63310\" class=\"image-link\"><div class=\"item-thumb cover\" style=\"background-image:url(https:\/\/www.penamontanesa.com\/wp-content\/uploads\/pa281116-9596-o-900x640.jpg)\"><\/div><\/a><\/div><div class=\"item\"><a href=\"https:\/\/www.penamontanesa.com\/wp-content\/uploads\/pa281123-9596-o-1400x1050.jpg\" id=\"thumb-63162\" class=\"image-link\"><div class=\"item-thumb cover\" style=\"background-image:url(https:\/\/www.penamontanesa.com\/wp-content\/uploads\/pa281123-9596-o-900x640.jpg)\"><\/div><\/a><\/div><div class=\"item\"><a href=\"https:\/\/www.penamontanesa.com\/wp-content\/uploads\/pa281119-9596-o-1400x1050.jpg\" id=\"thumb-63167\" class=\"image-link\"><div class=\"item-thumb cover\" style=\"background-image:url(https:\/\/www.penamontanesa.com\/wp-content\/uploads\/pa281119-9596-o-900x640.jpg)\"><\/div><\/a><\/div><div class=\"item\"><a href=\"https:\/\/www.penamontanesa.com\/wp-content\/uploads\/pa281124-9596-o-1400x1050.jpg\" id=\"thumb-63320\" class=\"image-link\"><div class=\"item-thumb cover\" style=\"background-image:url(https:\/\/www.penamontanesa.com\/wp-content\/uploads\/pa281124-9596-o-900x640.jpg)\"><\/div><\/a><\/div><div class=\"item\"><a href=\"https:\/\/www.penamontanesa.com\/wp-content\/uploads\/pa281121-9596-o-1400x1050.jpg\" id=\"thumb-63315\" class=\"image-link\"><div class=\"item-thumb cover\" style=\"background-image:url(https:\/\/www.penamontanesa.com\/wp-content\/uploads\/pa281121-9596-o-900x640.jpg)\"><\/div><\/a><\/div><div class=\"item\"><a href=\"https:\/\/www.penamontanesa.com\/wp-content\/uploads\/pa281128-9596-o-1400x1050.jpg\" id=\"thumb-63325\" class=\"image-link\"><div class=\"item-thumb cover\" style=\"background-image:url(https:\/\/www.penamontanesa.com\/wp-content\/uploads\/pa281128-9596-o-900x640.jpg)\"><\/div><\/a><\/div><div class=\"item\"><a href=\"https:\/\/www.penamontanesa.com\/wp-content\/uploads\/pa281139-9596-o-1400x1050.jpg\" id=\"thumb-63335\" class=\"image-link\"><div class=\"item-thumb cover\" style=\"background-image:url(https:\/\/www.penamontanesa.com\/wp-content\/uploads\/pa281139-9596-o-900x640.jpg)\"><\/div><\/a><\/div><div class=\"item\"><a href=\"https:\/\/www.penamontanesa.com\/wp-content\/uploads\/pa281134-9596-o-1400x1050.jpg\" id=\"thumb-63330\" class=\"image-link\"><div class=\"item-thumb cover\" style=\"background-image:url(https:\/\/www.penamontanesa.com\/wp-content\/uploads\/pa281134-9596-o-900x640.jpg)\"><\/div><\/a><\/div><\/div><\/div>            <\/article>\n        \n    \n\n\n\n\n\n<h2 class=\"wp-block-heading\" id=\"mce_20\">Zusammenfassung der Unterkunft<\/h2>\n\n\n\n<div class=\"wp-block-columns has-2-columns is-layout-flex wp-container-core-columns-is-layout-9d6595d7 wp-block-columns-is-layout-flex\">\n<div class=\"wp-block-column is-layout-flow wp-block-column-is-layout-flow\">\n<ul class=\"wp-block-list\">\n<li>Geschirr<\/li>\n\n\n\n<li>K\u00fchlschrank<\/li>\n\n\n\n<li>Gasherd<\/li>\n\n\n\n<li>Mikrowelle<\/li>\n<\/ul>\n<\/div>\n\n\n\n<div class=\"wp-block-column is-layout-flow wp-block-column-is-layout-flow\">\n<ul class=\"wp-block-list\">\n<li>Fernseher<\/li>\n\n\n\n<li>Heizung<\/li>\n\n\n\n<li>Klimaanlage<\/li>\n\n\n\n<li>Kostenloser Parkplatz<\/li>\n\n\n\n<li>Bettw\u00e4sche und Handt\u00fccher \u2013 nicht inbegriffen<\/li>\n<\/ul>\n<\/div>\n<\/div>\n\n\n\n<h2 class=\"wp-block-heading\">Andere Unterk\u00fcnfte<\/h2>\n\n\n\n            \n        \n        \n\n            <article id=\"featured_lodgements-block_0afd2c5ee17ba0e75641ca8a57358f29\" class=\"featured_lodgements alignwide featured-columns-3\">\n                <script>\n                    $(document).ready(function(){\n                       $(\"#featured_lodgements-block_0afd2c5ee17ba0e75641ca8a57358f29 .lodgements-slide\").owlCarousel({\n                            nav: true,\n                            dots: false,\n                            margin: 20,\n                            mouseDrag: true,\n                            responsive: {\n                                0: {\n                                    items: 1,\n                                   },\n                                768: {\n                                    items: 3,\n                                   }\n                            }\n                       });\n                    });\n\n                <\/script>\n                <div class=\"lodgements-slide owl-carousel\">\n                                \n                    \n                                        <a class=\"item-list-19022\" href=\"https:\/\/www.penamontanesa.com\/de\/unterkunfte\/bungalow-2-personas\/\">\n                                                                                                                                        <div class=\"item-list-thumb-wrapper\">\n                            <div class=\"item-list-thumb cover\" style=\"background-image:url(https:\/\/www.penamontanesa.com\/wp-content\/uploads\/madera-1-1-640x480.jpg)\"><\/div>\n                        <\/div>\n                                                        <p class=\"icon-house has-medium-font-size\">Bungalow 2 Personen<span class=\"has-normal-font-size\">Ab 58\u20ac<\/span><\/p>\n\n                    <\/a>\n                    \n                \n                    \n                                        <a class=\"item-list-23599\" href=\"https:\/\/www.penamontanesa.com\/de\/unterkunfte\/bungalow-5-personen\/\">\n                                                                                                                                        <div class=\"item-list-thumb-wrapper\">\n                            <div class=\"item-list-thumb cover\" style=\"background-image:url(https:\/\/www.penamontanesa.com\/wp-content\/uploads\/mg-7418-640x480.jpg)\"><\/div>\n                        <\/div>\n                                                        <p class=\"icon-house has-medium-font-size\">Familienbungalow<span class=\"has-normal-font-size\">Ab 87\u20ac<\/span><\/p>\n\n                    <\/a>\n                    \n                \n                    \n                                        <a class=\"item-list-63185\" href=\"https:\/\/www.penamontanesa.com\/de\/unterkunfte\/cabana-5-personas\/\">\n                                                                                                                                        <div class=\"item-list-thumb-wrapper\">\n                            <div class=\"item-list-thumb cover\" style=\"background-image:url(https:\/\/www.penamontanesa.com\/wp-content\/uploads\/cabana-nordica-640x480.png)\"><\/div>\n                        <\/div>\n                                                        <p class=\"icon-house has-medium-font-size\">Ferienhaus pyren\u00e4en<span class=\"has-normal-font-size\">Ab 100\u20ac<\/span><\/p>\n\n                    <\/a>\n                    \n                \n                    \n                                        <a class=\"item-list-23623\" href=\"https:\/\/www.penamontanesa.com\/de\/unterkunfte\/mobilhome-4-personen\/\">\n                                                                                                                                        <div class=\"item-list-thumb-wrapper\">\n                            <div class=\"item-list-thumb cover\" style=\"background-image:url(https:\/\/www.penamontanesa.com\/wp-content\/uploads\/movil-2-640x480.jpg)\"><\/div>\n                        <\/div>\n                                                        <p class=\"icon-house has-medium-font-size\">Mobilhome<span class=\"has-normal-font-size\">Ab 66\u20ac<\/span><\/p>\n\n                    <\/a>\n                    \n                                <\/div>\n            <\/article>\n                            <p style=\"background-color:#d3e5cf\" class=\"has-background featured-float\"><\/p>\n                    \n    \n\n\n","protected":false},"excerpt":{"rendered":"<p>Holzbungalow f\u00fcr bis zu 5 Personen, der Komfort und Funktionalit\u00e4t [&hellip;]<\/p>\n","protected":false},"author":1,"featured_media":63340,"parent":22933,"menu_order":5,"comment_status":"closed","ping_status":"closed","template":"templates\/tmpl-alojamiento.php","meta":{"_acf_changed":false,"footnotes":""},"class_list":["post-63370","page","type-page","status-publish","has-post-thumbnail","hentry","equipment-1-einzelbett","equipment-koje"],"acf":[],"yoast_head":"<!-- This site is optimized with the Yoast SEO plugin v26.5 - https:\/\/yoast.com\/wordpress\/plugins\/seo\/ -->\n<title>Bungalow familiar - Camping Pe\u00f1a Monta\u00f1esa<\/title>\n<meta name=\"robots\" content=\"index, follow, max-snippet:-1, max-image-preview:large, max-video-preview:-1\" \/>\n<link rel=\"canonical\" href=\"https:\/\/www.penamontanesa.com\/de\/unterkunfte\/holzbungalow-5-personen\/\" \/>\n<meta property=\"og:locale\" content=\"de_DE\" \/>\n<meta property=\"og:type\" content=\"article\" \/>\n<meta property=\"og:title\" content=\"Bungalow familiar - Camping Pe\u00f1a Monta\u00f1esa\" \/>\n<meta property=\"og:description\" content=\"Holzbungalow f\u00fcr bis zu 5 Personen, der Komfort und Funktionalit\u00e4t [&hellip;]\" \/>\n<meta property=\"og:url\" content=\"https:\/\/www.penamontanesa.com\/de\/unterkunfte\/holzbungalow-5-personen\/\" \/>\n<meta property=\"og:site_name\" content=\"Camping Pe\u00f1a Monta\u00f1esa\" \/>\n<meta property=\"article:modified_time\" content=\"2026-01-29T00:38:36+00:00\" \/>\n<meta property=\"og:image\" content=\"https:\/\/www.penamontanesa.com\/wp-content\/uploads\/bw-40s-1024x683.png\" \/>\n\t<meta property=\"og:image:width\" content=\"1024\" \/>\n\t<meta property=\"og:image:height\" content=\"683\" \/>\n\t<meta property=\"og:image:type\" content=\"image\/png\" \/>\n<meta name=\"twitter:card\" content=\"summary_large_image\" \/>\n<meta name=\"twitter:label1\" content=\"Gesch\u00e4tzte Lesezeit\" \/>\n\t<meta name=\"twitter:data1\" content=\"1\u00a0Minute\" \/>\n<script type=\"application\/ld+json\" class=\"yoast-schema-graph\">{\"@context\":\"https:\/\/schema.org\",\"@graph\":[{\"@type\":\"WebPage\",\"@id\":\"https:\/\/www.penamontanesa.com\/de\/unterkunfte\/holzbungalow-5-personen\/\",\"url\":\"https:\/\/www.penamontanesa.com\/de\/unterkunfte\/holzbungalow-5-personen\/\",\"name\":\"Bungalow familiar - Camping Pe\u00f1a Monta\u00f1esa\",\"isPartOf\":{\"@id\":\"https:\/\/www.penamontanesa.com\/de\/#website\"},\"primaryImageOfPage\":{\"@id\":\"https:\/\/www.penamontanesa.com\/de\/unterkunfte\/holzbungalow-5-personen\/#primaryimage\"},\"image\":{\"@id\":\"https:\/\/www.penamontanesa.com\/de\/unterkunfte\/holzbungalow-5-personen\/#primaryimage\"},\"thumbnailUrl\":\"https:\/\/www.penamontanesa.com\/wp-content\/uploads\/bw-40s.png\",\"datePublished\":\"2026-01-28T21:27:53+00:00\",\"dateModified\":\"2026-01-29T00:38:36+00:00\",\"breadcrumb\":{\"@id\":\"https:\/\/www.penamontanesa.com\/de\/unterkunfte\/holzbungalow-5-personen\/#breadcrumb\"},\"inLanguage\":\"de\",\"potentialAction\":[{\"@type\":\"ReadAction\",\"target\":[\"https:\/\/www.penamontanesa.com\/de\/unterkunfte\/holzbungalow-5-personen\/\"]}]},{\"@type\":\"ImageObject\",\"inLanguage\":\"de\",\"@id\":\"https:\/\/www.penamontanesa.com\/de\/unterkunfte\/holzbungalow-5-personen\/#primaryimage\",\"url\":\"https:\/\/www.penamontanesa.com\/wp-content\/uploads\/bw-40s.png\",\"contentUrl\":\"https:\/\/www.penamontanesa.com\/wp-content\/uploads\/bw-40s.png\",\"width\":1536,\"height\":1024},{\"@type\":\"BreadcrumbList\",\"@id\":\"https:\/\/www.penamontanesa.com\/de\/unterkunfte\/holzbungalow-5-personen\/#breadcrumb\",\"itemListElement\":[{\"@type\":\"ListItem\",\"position\":1,\"name\":\"Portada\",\"item\":\"https:\/\/www.penamontanesa.com\/de\/\"},{\"@type\":\"ListItem\",\"position\":2,\"name\":\"Unterk\u00fcnfte\",\"item\":\"https:\/\/www.penamontanesa.com\/de\/alojamientos\/\"},{\"@type\":\"ListItem\",\"position\":3,\"name\":\"Holzbungalow\"}]},{\"@type\":\"WebSite\",\"@id\":\"https:\/\/www.penamontanesa.com\/de\/#website\",\"url\":\"https:\/\/www.penamontanesa.com\/de\/\",\"name\":\"Camping Pe\u00f1a Monta\u00f1esa\",\"description\":\"Camping y bungalows. Ainsa Pirineos. Parque Nacional de Ordesa y Monte Perdido.\",\"publisher\":{\"@id\":\"https:\/\/www.penamontanesa.com\/de\/#organization\"},\"potentialAction\":[{\"@type\":\"SearchAction\",\"target\":{\"@type\":\"EntryPoint\",\"urlTemplate\":\"https:\/\/www.penamontanesa.com\/de\/?s={search_term_string}\"},\"query-input\":{\"@type\":\"PropertyValueSpecification\",\"valueRequired\":true,\"valueName\":\"search_term_string\"}}],\"inLanguage\":\"de\"},{\"@type\":\"Organization\",\"@id\":\"https:\/\/www.penamontanesa.com\/de\/#organization\",\"name\":\"Camping Pe\u00f1a Monta\u00f1esa\",\"url\":\"https:\/\/www.penamontanesa.com\/de\/\",\"logo\":{\"@type\":\"ImageObject\",\"inLanguage\":\"de\",\"@id\":\"https:\/\/www.penamontanesa.com\/de\/#\/schema\/logo\/image\/\",\"url\":\"https:\/\/www.penamontanesa.com\/wp-content\/uploads\/cropped-penamontanesa-logo-1-1.png\",\"contentUrl\":\"https:\/\/www.penamontanesa.com\/wp-content\/uploads\/cropped-penamontanesa-logo-1-1.png\",\"width\":420,\"height\":103,\"caption\":\"Camping Pe\u00f1a Monta\u00f1esa\"},\"image\":{\"@id\":\"https:\/\/www.penamontanesa.com\/de\/#\/schema\/logo\/image\/\"}}]}<\/script>\n<!-- \/ Yoast SEO plugin. -->","yoast_head_json":{"title":"Bungalow familiar - Camping Pe\u00f1a Monta\u00f1esa","robots":{"index":"index","follow":"follow","max-snippet":"max-snippet:-1","max-image-preview":"max-image-preview:large","max-video-preview":"max-video-preview:-1"},"canonical":"https:\/\/www.penamontanesa.com\/de\/unterkunfte\/holzbungalow-5-personen\/","og_locale":"de_DE","og_type":"article","og_title":"Bungalow familiar - Camping Pe\u00f1a Monta\u00f1esa","og_description":"Holzbungalow f\u00fcr bis zu 5 Personen, der Komfort und Funktionalit\u00e4t [&hellip;]","og_url":"https:\/\/www.penamontanesa.com\/de\/unterkunfte\/holzbungalow-5-personen\/","og_site_name":"Camping Pe\u00f1a Monta\u00f1esa","article_modified_time":"2026-01-29T00:38:36+00:00","og_image":[{"width":1024,"height":683,"url":"https:\/\/www.penamontanesa.com\/wp-content\/uploads\/bw-40s-1024x683.png","type":"image\/png"}],"twitter_card":"summary_large_image","twitter_misc":{"Gesch\u00e4tzte Lesezeit":"1\u00a0Minute"},"schema":{"@context":"https:\/\/schema.org","@graph":[{"@type":"WebPage","@id":"https:\/\/www.penamontanesa.com\/de\/unterkunfte\/holzbungalow-5-personen\/","url":"https:\/\/www.penamontanesa.com\/de\/unterkunfte\/holzbungalow-5-personen\/","name":"Bungalow familiar - Camping Pe\u00f1a Monta\u00f1esa","isPartOf":{"@id":"https:\/\/www.penamontanesa.com\/de\/#website"},"primaryImageOfPage":{"@id":"https:\/\/www.penamontanesa.com\/de\/unterkunfte\/holzbungalow-5-personen\/#primaryimage"},"image":{"@id":"https:\/\/www.penamontanesa.com\/de\/unterkunfte\/holzbungalow-5-personen\/#primaryimage"},"thumbnailUrl":"https:\/\/www.penamontanesa.com\/wp-content\/uploads\/bw-40s.png","datePublished":"2026-01-28T21:27:53+00:00","dateModified":"2026-01-29T00:38:36+00:00","breadcrumb":{"@id":"https:\/\/www.penamontanesa.com\/de\/unterkunfte\/holzbungalow-5-personen\/#breadcrumb"},"inLanguage":"de","potentialAction":[{"@type":"ReadAction","target":["https:\/\/www.penamontanesa.com\/de\/unterkunfte\/holzbungalow-5-personen\/"]}]},{"@type":"ImageObject","inLanguage":"de","@id":"https:\/\/www.penamontanesa.com\/de\/unterkunfte\/holzbungalow-5-personen\/#primaryimage","url":"https:\/\/www.penamontanesa.com\/wp-content\/uploads\/bw-40s.png","contentUrl":"https:\/\/www.penamontanesa.com\/wp-content\/uploads\/bw-40s.png","width":1536,"height":1024},{"@type":"BreadcrumbList","@id":"https:\/\/www.penamontanesa.com\/de\/unterkunfte\/holzbungalow-5-personen\/#breadcrumb","itemListElement":[{"@type":"ListItem","position":1,"name":"Portada","item":"https:\/\/www.penamontanesa.com\/de\/"},{"@type":"ListItem","position":2,"name":"Unterk\u00fcnfte","item":"https:\/\/www.penamontanesa.com\/de\/alojamientos\/"},{"@type":"ListItem","position":3,"name":"Holzbungalow"}]},{"@type":"WebSite","@id":"https:\/\/www.penamontanesa.com\/de\/#website","url":"https:\/\/www.penamontanesa.com\/de\/","name":"Camping Pe\u00f1a Monta\u00f1esa","description":"Camping y bungalows. Ainsa Pirineos. Parque Nacional de Ordesa y Monte Perdido.","publisher":{"@id":"https:\/\/www.penamontanesa.com\/de\/#organization"},"potentialAction":[{"@type":"SearchAction","target":{"@type":"EntryPoint","urlTemplate":"https:\/\/www.penamontanesa.com\/de\/?s={search_term_string}"},"query-input":{"@type":"PropertyValueSpecification","valueRequired":true,"valueName":"search_term_string"}}],"inLanguage":"de"},{"@type":"Organization","@id":"https:\/\/www.penamontanesa.com\/de\/#organization","name":"Camping Pe\u00f1a Monta\u00f1esa","url":"https:\/\/www.penamontanesa.com\/de\/","logo":{"@type":"ImageObject","inLanguage":"de","@id":"https:\/\/www.penamontanesa.com\/de\/#\/schema\/logo\/image\/","url":"https:\/\/www.penamontanesa.com\/wp-content\/uploads\/cropped-penamontanesa-logo-1-1.png","contentUrl":"https:\/\/www.penamontanesa.com\/wp-content\/uploads\/cropped-penamontanesa-logo-1-1.png","width":420,"height":103,"caption":"Camping Pe\u00f1a Monta\u00f1esa"},"image":{"@id":"https:\/\/www.penamontanesa.com\/de\/#\/schema\/logo\/image\/"}}]}},"_links":{"self":[{"href":"https:\/\/www.penamontanesa.com\/de\/wp-json\/wp\/v2\/pages\/63370","targetHints":{"allow":["GET"]}}],"collection":[{"href":"https:\/\/www.penamontanesa.com\/de\/wp-json\/wp\/v2\/pages"}],"about":[{"href":"https:\/\/www.penamontanesa.com\/de\/wp-json\/wp\/v2\/types\/page"}],"author":[{"embeddable":true,"href":"https:\/\/www.penamontanesa.com\/de\/wp-json\/wp\/v2\/users\/1"}],"replies":[{"embeddable":true,"href":"https:\/\/www.penamontanesa.com\/de\/wp-json\/wp\/v2\/comments?post=63370"}],"version-history":[{"count":6,"href":"https:\/\/www.penamontanesa.com\/de\/wp-json\/wp\/v2\/pages\/63370\/revisions"}],"predecessor-version":[{"id":63503,"href":"https:\/\/www.penamontanesa.com\/de\/wp-json\/wp\/v2\/pages\/63370\/revisions\/63503"}],"up":[{"embeddable":true,"href":"https:\/\/www.penamontanesa.com\/de\/wp-json\/wp\/v2\/pages\/22933"}],"wp:featuredmedia":[{"embeddable":true,"href":"https:\/\/www.penamontanesa.com\/de\/wp-json\/wp\/v2\/media\/63340"}],"wp:attachment":[{"href":"https:\/\/www.penamontanesa.com\/de\/wp-json\/wp\/v2\/media?parent=63370"}],"curies":[{"name":"wp","href":"https:\/\/api.w.org\/{rel}","templated":true}]}}