{"id":22902,"date":"2019-01-16T10:35:23","date_gmt":"2019-01-16T09:35:23","guid":{"rendered":"https:\/\/www.penamontanesa.com\/prix\/tarifas-camping\/"},"modified":"2026-03-08T04:49:11","modified_gmt":"2026-03-08T03:49:11","slug":"tarifs-camping","status":"publish","type":"page","link":"https:\/\/www.penamontanesa.com\/fr\/prix\/tarifs-camping\/","title":{"rendered":"Tarifs camping"},"content":{"rendered":"<table class=\"rates\">\r\n<tbody>\r\n<tr>\r\n<td>Adulte<\/td>\r\n<td class=\"temp1\">5.95 \u20ac<\/td>\r\n<td class=\"temp2\">7.50 \u20ac<\/td>\r\n<td class=\"temp3\">8.50\u20ac<\/td>\r\n<td class=\"temp4\">9.50 \u20ac<\/td>\r\n<\/tr>\r\n<tr>\r\n<td>Enfants (2 &#8211; 10 ans)<\/td>\r\n<td class=\"temp1\">5.65 \u20ac<\/td>\r\n<td class=\"temp2\">6.75 \u20ac<\/td>\r\n<td class=\"temp3\">7.95 \u20ac<\/td>\r\n<td class=\"temp4\">9.00 \u20ac<\/td>\r\n<\/tr>\r\n<tr>\r\n<td>Emplacement<\/td>\r\n<td class=\"temp1\">25.35\u20ac<\/td>\r\n<td class=\"temp2\">28.50 \u20ac<\/td>\r\n<td class=\"temp3\">34.50 \u20ac<\/td>\r\n<td class=\"temp4\">39.00 \u20ac<\/td>\r\n<\/tr>\r\n<tr>\r\n<td>Emplacement (2 Personnes)<\/td>\r\n<td class=\"temp1\">22.90 \u20ac<\/td>\r\n<td class=\"temp2\">24.50 \u20ac<\/td>\r\n<td class=\"temp3\">29.50 \u20ac<\/td>\r\n<td class=\"temp4\">33.00 \u20ac<\/td>\r\n<\/tr>\r\n<tr>\r\n<td>\u00c9lectricit\u00e9<\/td>\r\n<td class=\"temp1\">incluida<\/td>\r\n<td class=\"temp2\">incluida<\/td>\r\n<td class=\"temp3\">incluida<\/td>\r\n<td class=\"temp4\">incluida<\/td>\r\n<\/tr>\r\n<tr>\r\n<td>Chiens<\/td>\r\n<td class=\"temp1\">7.00 \u20ac<\/td>\r\n<td class=\"temp2\">7.00 \u20ac<\/td>\r\n<td class=\"temp3\">7.00 \u20ac<\/td>\r\n<td class=\"temp4\">7.00 \u20ac<\/td>\r\n<\/tr>\r\n<tr>\r\n<td>Tente Supl\u00e9mentaire<\/td>\r\n<td class=\"temp1\">7.00 \u20ac<\/td>\r\n<td class=\"temp2\">7.00 \u20ac<\/td>\r\n<td class=\"temp3\">8.50 \u20ac<\/td>\r\n<td class=\"temp4\">9.50 \u20ac<\/td>\r\n<\/tr>\r\n<tr>\r\n<td>Voiture Supl\u00e9mentaire<\/td>\r\n<td class=\"temp1\">7.00 \u20ac<\/td>\r\n<td class=\"temp2\">7.00 \u20ac<\/td>\r\n<td class=\"temp3\">8.50 \u20ac<\/td>\r\n<td class=\"temp4\">9.50 \u20ac<\/td>\r\n<\/tr>\r\n<tr>\r\n<td>Moto \/ Quad extra<\/td>\r\n<td class=\"temp1\">6.50 \u20ac<\/td>\r\n<td class=\"temp2\">7.00 \u20ac<\/td>\r\n<td class=\"temp3\">7.00 \u20ac<\/td>\r\n<td class=\"temp4\">8.00 \u20ac<\/td>\r\n<\/tr>\r\n<tr>\r\n<td>Emplacement \u00ab\u00a0DE PASO\u00a0\u00bb<\/td>\r\n<td class=\"temp1\">27.00 \u20ac<\/td>\r\n<td class=\"temp2\">30.00 \u20ac<\/td>\r\n<td class=\"temp3\">33.00 \u20ac<\/td>\r\n<td class=\"temp4\">38.00 \u20ac<\/td>\r\n<\/tr>\r\n<tr>\r\n<td>Visitors<\/td>\r\n<td class=\"temp1\">7.00 \u20ac<\/td>\r\n<td class=\"temp2\">7.00 \u20ac<\/td>\r\n<td class=\"temp3\">7.00 \u20ac<\/td>\r\n<td class=\"temp4\">9.00 \u20ac<\/td>\r\n<\/tr>\r\n<\/tbody>\r\n<\/table>\n\n\n\n<p class=\"has-blank-3-white-background-color has-background has-small-font-size\">*10% TVA Comprise<\/p>\n\n\n\n<p class=\"has-background has-small-font-size\" style=\"background-color:#ececec\"><strong>Les concepts \u00ab\u00a0Emplacement\u00a0\u00bb et \u00ab\u00a0Emplacement (2 personnes)\u00a0\u00bb comprennent:<br><\/strong>VOITURE * + CARAVANE ou TENTE**  + \u00c9LECTRICIT\u00c9 (les personnes sont ajout\u00e9es s\u00e9par\u00e9ment).<br>* 1 voiture ou deux motos<br>** Caravane ou tente familiale ou camping-car<br>** Sur chaque emplacement, seule une unit\u00e9 de camping familial est autoris\u00e9e.<br><br><strong>Le concept \u00ab\u00a0Emplacement de PASSAGE\u00a0\u00bb comprend: 2 PERSONNES + MOTORHOME + ELECTRICIT\u00c9**<\/strong><br><br>** \u00c9lectricit\u00e9 (6 Amp.).  L\u2019eau chaude et utilisation des piscines ext\u00e9rieures et de la piscine int\u00e9rieure chauff\u00e9e avec jacuzzis et installations sportives, GRATUIT.<br>** Les prix sont en euros et par nuit<br>** Les prix incluent la TVA de 10%<br>** Les cartes de cr\u00e9dit sont accept\u00e9es \u00e0 la r\u00e9ception pour payer les s\u00e9jours<\/p>\n\n\n\n<p class=\"has-background has-small-font-size\" style=\"background-color:#fdf1e3\"><strong>POLITIQUE D\u2019ANNULATION:<\/strong><br>\u2013 ANNULATION GRATUITE, si vous annulez votre r\u00e9servation plus de 7 jours \u00e0 l\u2019avance, le camping retournera la totalit\u00e9 de vos paiements sur votre compte;<br>\u2013 Si vous annulez votre r\u00e9servation moins de 7 jours \u00e0 l\u2019avance, le camping gardera l\u2019int\u00e9gralit\u00e9 du paiement;<br>\u2013 Si vous ne vous pr\u00e9sentez pas ou vous devez reduire votre s\u00e9jour, apr\u00e8s le check-in, vous devrez payer le montant total de la r\u00e9servation initiale.<\/p>\n\n\n\n<p><\/p>\n","protected":false},"excerpt":{"rendered":"<p>*10% TVA Comprise Les concepts \u00ab\u00a0Emplacement\u00a0\u00bb et \u00ab\u00a0Emplacement (2 personnes)\u00a0\u00bb [&hellip;]<\/p>\n","protected":false},"author":1,"featured_media":22929,"parent":22900,"menu_order":0,"comment_status":"closed","ping_status":"closed","template":"","meta":{"_acf_changed":false,"footnotes":""},"class_list":["post-22902","page","type-page","status-publish","has-post-thumbnail","hentry"],"acf":[],"yoast_head":"<!-- This site is optimized with the Yoast SEO plugin v26.5 - https:\/\/yoast.com\/wordpress\/plugins\/seo\/ -->\n<title>Tarifs camping - Camping Pe\u00f1a Monta\u00f1esa<\/title>\n<meta name=\"robots\" content=\"index, follow, max-snippet:-1, max-image-preview:large, max-video-preview:-1\" \/>\n<link rel=\"canonical\" href=\"https:\/\/www.penamontanesa.com\/fr\/prix\/tarifs-camping\/\" \/>\n<meta property=\"og:locale\" content=\"fr_FR\" \/>\n<meta property=\"og:type\" content=\"article\" \/>\n<meta property=\"og:title\" content=\"Tarifs camping - Camping Pe\u00f1a Monta\u00f1esa\" \/>\n<meta property=\"og:description\" content=\"*10% TVA Comprise Les concepts \u00ab\u00a0Emplacement\u00a0\u00bb et \u00ab\u00a0Emplacement (2 personnes)\u00a0\u00bb [&hellip;]\" \/>\n<meta property=\"og:url\" content=\"https:\/\/www.penamontanesa.com\/fr\/prix\/tarifs-camping\/\" \/>\n<meta property=\"og:site_name\" content=\"Camping Pe\u00f1a Monta\u00f1esa\" \/>\n<meta property=\"article:modified_time\" content=\"2026-03-08T03:49:11+00:00\" \/>\n<meta property=\"og:image\" content=\"https:\/\/www.penamontanesa.com\/wp-content\/uploads\/img-1275-custom-1.jpg\" \/>\n\t<meta property=\"og:image:width\" content=\"2000\" \/>\n\t<meta property=\"og:image:height\" content=\"1333\" \/>\n\t<meta property=\"og:image:type\" content=\"image\/jpeg\" \/>\n<meta name=\"twitter:card\" content=\"summary_large_image\" \/>\n<meta name=\"twitter:label1\" content=\"Dur\u00e9e de lecture estim\u00e9e\" \/>\n\t<meta name=\"twitter:data1\" content=\"2 minutes\" \/>\n<script type=\"application\/ld+json\" class=\"yoast-schema-graph\">{\"@context\":\"https:\/\/schema.org\",\"@graph\":[{\"@type\":\"WebPage\",\"@id\":\"https:\/\/www.penamontanesa.com\/fr\/prix\/tarifs-camping\/\",\"url\":\"https:\/\/www.penamontanesa.com\/fr\/prix\/tarifs-camping\/\",\"name\":\"Tarifs camping - Camping Pe\u00f1a Monta\u00f1esa\",\"isPartOf\":{\"@id\":\"https:\/\/www.penamontanesa.com\/fr\/#website\"},\"primaryImageOfPage\":{\"@id\":\"https:\/\/www.penamontanesa.com\/fr\/prix\/tarifs-camping\/#primaryimage\"},\"image\":{\"@id\":\"https:\/\/www.penamontanesa.com\/fr\/prix\/tarifs-camping\/#primaryimage\"},\"thumbnailUrl\":\"https:\/\/www.penamontanesa.com\/wp-content\/uploads\/img-1275-custom-1.jpg\",\"datePublished\":\"2019-01-16T09:35:23+00:00\",\"dateModified\":\"2026-03-08T03:49:11+00:00\",\"breadcrumb\":{\"@id\":\"https:\/\/www.penamontanesa.com\/fr\/prix\/tarifs-camping\/#breadcrumb\"},\"inLanguage\":\"fr-FR\",\"potentialAction\":[{\"@type\":\"ReadAction\",\"target\":[\"https:\/\/www.penamontanesa.com\/fr\/prix\/tarifs-camping\/\"]}]},{\"@type\":\"ImageObject\",\"inLanguage\":\"fr-FR\",\"@id\":\"https:\/\/www.penamontanesa.com\/fr\/prix\/tarifs-camping\/#primaryimage\",\"url\":\"https:\/\/www.penamontanesa.com\/wp-content\/uploads\/img-1275-custom-1.jpg\",\"contentUrl\":\"https:\/\/www.penamontanesa.com\/wp-content\/uploads\/img-1275-custom-1.jpg\",\"width\":2000,\"height\":1333},{\"@type\":\"BreadcrumbList\",\"@id\":\"https:\/\/www.penamontanesa.com\/fr\/prix\/tarifs-camping\/#breadcrumb\",\"itemListElement\":[{\"@type\":\"ListItem\",\"position\":1,\"name\":\"Portada\",\"item\":\"https:\/\/www.penamontanesa.com\/fr\/\"},{\"@type\":\"ListItem\",\"position\":2,\"name\":\"Prix\",\"item\":\"https:\/\/www.penamontanesa.com\/fr\/prix\/\"},{\"@type\":\"ListItem\",\"position\":3,\"name\":\"Tarifs camping\"}]},{\"@type\":\"WebSite\",\"@id\":\"https:\/\/www.penamontanesa.com\/fr\/#website\",\"url\":\"https:\/\/www.penamontanesa.com\/fr\/\",\"name\":\"Camping Pe\u00f1a Monta\u00f1esa\",\"description\":\"Camping y bungalows. Ainsa Pirineos. Parque Nacional de Ordesa y Monte Perdido.\",\"publisher\":{\"@id\":\"https:\/\/www.penamontanesa.com\/fr\/#organization\"},\"potentialAction\":[{\"@type\":\"SearchAction\",\"target\":{\"@type\":\"EntryPoint\",\"urlTemplate\":\"https:\/\/www.penamontanesa.com\/fr\/?s={search_term_string}\"},\"query-input\":{\"@type\":\"PropertyValueSpecification\",\"valueRequired\":true,\"valueName\":\"search_term_string\"}}],\"inLanguage\":\"fr-FR\"},{\"@type\":\"Organization\",\"@id\":\"https:\/\/www.penamontanesa.com\/fr\/#organization\",\"name\":\"Camping Pe\u00f1a Monta\u00f1esa\",\"url\":\"https:\/\/www.penamontanesa.com\/fr\/\",\"logo\":{\"@type\":\"ImageObject\",\"inLanguage\":\"fr-FR\",\"@id\":\"https:\/\/www.penamontanesa.com\/fr\/#\/schema\/logo\/image\/\",\"url\":\"https:\/\/www.penamontanesa.com\/wp-content\/uploads\/cropped-penamontanesa-logo-1-1.png\",\"contentUrl\":\"https:\/\/www.penamontanesa.com\/wp-content\/uploads\/cropped-penamontanesa-logo-1-1.png\",\"width\":420,\"height\":103,\"caption\":\"Camping Pe\u00f1a Monta\u00f1esa\"},\"image\":{\"@id\":\"https:\/\/www.penamontanesa.com\/fr\/#\/schema\/logo\/image\/\"}}]}<\/script>\n<!-- \/ Yoast SEO plugin. -->","yoast_head_json":{"title":"Tarifs camping - Camping Pe\u00f1a Monta\u00f1esa","robots":{"index":"index","follow":"follow","max-snippet":"max-snippet:-1","max-image-preview":"max-image-preview:large","max-video-preview":"max-video-preview:-1"},"canonical":"https:\/\/www.penamontanesa.com\/fr\/prix\/tarifs-camping\/","og_locale":"fr_FR","og_type":"article","og_title":"Tarifs camping - Camping Pe\u00f1a Monta\u00f1esa","og_description":"*10% TVA Comprise Les concepts \u00ab\u00a0Emplacement\u00a0\u00bb et \u00ab\u00a0Emplacement (2 personnes)\u00a0\u00bb [&hellip;]","og_url":"https:\/\/www.penamontanesa.com\/fr\/prix\/tarifs-camping\/","og_site_name":"Camping Pe\u00f1a Monta\u00f1esa","article_modified_time":"2026-03-08T03:49:11+00:00","og_image":[{"width":2000,"height":1333,"url":"https:\/\/www.penamontanesa.com\/wp-content\/uploads\/img-1275-custom-1.jpg","type":"image\/jpeg"}],"twitter_card":"summary_large_image","twitter_misc":{"Dur\u00e9e de lecture estim\u00e9e":"2 minutes"},"schema":{"@context":"https:\/\/schema.org","@graph":[{"@type":"WebPage","@id":"https:\/\/www.penamontanesa.com\/fr\/prix\/tarifs-camping\/","url":"https:\/\/www.penamontanesa.com\/fr\/prix\/tarifs-camping\/","name":"Tarifs camping - Camping Pe\u00f1a Monta\u00f1esa","isPartOf":{"@id":"https:\/\/www.penamontanesa.com\/fr\/#website"},"primaryImageOfPage":{"@id":"https:\/\/www.penamontanesa.com\/fr\/prix\/tarifs-camping\/#primaryimage"},"image":{"@id":"https:\/\/www.penamontanesa.com\/fr\/prix\/tarifs-camping\/#primaryimage"},"thumbnailUrl":"https:\/\/www.penamontanesa.com\/wp-content\/uploads\/img-1275-custom-1.jpg","datePublished":"2019-01-16T09:35:23+00:00","dateModified":"2026-03-08T03:49:11+00:00","breadcrumb":{"@id":"https:\/\/www.penamontanesa.com\/fr\/prix\/tarifs-camping\/#breadcrumb"},"inLanguage":"fr-FR","potentialAction":[{"@type":"ReadAction","target":["https:\/\/www.penamontanesa.com\/fr\/prix\/tarifs-camping\/"]}]},{"@type":"ImageObject","inLanguage":"fr-FR","@id":"https:\/\/www.penamontanesa.com\/fr\/prix\/tarifs-camping\/#primaryimage","url":"https:\/\/www.penamontanesa.com\/wp-content\/uploads\/img-1275-custom-1.jpg","contentUrl":"https:\/\/www.penamontanesa.com\/wp-content\/uploads\/img-1275-custom-1.jpg","width":2000,"height":1333},{"@type":"BreadcrumbList","@id":"https:\/\/www.penamontanesa.com\/fr\/prix\/tarifs-camping\/#breadcrumb","itemListElement":[{"@type":"ListItem","position":1,"name":"Portada","item":"https:\/\/www.penamontanesa.com\/fr\/"},{"@type":"ListItem","position":2,"name":"Prix","item":"https:\/\/www.penamontanesa.com\/fr\/prix\/"},{"@type":"ListItem","position":3,"name":"Tarifs camping"}]},{"@type":"WebSite","@id":"https:\/\/www.penamontanesa.com\/fr\/#website","url":"https:\/\/www.penamontanesa.com\/fr\/","name":"Camping Pe\u00f1a Monta\u00f1esa","description":"Camping y bungalows. Ainsa Pirineos. Parque Nacional de Ordesa y Monte Perdido.","publisher":{"@id":"https:\/\/www.penamontanesa.com\/fr\/#organization"},"potentialAction":[{"@type":"SearchAction","target":{"@type":"EntryPoint","urlTemplate":"https:\/\/www.penamontanesa.com\/fr\/?s={search_term_string}"},"query-input":{"@type":"PropertyValueSpecification","valueRequired":true,"valueName":"search_term_string"}}],"inLanguage":"fr-FR"},{"@type":"Organization","@id":"https:\/\/www.penamontanesa.com\/fr\/#organization","name":"Camping Pe\u00f1a Monta\u00f1esa","url":"https:\/\/www.penamontanesa.com\/fr\/","logo":{"@type":"ImageObject","inLanguage":"fr-FR","@id":"https:\/\/www.penamontanesa.com\/fr\/#\/schema\/logo\/image\/","url":"https:\/\/www.penamontanesa.com\/wp-content\/uploads\/cropped-penamontanesa-logo-1-1.png","contentUrl":"https:\/\/www.penamontanesa.com\/wp-content\/uploads\/cropped-penamontanesa-logo-1-1.png","width":420,"height":103,"caption":"Camping Pe\u00f1a Monta\u00f1esa"},"image":{"@id":"https:\/\/www.penamontanesa.com\/fr\/#\/schema\/logo\/image\/"}}]}},"_links":{"self":[{"href":"https:\/\/www.penamontanesa.com\/fr\/wp-json\/wp\/v2\/pages\/22902","targetHints":{"allow":["GET"]}}],"collection":[{"href":"https:\/\/www.penamontanesa.com\/fr\/wp-json\/wp\/v2\/pages"}],"about":[{"href":"https:\/\/www.penamontanesa.com\/fr\/wp-json\/wp\/v2\/types\/page"}],"author":[{"embeddable":true,"href":"https:\/\/www.penamontanesa.com\/fr\/wp-json\/wp\/v2\/users\/1"}],"replies":[{"embeddable":true,"href":"https:\/\/www.penamontanesa.com\/fr\/wp-json\/wp\/v2\/comments?post=22902"}],"version-history":[{"count":12,"href":"https:\/\/www.penamontanesa.com\/fr\/wp-json\/wp\/v2\/pages\/22902\/revisions"}],"predecessor-version":[{"id":63652,"href":"https:\/\/www.penamontanesa.com\/fr\/wp-json\/wp\/v2\/pages\/22902\/revisions\/63652"}],"up":[{"embeddable":true,"href":"https:\/\/www.penamontanesa.com\/fr\/wp-json\/wp\/v2\/pages\/22900"}],"wp:featuredmedia":[{"embeddable":true,"href":"https:\/\/www.penamontanesa.com\/fr\/wp-json\/wp\/v2\/media\/22929"}],"wp:attachment":[{"href":"https:\/\/www.penamontanesa.com\/fr\/wp-json\/wp\/v2\/media?parent=22902"}],"curies":[{"name":"wp","href":"https:\/\/api.w.org\/{rel}","templated":true}]}}