{"id":22911,"date":"2019-01-16T10:09:49","date_gmt":"2019-01-16T09:09:49","guid":{"rendered":"https:\/\/www.penamontanesa.com\/parcelas\/"},"modified":"2026-03-07T14:37:30","modified_gmt":"2026-03-07T13:37:30","slug":"parcelas","status":"publish","type":"page","link":"https:\/\/www.penamontanesa.com\/fr\/parcelas\/","title":{"rendered":"Camping"},"content":{"rendered":"\n<h2 class=\"wp-block-heading\">Emplacement<\/h2>\n\n\n\n<p>Emplacements larges, avec beaucoup d&rsquo;ombre dans tout le camping. De plus, nous avons un nouveau domaine de emplacements. La plupart des <br>emplacements sont d\u00e9limit\u00e9es par des haies, ce qui leur conf\u00e8re un caract\u00e8re plus priv\u00e9.<\/p>\n\n\n\n<div class=\"wp-block-columns has-2-columns is-layout-flex wp-container-core-columns-is-layout-9d6595d7 wp-block-columns-is-layout-flex\">\n<div class=\"wp-block-column is-layout-flow wp-block-column-is-layout-flow\">\n<p class=\"has-text-align-center has-blank-3-cleargreen-background-color has-background\">Grands emplacements de camping pouvant accueillir jusqu&rsquo;\u00e0 <strong>6 personnes.<\/strong><br><\/p>\n\n\n\n\n    \n\n\n\n        \n        <div id=\"booking_button-block_b1c31fb414c16f390d987bf1a7d10a3b\" class=\"booking_button aligncenter\">\n            <a class=\"boton-reservar\" href=\"https:\/\/booking.penamontanesa.com\/search?lang=fr&#038;categoryIds=1\" target=\"_blank\">R\u00e9serve camping<\/a>        <\/div>\n\n\n\n\n<style type=\"text\/css\">\n    \/* Si volem afegir estils a la preview de la zona admin utilitzem la class .block-editor *\/\n    \/*.block-label {\n        font-family: -apple-system,BlinkMacSystemFont,\"Segoe UI\",Roboto,Oxygen-Sans,Ubuntu,Cantarell,\"Helvetica Neue\",sans-serif;\n        font-size: 11px;\n        padding: 4px 4px;\n        background: #007cba;\n        color: #fff;\n    }\n    .block-editor .booking_button {\n        text-align: center;\n\n    }\n    .block-editor .booking_button a {\n        padding: 12px 24px;\n        font-size: 18px;\n        background: black;\n        border-radius: 50px;\n        white-space: nowrap;\n        overflow: hidden;\n        text-overflow: ellipsis;\n        color: white;\n    }*\/\n    \/* Podem utilitzar el identificador especific del block $id *\/\n    .block-editor #booking_button-block_b1c31fb414c16f390d987bf1a7d10a3b {\n        padding: 10px;\n        min-height: 30px;\n    }\n\n\n<\/style>\n\n\n\n<div class=\"wp-block-button is-style-custom-button-style aligncenter\"><a class=\"wp-block-button__link wp-element-button\" href=\"https:\/\/www.penamontanesa.com\/fr\/prix\/tarifs-camping\/\">Voir les tarifs 2026<\/a><\/div>\n\n\n\n<p><\/p>\n<\/div>\n\n\n\n<div class=\"wp-block-column is-layout-flow wp-block-column-is-layout-flow\">\n<p class=\"has-text-align-center has-background\" style=\"background-color:#d3e5cf\"><strong>Tarif sp\u00e9cial<\/strong> * pour les parcelles occup\u00e9es par 2 personnes. <br>* n&rsquo;inclut pas les personnes<br><\/p>\n\n\n\n\n    \n\n\n\n        \n        <div id=\"booking_button-block_6c4a4fb02e5e4b08ed03833d2d696c11\" class=\"booking_button aligncenter\">\n            <a class=\"boton-reservar\" href=\"https:\/\/booking.penamontanesa.com\/search?lang=fr&#038;categoryIds=8\" target=\"_blank\">R\u00e9serve camping (2 personnes)<\/a>        <\/div>\n\n\n\n\n<style type=\"text\/css\">\n    \/* Si volem afegir estils a la preview de la zona admin utilitzem la class .block-editor *\/\n    \/*.block-label {\n        font-family: -apple-system,BlinkMacSystemFont,\"Segoe UI\",Roboto,Oxygen-Sans,Ubuntu,Cantarell,\"Helvetica Neue\",sans-serif;\n        font-size: 11px;\n        padding: 4px 4px;\n        background: #007cba;\n        color: #fff;\n    }\n    .block-editor .booking_button {\n        text-align: center;\n\n    }\n    .block-editor .booking_button a {\n        padding: 12px 24px;\n        font-size: 18px;\n        background: black;\n        border-radius: 50px;\n        white-space: nowrap;\n        overflow: hidden;\n        text-overflow: ellipsis;\n        color: white;\n    }*\/\n    \/* Podem utilitzar el identificador especific del block $id *\/\n    .block-editor #booking_button-block_6c4a4fb02e5e4b08ed03833d2d696c11 {\n        padding: 10px;\n        min-height: 30px;\n    }\n\n\n<\/style>\n\n\n\n<p><\/p>\n<\/div>\n<\/div>\n\n\n\n<h3 class=\"wp-block-heading\">Description<\/h3>\n\n\n\n<div class=\"wp-block-columns has-2-columns is-layout-flex wp-container-core-columns-is-layout-9d6595d7 wp-block-columns-is-layout-flex\">\n<div class=\"wp-block-column is-layout-flow wp-block-column-is-layout-flow\">\n<ul class=\"wp-block-list\">\n<li>Eau chaude gratuite<\/li>\n\n\n\n<li>Branchements \u00e9lectriques dans tout le camping<\/li>\n\n\n\n<li>Articles de toilette adapt\u00e9s pour les b\u00e9b\u00e9s<\/li>\n\n\n\n<li>Zones vertes<\/li>\n\n\n\n<li>Terrains de jeux<\/li>\n<\/ul>\n<\/div>\n\n\n\n<div class=\"wp-block-column is-layout-flow wp-block-column-is-layout-flow\">\n<ul class=\"wp-block-list\">\n<li>Toilettes adapt\u00e9es aux personnes \u00e0 mobilit\u00e9 r\u00e9duite<\/li>\n\n\n\n<li>Garde des caravanes en hiver<\/li>\n\n\n\n<li>Animaux admis (toujours attach\u00e9s)<\/li>\n\n\n\n<li>Blanchisserie, location de r\u00e9frig\u00e9rateurs<br><\/li>\n<\/ul>\n<\/div>\n<\/div>\n\n\n\n<div class=\"wp-block-cover alignfull is-light\"><img decoding=\"async\" class=\"wp-block-cover__image-background wp-image-19765\" src=\"https:\/\/www.penamontanesa.com\/wp-content\/uploads\/pena-montanesa-0050.jpg\" data-object-fit=\"cover\"\/><span aria-hidden=\"true\" class=\"wp-block-cover__background has-background-dim-20 has-background-dim\"><\/span><div class=\"wp-block-cover__inner-container is-layout-flow wp-block-cover-is-layout-flow\">\n<p class=\"has-text-align-center has-large-font-size\">Camping tr\u00e8s bois\u00e9.<br> &nbsp;Catalpas, moreras, chopos.<\/p>\n<\/div><\/div>\n\n\n\n<h2 class=\"wp-block-heading\">Virtual tour<\/h2>\n\n\n\n<iframe loading=\"lazy\" src=\"https:\/\/www.google.com\/maps\/embed?pb=!4v1550564006053!6m8!1m7!1sCAoSLEFGMVFpcFBZb25ObjMzZjNYNmFIZ1l3QUZRa0Z4SHBaNHlVMGQybEdiNExU!2m2!1d42.43552654623289!2d0.1351770027630437!3f347.22!4f0!5f0.8160813932612223\" style=\"border:0\" allowfullscreen=\"\" width=\"100%\" height=\"450\" frameborder=\"0\"><\/iframe>\n\n\n\n<h2 class=\"wp-block-heading\">H\u00e9bergement<br><\/h2>\n\n\n\n            \n        \n        \n\n            <article id=\"featured_lodgements-block_509d168f0f955b1f3e08df3acce2418f\" class=\"featured_lodgements alignwide featured-columns-4\">\n                <script>\n                    $(document).ready(function(){\n                       $(\"#featured_lodgements-block_509d168f0f955b1f3e08df3acce2418f .lodgements-slide\").owlCarousel({\n                            nav: true,\n                            dots: false,\n                            margin: 20,\n                            mouseDrag: true,\n                            responsive: {\n                                0: {\n                                    items: 1,\n                                   },\n                                768: {\n                                    items: 4,\n                                   }\n                            }\n                       });\n                    });\n\n                <\/script>\n                <div class=\"lodgements-slide owl-carousel\">\n                                \n                    \n                                        <a class=\"item-list-23276\" href=\"https:\/\/www.penamontanesa.com\/fr\/hebergement\/bungalow-2-personen\/\">\n                                                                                                                                        <div class=\"item-list-thumb-wrapper\">\n                            <div class=\"item-list-thumb cover\" style=\"background-image:url(https:\/\/www.penamontanesa.com\/wp-content\/uploads\/madera-1-1-640x480.jpg)\"><\/div>\n                        <\/div>\n                                                        <p class=\"icon-house has-medium-font-size\">Bungalow 2 personnes<span class=\"has-normal-font-size\">A partir de 58\u20ac<\/span><\/p>\n\n                    <\/a>\n                    \n                \n                    \n                                        <a class=\"item-list-23289\" href=\"https:\/\/www.penamontanesa.com\/fr\/?page_id=23289\">\n                                                                                                                                        <div class=\"item-list-thumb-wrapper\">\n                            <div class=\"item-list-thumb cover\" style=\"background-image:url(https:\/\/www.penamontanesa.com\/wp-content\/uploads\/mg-7429-1-640x480.jpg)\"><\/div>\n                        <\/div>\n                                                        <p class=\"icon-house has-medium-font-size\">Priv\u00e9\u00a0: Bungalow 3 personnes<span class=\"has-normal-font-size\">A partir de 69\u20ac<\/span><\/p>\n\n                    <\/a>\n                    \n                \n                    \n                                        <a class=\"item-list-23294\" href=\"https:\/\/www.penamontanesa.com\/fr\/?page_id=23294\">\n                                                                                                                                        <div class=\"item-list-thumb-wrapper\">\n                            <div class=\"item-list-thumb cover\" style=\"background-image:url(https:\/\/www.penamontanesa.com\/wp-content\/uploads\/madera-9-640x480.jpg)\"><\/div>\n                        <\/div>\n                                                        <p class=\"icon-house has-medium-font-size\">Priv\u00e9\u00a0: Bungalow 4 personnes<span class=\"has-normal-font-size\">A partir 86\u20ac<\/span><\/p>\n\n                    <\/a>\n                    \n                \n                    \n                                        <a class=\"item-list-23296\" href=\"https:\/\/www.penamontanesa.com\/fr\/hebergement\/bungalow-5-personnes\/\">\n                                                                                                                                        <div class=\"item-list-thumb-wrapper\">\n                            <div class=\"item-list-thumb cover\" style=\"background-image:url(https:\/\/www.penamontanesa.com\/wp-content\/uploads\/mg-7418-640x480.jpg)\"><\/div>\n                        <\/div>\n                                                        <p class=\"icon-house has-medium-font-size\">Bungalow familial<span class=\"has-normal-font-size\">A partir de 87\u20ac<\/span><\/p>\n\n                    <\/a>\n                    \n                \n                    \n                                        <a class=\"item-list-23302\" href=\"https:\/\/www.penamontanesa.com\/fr\/?page_id=23302\">\n                                                                                                                                        <div class=\"item-list-thumb-wrapper\">\n                            <div class=\"item-list-thumb cover\" style=\"background-image:url(https:\/\/www.penamontanesa.com\/wp-content\/uploads\/movil-7-640x480.jpg)\"><\/div>\n                        <\/div>\n                                                        <p class=\"icon-house has-medium-font-size\">Priv\u00e9\u00a0: Mobilhome 2 personnes<span class=\"has-normal-font-size\">A partir de 51\u20ac<\/span><\/p>\n\n                    <\/a>\n                    \n                \n                    \n                                        <a class=\"item-list-23311\" href=\"https:\/\/www.penamontanesa.com\/fr\/?page_id=23311\">\n                                                                                                                                        <div class=\"item-list-thumb-wrapper\">\n                            <div class=\"item-list-thumb cover\" style=\"background-image:url(https:\/\/www.penamontanesa.com\/wp-content\/uploads\/movil-2-640x480.jpg)\"><\/div>\n                        <\/div>\n                                                        <p class=\"icon-house has-medium-font-size\">Priv\u00e9\u00a0: Mobilhome 3 personnes<span class=\"has-normal-font-size\">A partir de 65\u20ac<\/span><\/p>\n\n                    <\/a>\n                    \n                \n                    \n                                        <a class=\"item-list-23316\" href=\"https:\/\/www.penamontanesa.com\/fr\/hebergement\/mobilhome-4-personnes\/\">\n                                                                                                                                        <div class=\"item-list-thumb-wrapper\">\n                            <div class=\"item-list-thumb cover\" style=\"background-image:url(https:\/\/www.penamontanesa.com\/wp-content\/uploads\/movil-2-640x480.jpg)\"><\/div>\n                        <\/div>\n                                                        <p class=\"icon-house has-medium-font-size\">Mobilhome<span class=\"has-normal-font-size\">A partir de 79\u20ac<\/span><\/p>\n\n                    <\/a>\n                    \n                                <\/div>\n            <\/article>\n                            <p style=\"background-color:#d3e5cf\" class=\"has-background featured-float\"><\/p>\n                    \n    \n\n\n","protected":false},"excerpt":{"rendered":"<p>Emplacement Emplacements larges, avec beaucoup d&rsquo;ombre dans tout le camping. [&hellip;]<\/p>\n","protected":false},"author":1,"featured_media":0,"parent":0,"menu_order":10,"comment_status":"closed","ping_status":"closed","template":"templates\/tmpl-alojamiento.php","meta":{"_acf_changed":false,"footnotes":""},"class_list":["post-22911","page","type-page","status-publish","hentry"],"acf":[],"yoast_head":"<!-- This site is optimized with the Yoast SEO plugin v26.5 - https:\/\/yoast.com\/wordpress\/plugins\/seo\/ -->\n<title>Camping - Camping Pe\u00f1a Monta\u00f1esa<\/title>\n<meta name=\"robots\" content=\"index, follow, max-snippet:-1, max-image-preview:large, max-video-preview:-1\" \/>\n<link rel=\"canonical\" href=\"https:\/\/www.penamontanesa.com\/fr\/parcelas\/\" \/>\n<meta property=\"og:locale\" content=\"fr_FR\" \/>\n<meta property=\"og:type\" content=\"article\" \/>\n<meta property=\"og:title\" content=\"Camping - Camping Pe\u00f1a Monta\u00f1esa\" \/>\n<meta property=\"og:description\" content=\"Emplacement Emplacements larges, avec beaucoup d&rsquo;ombre dans tout le camping. [&hellip;]\" \/>\n<meta property=\"og:url\" content=\"https:\/\/www.penamontanesa.com\/fr\/parcelas\/\" \/>\n<meta property=\"og:site_name\" content=\"Camping Pe\u00f1a Monta\u00f1esa\" \/>\n<meta property=\"article:modified_time\" content=\"2026-03-07T13:37:30+00:00\" \/>\n<meta name=\"twitter:card\" content=\"summary_large_image\" \/>\n<meta name=\"twitter:label1\" content=\"Dur\u00e9e de lecture estim\u00e9e\" \/>\n\t<meta name=\"twitter:data1\" content=\"1 minute\" \/>\n<script type=\"application\/ld+json\" class=\"yoast-schema-graph\">{\"@context\":\"https:\/\/schema.org\",\"@graph\":[{\"@type\":\"WebPage\",\"@id\":\"https:\/\/www.penamontanesa.com\/fr\/parcelas\/\",\"url\":\"https:\/\/www.penamontanesa.com\/fr\/parcelas\/\",\"name\":\"Camping - Camping Pe\u00f1a Monta\u00f1esa\",\"isPartOf\":{\"@id\":\"https:\/\/www.penamontanesa.com\/fr\/#website\"},\"primaryImageOfPage\":{\"@id\":\"https:\/\/www.penamontanesa.com\/fr\/parcelas\/#primaryimage\"},\"image\":{\"@id\":\"https:\/\/www.penamontanesa.com\/fr\/parcelas\/#primaryimage\"},\"thumbnailUrl\":\"https:\/\/www.penamontanesa.com\/wp-content\/uploads\/pena-montanesa-0050.jpg\",\"datePublished\":\"2019-01-16T09:09:49+00:00\",\"dateModified\":\"2026-03-07T13:37:30+00:00\",\"breadcrumb\":{\"@id\":\"https:\/\/www.penamontanesa.com\/fr\/parcelas\/#breadcrumb\"},\"inLanguage\":\"fr-FR\",\"potentialAction\":[{\"@type\":\"ReadAction\",\"target\":[\"https:\/\/www.penamontanesa.com\/fr\/parcelas\/\"]}]},{\"@type\":\"ImageObject\",\"inLanguage\":\"fr-FR\",\"@id\":\"https:\/\/www.penamontanesa.com\/fr\/parcelas\/#primaryimage\",\"url\":\"https:\/\/www.penamontanesa.com\/wp-content\/uploads\/pena-montanesa-0050.jpg\",\"contentUrl\":\"https:\/\/www.penamontanesa.com\/wp-content\/uploads\/pena-montanesa-0050.jpg\"},{\"@type\":\"BreadcrumbList\",\"@id\":\"https:\/\/www.penamontanesa.com\/fr\/parcelas\/#breadcrumb\",\"itemListElement\":[{\"@type\":\"ListItem\",\"position\":1,\"name\":\"Portada\",\"item\":\"https:\/\/www.penamontanesa.com\/fr\/\"},{\"@type\":\"ListItem\",\"position\":2,\"name\":\"Camping\"}]},{\"@type\":\"WebSite\",\"@id\":\"https:\/\/www.penamontanesa.com\/fr\/#website\",\"url\":\"https:\/\/www.penamontanesa.com\/fr\/\",\"name\":\"Camping Pe\u00f1a Monta\u00f1esa\",\"description\":\"Camping y bungalows. Ainsa Pirineos. Parque Nacional de Ordesa y Monte Perdido.\",\"publisher\":{\"@id\":\"https:\/\/www.penamontanesa.com\/fr\/#organization\"},\"potentialAction\":[{\"@type\":\"SearchAction\",\"target\":{\"@type\":\"EntryPoint\",\"urlTemplate\":\"https:\/\/www.penamontanesa.com\/fr\/?s={search_term_string}\"},\"query-input\":{\"@type\":\"PropertyValueSpecification\",\"valueRequired\":true,\"valueName\":\"search_term_string\"}}],\"inLanguage\":\"fr-FR\"},{\"@type\":\"Organization\",\"@id\":\"https:\/\/www.penamontanesa.com\/fr\/#organization\",\"name\":\"Camping Pe\u00f1a Monta\u00f1esa\",\"url\":\"https:\/\/www.penamontanesa.com\/fr\/\",\"logo\":{\"@type\":\"ImageObject\",\"inLanguage\":\"fr-FR\",\"@id\":\"https:\/\/www.penamontanesa.com\/fr\/#\/schema\/logo\/image\/\",\"url\":\"https:\/\/www.penamontanesa.com\/wp-content\/uploads\/cropped-penamontanesa-logo-1-1.png\",\"contentUrl\":\"https:\/\/www.penamontanesa.com\/wp-content\/uploads\/cropped-penamontanesa-logo-1-1.png\",\"width\":420,\"height\":103,\"caption\":\"Camping Pe\u00f1a Monta\u00f1esa\"},\"image\":{\"@id\":\"https:\/\/www.penamontanesa.com\/fr\/#\/schema\/logo\/image\/\"}}]}<\/script>\n<!-- \/ Yoast SEO plugin. -->","yoast_head_json":{"title":"Camping - Camping Pe\u00f1a Monta\u00f1esa","robots":{"index":"index","follow":"follow","max-snippet":"max-snippet:-1","max-image-preview":"max-image-preview:large","max-video-preview":"max-video-preview:-1"},"canonical":"https:\/\/www.penamontanesa.com\/fr\/parcelas\/","og_locale":"fr_FR","og_type":"article","og_title":"Camping - Camping Pe\u00f1a Monta\u00f1esa","og_description":"Emplacement Emplacements larges, avec beaucoup d&rsquo;ombre dans tout le camping. [&hellip;]","og_url":"https:\/\/www.penamontanesa.com\/fr\/parcelas\/","og_site_name":"Camping Pe\u00f1a Monta\u00f1esa","article_modified_time":"2026-03-07T13:37:30+00:00","twitter_card":"summary_large_image","twitter_misc":{"Dur\u00e9e de lecture estim\u00e9e":"1 minute"},"schema":{"@context":"https:\/\/schema.org","@graph":[{"@type":"WebPage","@id":"https:\/\/www.penamontanesa.com\/fr\/parcelas\/","url":"https:\/\/www.penamontanesa.com\/fr\/parcelas\/","name":"Camping - Camping Pe\u00f1a Monta\u00f1esa","isPartOf":{"@id":"https:\/\/www.penamontanesa.com\/fr\/#website"},"primaryImageOfPage":{"@id":"https:\/\/www.penamontanesa.com\/fr\/parcelas\/#primaryimage"},"image":{"@id":"https:\/\/www.penamontanesa.com\/fr\/parcelas\/#primaryimage"},"thumbnailUrl":"https:\/\/www.penamontanesa.com\/wp-content\/uploads\/pena-montanesa-0050.jpg","datePublished":"2019-01-16T09:09:49+00:00","dateModified":"2026-03-07T13:37:30+00:00","breadcrumb":{"@id":"https:\/\/www.penamontanesa.com\/fr\/parcelas\/#breadcrumb"},"inLanguage":"fr-FR","potentialAction":[{"@type":"ReadAction","target":["https:\/\/www.penamontanesa.com\/fr\/parcelas\/"]}]},{"@type":"ImageObject","inLanguage":"fr-FR","@id":"https:\/\/www.penamontanesa.com\/fr\/parcelas\/#primaryimage","url":"https:\/\/www.penamontanesa.com\/wp-content\/uploads\/pena-montanesa-0050.jpg","contentUrl":"https:\/\/www.penamontanesa.com\/wp-content\/uploads\/pena-montanesa-0050.jpg"},{"@type":"BreadcrumbList","@id":"https:\/\/www.penamontanesa.com\/fr\/parcelas\/#breadcrumb","itemListElement":[{"@type":"ListItem","position":1,"name":"Portada","item":"https:\/\/www.penamontanesa.com\/fr\/"},{"@type":"ListItem","position":2,"name":"Camping"}]},{"@type":"WebSite","@id":"https:\/\/www.penamontanesa.com\/fr\/#website","url":"https:\/\/www.penamontanesa.com\/fr\/","name":"Camping Pe\u00f1a Monta\u00f1esa","description":"Camping y bungalows. Ainsa Pirineos. Parque Nacional de Ordesa y Monte Perdido.","publisher":{"@id":"https:\/\/www.penamontanesa.com\/fr\/#organization"},"potentialAction":[{"@type":"SearchAction","target":{"@type":"EntryPoint","urlTemplate":"https:\/\/www.penamontanesa.com\/fr\/?s={search_term_string}"},"query-input":{"@type":"PropertyValueSpecification","valueRequired":true,"valueName":"search_term_string"}}],"inLanguage":"fr-FR"},{"@type":"Organization","@id":"https:\/\/www.penamontanesa.com\/fr\/#organization","name":"Camping Pe\u00f1a Monta\u00f1esa","url":"https:\/\/www.penamontanesa.com\/fr\/","logo":{"@type":"ImageObject","inLanguage":"fr-FR","@id":"https:\/\/www.penamontanesa.com\/fr\/#\/schema\/logo\/image\/","url":"https:\/\/www.penamontanesa.com\/wp-content\/uploads\/cropped-penamontanesa-logo-1-1.png","contentUrl":"https:\/\/www.penamontanesa.com\/wp-content\/uploads\/cropped-penamontanesa-logo-1-1.png","width":420,"height":103,"caption":"Camping Pe\u00f1a Monta\u00f1esa"},"image":{"@id":"https:\/\/www.penamontanesa.com\/fr\/#\/schema\/logo\/image\/"}}]}},"_links":{"self":[{"href":"https:\/\/www.penamontanesa.com\/fr\/wp-json\/wp\/v2\/pages\/22911","targetHints":{"allow":["GET"]}}],"collection":[{"href":"https:\/\/www.penamontanesa.com\/fr\/wp-json\/wp\/v2\/pages"}],"about":[{"href":"https:\/\/www.penamontanesa.com\/fr\/wp-json\/wp\/v2\/types\/page"}],"author":[{"embeddable":true,"href":"https:\/\/www.penamontanesa.com\/fr\/wp-json\/wp\/v2\/users\/1"}],"replies":[{"embeddable":true,"href":"https:\/\/www.penamontanesa.com\/fr\/wp-json\/wp\/v2\/comments?post=22911"}],"version-history":[{"count":11,"href":"https:\/\/www.penamontanesa.com\/fr\/wp-json\/wp\/v2\/pages\/22911\/revisions"}],"predecessor-version":[{"id":63539,"href":"https:\/\/www.penamontanesa.com\/fr\/wp-json\/wp\/v2\/pages\/22911\/revisions\/63539"}],"wp:attachment":[{"href":"https:\/\/www.penamontanesa.com\/fr\/wp-json\/wp\/v2\/media?parent=22911"}],"curies":[{"name":"wp","href":"https:\/\/api.w.org\/{rel}","templated":true}]}}