{"id":22942,"date":"2019-01-16T10:10:08","date_gmt":"2019-01-16T09:10:08","guid":{"rendered":"https:\/\/www.penamontanesa.com\/instalaciones\/"},"modified":"2019-03-13T16:26:42","modified_gmt":"2019-03-13T15:26:42","slug":"installations","status":"publish","type":"page","link":"https:\/\/www.penamontanesa.com\/fr\/installations\/","title":{"rendered":"installations"},"content":{"rendered":"\n<p>\u00c0 la <strong>r\u00e9ception du camping<\/strong>, nous serons heureux de vous informer sur les itin\u00e9raires et les visites de la r\u00e9gion: charmants villages et le parc national d&rsquo;Ordesa et Monte Perdido.<br><\/p>\n\n\n\n<p style=\"background-color:#d3e5cf\" class=\"has-background custom-float\">Nos heures de r\u00e9ception sont de <strong>08:00 h. jusqu&rsquo;\u00e0 22h30<\/strong><\/p>\n\n\n\n<div class=\"wp-block-cover has-blank-3-black-background-color alignwide is-layout-flow wp-block-cover-is-layout-flow\"><video class=\"wp-block-cover__video-background\" autoplay muted loop src=\"https:\/\/www.penamontanesa.com\/wp-content\/uploads\/pena-montanesa-instalaciones.mp4\"><\/video><\/div>\n\n\n\n            \n        \n        \n\n            <article id=\"featured_lodgements-block_5c50229a8e2e4\" class=\"featured_lodgements aligncenter featured-columns-2\">\n                <script>\n                    $(document).ready(function(){\n                       $(\"#featured_lodgements-block_5c50229a8e2e4 .lodgements-slide\").owlCarousel({\n                            nav: true,\n                            dots: false,\n                            margin: 20,\n                            mouseDrag: false,\n                            responsive: {\n                                0: {\n                                    items: 1,\n                                   },\n                                768: {\n                                    items: 2,\n                                   }\n                            }\n                       });\n                    });\n\n                <\/script>\n                <div class=\"lodgements-slide owl-carousel\">\n                                \n                    \n                                        <a class=\"item-list-19036\" href=\"https:\/\/www.penamontanesa.com\/fr\/installations\/piscines-exterieures-spa\/\">\n                                                                                                                                        <div class=\"item-list-thumb-wrapper\">\n                            <div class=\"item-list-thumb cover\" style=\"background-image:url(https:\/\/www.penamontanesa.com\/wp-content\/uploads\/img-1314-640x480.jpg)\"><\/div>\n                        <\/div>\n                                                        <p class=\"has-medium-font-size\">Piscines ext\u00e9rieures<\/p>\n\n                    <\/a>\n                    \n                \n                    \n                                        <a class=\"item-list-19038\" href=\"https:\/\/www.penamontanesa.com\/fr\/installations\/piscine-interieure-chauffee-detente\/\">\n                                                                                                                                        <div class=\"item-list-thumb-wrapper\">\n                            <div class=\"item-list-thumb cover\" style=\"background-image:url(https:\/\/www.penamontanesa.com\/wp-content\/uploads\/piscinasexteriores-18-640x480.jpg)\"><\/div>\n                        <\/div>\n                                                        <p class=\"has-medium-font-size\">Piscine int\u00e9rieure chauff\u00e9e &#8211; D\u00e9tente<\/p>\n\n                    <\/a>\n                    \n                                <\/div>\n            <\/article>\n                            <p style=\"background-color:#d3e5cf\" class=\"has-background featured-float\"><\/p>\n                    \n    \n\n\n\n\n\n<h2 class=\"wp-block-heading\" style=\"text-align:center\">Autres installations en vedette<br><\/h2>\n\n\n\n            \n        \n        \n\n            <article id=\"featured_lodgements-block_5c5022e58e2e6\" class=\"featured_lodgements  featured-columns-2\">\n                <script>\n                    $(document).ready(function(){\n                       $(\"#featured_lodgements-block_5c5022e58e2e6 .lodgements-slide\").owlCarousel({\n                            nav: true,\n                            dots: false,\n                            margin: 20,\n                            mouseDrag: false,\n                            responsive: {\n                                0: {\n                                    items: 1,\n                                   },\n                                768: {\n                                    items: 2,\n                                   }\n                            }\n                       });\n                    });\n\n                <\/script>\n                <div class=\"lodgements-slide owl-carousel\">\n                                \n                    \n                                        <a class=\"item-list-19044\" href=\"https:\/\/www.penamontanesa.com\/fr\/installations\/parques-infantiles\/\">\n                                                                                                                                        <div class=\"item-list-thumb-wrapper\">\n                            <div class=\"item-list-thumb cover\" style=\"background-image:url(https:\/\/www.penamontanesa.com\/wp-content\/uploads\/home-2-640x480.jpg)\"><\/div>\n                        <\/div>\n                                                        <p class=\"has-medium-font-size\">Terrains de jeux<\/p>\n\n                    <\/a>\n                    \n                \n                    \n                                        <a class=\"item-list-19050\" href=\"https:\/\/www.penamontanesa.com\/fr\/installations\/zone-sportive\/\">\n                                                                                                                                        <div class=\"item-list-thumb-wrapper\">\n                            <div class=\"item-list-thumb cover\" style=\"background-image:url(https:\/\/www.penamontanesa.com\/wp-content\/uploads\/mg-7684-1-640x480.jpg)\"><\/div>\n                        <\/div>\n                                                        <p class=\"has-medium-font-size\">Zone sportive<\/p>\n\n                    <\/a>\n                    \n                                <\/div>\n            <\/article>\n                            <p style=\"background-color:#d3e5cf\" class=\"has-background featured-float\"><\/p>\n                    \n    \n\n\n\n\n\n<h2 class=\"wp-block-heading\" style=\"text-align:center\">et aussi\u2026<\/h2>\n\n\n\n            \n        \n        \n\n            <article id=\"featured_lodgements-block_5c5022c58e2e5\" class=\"featured_lodgements alignwide featured-columns-4\">\n                <script>\n                    $(document).ready(function(){\n                       $(\"#featured_lodgements-block_5c5022c58e2e5 .lodgements-slide\").owlCarousel({\n                            nav: true,\n                            dots: false,\n                            margin: 20,\n                            mouseDrag: false,\n                            responsive: {\n                                0: {\n                                    items: 1,\n                                   },\n                                768: {\n                                    items: 4,\n                                   }\n                            }\n                       });\n                    });\n\n                <\/script>\n                <div class=\"lodgements-slide owl-carousel\">\n                                \n                    \n                                        <a class=\"item-list-19040\" href=\"https:\/\/www.penamontanesa.com\/fr\/installations\/chiringuito-bar-et-terrasse\/\">\n                                                                                                                                        <div class=\"item-list-thumb-wrapper\">\n                            <div class=\"item-list-thumb cover\" style=\"background-image:url(https:\/\/www.penamontanesa.com\/wp-content\/uploads\/mg-8832-640x480.jpg)\"><\/div>\n                        <\/div>\n                                                        <p class=\"has-medium-font-size\">Chiringuito bar et terrasse<\/p>\n\n                    <\/a>\n                    \n                \n                    \n                                        <a class=\"item-list-19042\" href=\"https:\/\/www.penamontanesa.com\/fr\/installations\/bar-restaurante\/\">\n                                                                                                                                        <div class=\"item-list-thumb-wrapper\">\n                            <div class=\"item-list-thumb cover\" style=\"background-image:url(https:\/\/www.penamontanesa.com\/wp-content\/uploads\/mg-7026-640x480.jpg)\"><\/div>\n                        <\/div>\n                                                        <p class=\"has-medium-font-size\">Bar restaurant<\/p>\n\n                    <\/a>\n                    \n                \n                    \n                                        <a class=\"item-list-19048\" href=\"https:\/\/www.penamontanesa.com\/fr\/installations\/supermarche\/\">\n                                                                                                                                        <div class=\"item-list-thumb-wrapper\">\n                            <div class=\"item-list-thumb cover\" style=\"background-image:url(https:\/\/www.penamontanesa.com\/wp-content\/uploads\/pena-montanesa-0087-640x480.jpg)\"><\/div>\n                        <\/div>\n                                                        <p class=\"has-medium-font-size\">Supermarch\u00e9<\/p>\n\n                    <\/a>\n                    \n                \n                    \n                                        <a class=\"item-list-19046\" href=\"https:\/\/www.penamontanesa.com\/fr\/installations\/sanitaires\/\">\n                                                                                                                                        <div class=\"item-list-thumb-wrapper\">\n                            <div class=\"item-list-thumb cover\" style=\"background-image:url(https:\/\/www.penamontanesa.com\/wp-content\/uploads\/img-9293-640x480.jpg)\"><\/div>\n                        <\/div>\n                                                        <p class=\"has-medium-font-size\">Sanitaires<\/p>\n\n                    <\/a>\n                    \n                                <\/div>\n            <\/article>\n                            <p style=\"background-color:#d3e5cf\" class=\"has-background featured-float\"><\/p>\n                    \n    \n\n\n","protected":false},"excerpt":{"rendered":"<p>\u00c0 la r\u00e9ception du camping, nous serons heureux de vous [&hellip;]<\/p>\n","protected":false},"author":1,"featured_media":0,"parent":0,"menu_order":12,"comment_status":"closed","ping_status":"closed","template":"","meta":{"_acf_changed":false,"footnotes":""},"class_list":["post-22942","page","type-page","status-publish","hentry"],"acf":[],"yoast_head":"<!-- This site is optimized with the Yoast SEO plugin v26.5 - https:\/\/yoast.com\/wordpress\/plugins\/seo\/ -->\n<title>installations - Camping Pe\u00f1a Monta\u00f1esa<\/title>\n<meta name=\"robots\" content=\"index, follow, max-snippet:-1, max-image-preview:large, max-video-preview:-1\" \/>\n<link rel=\"canonical\" href=\"https:\/\/www.penamontanesa.com\/fr\/installations\/\" \/>\n<meta property=\"og:locale\" content=\"fr_FR\" \/>\n<meta property=\"og:type\" content=\"article\" \/>\n<meta property=\"og:title\" content=\"installations - Camping Pe\u00f1a Monta\u00f1esa\" \/>\n<meta property=\"og:description\" content=\"\u00c0 la r\u00e9ception du camping, nous serons heureux de vous [&hellip;]\" \/>\n<meta property=\"og:url\" content=\"https:\/\/www.penamontanesa.com\/fr\/installations\/\" \/>\n<meta property=\"og:site_name\" content=\"Camping Pe\u00f1a Monta\u00f1esa\" \/>\n<meta property=\"article:modified_time\" content=\"2019-03-13T15:26:42+00:00\" \/>\n<meta name=\"twitter:card\" content=\"summary_large_image\" \/>\n<script type=\"application\/ld+json\" class=\"yoast-schema-graph\">{\"@context\":\"https:\/\/schema.org\",\"@graph\":[{\"@type\":\"WebPage\",\"@id\":\"https:\/\/www.penamontanesa.com\/fr\/installations\/\",\"url\":\"https:\/\/www.penamontanesa.com\/fr\/installations\/\",\"name\":\"installations - Camping Pe\u00f1a Monta\u00f1esa\",\"isPartOf\":{\"@id\":\"https:\/\/www.penamontanesa.com\/fr\/#website\"},\"datePublished\":\"2019-01-16T09:10:08+00:00\",\"dateModified\":\"2019-03-13T15:26:42+00:00\",\"breadcrumb\":{\"@id\":\"https:\/\/www.penamontanesa.com\/fr\/installations\/#breadcrumb\"},\"inLanguage\":\"fr-FR\",\"potentialAction\":[{\"@type\":\"ReadAction\",\"target\":[\"https:\/\/www.penamontanesa.com\/fr\/installations\/\"]}]},{\"@type\":\"BreadcrumbList\",\"@id\":\"https:\/\/www.penamontanesa.com\/fr\/installations\/#breadcrumb\",\"itemListElement\":[{\"@type\":\"ListItem\",\"position\":1,\"name\":\"Portada\",\"item\":\"https:\/\/www.penamontanesa.com\/fr\/\"},{\"@type\":\"ListItem\",\"position\":2,\"name\":\"installations\"}]},{\"@type\":\"WebSite\",\"@id\":\"https:\/\/www.penamontanesa.com\/fr\/#website\",\"url\":\"https:\/\/www.penamontanesa.com\/fr\/\",\"name\":\"Camping Pe\u00f1a Monta\u00f1esa\",\"description\":\"Camping y bungalows. Ainsa Pirineos. Parque Nacional de Ordesa y Monte Perdido.\",\"publisher\":{\"@id\":\"https:\/\/www.penamontanesa.com\/fr\/#organization\"},\"potentialAction\":[{\"@type\":\"SearchAction\",\"target\":{\"@type\":\"EntryPoint\",\"urlTemplate\":\"https:\/\/www.penamontanesa.com\/fr\/?s={search_term_string}\"},\"query-input\":{\"@type\":\"PropertyValueSpecification\",\"valueRequired\":true,\"valueName\":\"search_term_string\"}}],\"inLanguage\":\"fr-FR\"},{\"@type\":\"Organization\",\"@id\":\"https:\/\/www.penamontanesa.com\/fr\/#organization\",\"name\":\"Camping Pe\u00f1a Monta\u00f1esa\",\"url\":\"https:\/\/www.penamontanesa.com\/fr\/\",\"logo\":{\"@type\":\"ImageObject\",\"inLanguage\":\"fr-FR\",\"@id\":\"https:\/\/www.penamontanesa.com\/fr\/#\/schema\/logo\/image\/\",\"url\":\"https:\/\/www.penamontanesa.com\/wp-content\/uploads\/cropped-penamontanesa-logo-1-1.png\",\"contentUrl\":\"https:\/\/www.penamontanesa.com\/wp-content\/uploads\/cropped-penamontanesa-logo-1-1.png\",\"width\":420,\"height\":103,\"caption\":\"Camping Pe\u00f1a Monta\u00f1esa\"},\"image\":{\"@id\":\"https:\/\/www.penamontanesa.com\/fr\/#\/schema\/logo\/image\/\"}}]}<\/script>\n<!-- \/ Yoast SEO plugin. -->","yoast_head_json":{"title":"installations - Camping Pe\u00f1a Monta\u00f1esa","robots":{"index":"index","follow":"follow","max-snippet":"max-snippet:-1","max-image-preview":"max-image-preview:large","max-video-preview":"max-video-preview:-1"},"canonical":"https:\/\/www.penamontanesa.com\/fr\/installations\/","og_locale":"fr_FR","og_type":"article","og_title":"installations - Camping Pe\u00f1a Monta\u00f1esa","og_description":"\u00c0 la r\u00e9ception du camping, nous serons heureux de vous [&hellip;]","og_url":"https:\/\/www.penamontanesa.com\/fr\/installations\/","og_site_name":"Camping Pe\u00f1a Monta\u00f1esa","article_modified_time":"2019-03-13T15:26:42+00:00","twitter_card":"summary_large_image","schema":{"@context":"https:\/\/schema.org","@graph":[{"@type":"WebPage","@id":"https:\/\/www.penamontanesa.com\/fr\/installations\/","url":"https:\/\/www.penamontanesa.com\/fr\/installations\/","name":"installations - Camping Pe\u00f1a Monta\u00f1esa","isPartOf":{"@id":"https:\/\/www.penamontanesa.com\/fr\/#website"},"datePublished":"2019-01-16T09:10:08+00:00","dateModified":"2019-03-13T15:26:42+00:00","breadcrumb":{"@id":"https:\/\/www.penamontanesa.com\/fr\/installations\/#breadcrumb"},"inLanguage":"fr-FR","potentialAction":[{"@type":"ReadAction","target":["https:\/\/www.penamontanesa.com\/fr\/installations\/"]}]},{"@type":"BreadcrumbList","@id":"https:\/\/www.penamontanesa.com\/fr\/installations\/#breadcrumb","itemListElement":[{"@type":"ListItem","position":1,"name":"Portada","item":"https:\/\/www.penamontanesa.com\/fr\/"},{"@type":"ListItem","position":2,"name":"installations"}]},{"@type":"WebSite","@id":"https:\/\/www.penamontanesa.com\/fr\/#website","url":"https:\/\/www.penamontanesa.com\/fr\/","name":"Camping Pe\u00f1a Monta\u00f1esa","description":"Camping y bungalows. Ainsa Pirineos. Parque Nacional de Ordesa y Monte Perdido.","publisher":{"@id":"https:\/\/www.penamontanesa.com\/fr\/#organization"},"potentialAction":[{"@type":"SearchAction","target":{"@type":"EntryPoint","urlTemplate":"https:\/\/www.penamontanesa.com\/fr\/?s={search_term_string}"},"query-input":{"@type":"PropertyValueSpecification","valueRequired":true,"valueName":"search_term_string"}}],"inLanguage":"fr-FR"},{"@type":"Organization","@id":"https:\/\/www.penamontanesa.com\/fr\/#organization","name":"Camping Pe\u00f1a Monta\u00f1esa","url":"https:\/\/www.penamontanesa.com\/fr\/","logo":{"@type":"ImageObject","inLanguage":"fr-FR","@id":"https:\/\/www.penamontanesa.com\/fr\/#\/schema\/logo\/image\/","url":"https:\/\/www.penamontanesa.com\/wp-content\/uploads\/cropped-penamontanesa-logo-1-1.png","contentUrl":"https:\/\/www.penamontanesa.com\/wp-content\/uploads\/cropped-penamontanesa-logo-1-1.png","width":420,"height":103,"caption":"Camping Pe\u00f1a Monta\u00f1esa"},"image":{"@id":"https:\/\/www.penamontanesa.com\/fr\/#\/schema\/logo\/image\/"}}]}},"_links":{"self":[{"href":"https:\/\/www.penamontanesa.com\/fr\/wp-json\/wp\/v2\/pages\/22942","targetHints":{"allow":["GET"]}}],"collection":[{"href":"https:\/\/www.penamontanesa.com\/fr\/wp-json\/wp\/v2\/pages"}],"about":[{"href":"https:\/\/www.penamontanesa.com\/fr\/wp-json\/wp\/v2\/types\/page"}],"author":[{"embeddable":true,"href":"https:\/\/www.penamontanesa.com\/fr\/wp-json\/wp\/v2\/users\/1"}],"replies":[{"embeddable":true,"href":"https:\/\/www.penamontanesa.com\/fr\/wp-json\/wp\/v2\/comments?post=22942"}],"version-history":[{"count":2,"href":"https:\/\/www.penamontanesa.com\/fr\/wp-json\/wp\/v2\/pages\/22942\/revisions"}],"predecessor-version":[{"id":23325,"href":"https:\/\/www.penamontanesa.com\/fr\/wp-json\/wp\/v2\/pages\/22942\/revisions\/23325"}],"wp:attachment":[{"href":"https:\/\/www.penamontanesa.com\/fr\/wp-json\/wp\/v2\/media?parent=22942"}],"curies":[{"name":"wp","href":"https:\/\/api.w.org\/{rel}","templated":true}]}}