{"id":22984,"date":"2019-02-26T15:40:11","date_gmt":"2019-02-26T14:40:11","guid":{"rendered":"https:\/\/www.penamontanesa.com\/descargas\/"},"modified":"2023-01-10T12:15:35","modified_gmt":"2023-01-10T11:15:35","slug":"telechargements","status":"publish","type":"page","link":"https:\/\/www.penamontanesa.com\/fr\/telechargements\/","title":{"rendered":"T\u00e9l\u00e9chargements"},"content":{"rendered":"\n<p class=\"has-medium-font-size\">Tarifs<\/p>\n\n\n\n<div class=\"wp-block-buttons is-layout-flex wp-block-buttons-is-layout-flex\">\n<div class=\"wp-block-button is-style-custom-button-style\"><a class=\"wp-block-button__link\" href=\"https:\/\/www.penamontanesa.com\/wp-content\/uploads\/2calendario-camping-2023-defi.pdf\">Tarifs &#8211; 2023<\/a><\/div>\n<\/div>\n\n\n\n<p><\/p>\n\n\n\n<p class=\"has-medium-font-size\">Informations importantes pour les clients<br><\/p>\n\n\n\n<div class=\"wp-block-buttons is-layout-flex wp-block-buttons-is-layout-flex\">\n<div class=\"wp-block-button is-style-custom-button-style\"><a class=\"wp-block-button__link\" href=\"https:\/\/www.penamontanesa.com\/wp-content\/uploads\/reglamento-frances.pdf\" target=\"_blank\" rel=\"noreferrer noopener\">R\u00e9glement du Camping<\/a><\/div>\n<\/div>\n\n\n\n<p><\/p>\n\n\n\n<div class=\"wp-block-buttons is-layout-flex wp-block-buttons-is-layout-flex\">\n<div class=\"wp-block-button is-style-custom-button-style\"><a class=\"wp-block-button__link\" href=\"https:\/\/www.penamontanesa.com\/wp-content\/uploads\/protocolo-frances.pdf\" target=\"_blank\" rel=\"noreferrer noopener\">Protocole hygi\u00e9no-sanitaire<\/a><\/div>\n<\/div>\n\n\n\n<p><\/p>\n\n\n\n<div class=\"wp-block-buttons is-layout-flex wp-block-buttons-is-layout-flex\">\n<div class=\"wp-block-button is-style-custom-button-style\"><a class=\"wp-block-button__link has-blank-3-coolgreen-background-color has-background\" href=\"https:\/\/www.penamontanesa.com\/wp-content\/uploads\/21-reglamento-y-servicios.pdf\" target=\"_blank\" rel=\"noreferrer noopener\">Services du Camping<\/a><\/div>\n<\/div>\n\n\n\n<p><\/p>\n\n\n\n<div class=\"wp-block-buttons is-layout-flex wp-block-buttons-is-layout-flex\">\n<div class=\"wp-block-button is-style-custom-button-style\"><a class=\"wp-block-button__link has-blank-3-coolgreen-background-color has-background\" href=\"https:\/\/www.penamontanesa.com\/wp-content\/uploads\/inventario-bungalow-frances-1.jpg\" target=\"_blank\" rel=\"noreferrer noopener\" class=\"image-link\">Inventaire bungalows et mobilhomes<\/a><\/div>\n<\/div>\n\n\n\n<p><\/p>\n","protected":false},"excerpt":{"rendered":"<p>Tarifs Informations importantes pour les clients<\/p>\n","protected":false},"author":2,"featured_media":22929,"parent":0,"menu_order":2,"comment_status":"closed","ping_status":"closed","template":"","meta":{"_acf_changed":false,"footnotes":""},"class_list":["post-22984","page","type-page","status-publish","has-post-thumbnail","hentry"],"acf":[],"yoast_head":"<!-- This site is optimized with the Yoast SEO plugin v26.5 - https:\/\/yoast.com\/wordpress\/plugins\/seo\/ -->\n<title>T\u00e9l\u00e9chargements - Camping Pe\u00f1a Monta\u00f1esa<\/title>\n<meta name=\"robots\" content=\"index, follow, max-snippet:-1, max-image-preview:large, max-video-preview:-1\" \/>\n<link rel=\"canonical\" href=\"https:\/\/www.penamontanesa.com\/fr\/telechargements\/\" \/>\n<meta property=\"og:locale\" content=\"fr_FR\" \/>\n<meta property=\"og:type\" content=\"article\" \/>\n<meta property=\"og:title\" content=\"T\u00e9l\u00e9chargements - Camping Pe\u00f1a Monta\u00f1esa\" \/>\n<meta property=\"og:description\" content=\"Tarifs Informations importantes pour les clients\" \/>\n<meta property=\"og:url\" content=\"https:\/\/www.penamontanesa.com\/fr\/telechargements\/\" \/>\n<meta property=\"og:site_name\" content=\"Camping Pe\u00f1a Monta\u00f1esa\" \/>\n<meta property=\"article:modified_time\" content=\"2023-01-10T11:15:35+00:00\" \/>\n<meta property=\"og:image\" content=\"https:\/\/www.penamontanesa.com\/wp-content\/uploads\/img-1275-custom-1.jpg\" \/>\n\t<meta property=\"og:image:width\" content=\"2000\" \/>\n\t<meta property=\"og:image:height\" content=\"1333\" \/>\n\t<meta property=\"og:image:type\" content=\"image\/jpeg\" \/>\n<meta name=\"twitter:card\" content=\"summary_large_image\" \/>\n<script type=\"application\/ld+json\" class=\"yoast-schema-graph\">{\"@context\":\"https:\/\/schema.org\",\"@graph\":[{\"@type\":\"WebPage\",\"@id\":\"https:\/\/www.penamontanesa.com\/fr\/telechargements\/\",\"url\":\"https:\/\/www.penamontanesa.com\/fr\/telechargements\/\",\"name\":\"T\u00e9l\u00e9chargements - Camping Pe\u00f1a Monta\u00f1esa\",\"isPartOf\":{\"@id\":\"https:\/\/www.penamontanesa.com\/fr\/#website\"},\"primaryImageOfPage\":{\"@id\":\"https:\/\/www.penamontanesa.com\/fr\/telechargements\/#primaryimage\"},\"image\":{\"@id\":\"https:\/\/www.penamontanesa.com\/fr\/telechargements\/#primaryimage\"},\"thumbnailUrl\":\"https:\/\/www.penamontanesa.com\/wp-content\/uploads\/img-1275-custom-1.jpg\",\"datePublished\":\"2019-02-26T14:40:11+00:00\",\"dateModified\":\"2023-01-10T11:15:35+00:00\",\"breadcrumb\":{\"@id\":\"https:\/\/www.penamontanesa.com\/fr\/telechargements\/#breadcrumb\"},\"inLanguage\":\"fr-FR\",\"potentialAction\":[{\"@type\":\"ReadAction\",\"target\":[\"https:\/\/www.penamontanesa.com\/fr\/telechargements\/\"]}]},{\"@type\":\"ImageObject\",\"inLanguage\":\"fr-FR\",\"@id\":\"https:\/\/www.penamontanesa.com\/fr\/telechargements\/#primaryimage\",\"url\":\"https:\/\/www.penamontanesa.com\/wp-content\/uploads\/img-1275-custom-1.jpg\",\"contentUrl\":\"https:\/\/www.penamontanesa.com\/wp-content\/uploads\/img-1275-custom-1.jpg\",\"width\":2000,\"height\":1333},{\"@type\":\"BreadcrumbList\",\"@id\":\"https:\/\/www.penamontanesa.com\/fr\/telechargements\/#breadcrumb\",\"itemListElement\":[{\"@type\":\"ListItem\",\"position\":1,\"name\":\"Portada\",\"item\":\"https:\/\/www.penamontanesa.com\/fr\/\"},{\"@type\":\"ListItem\",\"position\":2,\"name\":\"T\u00e9l\u00e9chargements\"}]},{\"@type\":\"WebSite\",\"@id\":\"https:\/\/www.penamontanesa.com\/fr\/#website\",\"url\":\"https:\/\/www.penamontanesa.com\/fr\/\",\"name\":\"Camping Pe\u00f1a Monta\u00f1esa\",\"description\":\"Camping y bungalows. Ainsa Pirineos. Parque Nacional de Ordesa y Monte Perdido.\",\"publisher\":{\"@id\":\"https:\/\/www.penamontanesa.com\/fr\/#organization\"},\"potentialAction\":[{\"@type\":\"SearchAction\",\"target\":{\"@type\":\"EntryPoint\",\"urlTemplate\":\"https:\/\/www.penamontanesa.com\/fr\/?s={search_term_string}\"},\"query-input\":{\"@type\":\"PropertyValueSpecification\",\"valueRequired\":true,\"valueName\":\"search_term_string\"}}],\"inLanguage\":\"fr-FR\"},{\"@type\":\"Organization\",\"@id\":\"https:\/\/www.penamontanesa.com\/fr\/#organization\",\"name\":\"Camping Pe\u00f1a Monta\u00f1esa\",\"url\":\"https:\/\/www.penamontanesa.com\/fr\/\",\"logo\":{\"@type\":\"ImageObject\",\"inLanguage\":\"fr-FR\",\"@id\":\"https:\/\/www.penamontanesa.com\/fr\/#\/schema\/logo\/image\/\",\"url\":\"https:\/\/www.penamontanesa.com\/wp-content\/uploads\/cropped-penamontanesa-logo-1-1.png\",\"contentUrl\":\"https:\/\/www.penamontanesa.com\/wp-content\/uploads\/cropped-penamontanesa-logo-1-1.png\",\"width\":420,\"height\":103,\"caption\":\"Camping Pe\u00f1a Monta\u00f1esa\"},\"image\":{\"@id\":\"https:\/\/www.penamontanesa.com\/fr\/#\/schema\/logo\/image\/\"}}]}<\/script>\n<!-- \/ Yoast SEO plugin. -->","yoast_head_json":{"title":"T\u00e9l\u00e9chargements - Camping Pe\u00f1a Monta\u00f1esa","robots":{"index":"index","follow":"follow","max-snippet":"max-snippet:-1","max-image-preview":"max-image-preview:large","max-video-preview":"max-video-preview:-1"},"canonical":"https:\/\/www.penamontanesa.com\/fr\/telechargements\/","og_locale":"fr_FR","og_type":"article","og_title":"T\u00e9l\u00e9chargements - Camping Pe\u00f1a Monta\u00f1esa","og_description":"Tarifs Informations importantes pour les clients","og_url":"https:\/\/www.penamontanesa.com\/fr\/telechargements\/","og_site_name":"Camping Pe\u00f1a Monta\u00f1esa","article_modified_time":"2023-01-10T11:15:35+00:00","og_image":[{"width":2000,"height":1333,"url":"https:\/\/www.penamontanesa.com\/wp-content\/uploads\/img-1275-custom-1.jpg","type":"image\/jpeg"}],"twitter_card":"summary_large_image","schema":{"@context":"https:\/\/schema.org","@graph":[{"@type":"WebPage","@id":"https:\/\/www.penamontanesa.com\/fr\/telechargements\/","url":"https:\/\/www.penamontanesa.com\/fr\/telechargements\/","name":"T\u00e9l\u00e9chargements - Camping Pe\u00f1a Monta\u00f1esa","isPartOf":{"@id":"https:\/\/www.penamontanesa.com\/fr\/#website"},"primaryImageOfPage":{"@id":"https:\/\/www.penamontanesa.com\/fr\/telechargements\/#primaryimage"},"image":{"@id":"https:\/\/www.penamontanesa.com\/fr\/telechargements\/#primaryimage"},"thumbnailUrl":"https:\/\/www.penamontanesa.com\/wp-content\/uploads\/img-1275-custom-1.jpg","datePublished":"2019-02-26T14:40:11+00:00","dateModified":"2023-01-10T11:15:35+00:00","breadcrumb":{"@id":"https:\/\/www.penamontanesa.com\/fr\/telechargements\/#breadcrumb"},"inLanguage":"fr-FR","potentialAction":[{"@type":"ReadAction","target":["https:\/\/www.penamontanesa.com\/fr\/telechargements\/"]}]},{"@type":"ImageObject","inLanguage":"fr-FR","@id":"https:\/\/www.penamontanesa.com\/fr\/telechargements\/#primaryimage","url":"https:\/\/www.penamontanesa.com\/wp-content\/uploads\/img-1275-custom-1.jpg","contentUrl":"https:\/\/www.penamontanesa.com\/wp-content\/uploads\/img-1275-custom-1.jpg","width":2000,"height":1333},{"@type":"BreadcrumbList","@id":"https:\/\/www.penamontanesa.com\/fr\/telechargements\/#breadcrumb","itemListElement":[{"@type":"ListItem","position":1,"name":"Portada","item":"https:\/\/www.penamontanesa.com\/fr\/"},{"@type":"ListItem","position":2,"name":"T\u00e9l\u00e9chargements"}]},{"@type":"WebSite","@id":"https:\/\/www.penamontanesa.com\/fr\/#website","url":"https:\/\/www.penamontanesa.com\/fr\/","name":"Camping Pe\u00f1a Monta\u00f1esa","description":"Camping y bungalows. Ainsa Pirineos. Parque Nacional de Ordesa y Monte Perdido.","publisher":{"@id":"https:\/\/www.penamontanesa.com\/fr\/#organization"},"potentialAction":[{"@type":"SearchAction","target":{"@type":"EntryPoint","urlTemplate":"https:\/\/www.penamontanesa.com\/fr\/?s={search_term_string}"},"query-input":{"@type":"PropertyValueSpecification","valueRequired":true,"valueName":"search_term_string"}}],"inLanguage":"fr-FR"},{"@type":"Organization","@id":"https:\/\/www.penamontanesa.com\/fr\/#organization","name":"Camping Pe\u00f1a Monta\u00f1esa","url":"https:\/\/www.penamontanesa.com\/fr\/","logo":{"@type":"ImageObject","inLanguage":"fr-FR","@id":"https:\/\/www.penamontanesa.com\/fr\/#\/schema\/logo\/image\/","url":"https:\/\/www.penamontanesa.com\/wp-content\/uploads\/cropped-penamontanesa-logo-1-1.png","contentUrl":"https:\/\/www.penamontanesa.com\/wp-content\/uploads\/cropped-penamontanesa-logo-1-1.png","width":420,"height":103,"caption":"Camping Pe\u00f1a Monta\u00f1esa"},"image":{"@id":"https:\/\/www.penamontanesa.com\/fr\/#\/schema\/logo\/image\/"}}]}},"_links":{"self":[{"href":"https:\/\/www.penamontanesa.com\/fr\/wp-json\/wp\/v2\/pages\/22984","targetHints":{"allow":["GET"]}}],"collection":[{"href":"https:\/\/www.penamontanesa.com\/fr\/wp-json\/wp\/v2\/pages"}],"about":[{"href":"https:\/\/www.penamontanesa.com\/fr\/wp-json\/wp\/v2\/types\/page"}],"author":[{"embeddable":true,"href":"https:\/\/www.penamontanesa.com\/fr\/wp-json\/wp\/v2\/users\/2"}],"replies":[{"embeddable":true,"href":"https:\/\/www.penamontanesa.com\/fr\/wp-json\/wp\/v2\/comments?post=22984"}],"version-history":[{"count":30,"href":"https:\/\/www.penamontanesa.com\/fr\/wp-json\/wp\/v2\/pages\/22984\/revisions"}],"predecessor-version":[{"id":49440,"href":"https:\/\/www.penamontanesa.com\/fr\/wp-json\/wp\/v2\/pages\/22984\/revisions\/49440"}],"wp:featuredmedia":[{"embeddable":true,"href":"https:\/\/www.penamontanesa.com\/fr\/wp-json\/wp\/v2\/media\/22929"}],"wp:attachment":[{"href":"https:\/\/www.penamontanesa.com\/fr\/wp-json\/wp\/v2\/media?parent=22984"}],"curies":[{"name":"wp","href":"https:\/\/api.w.org\/{rel}","templated":true}]}}