{"id":23011,"date":"2019-02-05T11:30:22","date_gmt":"2019-02-05T10:30:22","guid":{"rendered":"https:\/\/www.penamontanesa.com\/preguntas-frecuentes\/"},"modified":"2019-03-13T12:23:41","modified_gmt":"2019-03-13T11:23:41","slug":"questions-frequentes","status":"publish","type":"page","link":"https:\/\/www.penamontanesa.com\/fr\/questions-frequentes\/","title":{"rendered":"Questions fr\u00e9quentes"},"content":{"rendered":"<!-- part faqs -->\n            <div class=\"faqs-group\">\n                <h5 class=\"faq-title\">A propos des animaux du camping<\/h5>\n                <div class=\"faqs-wrapper\">\n\n                                    <div class=\"faq\">\n\n                        <input type=\"checkbox\" id=\"faq-23149\" name=\"faq-group\">\n                        <label for=\"faq-23149\"><h3>Les chiens sont accept\u00e9s dans le Camping?<\/h3><span class=\"icon-caret-down\"><\/span><\/label>\n                        <div class=\"content-faq\">\n                            Oui. Ils doivent \u00eatres attach\u00e9s dans tout l&rsquo;enceinte du camping.                        <\/div>\n                    <\/div>\n                                        <div class=\"faq\">\n\n                        <input type=\"checkbox\" id=\"faq-23152\" name=\"faq-group\">\n                        <label for=\"faq-23152\"><h3>Les chiens sont accept\u00e9s dans les bungalows?<\/h3><span class=\"icon-caret-down\"><\/span><\/label>\n                        <div class=\"content-faq\">\n                            <p>Oui. Ils doivent \u00eatres attach\u00e9s dans tout l&rsquo;enceinte du camping.<\/p>\n                        <\/div>\n                    <\/div>\n                                    <\/div>\n            <\/div>\n                        <div class=\"faqs-group\">\n                <h5 class=\"faq-title\">A propos des bungalows et des mobil homes  <\/h5>\n                <div class=\"faqs-wrapper\">\n\n                                    <div class=\"faq\">\n\n                        <input type=\"checkbox\" id=\"faq-23154\" name=\"faq-group\">\n                        <label for=\"faq-23154\"><h3>il y at-il du chauffage dans les bungalows?.<\/h3><span class=\"icon-caret-down\"><\/span><\/label>\n                        <div class=\"content-faq\">\n                            <p>Oui, il y a du chauffage dans tous les logements.<\/p>\n                        <\/div>\n                    <\/div>\n                                        <div class=\"faq\">\n\n                        <input type=\"checkbox\" id=\"faq-23156\" name=\"faq-group\">\n                        <label for=\"faq-23156\"><h3>Il ya t-il des draps dans les bungalows?<\/h3><span class=\"icon-caret-down\"><\/span><\/label>\n                        <div class=\"content-faq\">\n                            <p>Non. Les draps et les serviettes de toilettes ne sont pas fournis. Vous pouvez les louer au camping<\/p>\n                        <\/div>\n                    <\/div>\n                                        <div class=\"faq\">\n\n                        <input type=\"checkbox\" id=\"faq-23158\" name=\"faq-group\">\n                        <label for=\"faq-23158\"><h3>A quelle heure devez-vous lib\u00e9rer les bungalows ou les maisons mobiles le jour du d\u00e9part?<\/h3><span class=\"icon-caret-down\"><\/span><\/label>\n                        <div class=\"content-faq\">\n                            <p>Les Bungalows et Mobilhomes doivent \u00eatre lib\u00e9r\u00e9s avant 12 heures. midi, et pouvez rester et profiter des installations pour le reste de la journ\u00e9e.<\/p>\n                        <\/div>\n                    <\/div>\n                                        <div class=\"faq\">\n\n                        <input type=\"checkbox\" id=\"faq-23160\" name=\"faq-group\">\n                        <label for=\"faq-23160\"><h3>Y a-t-il une t\u00e9l\u00e9vision dans les bungalows?<\/h3><span class=\"icon-caret-down\"><\/span><\/label>\n                        <div class=\"content-faq\">\n                            <p>Oui, aussi bien dans les bungalows que dans les mobilhomes.<\/p>\n                        <\/div>\n                    <\/div>\n                                    <\/div>\n            <\/div>\n                        <div class=\"faqs-group\">\n                <h5 class=\"faq-title\">A propos des installations<\/h5>\n                <div class=\"faqs-wrapper\">\n\n                                    <div class=\"faq\">\n\n                        <input type=\"checkbox\" id=\"faq-23231\" name=\"faq-group\">\n                        <label for=\"faq-23231\"><h3>A quelles dates la piscine couverte est-elle chauff\u00e9e?<\/h3><span class=\"icon-caret-down\"><\/span><\/label>\n                        <div class=\"content-faq\">\n                            <p>Tant que le camping est ouvert, \u00e0 l&rsquo;exception du 1er mai au 30 septembre, saison estivale.<\/p>\n                        <\/div>\n                    <\/div>\n                                        <div class=\"faq\">\n\n                        <input type=\"checkbox\" id=\"faq-23241\" name=\"faq-group\">\n                        <label for=\"faq-23241\"><h3>Y a-t-il une baignoire pour b\u00e9b\u00e9 au camping?<\/h3><span class=\"icon-caret-down\"><\/span><\/label>\n                        <div class=\"content-faq\">\n                            <p>Oui<\/p>\n                        <\/div>\n                    <\/div>\n                                        <div class=\"faq\">\n\n                        <input type=\"checkbox\" id=\"faq-23254\" name=\"faq-group\">\n                        <label for=\"faq-23254\"><h3>Existe-t-il une salle de bain pour personnes \u00e0 mobilit\u00e9 r\u00e9duite au camping?<\/h3><span class=\"icon-caret-down\"><\/span><\/label>\n                        <div class=\"content-faq\">\n                            <p>Oui<\/p>\n                        <\/div>\n                    <\/div>\n                                    <\/div>\n            <\/div>\n                        <div class=\"faqs-group\">\n                <h5 class=\"faq-title\">A propos du camping<\/h5>\n                <div class=\"faqs-wrapper\">\n\n                                    <div class=\"faq\">\n\n                        <input type=\"checkbox\" id=\"faq-23173\" name=\"faq-group\">\n                        <label for=\"faq-23173\"><h3>\u00c0 quelles dates le camping est-il ouvert?<\/h3><span class=\"icon-caret-down\"><\/span><\/label>\n                        <div class=\"content-faq\">\n                            <p>Les dates d&rsquo;ouverture du camping sont toujours indiqu\u00e9es dans le calendrier de r\u00e9servation.<\/p>\n                        <\/div>\n                    <\/div>\n                                        <div class=\"faq\">\n\n                        <input type=\"checkbox\" id=\"faq-23210\" name=\"faq-group\">\n                        <label for=\"faq-23210\"><h3>Pouvez-vous payer avec une carte Visa-Eurocard ou MasterCard au camping?<\/h3><span class=\"icon-caret-down\"><\/span><\/label>\n                        <div class=\"content-faq\">\n                            <p><strong>Oui<\/strong><\/p>\n                        <\/div>\n                    <\/div>\n                                        <div class=\"faq\">\n\n                        <input type=\"checkbox\" id=\"faq-23217\" name=\"faq-group\">\n                        <label for=\"faq-23217\"><h3>Pouvez-vous faire des barbecues au camping?<\/h3><span class=\"icon-caret-down\"><\/span><\/label>\n                        <div class=\"content-faq\">\n                            <p>Non. Seulement \u00e9lectrique et Camping-Gas<\/p>\n                        <\/div>\n                    <\/div>\n                                        <div class=\"faq\">\n\n                        <input type=\"checkbox\" id=\"faq-23235\" name=\"faq-group\">\n                        <label for=\"faq-23235\"><h3>Y a-t-il des animations pour les enfants au camping?<\/h3><span class=\"icon-caret-down\"><\/span><\/label>\n                        <div class=\"content-faq\">\n                            <p>Oui, en haute saison<\/p>\n                        <\/div>\n                    <\/div>\n                                        <div class=\"faq\">\n\n                        <input type=\"checkbox\" id=\"faq-23261\" name=\"faq-group\">\n                        <label for=\"faq-23261\"><h3>A quelle distance se trouve la ville la plus proche du camping?<\/h3><span class=\"icon-caret-down\"><\/span><\/label>\n                        <div class=\"content-faq\">\n                            <p>Labuerda, 1800 m. (tr\u00e8s belle excursion \u00e0 environ 30 minutes \u00e0 pied) A\u00ednsa 2 km. (tr\u00e8s belle excursion qui se termine \u00e0 la place et au ch\u00e2teau d\u2019A\u00ednsa, environ 30 minutes).<\/p>\n                        <\/div>\n                    <\/div>\n                                        <div class=\"faq\">\n\n                        <input type=\"checkbox\" id=\"faq-23272\" name=\"faq-group\">\n                        <label for=\"faq-23272\"><h3>A quelle heure devez-vous lib\u00e9rer le camping le jour du d\u00e9part?<\/h3><span class=\"icon-caret-down\"><\/span><\/label>\n                        <div class=\"content-faq\">\n                            <p>La parcelle doit \u00eatre libre et propre avant 12 heures. et ils peuvent rester et profiter des installations pour le reste de la journ\u00e9e.<\/p>\n                        <\/div>\n                    <\/div>\n                                    <\/div>\n            <\/div>\n            \n\n\n\n<p><\/p>\n","protected":false},"excerpt":{"rendered":"","protected":false},"author":1,"featured_media":23018,"parent":0,"menu_order":6,"comment_status":"closed","ping_status":"closed","template":"","meta":{"_acf_changed":false,"footnotes":""},"class_list":["post-23011","page","type-page","status-publish","has-post-thumbnail","hentry"],"acf":[],"yoast_head":"<!-- This site is optimized with the Yoast SEO plugin v26.5 - https:\/\/yoast.com\/wordpress\/plugins\/seo\/ -->\n<title>Questions fr\u00e9quentes - Camping Pe\u00f1a Monta\u00f1esa<\/title>\n<meta name=\"robots\" content=\"index, follow, max-snippet:-1, max-image-preview:large, max-video-preview:-1\" \/>\n<link rel=\"canonical\" href=\"https:\/\/www.penamontanesa.com\/fr\/questions-frequentes\/\" \/>\n<meta property=\"og:locale\" content=\"fr_FR\" \/>\n<meta property=\"og:type\" content=\"article\" \/>\n<meta property=\"og:title\" content=\"Questions fr\u00e9quentes - Camping Pe\u00f1a Monta\u00f1esa\" \/>\n<meta property=\"og:url\" content=\"https:\/\/www.penamontanesa.com\/fr\/questions-frequentes\/\" \/>\n<meta property=\"og:site_name\" content=\"Camping Pe\u00f1a Monta\u00f1esa\" \/>\n<meta property=\"article:modified_time\" content=\"2019-03-13T11:23:41+00:00\" \/>\n<meta property=\"og:image\" content=\"https:\/\/www.penamontanesa.com\/wp-content\/uploads\/mg-8948.jpg\" \/>\n\t<meta property=\"og:image:width\" content=\"2048\" \/>\n\t<meta property=\"og:image:height\" content=\"1365\" \/>\n\t<meta property=\"og:image:type\" content=\"image\/jpeg\" \/>\n<meta name=\"twitter:card\" content=\"summary_large_image\" \/>\n<script type=\"application\/ld+json\" class=\"yoast-schema-graph\">{\"@context\":\"https:\/\/schema.org\",\"@graph\":[{\"@type\":\"WebPage\",\"@id\":\"https:\/\/www.penamontanesa.com\/fr\/questions-frequentes\/\",\"url\":\"https:\/\/www.penamontanesa.com\/fr\/questions-frequentes\/\",\"name\":\"Questions fr\u00e9quentes - Camping Pe\u00f1a Monta\u00f1esa\",\"isPartOf\":{\"@id\":\"https:\/\/www.penamontanesa.com\/fr\/#website\"},\"primaryImageOfPage\":{\"@id\":\"https:\/\/www.penamontanesa.com\/fr\/questions-frequentes\/#primaryimage\"},\"image\":{\"@id\":\"https:\/\/www.penamontanesa.com\/fr\/questions-frequentes\/#primaryimage\"},\"thumbnailUrl\":\"https:\/\/www.penamontanesa.com\/wp-content\/uploads\/mg-8948.jpg\",\"datePublished\":\"2019-02-05T10:30:22+00:00\",\"dateModified\":\"2019-03-13T11:23:41+00:00\",\"breadcrumb\":{\"@id\":\"https:\/\/www.penamontanesa.com\/fr\/questions-frequentes\/#breadcrumb\"},\"inLanguage\":\"fr-FR\",\"potentialAction\":[{\"@type\":\"ReadAction\",\"target\":[\"https:\/\/www.penamontanesa.com\/fr\/questions-frequentes\/\"]}]},{\"@type\":\"ImageObject\",\"inLanguage\":\"fr-FR\",\"@id\":\"https:\/\/www.penamontanesa.com\/fr\/questions-frequentes\/#primaryimage\",\"url\":\"https:\/\/www.penamontanesa.com\/wp-content\/uploads\/mg-8948.jpg\",\"contentUrl\":\"https:\/\/www.penamontanesa.com\/wp-content\/uploads\/mg-8948.jpg\",\"width\":2048,\"height\":1365},{\"@type\":\"BreadcrumbList\",\"@id\":\"https:\/\/www.penamontanesa.com\/fr\/questions-frequentes\/#breadcrumb\",\"itemListElement\":[{\"@type\":\"ListItem\",\"position\":1,\"name\":\"Portada\",\"item\":\"https:\/\/www.penamontanesa.com\/fr\/\"},{\"@type\":\"ListItem\",\"position\":2,\"name\":\"Questions fr\u00e9quentes\"}]},{\"@type\":\"WebSite\",\"@id\":\"https:\/\/www.penamontanesa.com\/fr\/#website\",\"url\":\"https:\/\/www.penamontanesa.com\/fr\/\",\"name\":\"Camping Pe\u00f1a Monta\u00f1esa\",\"description\":\"Camping y bungalows. Ainsa Pirineos. Parque Nacional de Ordesa y Monte Perdido.\",\"publisher\":{\"@id\":\"https:\/\/www.penamontanesa.com\/fr\/#organization\"},\"potentialAction\":[{\"@type\":\"SearchAction\",\"target\":{\"@type\":\"EntryPoint\",\"urlTemplate\":\"https:\/\/www.penamontanesa.com\/fr\/?s={search_term_string}\"},\"query-input\":{\"@type\":\"PropertyValueSpecification\",\"valueRequired\":true,\"valueName\":\"search_term_string\"}}],\"inLanguage\":\"fr-FR\"},{\"@type\":\"Organization\",\"@id\":\"https:\/\/www.penamontanesa.com\/fr\/#organization\",\"name\":\"Camping Pe\u00f1a Monta\u00f1esa\",\"url\":\"https:\/\/www.penamontanesa.com\/fr\/\",\"logo\":{\"@type\":\"ImageObject\",\"inLanguage\":\"fr-FR\",\"@id\":\"https:\/\/www.penamontanesa.com\/fr\/#\/schema\/logo\/image\/\",\"url\":\"https:\/\/www.penamontanesa.com\/wp-content\/uploads\/cropped-penamontanesa-logo-1-1.png\",\"contentUrl\":\"https:\/\/www.penamontanesa.com\/wp-content\/uploads\/cropped-penamontanesa-logo-1-1.png\",\"width\":420,\"height\":103,\"caption\":\"Camping Pe\u00f1a Monta\u00f1esa\"},\"image\":{\"@id\":\"https:\/\/www.penamontanesa.com\/fr\/#\/schema\/logo\/image\/\"}}]}<\/script>\n<!-- \/ Yoast SEO plugin. -->","yoast_head_json":{"title":"Questions fr\u00e9quentes - Camping Pe\u00f1a Monta\u00f1esa","robots":{"index":"index","follow":"follow","max-snippet":"max-snippet:-1","max-image-preview":"max-image-preview:large","max-video-preview":"max-video-preview:-1"},"canonical":"https:\/\/www.penamontanesa.com\/fr\/questions-frequentes\/","og_locale":"fr_FR","og_type":"article","og_title":"Questions fr\u00e9quentes - Camping Pe\u00f1a Monta\u00f1esa","og_url":"https:\/\/www.penamontanesa.com\/fr\/questions-frequentes\/","og_site_name":"Camping Pe\u00f1a Monta\u00f1esa","article_modified_time":"2019-03-13T11:23:41+00:00","og_image":[{"width":2048,"height":1365,"url":"https:\/\/www.penamontanesa.com\/wp-content\/uploads\/mg-8948.jpg","type":"image\/jpeg"}],"twitter_card":"summary_large_image","schema":{"@context":"https:\/\/schema.org","@graph":[{"@type":"WebPage","@id":"https:\/\/www.penamontanesa.com\/fr\/questions-frequentes\/","url":"https:\/\/www.penamontanesa.com\/fr\/questions-frequentes\/","name":"Questions fr\u00e9quentes - Camping Pe\u00f1a Monta\u00f1esa","isPartOf":{"@id":"https:\/\/www.penamontanesa.com\/fr\/#website"},"primaryImageOfPage":{"@id":"https:\/\/www.penamontanesa.com\/fr\/questions-frequentes\/#primaryimage"},"image":{"@id":"https:\/\/www.penamontanesa.com\/fr\/questions-frequentes\/#primaryimage"},"thumbnailUrl":"https:\/\/www.penamontanesa.com\/wp-content\/uploads\/mg-8948.jpg","datePublished":"2019-02-05T10:30:22+00:00","dateModified":"2019-03-13T11:23:41+00:00","breadcrumb":{"@id":"https:\/\/www.penamontanesa.com\/fr\/questions-frequentes\/#breadcrumb"},"inLanguage":"fr-FR","potentialAction":[{"@type":"ReadAction","target":["https:\/\/www.penamontanesa.com\/fr\/questions-frequentes\/"]}]},{"@type":"ImageObject","inLanguage":"fr-FR","@id":"https:\/\/www.penamontanesa.com\/fr\/questions-frequentes\/#primaryimage","url":"https:\/\/www.penamontanesa.com\/wp-content\/uploads\/mg-8948.jpg","contentUrl":"https:\/\/www.penamontanesa.com\/wp-content\/uploads\/mg-8948.jpg","width":2048,"height":1365},{"@type":"BreadcrumbList","@id":"https:\/\/www.penamontanesa.com\/fr\/questions-frequentes\/#breadcrumb","itemListElement":[{"@type":"ListItem","position":1,"name":"Portada","item":"https:\/\/www.penamontanesa.com\/fr\/"},{"@type":"ListItem","position":2,"name":"Questions fr\u00e9quentes"}]},{"@type":"WebSite","@id":"https:\/\/www.penamontanesa.com\/fr\/#website","url":"https:\/\/www.penamontanesa.com\/fr\/","name":"Camping Pe\u00f1a Monta\u00f1esa","description":"Camping y bungalows. Ainsa Pirineos. Parque Nacional de Ordesa y Monte Perdido.","publisher":{"@id":"https:\/\/www.penamontanesa.com\/fr\/#organization"},"potentialAction":[{"@type":"SearchAction","target":{"@type":"EntryPoint","urlTemplate":"https:\/\/www.penamontanesa.com\/fr\/?s={search_term_string}"},"query-input":{"@type":"PropertyValueSpecification","valueRequired":true,"valueName":"search_term_string"}}],"inLanguage":"fr-FR"},{"@type":"Organization","@id":"https:\/\/www.penamontanesa.com\/fr\/#organization","name":"Camping Pe\u00f1a Monta\u00f1esa","url":"https:\/\/www.penamontanesa.com\/fr\/","logo":{"@type":"ImageObject","inLanguage":"fr-FR","@id":"https:\/\/www.penamontanesa.com\/fr\/#\/schema\/logo\/image\/","url":"https:\/\/www.penamontanesa.com\/wp-content\/uploads\/cropped-penamontanesa-logo-1-1.png","contentUrl":"https:\/\/www.penamontanesa.com\/wp-content\/uploads\/cropped-penamontanesa-logo-1-1.png","width":420,"height":103,"caption":"Camping Pe\u00f1a Monta\u00f1esa"},"image":{"@id":"https:\/\/www.penamontanesa.com\/fr\/#\/schema\/logo\/image\/"}}]}},"_links":{"self":[{"href":"https:\/\/www.penamontanesa.com\/fr\/wp-json\/wp\/v2\/pages\/23011","targetHints":{"allow":["GET"]}}],"collection":[{"href":"https:\/\/www.penamontanesa.com\/fr\/wp-json\/wp\/v2\/pages"}],"about":[{"href":"https:\/\/www.penamontanesa.com\/fr\/wp-json\/wp\/v2\/types\/page"}],"author":[{"embeddable":true,"href":"https:\/\/www.penamontanesa.com\/fr\/wp-json\/wp\/v2\/users\/1"}],"replies":[{"embeddable":true,"href":"https:\/\/www.penamontanesa.com\/fr\/wp-json\/wp\/v2\/comments?post=23011"}],"version-history":[{"count":1,"href":"https:\/\/www.penamontanesa.com\/fr\/wp-json\/wp\/v2\/pages\/23011\/revisions"}],"predecessor-version":[{"id":23013,"href":"https:\/\/www.penamontanesa.com\/fr\/wp-json\/wp\/v2\/pages\/23011\/revisions\/23013"}],"wp:featuredmedia":[{"embeddable":true,"href":"https:\/\/www.penamontanesa.com\/fr\/wp-json\/wp\/v2\/media\/23018"}],"wp:attachment":[{"href":"https:\/\/www.penamontanesa.com\/fr\/wp-json\/wp\/v2\/media?parent=23011"}],"curies":[{"name":"wp","href":"https:\/\/api.w.org\/{rel}","templated":true}]}}