{"id":23026,"date":"2019-01-31T15:12:22","date_gmt":"2019-01-31T14:12:22","guid":{"rendered":"https:\/\/www.penamontanesa.com\/contacto\/"},"modified":"2022-10-03T10:01:23","modified_gmt":"2022-10-03T08:01:23","slug":"contact","status":"publish","type":"page","link":"https:\/\/www.penamontanesa.com\/fr\/contact\/","title":{"rendered":"Contact"},"content":{"rendered":"\n<div class=\"wp-block-columns has-2-columns is-layout-flex wp-container-core-columns-is-layout-9d6595d7 wp-block-columns-is-layout-flex\">\n<div class=\"wp-block-column is-layout-flow wp-block-column-is-layout-flow\">\n<div class=\"wpcf7 no-js\" id=\"wpcf7-f18640-o1\" lang=\"fr-FR\" dir=\"ltr\" data-wpcf7-id=\"18640\">\n<div class=\"screen-reader-response\"><p role=\"status\" aria-live=\"polite\" aria-atomic=\"true\"><\/p> <ul><\/ul><\/div>\n<form action=\"\/fr\/wp-json\/wp\/v2\/pages\/23026#wpcf7-f18640-o1\" method=\"post\" class=\"wpcf7-form init\" aria-label=\"Formulaire de contact\" novalidate=\"novalidate\" data-status=\"init\">\n<fieldset class=\"hidden-fields-container\"><input type=\"hidden\" name=\"_wpcf7\" value=\"18640\" \/><input type=\"hidden\" name=\"_wpcf7_version\" value=\"6.1.4\" \/><input type=\"hidden\" name=\"_wpcf7_locale\" value=\"fr_FR\" \/><input type=\"hidden\" name=\"_wpcf7_unit_tag\" value=\"wpcf7-f18640-o1\" \/><input type=\"hidden\" name=\"_wpcf7_container_post\" value=\"0\" \/><input type=\"hidden\" name=\"_wpcf7_posted_data_hash\" value=\"\" \/><input type=\"hidden\" name=\"_wpcf7_recaptcha_response\" value=\"\" \/>\n<\/fieldset>\n<div class=\"columna-wrapper\">\n\t<div class=\"col1-2\">\n\t\t<p><span class=\"wpcf7-form-control-wrap\" data-name=\"cont-nombre\"><input size=\"40\" maxlength=\"400\" class=\"wpcf7-form-control wpcf7-text wpcf7-validates-as-required\" aria-required=\"true\" aria-invalid=\"false\" placeholder=\"Nom\" value=\"\" type=\"text\" name=\"cont-nombre\" \/><\/span>\n\t\t<\/p>\n\t<\/div>\n\t<div class=\"col1-2\">\n\t\t<p><span class=\"wpcf7-form-control-wrap\" data-name=\"cont-email\"><input size=\"40\" maxlength=\"400\" class=\"wpcf7-form-control wpcf7-email wpcf7-validates-as-required wpcf7-text wpcf7-validates-as-email\" aria-required=\"true\" aria-invalid=\"false\" placeholder=\"Email\" value=\"\" type=\"email\" name=\"cont-email\" \/><\/span>\n\t\t<\/p>\n\t<\/div>\n<\/div>\n<p><span class=\"wpcf7-form-control-wrap\" data-name=\"cont-consulta\"><textarea cols=\"40\" rows=\"10\" maxlength=\"2000\" class=\"wpcf7-form-control wpcf7-textarea wpcf7-validates-as-required\" aria-required=\"true\" aria-invalid=\"false\" placeholder=\"Message\" name=\"cont-consulta\"><\/textarea><\/span>\n<\/p>\n<div class=\"infobox\">\n\t<p>Conform\u00e9ment \u00e0 la r\u00e9glementation en vigueur en mati\u00e8re de protection des donn\u00e9es \u00e0 caract\u00e8re personnel, le r\u00e8glement (UE) 2016\/679 du 27 avril (RGPD) et la loi organique (ES) 15\/1999 du 13 d\u00e9cembre (LOPD), nous vous informons que Le responsable du traitement de ces derni\u00e8res est : Camping Pe\u00f1a Monta\u00f1esa Ctra A\u00ednsa-Francia, Km.2 &#8211; 22360 LABUERDA-AINSA (HUESCA). Email: info@penamontanesa.com\r\n\r\nAu nom de Camping Pe\u00f1a Monta\u00f1esa, nous traitons les informations que vous nous fournissez dans le but de vous envoyer des publicit\u00e9s en relation avec nos produits par quelque moyen que ce soit (courrier, e-mail ou t\u00e9l\u00e9phone) et vous invitons \u00e0 des \u00e9v\u00e9nements organis\u00e9s par la soci\u00e9t\u00e9. Les donn\u00e9es fournies seront conserv\u00e9es jusqu&rsquo;\u00e0 ce que vous demandiez la fin des activit\u00e9s (suppression). Les donn\u00e9es ne seront pas transf\u00e9r\u00e9es \u00e0 des tiers, sauf dans les cas o\u00f9 il existe une obligation l\u00e9gale et o\u00f9 des d\u00e9cisions automatis\u00e9es ne seront pas prises. Vous avez le droit d&rsquo;obtenir des pr\u00e9cisions sur la mani\u00e8re dont le Camping Pe\u00f1a Monta\u00f1esa traite vos donn\u00e9es personnelles. Vous avez donc le droit d&rsquo;acc\u00e9der \u00e0 vos donn\u00e9es personnelles, de corriger des donn\u00e9es inexactes ou de demander leur suppression lorsque celles-ci ne sont plus utiles \u00e0 la finalit\u00e9 pour laquelle elles ont \u00e9t\u00e9 r\u00e9colt\u00e9es.\r\nDans certains cas, vous avez \u00e9galement le droit \u00e0 demander la limitation de vos donn\u00e9es. Vous \u00eates \u00e9galement en droit de retirer votre consentement \u00e0 tout moment.\r\nPour toute demande, vous pouvez envoyer un courriel \u00e0 l&rsquo;adresse \u00e9lectronique mentionn\u00e9e ci-dessus.\r\n\r\nEn outre, la partie int\u00e9ress\u00e9e peut nous consulter pour toute question concernant le traitement des donn\u00e9es ou contacter l\u2019autorit\u00e9 de contr\u00f4le de la protection des donn\u00e9es comp\u00e9tente (AEPD) pour obtenir des informations compl\u00e9mentaires ou d\u00e9poser une r\u00e9clamation.\r\n\r\nLa l\u00e9gitimation concerne le consentement que nous vous demandons et vous nous accordez explicitement par l&rsquo;acceptation des conditions de ce document.\n\t<\/p>\n<\/div>\n<div class=\"columna-wrapper\">\n\t<div class=\"col2-3\">\n\t\t<p><span class=\"wpcf7-form-control-wrap\" data-name=\"privacidad\"><span class=\"wpcf7-form-control wpcf7-acceptance\"><span class=\"wpcf7-list-item\"><label><input type=\"checkbox\" name=\"privacidad\" value=\"1\" aria-invalid=\"false\" \/><span class=\"wpcf7-list-item-label\">J'ai lu et accepte la <a class=\"open-popup-link\" href=\"#politica\">politique de confidentialit\u00e9.<\/a><\/span><\/label><\/span><\/span><\/span>\n\t\t<\/p>\n\t<\/div>\n\t<div class=\"col1-3\">\n\t\t<p><button id='submit' class='wpcf7-form-control wpcf7-submit button'>Envoyer une demande<\/button>\n\t\t<\/p>\n\t<\/div>\n<\/div>\n<div id=\"politica\" class=\"white-popup mfp-hide\">\n\t<p><p>Conform\u00e9ment \u00e0 la r\u00e9glementation en vigueur en mati\u00e8re de protection des donn\u00e9es \u00e0 caract\u00e8re personnel, le r\u00e8glement (UE) 2016\/679 du 27 avril (RGPD) et la loi organique (ES) 15\/1999 du 13 d\u00e9cembre (LOPD), nous vous informons que Le responsable du traitement de ces derni\u00e8res est : Camping Pe\u00f1a Monta\u00f1esa Ctra A\u00ednsa-Francia, Km.2 &#8211; 22360 LABUERDA-AINSA (HUESCA). Email: info@penamontanesa.com<\/p>\n<p>Au nom de Camping Pe\u00f1a Monta\u00f1esa, nous traitons les informations que vous nous fournissez dans le but de vous envoyer des publicit\u00e9s en relation avec nos produits par quelque moyen que ce soit (courrier, e-mail ou t\u00e9l\u00e9phone) et vous invitons \u00e0 des \u00e9v\u00e9nements organis\u00e9s par la soci\u00e9t\u00e9. Les donn\u00e9es fournies seront conserv\u00e9es jusqu&rsquo;\u00e0 ce que vous demandiez la fin des activit\u00e9s (suppression). Les donn\u00e9es ne seront pas transf\u00e9r\u00e9es \u00e0 des tiers, sauf dans les cas o\u00f9 il existe une obligation l\u00e9gale et o\u00f9 des d\u00e9cisions automatis\u00e9es ne seront pas prises. Vous avez le droit d&rsquo;obtenir des pr\u00e9cisions sur la mani\u00e8re dont le Camping Pe\u00f1a Monta\u00f1esa traite vos donn\u00e9es personnelles. Vous avez donc le droit d&rsquo;acc\u00e9der \u00e0 vos donn\u00e9es personnelles, de corriger des donn\u00e9es inexactes ou de demander leur suppression lorsque celles-ci ne sont plus utiles \u00e0 la finalit\u00e9 pour laquelle elles ont \u00e9t\u00e9 r\u00e9colt\u00e9es.<br \/>\nDans certains cas, vous avez \u00e9galement le droit \u00e0 demander la limitation de vos donn\u00e9es. Vous \u00eates \u00e9galement en droit de retirer votre consentement \u00e0 tout moment.<br \/>\nPour toute demande, vous pouvez envoyer un courriel \u00e0 l&rsquo;adresse \u00e9lectronique mentionn\u00e9e ci-dessus.<\/p>\n<p>En outre, la partie int\u00e9ress\u00e9e peut nous consulter pour toute question concernant le traitement des donn\u00e9es ou contacter l\u2019autorit\u00e9 de contr\u00f4le de la protection des donn\u00e9es comp\u00e9tente (AEPD) pour obtenir des informations compl\u00e9mentaires ou d\u00e9poser une r\u00e9clamation.<\/p>\n<p>La l\u00e9gitimation concerne le consentement que nous vous demandons et vous nous accordez explicitement par l&rsquo;acceptation des conditions de ce document.<\/p>\n\n\t<\/p>\n<\/div><input type='hidden' class='wpcf7-pum' value='{\"closepopup\":false,\"closedelay\":0,\"openpopup\":false,\"openpopup_id\":0}' \/><div class=\"wpcf7-response-output\" aria-hidden=\"true\"><\/div>\n<\/form>\n<\/div>\n\n<\/div>\n\n\n\n<div class=\"wp-block-column is-layout-flow wp-block-column-is-layout-flow\">\n<figure class=\"wp-block-image\"><img loading=\"lazy\" decoding=\"async\" width=\"1024\" height=\"683\" src=\"https:\/\/www.penamontanesa.com\/wp-content\/uploads\/mg-8948-1024x683.jpg\" alt=\"\" class=\"wp-image-20245\" srcset=\"https:\/\/www.penamontanesa.com\/wp-content\/uploads\/mg-8948-1024x683.jpg 1024w, https:\/\/www.penamontanesa.com\/wp-content\/uploads\/mg-8948-300x200.jpg 300w, https:\/\/www.penamontanesa.com\/wp-content\/uploads\/mg-8948-1350x900.jpg 1350w, https:\/\/www.penamontanesa.com\/wp-content\/uploads\/mg-8948-90x60.jpg 90w, https:\/\/www.penamontanesa.com\/wp-content\/uploads\/mg-8948-240x160.jpg 240w, https:\/\/www.penamontanesa.com\/wp-content\/uploads\/mg-8948-1400x933.jpg 1400w, https:\/\/www.penamontanesa.com\/wp-content\/uploads\/mg-8948.jpg 2048w\" sizes=\"auto, (max-width: 1024px) 100vw, 1024px\" \/><figcaption> Nos heures de r\u00e9ception sont de <strong>08:00 h. jusqu&rsquo;\u00e0 22h30 <\/strong><\/figcaption><\/figure>\n<\/div>\n<\/div>\n","protected":false},"excerpt":{"rendered":"","protected":false},"author":1,"featured_media":23033,"parent":0,"menu_order":8,"comment_status":"closed","ping_status":"closed","template":"","meta":{"_acf_changed":false,"footnotes":""},"class_list":["post-23026","page","type-page","status-publish","has-post-thumbnail","hentry"],"acf":[],"yoast_head":"<!-- This site is optimized with the Yoast SEO plugin v26.5 - https:\/\/yoast.com\/wordpress\/plugins\/seo\/ -->\n<title>Contact - Camping Pe\u00f1a Monta\u00f1esa<\/title>\n<meta name=\"robots\" content=\"index, follow, max-snippet:-1, max-image-preview:large, max-video-preview:-1\" \/>\n<link rel=\"canonical\" href=\"https:\/\/www.penamontanesa.com\/fr\/contact\/\" \/>\n<meta property=\"og:locale\" content=\"fr_FR\" \/>\n<meta property=\"og:type\" content=\"article\" \/>\n<meta property=\"og:title\" content=\"Contact - Camping Pe\u00f1a Monta\u00f1esa\" \/>\n<meta property=\"og:url\" content=\"https:\/\/www.penamontanesa.com\/fr\/contact\/\" \/>\n<meta property=\"og:site_name\" content=\"Camping Pe\u00f1a Monta\u00f1esa\" \/>\n<meta property=\"article:modified_time\" content=\"2022-10-03T08:01:23+00:00\" \/>\n<meta property=\"og:image\" content=\"https:\/\/www.penamontanesa.com\/wp-content\/uploads\/campingpenamontanesa-junio2010-11-e1548945366685.jpg\" \/>\n\t<meta property=\"og:image:width\" content=\"2048\" \/>\n\t<meta property=\"og:image:height\" content=\"593\" \/>\n\t<meta property=\"og:image:type\" content=\"image\/jpeg\" \/>\n<meta name=\"twitter:card\" content=\"summary_large_image\" \/>\n<script type=\"application\/ld+json\" class=\"yoast-schema-graph\">{\"@context\":\"https:\/\/schema.org\",\"@graph\":[{\"@type\":\"WebPage\",\"@id\":\"https:\/\/www.penamontanesa.com\/fr\/contact\/\",\"url\":\"https:\/\/www.penamontanesa.com\/fr\/contact\/\",\"name\":\"Contact - Camping Pe\u00f1a Monta\u00f1esa\",\"isPartOf\":{\"@id\":\"https:\/\/www.penamontanesa.com\/fr\/#website\"},\"primaryImageOfPage\":{\"@id\":\"https:\/\/www.penamontanesa.com\/fr\/contact\/#primaryimage\"},\"image\":{\"@id\":\"https:\/\/www.penamontanesa.com\/fr\/contact\/#primaryimage\"},\"thumbnailUrl\":\"https:\/\/www.penamontanesa.com\/wp-content\/uploads\/campingpenamontanesa-junio2010-11-e1548945366685.jpg\",\"datePublished\":\"2019-01-31T14:12:22+00:00\",\"dateModified\":\"2022-10-03T08:01:23+00:00\",\"breadcrumb\":{\"@id\":\"https:\/\/www.penamontanesa.com\/fr\/contact\/#breadcrumb\"},\"inLanguage\":\"fr-FR\",\"potentialAction\":[{\"@type\":\"ReadAction\",\"target\":[\"https:\/\/www.penamontanesa.com\/fr\/contact\/\"]}]},{\"@type\":\"ImageObject\",\"inLanguage\":\"fr-FR\",\"@id\":\"https:\/\/www.penamontanesa.com\/fr\/contact\/#primaryimage\",\"url\":\"https:\/\/www.penamontanesa.com\/wp-content\/uploads\/campingpenamontanesa-junio2010-11-e1548945366685.jpg\",\"contentUrl\":\"https:\/\/www.penamontanesa.com\/wp-content\/uploads\/campingpenamontanesa-junio2010-11-e1548945366685.jpg\",\"width\":2048,\"height\":593},{\"@type\":\"BreadcrumbList\",\"@id\":\"https:\/\/www.penamontanesa.com\/fr\/contact\/#breadcrumb\",\"itemListElement\":[{\"@type\":\"ListItem\",\"position\":1,\"name\":\"Portada\",\"item\":\"https:\/\/www.penamontanesa.com\/fr\/\"},{\"@type\":\"ListItem\",\"position\":2,\"name\":\"Contact\"}]},{\"@type\":\"WebSite\",\"@id\":\"https:\/\/www.penamontanesa.com\/fr\/#website\",\"url\":\"https:\/\/www.penamontanesa.com\/fr\/\",\"name\":\"Camping Pe\u00f1a Monta\u00f1esa\",\"description\":\"Camping y bungalows. Ainsa Pirineos. Parque Nacional de Ordesa y Monte Perdido.\",\"publisher\":{\"@id\":\"https:\/\/www.penamontanesa.com\/fr\/#organization\"},\"potentialAction\":[{\"@type\":\"SearchAction\",\"target\":{\"@type\":\"EntryPoint\",\"urlTemplate\":\"https:\/\/www.penamontanesa.com\/fr\/?s={search_term_string}\"},\"query-input\":{\"@type\":\"PropertyValueSpecification\",\"valueRequired\":true,\"valueName\":\"search_term_string\"}}],\"inLanguage\":\"fr-FR\"},{\"@type\":\"Organization\",\"@id\":\"https:\/\/www.penamontanesa.com\/fr\/#organization\",\"name\":\"Camping Pe\u00f1a Monta\u00f1esa\",\"url\":\"https:\/\/www.penamontanesa.com\/fr\/\",\"logo\":{\"@type\":\"ImageObject\",\"inLanguage\":\"fr-FR\",\"@id\":\"https:\/\/www.penamontanesa.com\/fr\/#\/schema\/logo\/image\/\",\"url\":\"https:\/\/www.penamontanesa.com\/wp-content\/uploads\/cropped-penamontanesa-logo-1-1.png\",\"contentUrl\":\"https:\/\/www.penamontanesa.com\/wp-content\/uploads\/cropped-penamontanesa-logo-1-1.png\",\"width\":420,\"height\":103,\"caption\":\"Camping Pe\u00f1a Monta\u00f1esa\"},\"image\":{\"@id\":\"https:\/\/www.penamontanesa.com\/fr\/#\/schema\/logo\/image\/\"}}]}<\/script>\n<!-- \/ Yoast SEO plugin. -->","yoast_head_json":{"title":"Contact - Camping Pe\u00f1a Monta\u00f1esa","robots":{"index":"index","follow":"follow","max-snippet":"max-snippet:-1","max-image-preview":"max-image-preview:large","max-video-preview":"max-video-preview:-1"},"canonical":"https:\/\/www.penamontanesa.com\/fr\/contact\/","og_locale":"fr_FR","og_type":"article","og_title":"Contact - Camping Pe\u00f1a Monta\u00f1esa","og_url":"https:\/\/www.penamontanesa.com\/fr\/contact\/","og_site_name":"Camping Pe\u00f1a Monta\u00f1esa","article_modified_time":"2022-10-03T08:01:23+00:00","og_image":[{"width":2048,"height":593,"url":"https:\/\/www.penamontanesa.com\/wp-content\/uploads\/campingpenamontanesa-junio2010-11-e1548945366685.jpg","type":"image\/jpeg"}],"twitter_card":"summary_large_image","schema":{"@context":"https:\/\/schema.org","@graph":[{"@type":"WebPage","@id":"https:\/\/www.penamontanesa.com\/fr\/contact\/","url":"https:\/\/www.penamontanesa.com\/fr\/contact\/","name":"Contact - Camping Pe\u00f1a Monta\u00f1esa","isPartOf":{"@id":"https:\/\/www.penamontanesa.com\/fr\/#website"},"primaryImageOfPage":{"@id":"https:\/\/www.penamontanesa.com\/fr\/contact\/#primaryimage"},"image":{"@id":"https:\/\/www.penamontanesa.com\/fr\/contact\/#primaryimage"},"thumbnailUrl":"https:\/\/www.penamontanesa.com\/wp-content\/uploads\/campingpenamontanesa-junio2010-11-e1548945366685.jpg","datePublished":"2019-01-31T14:12:22+00:00","dateModified":"2022-10-03T08:01:23+00:00","breadcrumb":{"@id":"https:\/\/www.penamontanesa.com\/fr\/contact\/#breadcrumb"},"inLanguage":"fr-FR","potentialAction":[{"@type":"ReadAction","target":["https:\/\/www.penamontanesa.com\/fr\/contact\/"]}]},{"@type":"ImageObject","inLanguage":"fr-FR","@id":"https:\/\/www.penamontanesa.com\/fr\/contact\/#primaryimage","url":"https:\/\/www.penamontanesa.com\/wp-content\/uploads\/campingpenamontanesa-junio2010-11-e1548945366685.jpg","contentUrl":"https:\/\/www.penamontanesa.com\/wp-content\/uploads\/campingpenamontanesa-junio2010-11-e1548945366685.jpg","width":2048,"height":593},{"@type":"BreadcrumbList","@id":"https:\/\/www.penamontanesa.com\/fr\/contact\/#breadcrumb","itemListElement":[{"@type":"ListItem","position":1,"name":"Portada","item":"https:\/\/www.penamontanesa.com\/fr\/"},{"@type":"ListItem","position":2,"name":"Contact"}]},{"@type":"WebSite","@id":"https:\/\/www.penamontanesa.com\/fr\/#website","url":"https:\/\/www.penamontanesa.com\/fr\/","name":"Camping Pe\u00f1a Monta\u00f1esa","description":"Camping y bungalows. Ainsa Pirineos. Parque Nacional de Ordesa y Monte Perdido.","publisher":{"@id":"https:\/\/www.penamontanesa.com\/fr\/#organization"},"potentialAction":[{"@type":"SearchAction","target":{"@type":"EntryPoint","urlTemplate":"https:\/\/www.penamontanesa.com\/fr\/?s={search_term_string}"},"query-input":{"@type":"PropertyValueSpecification","valueRequired":true,"valueName":"search_term_string"}}],"inLanguage":"fr-FR"},{"@type":"Organization","@id":"https:\/\/www.penamontanesa.com\/fr\/#organization","name":"Camping Pe\u00f1a Monta\u00f1esa","url":"https:\/\/www.penamontanesa.com\/fr\/","logo":{"@type":"ImageObject","inLanguage":"fr-FR","@id":"https:\/\/www.penamontanesa.com\/fr\/#\/schema\/logo\/image\/","url":"https:\/\/www.penamontanesa.com\/wp-content\/uploads\/cropped-penamontanesa-logo-1-1.png","contentUrl":"https:\/\/www.penamontanesa.com\/wp-content\/uploads\/cropped-penamontanesa-logo-1-1.png","width":420,"height":103,"caption":"Camping Pe\u00f1a Monta\u00f1esa"},"image":{"@id":"https:\/\/www.penamontanesa.com\/fr\/#\/schema\/logo\/image\/"}}]}},"_links":{"self":[{"href":"https:\/\/www.penamontanesa.com\/fr\/wp-json\/wp\/v2\/pages\/23026","targetHints":{"allow":["GET"]}}],"collection":[{"href":"https:\/\/www.penamontanesa.com\/fr\/wp-json\/wp\/v2\/pages"}],"about":[{"href":"https:\/\/www.penamontanesa.com\/fr\/wp-json\/wp\/v2\/types\/page"}],"author":[{"embeddable":true,"href":"https:\/\/www.penamontanesa.com\/fr\/wp-json\/wp\/v2\/users\/1"}],"replies":[{"embeddable":true,"href":"https:\/\/www.penamontanesa.com\/fr\/wp-json\/wp\/v2\/comments?post=23026"}],"version-history":[{"count":2,"href":"https:\/\/www.penamontanesa.com\/fr\/wp-json\/wp\/v2\/pages\/23026\/revisions"}],"predecessor-version":[{"id":45151,"href":"https:\/\/www.penamontanesa.com\/fr\/wp-json\/wp\/v2\/pages\/23026\/revisions\/45151"}],"wp:featuredmedia":[{"embeddable":true,"href":"https:\/\/www.penamontanesa.com\/fr\/wp-json\/wp\/v2\/media\/23033"}],"wp:attachment":[{"href":"https:\/\/www.penamontanesa.com\/fr\/wp-json\/wp\/v2\/media?parent=23026"}],"curies":[{"name":"wp","href":"https:\/\/api.w.org\/{rel}","templated":true}]}}