{"id":23296,"date":"2019-02-18T08:41:58","date_gmt":"2019-02-18T07:41:58","guid":{"rendered":"https:\/\/www.penamontanesa.com\/hebergement\/bungalow-5-personas\/"},"modified":"2026-01-29T01:36:16","modified_gmt":"2026-01-29T00:36:16","slug":"bungalow-5-personnes","status":"publish","type":"page","link":"https:\/\/www.penamontanesa.com\/fr\/hebergement\/bungalow-5-personnes\/","title":{"rendered":"Bungalow familial"},"content":{"rendered":"\n<div class=\"wp-block-columns has-2-columns is-layout-flex wp-container-core-columns-is-layout-9d6595d7 wp-block-columns-is-layout-flex\">\n<div class=\"wp-block-column is-layout-flow wp-block-column-is-layout-flow\">\n<p>Le <strong>bungalow familial <\/strong>se compose de: cuisine-salle \u00e0 manger (vaisselle, r\u00e9frig\u00e9rateur, chauffe-eau, cuisini\u00e8re \u00e0 gaz, four \u00e0 micro-ondes, t\u00e9l\u00e9vision), salle de bain avec douche, chambre avec lit double, chambre avec lits superpos\u00e9s deux lits et un autre lit simple \u00e0 c\u00f4t\u00e9. Terrasse ext\u00e9rieure couverte avec table et chaises.<\/p>\n\n\n\n<p>* Capacit\u00e9 de 2 \u00e0 5 personnes.<\/p>\n<\/div>\n\n\n\n<div class=\"wp-block-column is-layout-flow wp-block-column-is-layout-flow\"><div class=\"wp-block-image\">\n<figure class=\"aligncenter is-resized\"><img loading=\"lazy\" decoding=\"async\" width=\"393\" height=\"600\" src=\"https:\/\/www.penamontanesa.com\/wp-content\/uploads\/bw-3-5-pax-plano.jpg\" alt=\"\" class=\"wp-image-21181\" style=\"width:170px;height:260px\" srcset=\"https:\/\/www.penamontanesa.com\/wp-content\/uploads\/bw-3-5-pax-plano.jpg 393w, https:\/\/www.penamontanesa.com\/wp-content\/uploads\/bw-3-5-pax-plano-197x300.jpg 197w, https:\/\/www.penamontanesa.com\/wp-content\/uploads\/bw-3-5-pax-plano-157x240.jpg 157w\" sizes=\"auto, (max-width: 393px) 100vw, 393px\" \/><\/figure>\n<\/div>\n\n\n<p><\/p>\n<\/div>\n<\/div>\n\n\n\n<p class=\"custom-float has-blank-3-cleargreen-background-color has-background has-medium-font-size\">Jeter un coup d&rsquo;oeil<\/p>\n\n\n\n            \n                    <article id=\"advanced_gallery-block_66b64c17110fad8352bafb8eee370b96\" class=\"advanced_gallery alignwide columns-3\">\n                \n            <script>\n\n            $(document).ready(function() {\n              var owl = $('#id-gal-426838939');\n              owl.owlCarousel({\n                margin: 20,\n                nav: true,\n                autoplay:false,\n                loop: true,\n                dots: false,\n                responsive: {\n                  0: {\n                    items: 1\n                  },\n                  400: {\n\n                    items: 1\n                  },\n\n                  600: {\n\n                    items: 1\n                  },\n                  1000: {\n                    items: 3\n                  }\n                }\n              })\n            })\n\n            <\/script><div class=\"owl-container\"><div id=\"id-gal-426838939\" class=\"galeria clearfix galeria-slider owl-carousel\"><div class=\"item\"><a href=\"https:\/\/www.penamontanesa.com\/wp-content\/uploads\/pena-montanesa-0028-custom-1400x925.jpg\" id=\"thumb-22276\" class=\"image-link\"><div class=\"item-thumb cover\" style=\"background-image:url(https:\/\/www.penamontanesa.com\/wp-content\/uploads\/pena-montanesa-0028-custom-900x640.jpg)\"><\/div><\/a><\/div><div class=\"item\"><a href=\"https:\/\/www.penamontanesa.com\/wp-content\/uploads\/bungalow1.jpg\" id=\"thumb-21213\" class=\"image-link\"><div class=\"item-thumb cover\" style=\"background-image:url(https:\/\/www.penamontanesa.com\/wp-content\/uploads\/bungalow1-900x640.jpg)\"><\/div><\/a><\/div><div class=\"item\"><a href=\"https:\/\/www.penamontanesa.com\/wp-content\/uploads\/bungalow2.jpg\" id=\"thumb-21216\" class=\"image-link\"><div class=\"item-thumb cover\" style=\"background-image:url(https:\/\/www.penamontanesa.com\/wp-content\/uploads\/bungalow2-900x640.jpg)\"><\/div><\/a><\/div><div class=\"item\"><a href=\"https:\/\/www.penamontanesa.com\/wp-content\/uploads\/bungalow3.jpg\" id=\"thumb-21219\" class=\"image-link\"><div class=\"item-thumb cover\" style=\"background-image:url(https:\/\/www.penamontanesa.com\/wp-content\/uploads\/bungalow3-900x640.jpg)\"><\/div><\/a><\/div><div class=\"item\"><a href=\"https:\/\/www.penamontanesa.com\/wp-content\/uploads\/bungalow4-800x1200.jpg\" id=\"thumb-21222\" class=\"image-link\"><div class=\"item-thumb cover\" style=\"background-image:url(https:\/\/www.penamontanesa.com\/wp-content\/uploads\/bungalow4-900x640.jpg)\"><\/div><\/a><\/div><div class=\"item\"><a href=\"https:\/\/www.penamontanesa.com\/wp-content\/uploads\/pena-montanesa-0026-custom-793x1200.jpg\" id=\"thumb-22267\" class=\"image-link\"><div class=\"item-thumb cover\" style=\"background-image:url(https:\/\/www.penamontanesa.com\/wp-content\/uploads\/pena-montanesa-0026-custom-900x640.jpg)\"><\/div><\/a><\/div><\/div><\/div>            <\/article>\n        \n    \n\n\n\n\n\n<h2 class=\"wp-block-heading\" id=\"mce_20\">R\u00e9sum\u00e9 de l&rsquo;h\u00e9bergement<\/h2>\n\n\n\n<div class=\"wp-block-columns has-2-columns is-layout-flex wp-container-core-columns-is-layout-9d6595d7 wp-block-columns-is-layout-flex\">\n<div class=\"wp-block-column is-layout-flow wp-block-column-is-layout-flow\">\n<ul class=\"wp-block-list\">\n<li>Vaisselle<\/li>\n\n\n\n<li>R\u00e9frig\u00e9rateur<\/li>\n\n\n\n<li>Chauffage<\/li>\n\n\n\n<li>Climatisation<\/li>\n<\/ul>\n<\/div>\n\n\n\n<div class=\"wp-block-column is-layout-flow wp-block-column-is-layout-flow\">\n<ul class=\"wp-block-list\">\n<li>Cuisini\u00e8re \u00e0 gaz<\/li>\n\n\n\n<li>Micro-ondes<\/li>\n\n\n\n<li>T\u00e9l\u00e9vision<\/li>\n\n\n\n<li>Draps et serviettes \u2013 non compris <\/li>\n<\/ul>\n<\/div>\n<\/div>\n\n\n\n<h2 class=\"wp-block-heading\">Autres h\u00e9bergements<\/h2>\n\n\n\n            \n        \n        \n\n            <article id=\"featured_lodgements-block_ad349521dcf3b97bc92c065ebcb97999\" class=\"featured_lodgements alignwide featured-columns-3\">\n                <script>\n                    $(document).ready(function(){\n                       $(\"#featured_lodgements-block_ad349521dcf3b97bc92c065ebcb97999 .lodgements-slide\").owlCarousel({\n                            nav: true,\n                            dots: false,\n                            margin: 20,\n                            mouseDrag: true,\n                            responsive: {\n                                0: {\n                                    items: 1,\n                                   },\n                                768: {\n                                    items: 3,\n                                   }\n                            }\n                       });\n                    });\n\n                <\/script>\n                <div class=\"lodgements-slide owl-carousel\">\n                                \n                    \n                                        <a class=\"item-list-23276\" href=\"https:\/\/www.penamontanesa.com\/fr\/hebergement\/bungalow-2-personen\/\">\n                                                                                                                                        <div class=\"item-list-thumb-wrapper\">\n                            <div class=\"item-list-thumb cover\" style=\"background-image:url(https:\/\/www.penamontanesa.com\/wp-content\/uploads\/madera-1-1-640x480.jpg)\"><\/div>\n                        <\/div>\n                                                        <p class=\"icon-house has-medium-font-size\">Bungalow 2 personnes<span class=\"has-normal-font-size\">A partir de 58\u20ac<\/span><\/p>\n\n                    <\/a>\n                    \n                \n                    \n                                        <a class=\"item-list-63184\" href=\"https:\/\/www.penamontanesa.com\/fr\/hebergement\/cabana-5-personas\/\">\n                                                                                                                                        <div class=\"item-list-thumb-wrapper\">\n                            <div class=\"item-list-thumb cover\" style=\"background-image:url(https:\/\/www.penamontanesa.com\/wp-content\/uploads\/cabana-nordica-640x480.png)\"><\/div>\n                        <\/div>\n                                                        <p class=\"icon-house has-medium-font-size\">Cabane Nordique<span class=\"has-normal-font-size\">A partir de 100\u20ac<\/span><\/p>\n\n                    <\/a>\n                    \n                \n                    \n                                        <a class=\"item-list-63369\" href=\"https:\/\/www.penamontanesa.com\/fr\/hebergement\/bungalow-madera-5-personas\/\">\n                                                                                                                                        <div class=\"item-list-thumb-wrapper\">\n                            <div class=\"item-list-thumb cover\" style=\"background-image:url(https:\/\/www.penamontanesa.com\/wp-content\/uploads\/bw-40s-640x480.png)\"><\/div>\n                        <\/div>\n                                                        <p class=\"icon-house has-medium-font-size\">Bungalow madera<span class=\"has-normal-font-size\">Desde 87\u20ac<\/span><\/p>\n\n                    <\/a>\n                    \n                \n                    \n                                        <a class=\"item-list-23316\" href=\"https:\/\/www.penamontanesa.com\/fr\/hebergement\/mobilhome-4-personnes\/\">\n                                                                                                                                        <div class=\"item-list-thumb-wrapper\">\n                            <div class=\"item-list-thumb cover\" style=\"background-image:url(https:\/\/www.penamontanesa.com\/wp-content\/uploads\/movil-2-640x480.jpg)\"><\/div>\n                        <\/div>\n                                                        <p class=\"icon-house has-medium-font-size\">Mobilhome<span class=\"has-normal-font-size\">A partir de 79\u20ac<\/span><\/p>\n\n                    <\/a>\n                    \n                                <\/div>\n            <\/article>\n                            <p style=\"background-color:#d3e5cf\" class=\"has-background featured-float\"><\/p>\n                    \n    \n\n\n","protected":false},"excerpt":{"rendered":"<p>Le bungalow familial se compose de: cuisine-salle \u00e0 manger (vaisselle, [&hellip;]<\/p>\n","protected":false},"author":1,"featured_media":22052,"parent":22931,"menu_order":3,"comment_status":"closed","ping_status":"closed","template":"templates\/tmpl-alojamiento.php","meta":{"_acf_changed":false,"footnotes":""},"class_list":["post-23296","page","type-page","status-publish","has-post-thumbnail","hentry","equipment-1-lit-double","equipment-1-lit-simple","equipment-couchette"],"acf":[],"yoast_head":"<!-- This site is optimized with the Yoast SEO plugin v26.5 - https:\/\/yoast.com\/wordpress\/plugins\/seo\/ -->\n<title>Bungalow familiar - Camping Pe\u00f1a Monta\u00f1esa<\/title>\n<meta name=\"robots\" content=\"index, follow, max-snippet:-1, max-image-preview:large, max-video-preview:-1\" \/>\n<link rel=\"canonical\" href=\"https:\/\/www.penamontanesa.com\/fr\/hebergement\/bungalow-5-personnes\/\" \/>\n<meta property=\"og:locale\" content=\"fr_FR\" \/>\n<meta property=\"og:type\" content=\"article\" \/>\n<meta property=\"og:title\" content=\"Bungalow familiar - Camping Pe\u00f1a Monta\u00f1esa\" \/>\n<meta property=\"og:description\" content=\"Le bungalow familial se compose de: cuisine-salle \u00e0 manger (vaisselle, [&hellip;]\" \/>\n<meta property=\"og:url\" content=\"https:\/\/www.penamontanesa.com\/fr\/hebergement\/bungalow-5-personnes\/\" \/>\n<meta property=\"og:site_name\" content=\"Camping Pe\u00f1a Monta\u00f1esa\" \/>\n<meta property=\"article:modified_time\" content=\"2026-01-29T00:36:16+00:00\" \/>\n<meta property=\"og:image\" content=\"https:\/\/www.penamontanesa.com\/wp-content\/uploads\/mg-7418.jpg\" \/>\n\t<meta property=\"og:image:width\" content=\"1158\" \/>\n\t<meta property=\"og:image:height\" content=\"772\" \/>\n\t<meta property=\"og:image:type\" content=\"image\/jpeg\" \/>\n<meta name=\"twitter:card\" content=\"summary_large_image\" \/>\n<meta name=\"twitter:label1\" content=\"Dur\u00e9e de lecture estim\u00e9e\" \/>\n\t<meta name=\"twitter:data1\" content=\"1 minute\" \/>\n<script type=\"application\/ld+json\" class=\"yoast-schema-graph\">{\"@context\":\"https:\/\/schema.org\",\"@graph\":[{\"@type\":\"WebPage\",\"@id\":\"https:\/\/www.penamontanesa.com\/fr\/hebergement\/bungalow-5-personnes\/\",\"url\":\"https:\/\/www.penamontanesa.com\/fr\/hebergement\/bungalow-5-personnes\/\",\"name\":\"Bungalow familiar - Camping Pe\u00f1a Monta\u00f1esa\",\"isPartOf\":{\"@id\":\"https:\/\/www.penamontanesa.com\/fr\/#website\"},\"primaryImageOfPage\":{\"@id\":\"https:\/\/www.penamontanesa.com\/fr\/hebergement\/bungalow-5-personnes\/#primaryimage\"},\"image\":{\"@id\":\"https:\/\/www.penamontanesa.com\/fr\/hebergement\/bungalow-5-personnes\/#primaryimage\"},\"thumbnailUrl\":\"https:\/\/www.penamontanesa.com\/wp-content\/uploads\/mg-7418.jpg\",\"datePublished\":\"2019-02-18T07:41:58+00:00\",\"dateModified\":\"2026-01-29T00:36:16+00:00\",\"breadcrumb\":{\"@id\":\"https:\/\/www.penamontanesa.com\/fr\/hebergement\/bungalow-5-personnes\/#breadcrumb\"},\"inLanguage\":\"fr-FR\",\"potentialAction\":[{\"@type\":\"ReadAction\",\"target\":[\"https:\/\/www.penamontanesa.com\/fr\/hebergement\/bungalow-5-personnes\/\"]}]},{\"@type\":\"ImageObject\",\"inLanguage\":\"fr-FR\",\"@id\":\"https:\/\/www.penamontanesa.com\/fr\/hebergement\/bungalow-5-personnes\/#primaryimage\",\"url\":\"https:\/\/www.penamontanesa.com\/wp-content\/uploads\/mg-7418.jpg\",\"contentUrl\":\"https:\/\/www.penamontanesa.com\/wp-content\/uploads\/mg-7418.jpg\",\"width\":1158,\"height\":772,\"caption\":\"Bungalow monta\u00f1a\"},{\"@type\":\"BreadcrumbList\",\"@id\":\"https:\/\/www.penamontanesa.com\/fr\/hebergement\/bungalow-5-personnes\/#breadcrumb\",\"itemListElement\":[{\"@type\":\"ListItem\",\"position\":1,\"name\":\"Portada\",\"item\":\"https:\/\/www.penamontanesa.com\/fr\/\"},{\"@type\":\"ListItem\",\"position\":2,\"name\":\"H\u00e9bergement\",\"item\":\"https:\/\/www.penamontanesa.com\/fr\/hebergement\/\"},{\"@type\":\"ListItem\",\"position\":3,\"name\":\"Bungalow familial\"}]},{\"@type\":\"WebSite\",\"@id\":\"https:\/\/www.penamontanesa.com\/fr\/#website\",\"url\":\"https:\/\/www.penamontanesa.com\/fr\/\",\"name\":\"Camping Pe\u00f1a Monta\u00f1esa\",\"description\":\"Camping y bungalows. Ainsa Pirineos. Parque Nacional de Ordesa y Monte Perdido.\",\"publisher\":{\"@id\":\"https:\/\/www.penamontanesa.com\/fr\/#organization\"},\"potentialAction\":[{\"@type\":\"SearchAction\",\"target\":{\"@type\":\"EntryPoint\",\"urlTemplate\":\"https:\/\/www.penamontanesa.com\/fr\/?s={search_term_string}\"},\"query-input\":{\"@type\":\"PropertyValueSpecification\",\"valueRequired\":true,\"valueName\":\"search_term_string\"}}],\"inLanguage\":\"fr-FR\"},{\"@type\":\"Organization\",\"@id\":\"https:\/\/www.penamontanesa.com\/fr\/#organization\",\"name\":\"Camping Pe\u00f1a Monta\u00f1esa\",\"url\":\"https:\/\/www.penamontanesa.com\/fr\/\",\"logo\":{\"@type\":\"ImageObject\",\"inLanguage\":\"fr-FR\",\"@id\":\"https:\/\/www.penamontanesa.com\/fr\/#\/schema\/logo\/image\/\",\"url\":\"https:\/\/www.penamontanesa.com\/wp-content\/uploads\/cropped-penamontanesa-logo-1-1.png\",\"contentUrl\":\"https:\/\/www.penamontanesa.com\/wp-content\/uploads\/cropped-penamontanesa-logo-1-1.png\",\"width\":420,\"height\":103,\"caption\":\"Camping Pe\u00f1a Monta\u00f1esa\"},\"image\":{\"@id\":\"https:\/\/www.penamontanesa.com\/fr\/#\/schema\/logo\/image\/\"}}]}<\/script>\n<!-- \/ Yoast SEO plugin. -->","yoast_head_json":{"title":"Bungalow familiar - Camping Pe\u00f1a Monta\u00f1esa","robots":{"index":"index","follow":"follow","max-snippet":"max-snippet:-1","max-image-preview":"max-image-preview:large","max-video-preview":"max-video-preview:-1"},"canonical":"https:\/\/www.penamontanesa.com\/fr\/hebergement\/bungalow-5-personnes\/","og_locale":"fr_FR","og_type":"article","og_title":"Bungalow familiar - Camping Pe\u00f1a Monta\u00f1esa","og_description":"Le bungalow familial se compose de: cuisine-salle \u00e0 manger (vaisselle, [&hellip;]","og_url":"https:\/\/www.penamontanesa.com\/fr\/hebergement\/bungalow-5-personnes\/","og_site_name":"Camping Pe\u00f1a Monta\u00f1esa","article_modified_time":"2026-01-29T00:36:16+00:00","og_image":[{"width":1158,"height":772,"url":"https:\/\/www.penamontanesa.com\/wp-content\/uploads\/mg-7418.jpg","type":"image\/jpeg"}],"twitter_card":"summary_large_image","twitter_misc":{"Dur\u00e9e de lecture estim\u00e9e":"1 minute"},"schema":{"@context":"https:\/\/schema.org","@graph":[{"@type":"WebPage","@id":"https:\/\/www.penamontanesa.com\/fr\/hebergement\/bungalow-5-personnes\/","url":"https:\/\/www.penamontanesa.com\/fr\/hebergement\/bungalow-5-personnes\/","name":"Bungalow familiar - Camping Pe\u00f1a Monta\u00f1esa","isPartOf":{"@id":"https:\/\/www.penamontanesa.com\/fr\/#website"},"primaryImageOfPage":{"@id":"https:\/\/www.penamontanesa.com\/fr\/hebergement\/bungalow-5-personnes\/#primaryimage"},"image":{"@id":"https:\/\/www.penamontanesa.com\/fr\/hebergement\/bungalow-5-personnes\/#primaryimage"},"thumbnailUrl":"https:\/\/www.penamontanesa.com\/wp-content\/uploads\/mg-7418.jpg","datePublished":"2019-02-18T07:41:58+00:00","dateModified":"2026-01-29T00:36:16+00:00","breadcrumb":{"@id":"https:\/\/www.penamontanesa.com\/fr\/hebergement\/bungalow-5-personnes\/#breadcrumb"},"inLanguage":"fr-FR","potentialAction":[{"@type":"ReadAction","target":["https:\/\/www.penamontanesa.com\/fr\/hebergement\/bungalow-5-personnes\/"]}]},{"@type":"ImageObject","inLanguage":"fr-FR","@id":"https:\/\/www.penamontanesa.com\/fr\/hebergement\/bungalow-5-personnes\/#primaryimage","url":"https:\/\/www.penamontanesa.com\/wp-content\/uploads\/mg-7418.jpg","contentUrl":"https:\/\/www.penamontanesa.com\/wp-content\/uploads\/mg-7418.jpg","width":1158,"height":772,"caption":"Bungalow monta\u00f1a"},{"@type":"BreadcrumbList","@id":"https:\/\/www.penamontanesa.com\/fr\/hebergement\/bungalow-5-personnes\/#breadcrumb","itemListElement":[{"@type":"ListItem","position":1,"name":"Portada","item":"https:\/\/www.penamontanesa.com\/fr\/"},{"@type":"ListItem","position":2,"name":"H\u00e9bergement","item":"https:\/\/www.penamontanesa.com\/fr\/hebergement\/"},{"@type":"ListItem","position":3,"name":"Bungalow familial"}]},{"@type":"WebSite","@id":"https:\/\/www.penamontanesa.com\/fr\/#website","url":"https:\/\/www.penamontanesa.com\/fr\/","name":"Camping Pe\u00f1a Monta\u00f1esa","description":"Camping y bungalows. Ainsa Pirineos. Parque Nacional de Ordesa y Monte Perdido.","publisher":{"@id":"https:\/\/www.penamontanesa.com\/fr\/#organization"},"potentialAction":[{"@type":"SearchAction","target":{"@type":"EntryPoint","urlTemplate":"https:\/\/www.penamontanesa.com\/fr\/?s={search_term_string}"},"query-input":{"@type":"PropertyValueSpecification","valueRequired":true,"valueName":"search_term_string"}}],"inLanguage":"fr-FR"},{"@type":"Organization","@id":"https:\/\/www.penamontanesa.com\/fr\/#organization","name":"Camping Pe\u00f1a Monta\u00f1esa","url":"https:\/\/www.penamontanesa.com\/fr\/","logo":{"@type":"ImageObject","inLanguage":"fr-FR","@id":"https:\/\/www.penamontanesa.com\/fr\/#\/schema\/logo\/image\/","url":"https:\/\/www.penamontanesa.com\/wp-content\/uploads\/cropped-penamontanesa-logo-1-1.png","contentUrl":"https:\/\/www.penamontanesa.com\/wp-content\/uploads\/cropped-penamontanesa-logo-1-1.png","width":420,"height":103,"caption":"Camping Pe\u00f1a Monta\u00f1esa"},"image":{"@id":"https:\/\/www.penamontanesa.com\/fr\/#\/schema\/logo\/image\/"}}]}},"_links":{"self":[{"href":"https:\/\/www.penamontanesa.com\/fr\/wp-json\/wp\/v2\/pages\/23296","targetHints":{"allow":["GET"]}}],"collection":[{"href":"https:\/\/www.penamontanesa.com\/fr\/wp-json\/wp\/v2\/pages"}],"about":[{"href":"https:\/\/www.penamontanesa.com\/fr\/wp-json\/wp\/v2\/types\/page"}],"author":[{"embeddable":true,"href":"https:\/\/www.penamontanesa.com\/fr\/wp-json\/wp\/v2\/users\/1"}],"replies":[{"embeddable":true,"href":"https:\/\/www.penamontanesa.com\/fr\/wp-json\/wp\/v2\/comments?post=23296"}],"version-history":[{"count":9,"href":"https:\/\/www.penamontanesa.com\/fr\/wp-json\/wp\/v2\/pages\/23296\/revisions"}],"predecessor-version":[{"id":63500,"href":"https:\/\/www.penamontanesa.com\/fr\/wp-json\/wp\/v2\/pages\/23296\/revisions\/63500"}],"up":[{"embeddable":true,"href":"https:\/\/www.penamontanesa.com\/fr\/wp-json\/wp\/v2\/pages\/22931"}],"wp:featuredmedia":[{"embeddable":true,"href":"https:\/\/www.penamontanesa.com\/fr\/wp-json\/wp\/v2\/media\/22052"}],"wp:attachment":[{"href":"https:\/\/www.penamontanesa.com\/fr\/wp-json\/wp\/v2\/media?parent=23296"}],"curies":[{"name":"wp","href":"https:\/\/api.w.org\/{rel}","templated":true}]}}