{"id":23320,"date":"2019-01-16T10:26:43","date_gmt":"2019-01-16T09:26:43","guid":{"rendered":"https:\/\/www.penamontanesa.com\/installations\/piscinas\/"},"modified":"2022-10-04T08:22:49","modified_gmt":"2022-10-04T06:22:49","slug":"piscines-exterieures-spa","status":"publish","type":"page","link":"https:\/\/www.penamontanesa.com\/fr\/installations\/piscines-exterieures-spa\/","title":{"rendered":"Piscines ext\u00e9rieures"},"content":{"rendered":"\n<div class=\"wp-block-columns has-2-columns is-layout-flex wp-container-core-columns-is-layout-9d6595d7 wp-block-columns-is-layout-flex\">\n<div class=\"wp-block-column is-layout-flow wp-block-column-is-layout-flow\">\n<p>Plusieurs piscines, formant une surface de <strong>plus de 1000 m2 de surface d\u2019eau<\/strong>. Id\u00e9al pour manquer la chaleur de l&rsquo;\u00e9t\u00e9. En plus de grandes zones d&rsquo;herbe pour bronzer.<br><\/p>\n<\/div>\n\n\n\n<div class=\"wp-block-column is-layout-flow wp-block-column-is-layout-flow\">\n<div class=\"wp-block-group icon-grups is-content-justification-center is-layout-flex wp-container-core-group-is-layout-64b26803 wp-block-group-is-layout-flex\">\n<figure class=\"wp-block-image size-full is-resized\"><img loading=\"lazy\" decoding=\"async\" src=\"https:\/\/www.penamontanesa.com\/wp-content\/uploads\/children-pool.png\" alt=\"\" class=\"wp-image-19681\" width=\"96\" height=\"96\"\/><figcaption>Piscine pour adultes<\/figcaption><\/figure>\n\n\n\n<figure class=\"wp-block-image size-full is-resized\"><img loading=\"lazy\" decoding=\"async\" src=\"https:\/\/www.penamontanesa.com\/wp-content\/uploads\/children-pool.png\" alt=\"\" class=\"wp-image-19681\" width=\"96\" height=\"96\"\/><figcaption>Piscine pour enfants<\/figcaption><\/figure>\n\n\n\n<figure class=\"wp-block-image size-full is-resized\"><img loading=\"lazy\" decoding=\"async\" src=\"https:\/\/www.penamontanesa.com\/wp-content\/uploads\/shower.png\" alt=\"\" class=\"wp-image-19678\" width=\"96\" height=\"96\"\/><figcaption>Douches d&rsquo;hydromassage<\/figcaption><\/figure>\n<\/div>\n<\/div>\n<\/div>\n\n\n\n<p class=\"custom-float has-background has-medium-font-size\" style=\"background-color:#d3e5cf\">Jeter un coup d&rsquo;oeil<\/p>\n\n\n\n            \n                    <article id=\"advanced_gallery-block_4be8f26899cd4361fd3d23d04e07d8b3\" class=\"advanced_gallery alignwide columns-3\">\n                \n            <script>\n\n            $(document).ready(function() {\n              var owl = $('#id-gal-238586521');\n              owl.owlCarousel({\n                margin: 20,\n                nav: true,\n                autoplay:false,\n                loop: true,\n                dots: false,\n                responsive: {\n                  0: {\n                    items: 1\n                  },\n                  400: {\n\n                    items: 1\n                  },\n\n                  600: {\n\n                    items: 1\n                  },\n                  1000: {\n                    items: 3\n                  }\n                }\n              })\n            })\n\n            <\/script><div class=\"owl-container\"><div id=\"id-gal-238586521\" class=\"galeria clearfix galeria-slider owl-carousel\"><div class=\"item\"><a href=\"https:\/\/www.penamontanesa.com\/wp-content\/uploads\/piscinasexteriores-17-1400x788.jpg\" id=\"thumb-22329\" class=\"image-link\"><div class=\"item-thumb cover\" style=\"background-image:url(https:\/\/www.penamontanesa.com\/wp-content\/uploads\/piscinasexteriores-17-900x640.jpg)\"><\/div><\/a><\/div><div class=\"item\"><a href=\"https:\/\/www.penamontanesa.com\/wp-content\/uploads\/mg-7342-1.jpg\" id=\"thumb-22093\" class=\"image-link\"><div class=\"item-thumb cover\" style=\"background-image:url(https:\/\/www.penamontanesa.com\/wp-content\/uploads\/mg-7342-1-900x640.jpg)\"><\/div><\/a><\/div><div class=\"item\"><a href=\"https:\/\/www.penamontanesa.com\/wp-content\/uploads\/mg-8783-1400x933.jpg\" id=\"thumb-22083\" class=\"image-link\"><div class=\"item-thumb cover\" style=\"background-image:url(https:\/\/www.penamontanesa.com\/wp-content\/uploads\/mg-8783-900x640.jpg)\"><\/div><\/a><\/div><div class=\"item\"><a href=\"https:\/\/www.penamontanesa.com\/wp-content\/uploads\/mg-7345-1-1400x933.jpg\" id=\"thumb-23324\" class=\"image-link\"><div class=\"item-thumb cover\" style=\"background-image:url(https:\/\/www.penamontanesa.com\/wp-content\/uploads\/mg-7345-1-900x640.jpg)\"><\/div><\/a><\/div><div class=\"item\"><a href=\"https:\/\/www.penamontanesa.com\/wp-content\/uploads\/mg-7408.jpg\" id=\"thumb-23321\" class=\"image-link\"><div class=\"item-thumb cover\" style=\"background-image:url(https:\/\/www.penamontanesa.com\/wp-content\/uploads\/mg-7408-900x640.jpg)\"><\/div><\/a><\/div><div class=\"item\"><a href=\"https:\/\/www.penamontanesa.com\/wp-content\/uploads\/img-1314-custom-1400x933.jpg\" id=\"thumb-22310\" class=\"image-link\"><div class=\"item-thumb cover\" style=\"background-image:url(https:\/\/www.penamontanesa.com\/wp-content\/uploads\/img-1314-custom-900x640.jpg)\"><\/div><\/a><\/div><div class=\"item\"><a href=\"https:\/\/www.penamontanesa.com\/wp-content\/uploads\/vive-aventuras-piscina-1400x927.jpg\" id=\"thumb-22301\" class=\"image-link\"><div class=\"item-thumb cover\" style=\"background-image:url(https:\/\/www.penamontanesa.com\/wp-content\/uploads\/vive-aventuras-piscina-900x640.jpg)\"><\/div><\/a><\/div><div class=\"item\"><a href=\"https:\/\/www.penamontanesa.com\/wp-content\/uploads\/mg-7320.jpg\" id=\"thumb-23323\" class=\"image-link\"><div class=\"item-thumb cover\" style=\"background-image:url(https:\/\/www.penamontanesa.com\/wp-content\/uploads\/mg-7320-900x640.jpg)\"><\/div><\/a><\/div><\/div><\/div>            <\/article>\n        \n    \n\n\n\n\n\n<div class=\"wp-block-cover alignfull is-light\"><span aria-hidden=\"true\" class=\"wp-block-cover__background has-background-dim-20 has-background-dim\"><\/span><img decoding=\"async\" class=\"wp-block-cover__image-background wp-image-19714\" alt=\"\" src=\"https:\/\/www.penamontanesa.com\/wp-content\/uploads\/mg-7351-1.jpg\" data-object-fit=\"cover\"\/><div class=\"wp-block-cover__inner-container is-layout-flow wp-block-cover-is-layout-flow\">\n<p class=\"has-text-align-center has-large-font-size\">Spa en plein air &#8211; douches de d\u00e9tente<br><\/p>\n<\/div><\/div>\n\n\n\n<div class=\"wp-block-cover alignfull is-light\"><span aria-hidden=\"true\" class=\"wp-block-cover__background has-background-dim-20 has-background-dim\"><\/span><img decoding=\"async\" class=\"wp-block-cover__image-background wp-image-19540\" alt=\"\" src=\"https:\/\/www.penamontanesa.com\/wp-content\/uploads\/mg-7286-3.jpg\" data-object-fit=\"cover\"\/><div class=\"wp-block-cover__inner-container is-layout-flow wp-block-cover-is-layout-flow\">\n<p class=\"has-text-align-center has-large-font-size\">Spa ext\u00e9rieur &#8211; Jacuzzis<br><\/p>\n<\/div><\/div>\n\n\n\n<div class=\"wp-block-cover alignfull is-light\"><span aria-hidden=\"true\" class=\"wp-block-cover__background has-background-dim-20 has-background-dim\"><\/span><img loading=\"lazy\" decoding=\"async\" width=\"2048\" height=\"1365\" class=\"wp-block-cover__image-background wp-image-20193\" alt=\"\" src=\"https:\/\/www.penamontanesa.com\/wp-content\/uploads\/mg-8761.jpg\" data-object-fit=\"cover\" srcset=\"https:\/\/www.penamontanesa.com\/wp-content\/uploads\/mg-8761.jpg 2048w, https:\/\/www.penamontanesa.com\/wp-content\/uploads\/mg-8761-300x200.jpg 300w, https:\/\/www.penamontanesa.com\/wp-content\/uploads\/mg-8761-1024x683.jpg 1024w, https:\/\/www.penamontanesa.com\/wp-content\/uploads\/mg-8761-1350x900.jpg 1350w, https:\/\/www.penamontanesa.com\/wp-content\/uploads\/mg-8761-90x60.jpg 90w, https:\/\/www.penamontanesa.com\/wp-content\/uploads\/mg-8761-240x160.jpg 240w, https:\/\/www.penamontanesa.com\/wp-content\/uploads\/mg-8761-1400x933.jpg 1400w\" sizes=\"auto, (max-width: 2048px) 100vw, 2048px\" \/><div class=\"wp-block-cover__inner-container is-layout-flow wp-block-cover-is-layout-flow\">\n<p class=\"has-text-align-center has-large-font-size\">Piscine pour enfants<\/p>\n<\/div><\/div>\n\n\n\n<h2 class=\"wp-block-heading\">Visite virtuelle<br><\/h2>\n\n\n\n<figure><iframe loading=\"lazy\" src=\"https:\/\/www.google.com\/maps\/embed?pb=!4v1550562943059!6m8!1m7!1sSVhkwOUUAnoAAAQIuA7INA!2m2!1d42.43511865537906!2d0.1360602787339076!3f36.67!4f-9.770004!5f0.7820865974627469\" allowfullscreen=\"\" width=\"100%\" height=\"450\"><\/iframe><\/figure>\n\n\n\n<h2 class=\"wp-block-heading\">Installations<\/h2>\n\n\n\n            \n        \n        \n\n            <article id=\"featured_lodgements-block_5c755ab770020\" class=\"featured_lodgements alignwide featured-columns-4\">\n                <script>\n                    $(document).ready(function(){\n                       $(\"#featured_lodgements-block_5c755ab770020 .lodgements-slide\").owlCarousel({\n                            nav: true,\n                            dots: false,\n                            margin: 20,\n                            mouseDrag: true,\n                            responsive: {\n                                0: {\n                                    items: 1,\n                                   },\n                                768: {\n                                    items: 4,\n                                   }\n                            }\n                       });\n                    });\n\n                <\/script>\n                <div class=\"lodgements-slide owl-carousel\">\n                                \n                    \n                                        <a class=\"item-list-23320\" href=\"https:\/\/www.penamontanesa.com\/fr\/installations\/piscines-exterieures-spa\/\">\n                                                                                                                                        <div class=\"item-list-thumb-wrapper\">\n                            <div class=\"item-list-thumb cover\" style=\"background-image:url(https:\/\/www.penamontanesa.com\/wp-content\/uploads\/img-1314-640x480.jpg)\"><\/div>\n                        <\/div>\n                                                        <p class=\"has-medium-font-size\">Piscines ext\u00e9rieures<\/p>\n\n                    <\/a>\n                    \n                \n                    \n                                        <a class=\"item-list-23326\" href=\"https:\/\/www.penamontanesa.com\/fr\/installations\/piscine-interieure-chauffee-detente\/\">\n                                                                                                                                        <div class=\"item-list-thumb-wrapper\">\n                            <div class=\"item-list-thumb cover\" style=\"background-image:url(https:\/\/www.penamontanesa.com\/wp-content\/uploads\/piscinasexteriores-18-640x480.jpg)\"><\/div>\n                        <\/div>\n                                                        <p class=\"has-medium-font-size\">Piscine int\u00e9rieure chauff\u00e9e &#8211; D\u00e9tente<\/p>\n\n                    <\/a>\n                    \n                \n                    \n                                        <a class=\"item-list-23328\" href=\"https:\/\/www.penamontanesa.com\/fr\/installations\/parques-infantiles\/\">\n                                                                                                                                        <div class=\"item-list-thumb-wrapper\">\n                            <div class=\"item-list-thumb cover\" style=\"background-image:url(https:\/\/www.penamontanesa.com\/wp-content\/uploads\/home-2-640x480.jpg)\"><\/div>\n                        <\/div>\n                                                        <p class=\"has-medium-font-size\">Terrains de jeux<\/p>\n\n                    <\/a>\n                    \n                \n                    \n                                        <a class=\"item-list-23335\" href=\"https:\/\/www.penamontanesa.com\/fr\/installations\/zone-sportive\/\">\n                                                                                                                                        <div class=\"item-list-thumb-wrapper\">\n                            <div class=\"item-list-thumb cover\" style=\"background-image:url(https:\/\/www.penamontanesa.com\/wp-content\/uploads\/mg-7684-1-640x480.jpg)\"><\/div>\n                        <\/div>\n                                                        <p class=\"has-medium-font-size\">Zone sportive<\/p>\n\n                    <\/a>\n                    \n                \n                    \n                                        <a class=\"item-list-23342\" href=\"https:\/\/www.penamontanesa.com\/fr\/installations\/chiringuito-bar-et-terrasse\/\">\n                                                                                                                                        <div class=\"item-list-thumb-wrapper\">\n                            <div class=\"item-list-thumb cover\" style=\"background-image:url(https:\/\/www.penamontanesa.com\/wp-content\/uploads\/mg-8832-640x480.jpg)\"><\/div>\n                        <\/div>\n                                                        <p class=\"has-medium-font-size\">Chiringuito bar et terrasse<\/p>\n\n                    <\/a>\n                    \n                \n                    \n                                        <a class=\"item-list-23345\" href=\"https:\/\/www.penamontanesa.com\/fr\/installations\/bar-restaurante\/\">\n                                                                                                                                        <div class=\"item-list-thumb-wrapper\">\n                            <div class=\"item-list-thumb cover\" style=\"background-image:url(https:\/\/www.penamontanesa.com\/wp-content\/uploads\/mg-7026-640x480.jpg)\"><\/div>\n                        <\/div>\n                                                        <p class=\"has-medium-font-size\">Bar restaurant<\/p>\n\n                    <\/a>\n                    \n                \n                    \n                                        <a class=\"item-list-23360\" href=\"https:\/\/www.penamontanesa.com\/fr\/installations\/supermarche\/\">\n                                                                                                                                        <div class=\"item-list-thumb-wrapper\">\n                            <div class=\"item-list-thumb cover\" style=\"background-image:url(https:\/\/www.penamontanesa.com\/wp-content\/uploads\/pena-montanesa-0087-640x480.jpg)\"><\/div>\n                        <\/div>\n                                                        <p class=\"has-medium-font-size\">Supermarch\u00e9<\/p>\n\n                    <\/a>\n                    \n                \n                    \n                                        <a class=\"item-list-23366\" href=\"https:\/\/www.penamontanesa.com\/fr\/installations\/sanitaires\/\">\n                                                                                                                                        <div class=\"item-list-thumb-wrapper\">\n                            <div class=\"item-list-thumb cover\" style=\"background-image:url(https:\/\/www.penamontanesa.com\/wp-content\/uploads\/pena-montanesa-0046-3-640x480.jpg)\"><\/div>\n                        <\/div>\n                                                        <p class=\"has-medium-font-size\">Sanitaires<\/p>\n\n                    <\/a>\n                    \n                                <\/div>\n            <\/article>\n                            <p style=\"background-color:#d3e5cf\" class=\"has-background featured-float\"><\/p>\n                    \n    \n\n\n","protected":false},"excerpt":{"rendered":"<p>Plusieurs piscines, formant une surface de plus de 1000 m2 [&hellip;]<\/p>\n","protected":false},"author":1,"featured_media":52856,"parent":22942,"menu_order":0,"comment_status":"closed","ping_status":"closed","template":"","meta":{"_acf_changed":false,"footnotes":""},"class_list":["post-23320","page","type-page","status-publish","has-post-thumbnail","hentry"],"acf":[],"yoast_head":"<!-- This site is optimized with the Yoast SEO plugin v26.5 - https:\/\/yoast.com\/wordpress\/plugins\/seo\/ -->\n<title>Piscines ext\u00e9rieures  - Camping Pe\u00f1a Monta\u00f1esa<\/title>\n<meta name=\"robots\" content=\"index, follow, max-snippet:-1, max-image-preview:large, max-video-preview:-1\" \/>\n<link rel=\"canonical\" href=\"https:\/\/www.penamontanesa.com\/fr\/installations\/piscines-exterieures-spa\/\" \/>\n<meta property=\"og:locale\" content=\"fr_FR\" \/>\n<meta property=\"og:type\" content=\"article\" \/>\n<meta property=\"og:title\" content=\"Piscines ext\u00e9rieures  - Camping Pe\u00f1a Monta\u00f1esa\" \/>\n<meta property=\"og:description\" content=\"Plusieurs piscines, formant une surface de plus de 1000 m2 [&hellip;]\" \/>\n<meta property=\"og:url\" content=\"https:\/\/www.penamontanesa.com\/fr\/installations\/piscines-exterieures-spa\/\" \/>\n<meta property=\"og:site_name\" content=\"Camping Pe\u00f1a Monta\u00f1esa\" \/>\n<meta property=\"article:modified_time\" content=\"2022-10-04T06:22:49+00:00\" \/>\n<meta property=\"og:image\" content=\"https:\/\/www.penamontanesa.com\/wp-content\/uploads\/img-1314.jpg\" \/>\n\t<meta property=\"og:image:width\" content=\"1555\" \/>\n\t<meta property=\"og:image:height\" content=\"1037\" \/>\n\t<meta property=\"og:image:type\" content=\"image\/jpeg\" \/>\n<meta name=\"twitter:card\" content=\"summary_large_image\" \/>\n<script type=\"application\/ld+json\" class=\"yoast-schema-graph\">{\"@context\":\"https:\/\/schema.org\",\"@graph\":[{\"@type\":\"WebPage\",\"@id\":\"https:\/\/www.penamontanesa.com\/fr\/installations\/piscines-exterieures-spa\/\",\"url\":\"https:\/\/www.penamontanesa.com\/fr\/installations\/piscines-exterieures-spa\/\",\"name\":\"Piscines ext\u00e9rieures - Camping Pe\u00f1a Monta\u00f1esa\",\"isPartOf\":{\"@id\":\"https:\/\/www.penamontanesa.com\/fr\/#website\"},\"primaryImageOfPage\":{\"@id\":\"https:\/\/www.penamontanesa.com\/fr\/installations\/piscines-exterieures-spa\/#primaryimage\"},\"image\":{\"@id\":\"https:\/\/www.penamontanesa.com\/fr\/installations\/piscines-exterieures-spa\/#primaryimage\"},\"thumbnailUrl\":\"https:\/\/www.penamontanesa.com\/wp-content\/uploads\/img-1314.jpg\",\"datePublished\":\"2019-01-16T09:26:43+00:00\",\"dateModified\":\"2022-10-04T06:22:49+00:00\",\"breadcrumb\":{\"@id\":\"https:\/\/www.penamontanesa.com\/fr\/installations\/piscines-exterieures-spa\/#breadcrumb\"},\"inLanguage\":\"fr-FR\",\"potentialAction\":[{\"@type\":\"ReadAction\",\"target\":[\"https:\/\/www.penamontanesa.com\/fr\/installations\/piscines-exterieures-spa\/\"]}]},{\"@type\":\"ImageObject\",\"inLanguage\":\"fr-FR\",\"@id\":\"https:\/\/www.penamontanesa.com\/fr\/installations\/piscines-exterieures-spa\/#primaryimage\",\"url\":\"https:\/\/www.penamontanesa.com\/wp-content\/uploads\/img-1314.jpg\",\"contentUrl\":\"https:\/\/www.penamontanesa.com\/wp-content\/uploads\/img-1314.jpg\",\"width\":1555,\"height\":1037},{\"@type\":\"BreadcrumbList\",\"@id\":\"https:\/\/www.penamontanesa.com\/fr\/installations\/piscines-exterieures-spa\/#breadcrumb\",\"itemListElement\":[{\"@type\":\"ListItem\",\"position\":1,\"name\":\"Portada\",\"item\":\"https:\/\/www.penamontanesa.com\/fr\/\"},{\"@type\":\"ListItem\",\"position\":2,\"name\":\"installations\",\"item\":\"https:\/\/www.penamontanesa.com\/fr\/installations\/\"},{\"@type\":\"ListItem\",\"position\":3,\"name\":\"Piscines ext\u00e9rieures\"}]},{\"@type\":\"WebSite\",\"@id\":\"https:\/\/www.penamontanesa.com\/fr\/#website\",\"url\":\"https:\/\/www.penamontanesa.com\/fr\/\",\"name\":\"Camping Pe\u00f1a Monta\u00f1esa\",\"description\":\"Camping y bungalows. Ainsa Pirineos. Parque Nacional de Ordesa y Monte Perdido.\",\"publisher\":{\"@id\":\"https:\/\/www.penamontanesa.com\/fr\/#organization\"},\"potentialAction\":[{\"@type\":\"SearchAction\",\"target\":{\"@type\":\"EntryPoint\",\"urlTemplate\":\"https:\/\/www.penamontanesa.com\/fr\/?s={search_term_string}\"},\"query-input\":{\"@type\":\"PropertyValueSpecification\",\"valueRequired\":true,\"valueName\":\"search_term_string\"}}],\"inLanguage\":\"fr-FR\"},{\"@type\":\"Organization\",\"@id\":\"https:\/\/www.penamontanesa.com\/fr\/#organization\",\"name\":\"Camping Pe\u00f1a Monta\u00f1esa\",\"url\":\"https:\/\/www.penamontanesa.com\/fr\/\",\"logo\":{\"@type\":\"ImageObject\",\"inLanguage\":\"fr-FR\",\"@id\":\"https:\/\/www.penamontanesa.com\/fr\/#\/schema\/logo\/image\/\",\"url\":\"https:\/\/www.penamontanesa.com\/wp-content\/uploads\/cropped-penamontanesa-logo-1-1.png\",\"contentUrl\":\"https:\/\/www.penamontanesa.com\/wp-content\/uploads\/cropped-penamontanesa-logo-1-1.png\",\"width\":420,\"height\":103,\"caption\":\"Camping Pe\u00f1a Monta\u00f1esa\"},\"image\":{\"@id\":\"https:\/\/www.penamontanesa.com\/fr\/#\/schema\/logo\/image\/\"}}]}<\/script>\n<!-- \/ Yoast SEO plugin. -->","yoast_head_json":{"title":"Piscines ext\u00e9rieures  - Camping Pe\u00f1a Monta\u00f1esa","robots":{"index":"index","follow":"follow","max-snippet":"max-snippet:-1","max-image-preview":"max-image-preview:large","max-video-preview":"max-video-preview:-1"},"canonical":"https:\/\/www.penamontanesa.com\/fr\/installations\/piscines-exterieures-spa\/","og_locale":"fr_FR","og_type":"article","og_title":"Piscines ext\u00e9rieures  - Camping Pe\u00f1a Monta\u00f1esa","og_description":"Plusieurs piscines, formant une surface de plus de 1000 m2 [&hellip;]","og_url":"https:\/\/www.penamontanesa.com\/fr\/installations\/piscines-exterieures-spa\/","og_site_name":"Camping Pe\u00f1a Monta\u00f1esa","article_modified_time":"2022-10-04T06:22:49+00:00","og_image":[{"width":1555,"height":1037,"url":"https:\/\/www.penamontanesa.com\/wp-content\/uploads\/img-1314.jpg","type":"image\/jpeg"}],"twitter_card":"summary_large_image","schema":{"@context":"https:\/\/schema.org","@graph":[{"@type":"WebPage","@id":"https:\/\/www.penamontanesa.com\/fr\/installations\/piscines-exterieures-spa\/","url":"https:\/\/www.penamontanesa.com\/fr\/installations\/piscines-exterieures-spa\/","name":"Piscines ext\u00e9rieures - Camping Pe\u00f1a Monta\u00f1esa","isPartOf":{"@id":"https:\/\/www.penamontanesa.com\/fr\/#website"},"primaryImageOfPage":{"@id":"https:\/\/www.penamontanesa.com\/fr\/installations\/piscines-exterieures-spa\/#primaryimage"},"image":{"@id":"https:\/\/www.penamontanesa.com\/fr\/installations\/piscines-exterieures-spa\/#primaryimage"},"thumbnailUrl":"https:\/\/www.penamontanesa.com\/wp-content\/uploads\/img-1314.jpg","datePublished":"2019-01-16T09:26:43+00:00","dateModified":"2022-10-04T06:22:49+00:00","breadcrumb":{"@id":"https:\/\/www.penamontanesa.com\/fr\/installations\/piscines-exterieures-spa\/#breadcrumb"},"inLanguage":"fr-FR","potentialAction":[{"@type":"ReadAction","target":["https:\/\/www.penamontanesa.com\/fr\/installations\/piscines-exterieures-spa\/"]}]},{"@type":"ImageObject","inLanguage":"fr-FR","@id":"https:\/\/www.penamontanesa.com\/fr\/installations\/piscines-exterieures-spa\/#primaryimage","url":"https:\/\/www.penamontanesa.com\/wp-content\/uploads\/img-1314.jpg","contentUrl":"https:\/\/www.penamontanesa.com\/wp-content\/uploads\/img-1314.jpg","width":1555,"height":1037},{"@type":"BreadcrumbList","@id":"https:\/\/www.penamontanesa.com\/fr\/installations\/piscines-exterieures-spa\/#breadcrumb","itemListElement":[{"@type":"ListItem","position":1,"name":"Portada","item":"https:\/\/www.penamontanesa.com\/fr\/"},{"@type":"ListItem","position":2,"name":"installations","item":"https:\/\/www.penamontanesa.com\/fr\/installations\/"},{"@type":"ListItem","position":3,"name":"Piscines ext\u00e9rieures"}]},{"@type":"WebSite","@id":"https:\/\/www.penamontanesa.com\/fr\/#website","url":"https:\/\/www.penamontanesa.com\/fr\/","name":"Camping Pe\u00f1a Monta\u00f1esa","description":"Camping y bungalows. Ainsa Pirineos. Parque Nacional de Ordesa y Monte Perdido.","publisher":{"@id":"https:\/\/www.penamontanesa.com\/fr\/#organization"},"potentialAction":[{"@type":"SearchAction","target":{"@type":"EntryPoint","urlTemplate":"https:\/\/www.penamontanesa.com\/fr\/?s={search_term_string}"},"query-input":{"@type":"PropertyValueSpecification","valueRequired":true,"valueName":"search_term_string"}}],"inLanguage":"fr-FR"},{"@type":"Organization","@id":"https:\/\/www.penamontanesa.com\/fr\/#organization","name":"Camping Pe\u00f1a Monta\u00f1esa","url":"https:\/\/www.penamontanesa.com\/fr\/","logo":{"@type":"ImageObject","inLanguage":"fr-FR","@id":"https:\/\/www.penamontanesa.com\/fr\/#\/schema\/logo\/image\/","url":"https:\/\/www.penamontanesa.com\/wp-content\/uploads\/cropped-penamontanesa-logo-1-1.png","contentUrl":"https:\/\/www.penamontanesa.com\/wp-content\/uploads\/cropped-penamontanesa-logo-1-1.png","width":420,"height":103,"caption":"Camping Pe\u00f1a Monta\u00f1esa"},"image":{"@id":"https:\/\/www.penamontanesa.com\/fr\/#\/schema\/logo\/image\/"}}]}},"_links":{"self":[{"href":"https:\/\/www.penamontanesa.com\/fr\/wp-json\/wp\/v2\/pages\/23320","targetHints":{"allow":["GET"]}}],"collection":[{"href":"https:\/\/www.penamontanesa.com\/fr\/wp-json\/wp\/v2\/pages"}],"about":[{"href":"https:\/\/www.penamontanesa.com\/fr\/wp-json\/wp\/v2\/types\/page"}],"author":[{"embeddable":true,"href":"https:\/\/www.penamontanesa.com\/fr\/wp-json\/wp\/v2\/users\/1"}],"replies":[{"embeddable":true,"href":"https:\/\/www.penamontanesa.com\/fr\/wp-json\/wp\/v2\/comments?post=23320"}],"version-history":[{"count":8,"href":"https:\/\/www.penamontanesa.com\/fr\/wp-json\/wp\/v2\/pages\/23320\/revisions"}],"predecessor-version":[{"id":45247,"href":"https:\/\/www.penamontanesa.com\/fr\/wp-json\/wp\/v2\/pages\/23320\/revisions\/45247"}],"up":[{"embeddable":true,"href":"https:\/\/www.penamontanesa.com\/fr\/wp-json\/wp\/v2\/pages\/22942"}],"wp:featuredmedia":[{"embeddable":true,"href":"https:\/\/www.penamontanesa.com\/fr\/wp-json\/wp\/v2\/media\/52856"}],"wp:attachment":[{"href":"https:\/\/www.penamontanesa.com\/fr\/wp-json\/wp\/v2\/media?parent=23320"}],"curies":[{"name":"wp","href":"https:\/\/api.w.org\/{rel}","templated":true}]}}