{"id":23326,"date":"2019-01-16T10:27:55","date_gmt":"2019-01-16T09:27:55","guid":{"rendered":"https:\/\/www.penamontanesa.com\/installations\/zona-de-relajacion\/"},"modified":"2022-10-04T08:55:59","modified_gmt":"2022-10-04T06:55:59","slug":"piscine-interieure-chauffee-detente","status":"publish","type":"page","link":"https:\/\/www.penamontanesa.com\/fr\/installations\/piscine-interieure-chauffee-detente\/","title":{"rendered":"Piscine int\u00e9rieure chauff\u00e9e &#8211; D\u00e9tente"},"content":{"rendered":"\n<div class=\"wp-block-columns has-2-columns is-layout-flex wp-container-core-columns-is-layout-9d6595d7 wp-block-columns-is-layout-flex\">\n<div class=\"wp-block-column is-layout-flow wp-block-column-is-layout-flow\">\n<p>Compos\u00e9 de piscine int\u00e9rieure et sauna sec ou finlandais avec une capacit\u00e9 maximum de 6 personnes. Piscine chauff\u00e9e du 01-10 au 31-05.<\/p>\n<\/div>\n\n\n\n<div class=\"wp-block-column is-layout-flow wp-block-column-is-layout-flow\">\n<div class=\"wp-block-group icon-grups is-content-justification-center is-layout-flex wp-container-core-group-is-layout-64b26803 wp-block-group-is-layout-flex\">\n<figure class=\"wp-block-image size-full is-resized\"><img loading=\"lazy\" decoding=\"async\" src=\"https:\/\/www.penamontanesa.com\/wp-content\/uploads\/children-pool.png\" alt=\"\" class=\"wp-image-19681\" width=\"96\" height=\"96\"\/><figcaption>Piscine couverte<\/figcaption><\/figure>\n\n\n\n<figure class=\"wp-block-image size-full is-resized\"><img loading=\"lazy\" decoding=\"async\" src=\"https:\/\/www.penamontanesa.com\/wp-content\/uploads\/sauna.png\" alt=\"\" class=\"wp-image-19897\" width=\"96\" height=\"96\"\/><figcaption>Sauna<\/figcaption><\/figure>\n<\/div>\n<\/div>\n<\/div>\n\n\n\n<p class=\"custom-float has-background has-medium-font-size\" style=\"background-color:#d3e5cf\">Jeter un coup d&rsquo;oeil<\/p>\n\n\n\n            \n                    <article id=\"advanced_gallery-block_4dd70a8eb29b7dde5ccb5c78cac492b5\" class=\"advanced_gallery alignwide columns-3\">\n                \n            <script>\n\n            $(document).ready(function() {\n              var owl = $('#id-gal-2133908148');\n              owl.owlCarousel({\n                margin: 20,\n                nav: true,\n                autoplay:false,\n                loop: true,\n                dots: false,\n                responsive: {\n                  0: {\n                    items: 1\n                  },\n                  400: {\n\n                    items: 1\n                  },\n\n                  600: {\n\n                    items: 1\n                  },\n                  1000: {\n                    items: 3\n                  }\n                }\n              })\n            })\n\n            <\/script><div class=\"owl-container\"><div id=\"id-gal-2133908148\" class=\"galeria clearfix galeria-slider owl-carousel\"><div class=\"item\"><a href=\"https:\/\/www.penamontanesa.com\/wp-content\/uploads\/mg-6876-1.jpg\" id=\"thumb-22347\" class=\"image-link\"><div class=\"item-thumb cover\" style=\"background-image:url(https:\/\/www.penamontanesa.com\/wp-content\/uploads\/mg-6876-1-900x640.jpg)\"><\/div><\/a><\/div><div class=\"item\"><a href=\"https:\/\/www.penamontanesa.com\/wp-content\/uploads\/piscinasexteriores-18-1400x788.jpg\" id=\"thumb-22307\" class=\"image-link\"><div class=\"item-thumb cover\" style=\"background-image:url(https:\/\/www.penamontanesa.com\/wp-content\/uploads\/piscinasexteriores-18-900x640.jpg)\"><\/div><\/a><\/div><div class=\"item\"><a href=\"https:\/\/www.penamontanesa.com\/wp-content\/uploads\/picinacubierta-1-1-1400x933.jpg\" id=\"thumb-22342\" class=\"image-link\"><div class=\"item-thumb cover\" style=\"background-image:url(https:\/\/www.penamontanesa.com\/wp-content\/uploads\/picinacubierta-1-1-900x640.jpg)\"><\/div><\/a><\/div><div class=\"item\"><a href=\"https:\/\/www.penamontanesa.com\/wp-content\/uploads\/mg-6857.jpg\" id=\"thumb-22352\" class=\"image-link\"><div class=\"item-thumb cover\" style=\"background-image:url(https:\/\/www.penamontanesa.com\/wp-content\/uploads\/mg-6857-900x640.jpg)\"><\/div><\/a><\/div><div class=\"item\"><a href=\"https:\/\/www.penamontanesa.com\/wp-content\/uploads\/picinacubierta-16-1400x928.jpg\" id=\"thumb-22361\" class=\"image-link\"><div class=\"item-thumb cover\" style=\"background-image:url(https:\/\/www.penamontanesa.com\/wp-content\/uploads\/picinacubierta-16-900x640.jpg)\"><\/div><\/a><\/div><\/div><\/div>            <\/article>\n        \n    \n\n\n\n\n\n<div class=\"wp-block-cover alignfull is-light\"><span aria-hidden=\"true\" class=\"wp-block-cover__background has-background-dim-20 has-background-dim\"><\/span><img decoding=\"async\" class=\"wp-block-cover__image-background wp-image-22205\" alt=\"\" src=\"https:\/\/www.penamontanesa.com\/wp-content\/uploads\/picinacubierta-1.jpg\" data-object-fit=\"cover\"\/><div class=\"wp-block-cover__inner-container is-layout-flow wp-block-cover-is-layout-flow\">\n<p class=\"has-text-align-center has-large-font-size\">Piscine couverte chauff\u00e9e<br><\/p>\n<\/div><\/div>\n\n\n\n<div class=\"wp-block-cover alignfull is-light\"><span aria-hidden=\"true\" class=\"wp-block-cover__background has-background-dim-20 has-background-dim\"><\/span><img loading=\"lazy\" decoding=\"async\" width=\"2048\" height=\"1354\" class=\"wp-block-cover__image-background wp-image-19525\" alt=\"\" src=\"https:\/\/www.penamontanesa.com\/wp-content\/uploads\/pena-montanesa-0082.jpg\" data-object-fit=\"cover\" srcset=\"https:\/\/www.penamontanesa.com\/wp-content\/uploads\/pena-montanesa-0082.jpg 2048w, https:\/\/www.penamontanesa.com\/wp-content\/uploads\/pena-montanesa-0082-300x198.jpg 300w, https:\/\/www.penamontanesa.com\/wp-content\/uploads\/pena-montanesa-0082-1024x677.jpg 1024w, https:\/\/www.penamontanesa.com\/wp-content\/uploads\/pena-montanesa-0082-1361x900.jpg 1361w, https:\/\/www.penamontanesa.com\/wp-content\/uploads\/pena-montanesa-0082-90x60.jpg 90w, https:\/\/www.penamontanesa.com\/wp-content\/uploads\/pena-montanesa-0082-240x159.jpg 240w, https:\/\/www.penamontanesa.com\/wp-content\/uploads\/pena-montanesa-0082-1400x926.jpg 1400w\" sizes=\"auto, (max-width: 2048px) 100vw, 2048px\" \/><div class=\"wp-block-cover__inner-container is-layout-flow wp-block-cover-is-layout-flow\">\n<p class=\"has-text-align-center has-large-font-size\">Espace de d\u00e9tente pour toute la famille<br><\/p>\n<\/div><\/div>\n\n\n\n<h2 class=\"wp-block-heading\">Visite virtuelle<br><\/h2>\n\n\n\n<figure><iframe loading=\"lazy\" src=\"https:\/\/www.google.com\/maps\/embed?pb=!4v1550564071615!6m8!1m7!1sCAoSLEFGMVFpcE1rVFpZeXpXelVxczZKTlR2MFNJczNJM3BQSzNPX3E0R1F2aXRN!2m2!1d42.43504241331198!2d0.1359454855411286!3f34.23!4f-0.12000000000000455!5f0.8160813932612223\" allowfullscreen=\"\" width=\"100%\" height=\"450\"><\/iframe><\/figure>\n\n\n\n<h2 class=\"wp-block-heading\">Installations<\/h2>\n\n\n\n            \n        \n        \n\n            <article id=\"featured_lodgements-block_5c755ab770020\" class=\"featured_lodgements alignwide featured-columns-4\">\n                <script>\n                    $(document).ready(function(){\n                       $(\"#featured_lodgements-block_5c755ab770020 .lodgements-slide\").owlCarousel({\n                            nav: true,\n                            dots: false,\n                            margin: 20,\n                            mouseDrag: true,\n                            responsive: {\n                                0: {\n                                    items: 1,\n                                   },\n                                768: {\n                                    items: 4,\n                                   }\n                            }\n                       });\n                    });\n\n                <\/script>\n                <div class=\"lodgements-slide owl-carousel\">\n                                \n                    \n                                        <a class=\"item-list-23320\" href=\"https:\/\/www.penamontanesa.com\/fr\/installations\/piscines-exterieures-spa\/\">\n                                                                                                                                        <div class=\"item-list-thumb-wrapper\">\n                            <div class=\"item-list-thumb cover\" style=\"background-image:url(https:\/\/www.penamontanesa.com\/wp-content\/uploads\/img-1314-640x480.jpg)\"><\/div>\n                        <\/div>\n                                                        <p class=\"has-medium-font-size\">Piscines ext\u00e9rieures<\/p>\n\n                    <\/a>\n                    \n                \n                    \n                                        <a class=\"item-list-23326\" href=\"https:\/\/www.penamontanesa.com\/fr\/installations\/piscine-interieure-chauffee-detente\/\">\n                                                                                                                                        <div class=\"item-list-thumb-wrapper\">\n                            <div class=\"item-list-thumb cover\" style=\"background-image:url(https:\/\/www.penamontanesa.com\/wp-content\/uploads\/piscinasexteriores-18-640x480.jpg)\"><\/div>\n                        <\/div>\n                                                        <p class=\"has-medium-font-size\">Piscine int\u00e9rieure chauff\u00e9e &#8211; D\u00e9tente<\/p>\n\n                    <\/a>\n                    \n                \n                    \n                                        <a class=\"item-list-23328\" href=\"https:\/\/www.penamontanesa.com\/fr\/installations\/parques-infantiles\/\">\n                                                                                                                                        <div class=\"item-list-thumb-wrapper\">\n                            <div class=\"item-list-thumb cover\" style=\"background-image:url(https:\/\/www.penamontanesa.com\/wp-content\/uploads\/home-2-640x480.jpg)\"><\/div>\n                        <\/div>\n                                                        <p class=\"has-medium-font-size\">Terrains de jeux<\/p>\n\n                    <\/a>\n                    \n                \n                    \n                                        <a class=\"item-list-23335\" href=\"https:\/\/www.penamontanesa.com\/fr\/installations\/zone-sportive\/\">\n                                                                                                                                        <div class=\"item-list-thumb-wrapper\">\n                            <div class=\"item-list-thumb cover\" style=\"background-image:url(https:\/\/www.penamontanesa.com\/wp-content\/uploads\/mg-7684-1-640x480.jpg)\"><\/div>\n                        <\/div>\n                                                        <p class=\"has-medium-font-size\">Zone sportive<\/p>\n\n                    <\/a>\n                    \n                \n                    \n                                        <a class=\"item-list-23342\" href=\"https:\/\/www.penamontanesa.com\/fr\/installations\/chiringuito-bar-et-terrasse\/\">\n                                                                                                                                        <div class=\"item-list-thumb-wrapper\">\n                            <div class=\"item-list-thumb cover\" style=\"background-image:url(https:\/\/www.penamontanesa.com\/wp-content\/uploads\/mg-8832-640x480.jpg)\"><\/div>\n                        <\/div>\n                                                        <p class=\"has-medium-font-size\">Chiringuito bar et terrasse<\/p>\n\n                    <\/a>\n                    \n                \n                    \n                                        <a class=\"item-list-23345\" href=\"https:\/\/www.penamontanesa.com\/fr\/installations\/bar-restaurante\/\">\n                                                                                                                                        <div class=\"item-list-thumb-wrapper\">\n                            <div class=\"item-list-thumb cover\" style=\"background-image:url(https:\/\/www.penamontanesa.com\/wp-content\/uploads\/mg-7026-640x480.jpg)\"><\/div>\n                        <\/div>\n                                                        <p class=\"has-medium-font-size\">Bar restaurant<\/p>\n\n                    <\/a>\n                    \n                \n                    \n                                        <a class=\"item-list-23360\" href=\"https:\/\/www.penamontanesa.com\/fr\/installations\/supermarche\/\">\n                                                                                                                                        <div class=\"item-list-thumb-wrapper\">\n                            <div class=\"item-list-thumb cover\" style=\"background-image:url(https:\/\/www.penamontanesa.com\/wp-content\/uploads\/pena-montanesa-0087-640x480.jpg)\"><\/div>\n                        <\/div>\n                                                        <p class=\"has-medium-font-size\">Supermarch\u00e9<\/p>\n\n                    <\/a>\n                    \n                \n                    \n                                        <a class=\"item-list-23366\" href=\"https:\/\/www.penamontanesa.com\/fr\/installations\/sanitaires\/\">\n                                                                                                                                        <div class=\"item-list-thumb-wrapper\">\n                            <div class=\"item-list-thumb cover\" style=\"background-image:url(https:\/\/www.penamontanesa.com\/wp-content\/uploads\/pena-montanesa-0046-3-640x480.jpg)\"><\/div>\n                        <\/div>\n                                                        <p class=\"has-medium-font-size\">Sanitaires<\/p>\n\n                    <\/a>\n                    \n                                <\/div>\n            <\/article>\n                            <p style=\"background-color:#d3e5cf\" class=\"has-background featured-float\"><\/p>\n                    \n    \n\n\n","protected":false},"excerpt":{"rendered":"<p>Compos\u00e9 de piscine int\u00e9rieure et sauna sec ou finlandais avec [&hellip;]<\/p>\n","protected":false},"author":1,"featured_media":22305,"parent":22942,"menu_order":1,"comment_status":"closed","ping_status":"closed","template":"","meta":{"_acf_changed":false,"footnotes":""},"class_list":["post-23326","page","type-page","status-publish","has-post-thumbnail","hentry"],"acf":[],"yoast_head":"<!-- This site is optimized with the Yoast SEO plugin v26.5 - https:\/\/yoast.com\/wordpress\/plugins\/seo\/ -->\n<title>Piscina climatizada - Camping Pe\u00f1a Monta\u00f1esa<\/title>\n<meta name=\"robots\" content=\"index, follow, max-snippet:-1, max-image-preview:large, max-video-preview:-1\" \/>\n<link rel=\"canonical\" href=\"https:\/\/www.penamontanesa.com\/fr\/installations\/piscine-interieure-chauffee-detente\/\" \/>\n<meta property=\"og:locale\" content=\"fr_FR\" \/>\n<meta property=\"og:type\" content=\"article\" \/>\n<meta property=\"og:title\" content=\"Piscina climatizada - Camping Pe\u00f1a Monta\u00f1esa\" \/>\n<meta property=\"og:description\" content=\"Compos\u00e9 de piscine int\u00e9rieure et sauna sec ou finlandais avec [&hellip;]\" \/>\n<meta property=\"og:url\" content=\"https:\/\/www.penamontanesa.com\/fr\/installations\/piscine-interieure-chauffee-detente\/\" \/>\n<meta property=\"og:site_name\" content=\"Camping Pe\u00f1a Monta\u00f1esa\" \/>\n<meta property=\"article:modified_time\" content=\"2022-10-04T06:55:59+00:00\" \/>\n<meta property=\"og:image\" content=\"https:\/\/www.penamontanesa.com\/wp-content\/uploads\/piscinasexteriores-18.jpg\" \/>\n\t<meta property=\"og:image:width\" content=\"2048\" \/>\n\t<meta property=\"og:image:height\" content=\"1152\" \/>\n\t<meta property=\"og:image:type\" content=\"image\/jpeg\" \/>\n<meta name=\"twitter:card\" content=\"summary_large_image\" \/>\n<script type=\"application\/ld+json\" class=\"yoast-schema-graph\">{\"@context\":\"https:\/\/schema.org\",\"@graph\":[{\"@type\":\"WebPage\",\"@id\":\"https:\/\/www.penamontanesa.com\/fr\/installations\/piscine-interieure-chauffee-detente\/\",\"url\":\"https:\/\/www.penamontanesa.com\/fr\/installations\/piscine-interieure-chauffee-detente\/\",\"name\":\"Piscina climatizada - Camping Pe\u00f1a Monta\u00f1esa\",\"isPartOf\":{\"@id\":\"https:\/\/www.penamontanesa.com\/fr\/#website\"},\"primaryImageOfPage\":{\"@id\":\"https:\/\/www.penamontanesa.com\/fr\/installations\/piscine-interieure-chauffee-detente\/#primaryimage\"},\"image\":{\"@id\":\"https:\/\/www.penamontanesa.com\/fr\/installations\/piscine-interieure-chauffee-detente\/#primaryimage\"},\"thumbnailUrl\":\"https:\/\/www.penamontanesa.com\/wp-content\/uploads\/piscinasexteriores-18.jpg\",\"datePublished\":\"2019-01-16T09:27:55+00:00\",\"dateModified\":\"2022-10-04T06:55:59+00:00\",\"breadcrumb\":{\"@id\":\"https:\/\/www.penamontanesa.com\/fr\/installations\/piscine-interieure-chauffee-detente\/#breadcrumb\"},\"inLanguage\":\"fr-FR\",\"potentialAction\":[{\"@type\":\"ReadAction\",\"target\":[\"https:\/\/www.penamontanesa.com\/fr\/installations\/piscine-interieure-chauffee-detente\/\"]}]},{\"@type\":\"ImageObject\",\"inLanguage\":\"fr-FR\",\"@id\":\"https:\/\/www.penamontanesa.com\/fr\/installations\/piscine-interieure-chauffee-detente\/#primaryimage\",\"url\":\"https:\/\/www.penamontanesa.com\/wp-content\/uploads\/piscinasexteriores-18.jpg\",\"contentUrl\":\"https:\/\/www.penamontanesa.com\/wp-content\/uploads\/piscinasexteriores-18.jpg\",\"width\":2048,\"height\":1152,\"caption\":\"Piscinas-spa\"},{\"@type\":\"BreadcrumbList\",\"@id\":\"https:\/\/www.penamontanesa.com\/fr\/installations\/piscine-interieure-chauffee-detente\/#breadcrumb\",\"itemListElement\":[{\"@type\":\"ListItem\",\"position\":1,\"name\":\"Portada\",\"item\":\"https:\/\/www.penamontanesa.com\/fr\/\"},{\"@type\":\"ListItem\",\"position\":2,\"name\":\"installations\",\"item\":\"https:\/\/www.penamontanesa.com\/fr\/installations\/\"},{\"@type\":\"ListItem\",\"position\":3,\"name\":\"Piscine int\u00e9rieure chauff\u00e9e &#8211; D\u00e9tente\"}]},{\"@type\":\"WebSite\",\"@id\":\"https:\/\/www.penamontanesa.com\/fr\/#website\",\"url\":\"https:\/\/www.penamontanesa.com\/fr\/\",\"name\":\"Camping Pe\u00f1a Monta\u00f1esa\",\"description\":\"Camping y bungalows. Ainsa Pirineos. Parque Nacional de Ordesa y Monte Perdido.\",\"publisher\":{\"@id\":\"https:\/\/www.penamontanesa.com\/fr\/#organization\"},\"potentialAction\":[{\"@type\":\"SearchAction\",\"target\":{\"@type\":\"EntryPoint\",\"urlTemplate\":\"https:\/\/www.penamontanesa.com\/fr\/?s={search_term_string}\"},\"query-input\":{\"@type\":\"PropertyValueSpecification\",\"valueRequired\":true,\"valueName\":\"search_term_string\"}}],\"inLanguage\":\"fr-FR\"},{\"@type\":\"Organization\",\"@id\":\"https:\/\/www.penamontanesa.com\/fr\/#organization\",\"name\":\"Camping Pe\u00f1a Monta\u00f1esa\",\"url\":\"https:\/\/www.penamontanesa.com\/fr\/\",\"logo\":{\"@type\":\"ImageObject\",\"inLanguage\":\"fr-FR\",\"@id\":\"https:\/\/www.penamontanesa.com\/fr\/#\/schema\/logo\/image\/\",\"url\":\"https:\/\/www.penamontanesa.com\/wp-content\/uploads\/cropped-penamontanesa-logo-1-1.png\",\"contentUrl\":\"https:\/\/www.penamontanesa.com\/wp-content\/uploads\/cropped-penamontanesa-logo-1-1.png\",\"width\":420,\"height\":103,\"caption\":\"Camping Pe\u00f1a Monta\u00f1esa\"},\"image\":{\"@id\":\"https:\/\/www.penamontanesa.com\/fr\/#\/schema\/logo\/image\/\"}}]}<\/script>\n<!-- \/ Yoast SEO plugin. -->","yoast_head_json":{"title":"Piscina climatizada - Camping Pe\u00f1a Monta\u00f1esa","robots":{"index":"index","follow":"follow","max-snippet":"max-snippet:-1","max-image-preview":"max-image-preview:large","max-video-preview":"max-video-preview:-1"},"canonical":"https:\/\/www.penamontanesa.com\/fr\/installations\/piscine-interieure-chauffee-detente\/","og_locale":"fr_FR","og_type":"article","og_title":"Piscina climatizada - Camping Pe\u00f1a Monta\u00f1esa","og_description":"Compos\u00e9 de piscine int\u00e9rieure et sauna sec ou finlandais avec [&hellip;]","og_url":"https:\/\/www.penamontanesa.com\/fr\/installations\/piscine-interieure-chauffee-detente\/","og_site_name":"Camping Pe\u00f1a Monta\u00f1esa","article_modified_time":"2022-10-04T06:55:59+00:00","og_image":[{"width":2048,"height":1152,"url":"https:\/\/www.penamontanesa.com\/wp-content\/uploads\/piscinasexteriores-18.jpg","type":"image\/jpeg"}],"twitter_card":"summary_large_image","schema":{"@context":"https:\/\/schema.org","@graph":[{"@type":"WebPage","@id":"https:\/\/www.penamontanesa.com\/fr\/installations\/piscine-interieure-chauffee-detente\/","url":"https:\/\/www.penamontanesa.com\/fr\/installations\/piscine-interieure-chauffee-detente\/","name":"Piscina climatizada - Camping Pe\u00f1a Monta\u00f1esa","isPartOf":{"@id":"https:\/\/www.penamontanesa.com\/fr\/#website"},"primaryImageOfPage":{"@id":"https:\/\/www.penamontanesa.com\/fr\/installations\/piscine-interieure-chauffee-detente\/#primaryimage"},"image":{"@id":"https:\/\/www.penamontanesa.com\/fr\/installations\/piscine-interieure-chauffee-detente\/#primaryimage"},"thumbnailUrl":"https:\/\/www.penamontanesa.com\/wp-content\/uploads\/piscinasexteriores-18.jpg","datePublished":"2019-01-16T09:27:55+00:00","dateModified":"2022-10-04T06:55:59+00:00","breadcrumb":{"@id":"https:\/\/www.penamontanesa.com\/fr\/installations\/piscine-interieure-chauffee-detente\/#breadcrumb"},"inLanguage":"fr-FR","potentialAction":[{"@type":"ReadAction","target":["https:\/\/www.penamontanesa.com\/fr\/installations\/piscine-interieure-chauffee-detente\/"]}]},{"@type":"ImageObject","inLanguage":"fr-FR","@id":"https:\/\/www.penamontanesa.com\/fr\/installations\/piscine-interieure-chauffee-detente\/#primaryimage","url":"https:\/\/www.penamontanesa.com\/wp-content\/uploads\/piscinasexteriores-18.jpg","contentUrl":"https:\/\/www.penamontanesa.com\/wp-content\/uploads\/piscinasexteriores-18.jpg","width":2048,"height":1152,"caption":"Piscinas-spa"},{"@type":"BreadcrumbList","@id":"https:\/\/www.penamontanesa.com\/fr\/installations\/piscine-interieure-chauffee-detente\/#breadcrumb","itemListElement":[{"@type":"ListItem","position":1,"name":"Portada","item":"https:\/\/www.penamontanesa.com\/fr\/"},{"@type":"ListItem","position":2,"name":"installations","item":"https:\/\/www.penamontanesa.com\/fr\/installations\/"},{"@type":"ListItem","position":3,"name":"Piscine int\u00e9rieure chauff\u00e9e &#8211; D\u00e9tente"}]},{"@type":"WebSite","@id":"https:\/\/www.penamontanesa.com\/fr\/#website","url":"https:\/\/www.penamontanesa.com\/fr\/","name":"Camping Pe\u00f1a Monta\u00f1esa","description":"Camping y bungalows. Ainsa Pirineos. Parque Nacional de Ordesa y Monte Perdido.","publisher":{"@id":"https:\/\/www.penamontanesa.com\/fr\/#organization"},"potentialAction":[{"@type":"SearchAction","target":{"@type":"EntryPoint","urlTemplate":"https:\/\/www.penamontanesa.com\/fr\/?s={search_term_string}"},"query-input":{"@type":"PropertyValueSpecification","valueRequired":true,"valueName":"search_term_string"}}],"inLanguage":"fr-FR"},{"@type":"Organization","@id":"https:\/\/www.penamontanesa.com\/fr\/#organization","name":"Camping Pe\u00f1a Monta\u00f1esa","url":"https:\/\/www.penamontanesa.com\/fr\/","logo":{"@type":"ImageObject","inLanguage":"fr-FR","@id":"https:\/\/www.penamontanesa.com\/fr\/#\/schema\/logo\/image\/","url":"https:\/\/www.penamontanesa.com\/wp-content\/uploads\/cropped-penamontanesa-logo-1-1.png","contentUrl":"https:\/\/www.penamontanesa.com\/wp-content\/uploads\/cropped-penamontanesa-logo-1-1.png","width":420,"height":103,"caption":"Camping Pe\u00f1a Monta\u00f1esa"},"image":{"@id":"https:\/\/www.penamontanesa.com\/fr\/#\/schema\/logo\/image\/"}}]}},"_links":{"self":[{"href":"https:\/\/www.penamontanesa.com\/fr\/wp-json\/wp\/v2\/pages\/23326","targetHints":{"allow":["GET"]}}],"collection":[{"href":"https:\/\/www.penamontanesa.com\/fr\/wp-json\/wp\/v2\/pages"}],"about":[{"href":"https:\/\/www.penamontanesa.com\/fr\/wp-json\/wp\/v2\/types\/page"}],"author":[{"embeddable":true,"href":"https:\/\/www.penamontanesa.com\/fr\/wp-json\/wp\/v2\/users\/1"}],"replies":[{"embeddable":true,"href":"https:\/\/www.penamontanesa.com\/fr\/wp-json\/wp\/v2\/comments?post=23326"}],"version-history":[{"count":7,"href":"https:\/\/www.penamontanesa.com\/fr\/wp-json\/wp\/v2\/pages\/23326\/revisions"}],"predecessor-version":[{"id":45262,"href":"https:\/\/www.penamontanesa.com\/fr\/wp-json\/wp\/v2\/pages\/23326\/revisions\/45262"}],"up":[{"embeddable":true,"href":"https:\/\/www.penamontanesa.com\/fr\/wp-json\/wp\/v2\/pages\/22942"}],"wp:featuredmedia":[{"embeddable":true,"href":"https:\/\/www.penamontanesa.com\/fr\/wp-json\/wp\/v2\/media\/22305"}],"wp:attachment":[{"href":"https:\/\/www.penamontanesa.com\/fr\/wp-json\/wp\/v2\/media?parent=23326"}],"curies":[{"name":"wp","href":"https:\/\/api.w.org\/{rel}","templated":true}]}}