{"id":23404,"date":"2019-02-19T08:43:14","date_gmt":"2019-02-19T07:43:14","guid":{"rendered":"https:\/\/www.penamontanesa.com\/activites\/btt-zona-zero\/"},"modified":"2019-03-14T10:02:24","modified_gmt":"2019-03-14T09:02:24","slug":"btt-zona-zero","status":"publish","type":"page","link":"https:\/\/www.penamontanesa.com\/fr\/activites\/btt-zona-zero\/","title":{"rendered":"BTT Zona Zero"},"content":{"rendered":"\n<p>En tant que Camping Zona Zero, nous offrons les services suivants aux fans du BTT<br><\/p>\n\n\n\n<div class=\"wp-block-columns has-2-columns is-layout-flex wp-container-core-columns-is-layout-9d6595d7 wp-block-columns-is-layout-flex\">\n<div class=\"wp-block-column is-layout-flow wp-block-column-is-layout-flow\">\n<ul class=\"wp-block-list\"><li>Zone de lavage pour les v\u00e9los.<br><\/li><li>Camping gard\u00e9 avec gardien de nuit.<\/li><li>Cartes des itin\u00e9raires de la zone z\u00e9ro et des cartes de randonn\u00e9e.<\/li><li>Zone d&rsquo;atelier avec des outils pour les r\u00e9parations<\/li><li>Compresseur<\/li><li>Le jour du d\u00e9part, apr\u00e8s avoir termin\u00e9 le dernier itin\u00e9raire, entr\u00e9e gratuite dans la zone du SPA &#8211; piscines et acc\u00e8s aux douches.<br><\/li><\/ul>\n<\/div>\n\n\n\n<div class=\"wp-block-column is-layout-flow wp-block-column-is-layout-flow\">\n<figure class=\"wp-block-image is-resized\"><img loading=\"lazy\" decoding=\"async\" src=\"https:\/\/www.penamontanesa.com\/wp-content\/uploads\/zonazero-asociado-1024x803.jpg\" alt=\"\" class=\"wp-image-21375\" width=\"323\" height=\"252\" srcset=\"https:\/\/www.penamontanesa.com\/wp-content\/uploads\/zonazero-asociado-1024x803.jpg 1024w, https:\/\/www.penamontanesa.com\/wp-content\/uploads\/zonazero-asociado-300x235.jpg 300w, https:\/\/www.penamontanesa.com\/wp-content\/uploads\/zonazero-asociado-1148x900.jpg 1148w, https:\/\/www.penamontanesa.com\/wp-content\/uploads\/zonazero-asociado-240x188.jpg 240w, https:\/\/www.penamontanesa.com\/wp-content\/uploads\/zonazero-asociado-1400x1097.jpg 1400w\" sizes=\"auto, (max-width: 323px) 100vw, 323px\" \/><\/figure>\n<\/div>\n<\/div>\n\n\n\n            \n                    <article id=\"advanced_gallery-block_5c6bb3989eb8d\" class=\"advanced_gallery alignwide columns-3\">\n                \n            <script>\n\n            $(document).ready(function() {\n              var owl = $('#id-gal-283003910');\n              owl.owlCarousel({\n                margin: 20,\n                nav: true,\n                autoplay:true,\n                loop: true,\n                dots: false,\n                responsive: {\n                  0: {\n                    items: 1\n                  },\n                  400: {\n\n                    items: 1\n                  },\n\n                  600: {\n\n                    items: 1\n                  },\n                  1000: {\n                    items: 3\n                  }\n                }\n              })\n            })\n\n            <\/script><div class=\"owl-container\"><div id=\"id-gal-283003910\" class=\"galeria clearfix galeria-slider owl-carousel\"><div class=\"item\"><a href=\"https:\/\/www.penamontanesa.com\/wp-content\/uploads\/p5pb12718952-1-1400x934.jpg\" id=\"thumb-23409\" class=\"image-link\"><div class=\"item-thumb cover\" style=\"background-image:url(https:\/\/www.penamontanesa.com\/wp-content\/uploads\/p5pb12718952-1-900x640.jpg)\"><\/div><\/a><\/div><div class=\"item\"><a href=\"https:\/\/www.penamontanesa.com\/wp-content\/uploads\/ews-ainsa-2015-aneke-berten.jpg\" id=\"thumb-22233\" class=\"image-link\"><div class=\"item-thumb cover\" style=\"background-image:url(https:\/\/www.penamontanesa.com\/wp-content\/uploads\/ews-ainsa-2015-aneke-berten-900x640.jpg)\"><\/div><\/a><\/div><div class=\"item\"><a href=\"https:\/\/www.penamontanesa.com\/wp-content\/uploads\/ews-ainsa-2015-2.jpg\" id=\"thumb-23408\" class=\"image-link\"><div class=\"item-thumb cover\" style=\"background-image:url(https:\/\/www.penamontanesa.com\/wp-content\/uploads\/ews-ainsa-2015-2-900x640.jpg)\"><\/div><\/a><\/div><div class=\"item\"><a href=\"https:\/\/www.penamontanesa.com\/wp-content\/uploads\/30975525778-e3d0e20708-h-1400x933.jpg\" id=\"thumb-23407\" class=\"image-link\"><div class=\"item-thumb cover\" style=\"background-image:url(https:\/\/www.penamontanesa.com\/wp-content\/uploads\/30975525778-e3d0e20708-h-900x640.jpg)\"><\/div><\/a><\/div><\/div><\/div>            <\/article>\n        \n    \n\n\n","protected":false},"excerpt":{"rendered":"<p>En tant que Camping Zona Zero, nous offrons les services [&hellip;]<\/p>\n","protected":false},"author":1,"featured_media":0,"parent":22957,"menu_order":1,"comment_status":"closed","ping_status":"closed","template":"","meta":{"_acf_changed":false,"footnotes":""},"class_list":["post-23404","page","type-page","status-publish","hentry"],"acf":[],"yoast_head":"<!-- This site is optimized with the Yoast SEO plugin v26.5 - https:\/\/yoast.com\/wordpress\/plugins\/seo\/ -->\n<title>BTT Zona Zero - Camping Pe\u00f1a Monta\u00f1esa<\/title>\n<meta name=\"robots\" content=\"index, follow, max-snippet:-1, max-image-preview:large, max-video-preview:-1\" \/>\n<link rel=\"canonical\" href=\"https:\/\/www.penamontanesa.com\/fr\/activites\/btt-zona-zero\/\" \/>\n<meta property=\"og:locale\" content=\"fr_FR\" \/>\n<meta property=\"og:type\" content=\"article\" \/>\n<meta property=\"og:title\" content=\"BTT Zona Zero - Camping Pe\u00f1a Monta\u00f1esa\" \/>\n<meta property=\"og:description\" content=\"En tant que Camping Zona Zero, nous offrons les services [&hellip;]\" \/>\n<meta property=\"og:url\" content=\"https:\/\/www.penamontanesa.com\/fr\/activites\/btt-zona-zero\/\" \/>\n<meta property=\"og:site_name\" content=\"Camping Pe\u00f1a Monta\u00f1esa\" \/>\n<meta property=\"article:modified_time\" content=\"2019-03-14T09:02:24+00:00\" \/>\n<meta property=\"og:image\" content=\"https:\/\/www.penamontanesa.com\/wp-content\/uploads\/zonazero-asociado-1024x803.jpg\" \/>\n<meta name=\"twitter:card\" content=\"summary_large_image\" \/>\n<script type=\"application\/ld+json\" class=\"yoast-schema-graph\">{\"@context\":\"https:\/\/schema.org\",\"@graph\":[{\"@type\":\"WebPage\",\"@id\":\"https:\/\/www.penamontanesa.com\/fr\/activites\/btt-zona-zero\/\",\"url\":\"https:\/\/www.penamontanesa.com\/fr\/activites\/btt-zona-zero\/\",\"name\":\"BTT Zona Zero - Camping Pe\u00f1a Monta\u00f1esa\",\"isPartOf\":{\"@id\":\"https:\/\/www.penamontanesa.com\/fr\/#website\"},\"primaryImageOfPage\":{\"@id\":\"https:\/\/www.penamontanesa.com\/fr\/activites\/btt-zona-zero\/#primaryimage\"},\"image\":{\"@id\":\"https:\/\/www.penamontanesa.com\/fr\/activites\/btt-zona-zero\/#primaryimage\"},\"thumbnailUrl\":\"https:\/\/www.penamontanesa.com\/wp-content\/uploads\/zonazero-asociado-1024x803.jpg\",\"datePublished\":\"2019-02-19T07:43:14+00:00\",\"dateModified\":\"2019-03-14T09:02:24+00:00\",\"breadcrumb\":{\"@id\":\"https:\/\/www.penamontanesa.com\/fr\/activites\/btt-zona-zero\/#breadcrumb\"},\"inLanguage\":\"fr-FR\",\"potentialAction\":[{\"@type\":\"ReadAction\",\"target\":[\"https:\/\/www.penamontanesa.com\/fr\/activites\/btt-zona-zero\/\"]}]},{\"@type\":\"ImageObject\",\"inLanguage\":\"fr-FR\",\"@id\":\"https:\/\/www.penamontanesa.com\/fr\/activites\/btt-zona-zero\/#primaryimage\",\"url\":\"https:\/\/www.penamontanesa.com\/wp-content\/uploads\/zonazero-asociado-1024x803.jpg\",\"contentUrl\":\"https:\/\/www.penamontanesa.com\/wp-content\/uploads\/zonazero-asociado-1024x803.jpg\"},{\"@type\":\"BreadcrumbList\",\"@id\":\"https:\/\/www.penamontanesa.com\/fr\/activites\/btt-zona-zero\/#breadcrumb\",\"itemListElement\":[{\"@type\":\"ListItem\",\"position\":1,\"name\":\"Portada\",\"item\":\"https:\/\/www.penamontanesa.com\/fr\/\"},{\"@type\":\"ListItem\",\"position\":2,\"name\":\"Activit\u00e9s\",\"item\":\"https:\/\/www.penamontanesa.com\/fr\/activites\/\"},{\"@type\":\"ListItem\",\"position\":3,\"name\":\"BTT Zona Zero\"}]},{\"@type\":\"WebSite\",\"@id\":\"https:\/\/www.penamontanesa.com\/fr\/#website\",\"url\":\"https:\/\/www.penamontanesa.com\/fr\/\",\"name\":\"Camping Pe\u00f1a Monta\u00f1esa\",\"description\":\"Camping y bungalows. Ainsa Pirineos. Parque Nacional de Ordesa y Monte Perdido.\",\"publisher\":{\"@id\":\"https:\/\/www.penamontanesa.com\/fr\/#organization\"},\"potentialAction\":[{\"@type\":\"SearchAction\",\"target\":{\"@type\":\"EntryPoint\",\"urlTemplate\":\"https:\/\/www.penamontanesa.com\/fr\/?s={search_term_string}\"},\"query-input\":{\"@type\":\"PropertyValueSpecification\",\"valueRequired\":true,\"valueName\":\"search_term_string\"}}],\"inLanguage\":\"fr-FR\"},{\"@type\":\"Organization\",\"@id\":\"https:\/\/www.penamontanesa.com\/fr\/#organization\",\"name\":\"Camping Pe\u00f1a Monta\u00f1esa\",\"url\":\"https:\/\/www.penamontanesa.com\/fr\/\",\"logo\":{\"@type\":\"ImageObject\",\"inLanguage\":\"fr-FR\",\"@id\":\"https:\/\/www.penamontanesa.com\/fr\/#\/schema\/logo\/image\/\",\"url\":\"https:\/\/www.penamontanesa.com\/wp-content\/uploads\/cropped-penamontanesa-logo-1-1.png\",\"contentUrl\":\"https:\/\/www.penamontanesa.com\/wp-content\/uploads\/cropped-penamontanesa-logo-1-1.png\",\"width\":420,\"height\":103,\"caption\":\"Camping Pe\u00f1a Monta\u00f1esa\"},\"image\":{\"@id\":\"https:\/\/www.penamontanesa.com\/fr\/#\/schema\/logo\/image\/\"}}]}<\/script>\n<!-- \/ Yoast SEO plugin. -->","yoast_head_json":{"title":"BTT Zona Zero - Camping Pe\u00f1a Monta\u00f1esa","robots":{"index":"index","follow":"follow","max-snippet":"max-snippet:-1","max-image-preview":"max-image-preview:large","max-video-preview":"max-video-preview:-1"},"canonical":"https:\/\/www.penamontanesa.com\/fr\/activites\/btt-zona-zero\/","og_locale":"fr_FR","og_type":"article","og_title":"BTT Zona Zero - Camping Pe\u00f1a Monta\u00f1esa","og_description":"En tant que Camping Zona Zero, nous offrons les services [&hellip;]","og_url":"https:\/\/www.penamontanesa.com\/fr\/activites\/btt-zona-zero\/","og_site_name":"Camping Pe\u00f1a Monta\u00f1esa","article_modified_time":"2019-03-14T09:02:24+00:00","og_image":[{"url":"https:\/\/www.penamontanesa.com\/wp-content\/uploads\/zonazero-asociado-1024x803.jpg","type":"","width":"","height":""}],"twitter_card":"summary_large_image","schema":{"@context":"https:\/\/schema.org","@graph":[{"@type":"WebPage","@id":"https:\/\/www.penamontanesa.com\/fr\/activites\/btt-zona-zero\/","url":"https:\/\/www.penamontanesa.com\/fr\/activites\/btt-zona-zero\/","name":"BTT Zona Zero - Camping Pe\u00f1a Monta\u00f1esa","isPartOf":{"@id":"https:\/\/www.penamontanesa.com\/fr\/#website"},"primaryImageOfPage":{"@id":"https:\/\/www.penamontanesa.com\/fr\/activites\/btt-zona-zero\/#primaryimage"},"image":{"@id":"https:\/\/www.penamontanesa.com\/fr\/activites\/btt-zona-zero\/#primaryimage"},"thumbnailUrl":"https:\/\/www.penamontanesa.com\/wp-content\/uploads\/zonazero-asociado-1024x803.jpg","datePublished":"2019-02-19T07:43:14+00:00","dateModified":"2019-03-14T09:02:24+00:00","breadcrumb":{"@id":"https:\/\/www.penamontanesa.com\/fr\/activites\/btt-zona-zero\/#breadcrumb"},"inLanguage":"fr-FR","potentialAction":[{"@type":"ReadAction","target":["https:\/\/www.penamontanesa.com\/fr\/activites\/btt-zona-zero\/"]}]},{"@type":"ImageObject","inLanguage":"fr-FR","@id":"https:\/\/www.penamontanesa.com\/fr\/activites\/btt-zona-zero\/#primaryimage","url":"https:\/\/www.penamontanesa.com\/wp-content\/uploads\/zonazero-asociado-1024x803.jpg","contentUrl":"https:\/\/www.penamontanesa.com\/wp-content\/uploads\/zonazero-asociado-1024x803.jpg"},{"@type":"BreadcrumbList","@id":"https:\/\/www.penamontanesa.com\/fr\/activites\/btt-zona-zero\/#breadcrumb","itemListElement":[{"@type":"ListItem","position":1,"name":"Portada","item":"https:\/\/www.penamontanesa.com\/fr\/"},{"@type":"ListItem","position":2,"name":"Activit\u00e9s","item":"https:\/\/www.penamontanesa.com\/fr\/activites\/"},{"@type":"ListItem","position":3,"name":"BTT Zona Zero"}]},{"@type":"WebSite","@id":"https:\/\/www.penamontanesa.com\/fr\/#website","url":"https:\/\/www.penamontanesa.com\/fr\/","name":"Camping Pe\u00f1a Monta\u00f1esa","description":"Camping y bungalows. Ainsa Pirineos. Parque Nacional de Ordesa y Monte Perdido.","publisher":{"@id":"https:\/\/www.penamontanesa.com\/fr\/#organization"},"potentialAction":[{"@type":"SearchAction","target":{"@type":"EntryPoint","urlTemplate":"https:\/\/www.penamontanesa.com\/fr\/?s={search_term_string}"},"query-input":{"@type":"PropertyValueSpecification","valueRequired":true,"valueName":"search_term_string"}}],"inLanguage":"fr-FR"},{"@type":"Organization","@id":"https:\/\/www.penamontanesa.com\/fr\/#organization","name":"Camping Pe\u00f1a Monta\u00f1esa","url":"https:\/\/www.penamontanesa.com\/fr\/","logo":{"@type":"ImageObject","inLanguage":"fr-FR","@id":"https:\/\/www.penamontanesa.com\/fr\/#\/schema\/logo\/image\/","url":"https:\/\/www.penamontanesa.com\/wp-content\/uploads\/cropped-penamontanesa-logo-1-1.png","contentUrl":"https:\/\/www.penamontanesa.com\/wp-content\/uploads\/cropped-penamontanesa-logo-1-1.png","width":420,"height":103,"caption":"Camping Pe\u00f1a Monta\u00f1esa"},"image":{"@id":"https:\/\/www.penamontanesa.com\/fr\/#\/schema\/logo\/image\/"}}]}},"_links":{"self":[{"href":"https:\/\/www.penamontanesa.com\/fr\/wp-json\/wp\/v2\/pages\/23404","targetHints":{"allow":["GET"]}}],"collection":[{"href":"https:\/\/www.penamontanesa.com\/fr\/wp-json\/wp\/v2\/pages"}],"about":[{"href":"https:\/\/www.penamontanesa.com\/fr\/wp-json\/wp\/v2\/types\/page"}],"author":[{"embeddable":true,"href":"https:\/\/www.penamontanesa.com\/fr\/wp-json\/wp\/v2\/users\/1"}],"replies":[{"embeddable":true,"href":"https:\/\/www.penamontanesa.com\/fr\/wp-json\/wp\/v2\/comments?post=23404"}],"version-history":[{"count":1,"href":"https:\/\/www.penamontanesa.com\/fr\/wp-json\/wp\/v2\/pages\/23404\/revisions"}],"predecessor-version":[{"id":23406,"href":"https:\/\/www.penamontanesa.com\/fr\/wp-json\/wp\/v2\/pages\/23404\/revisions\/23406"}],"up":[{"embeddable":true,"href":"https:\/\/www.penamontanesa.com\/fr\/wp-json\/wp\/v2\/pages\/22957"}],"wp:attachment":[{"href":"https:\/\/www.penamontanesa.com\/fr\/wp-json\/wp\/v2\/media?parent=23404"}],"curies":[{"name":"wp","href":"https:\/\/api.w.org\/{rel}","templated":true}]}}