{"id":23443,"date":"2019-02-04T08:13:40","date_gmt":"2019-02-04T07:13:40","guid":{"rendered":"https:\/\/www.penamontanesa.com\/activites\/excursions-du-camping\/la-pena-montanesa\/"},"modified":"2019-03-14T10:27:40","modified_gmt":"2019-03-14T09:27:40","slug":"la-pena-montanesa","status":"publish","type":"page","link":"https:\/\/www.penamontanesa.com\/fr\/activites\/excursions-du-camping\/la-pena-montanesa\/","title":{"rendered":"La Pe\u00f1a Monta\u00f1esa"},"content":{"rendered":"\n<p>Pe\u00f1a Monta\u00f1esa (2291 m) est le point de la montagne Sierra Ferrera dans Huesca Sobrarbe plus. Il est situ\u00e9 au nord de Ainsa. <br><\/p>\n\n\n\n<p>Pour atteindre le point de d\u00e9part de cette ascension, nous allons \u00e0 Ainsa o\u00f9 sur le carrefour nous nous dirigerons vers Campo. <\/p>\n\n\n\n<p>Nous passons le village, 7 km plus en arrivons Arro. Nous tournons (d\u00e9j\u00e0 signal\u00e9) au monast\u00e8re San Victorian, 15 km plus haut. \u00c0 deux kilom\u00e8tres apr\u00e8s avoir pass\u00e9 le village de Oncins, nous verrons le chemin sur le c\u00f4t\u00e9 gauche, bien indiqu\u00e9 <br><\/p>\n\n\n\n<p>Nous ne pouvons laisser la voiture \u00e0 c\u00f4t\u00e9 de la vieille \u00e9glise Virgen del Pilar et \u00e0 1 km avant le Monast\u00e8re de San Victorian.    <\/p>\n","protected":false},"excerpt":{"rendered":"<p>Pe\u00f1a Monta\u00f1esa (2291 m) est le point de la montagne [&hellip;]<\/p>\n","protected":false},"author":1,"featured_media":22461,"parent":23381,"menu_order":0,"comment_status":"closed","ping_status":"closed","template":"","meta":{"_acf_changed":false,"footnotes":""},"class_list":["post-23443","page","type-page","status-publish","has-post-thumbnail","hentry"],"acf":[],"yoast_head":"<!-- This site is optimized with the Yoast SEO plugin v26.5 - https:\/\/yoast.com\/wordpress\/plugins\/seo\/ -->\n<title>Ascension a Pe\u00f1a Monta\u00f1esa - Camping Pe\u00f1a Monta\u00f1esa<\/title>\n<meta name=\"robots\" content=\"index, follow, max-snippet:-1, max-image-preview:large, max-video-preview:-1\" \/>\n<link rel=\"canonical\" href=\"https:\/\/www.penamontanesa.com\/fr\/activites\/excursions-du-camping\/la-pena-montanesa\/\" \/>\n<meta property=\"og:locale\" content=\"fr_FR\" \/>\n<meta property=\"og:type\" content=\"article\" \/>\n<meta property=\"og:title\" content=\"Ascension a Pe\u00f1a Monta\u00f1esa - Camping Pe\u00f1a Monta\u00f1esa\" \/>\n<meta property=\"og:description\" content=\"Pe\u00f1a Monta\u00f1esa (2291 m) est le point de la montagne [&hellip;]\" \/>\n<meta property=\"og:url\" content=\"https:\/\/www.penamontanesa.com\/fr\/activites\/excursions-du-camping\/la-pena-montanesa\/\" \/>\n<meta property=\"og:site_name\" content=\"Camping Pe\u00f1a Monta\u00f1esa\" \/>\n<meta property=\"article:modified_time\" content=\"2019-03-14T09:27:40+00:00\" \/>\n<meta property=\"og:image\" content=\"https:\/\/www.penamontanesa.com\/wp-content\/uploads\/home-11.jpg\" \/>\n\t<meta property=\"og:image:width\" content=\"2048\" \/>\n\t<meta property=\"og:image:height\" content=\"1536\" \/>\n\t<meta property=\"og:image:type\" content=\"image\/jpeg\" \/>\n<meta name=\"twitter:card\" content=\"summary_large_image\" \/>\n<meta name=\"twitter:label1\" content=\"Dur\u00e9e de lecture estim\u00e9e\" \/>\n\t<meta name=\"twitter:data1\" content=\"1 minute\" \/>\n<script type=\"application\/ld+json\" class=\"yoast-schema-graph\">{\"@context\":\"https:\/\/schema.org\",\"@graph\":[{\"@type\":\"WebPage\",\"@id\":\"https:\/\/www.penamontanesa.com\/fr\/activites\/excursions-du-camping\/la-pena-montanesa\/\",\"url\":\"https:\/\/www.penamontanesa.com\/fr\/activites\/excursions-du-camping\/la-pena-montanesa\/\",\"name\":\"Ascension a Pe\u00f1a Monta\u00f1esa - Camping Pe\u00f1a Monta\u00f1esa\",\"isPartOf\":{\"@id\":\"https:\/\/www.penamontanesa.com\/fr\/#website\"},\"primaryImageOfPage\":{\"@id\":\"https:\/\/www.penamontanesa.com\/fr\/activites\/excursions-du-camping\/la-pena-montanesa\/#primaryimage\"},\"image\":{\"@id\":\"https:\/\/www.penamontanesa.com\/fr\/activites\/excursions-du-camping\/la-pena-montanesa\/#primaryimage\"},\"thumbnailUrl\":\"https:\/\/www.penamontanesa.com\/wp-content\/uploads\/home-11.jpg\",\"datePublished\":\"2019-02-04T07:13:40+00:00\",\"dateModified\":\"2019-03-14T09:27:40+00:00\",\"breadcrumb\":{\"@id\":\"https:\/\/www.penamontanesa.com\/fr\/activites\/excursions-du-camping\/la-pena-montanesa\/#breadcrumb\"},\"inLanguage\":\"fr-FR\",\"potentialAction\":[{\"@type\":\"ReadAction\",\"target\":[\"https:\/\/www.penamontanesa.com\/fr\/activites\/excursions-du-camping\/la-pena-montanesa\/\"]}]},{\"@type\":\"ImageObject\",\"inLanguage\":\"fr-FR\",\"@id\":\"https:\/\/www.penamontanesa.com\/fr\/activites\/excursions-du-camping\/la-pena-montanesa\/#primaryimage\",\"url\":\"https:\/\/www.penamontanesa.com\/wp-content\/uploads\/home-11.jpg\",\"contentUrl\":\"https:\/\/www.penamontanesa.com\/wp-content\/uploads\/home-11.jpg\",\"width\":2048,\"height\":1536},{\"@type\":\"BreadcrumbList\",\"@id\":\"https:\/\/www.penamontanesa.com\/fr\/activites\/excursions-du-camping\/la-pena-montanesa\/#breadcrumb\",\"itemListElement\":[{\"@type\":\"ListItem\",\"position\":1,\"name\":\"Portada\",\"item\":\"https:\/\/www.penamontanesa.com\/fr\/\"},{\"@type\":\"ListItem\",\"position\":2,\"name\":\"Activit\u00e9s\",\"item\":\"https:\/\/www.penamontanesa.com\/fr\/activites\/\"},{\"@type\":\"ListItem\",\"position\":3,\"name\":\"Randonn\u00e9es\",\"item\":\"https:\/\/www.penamontanesa.com\/fr\/activites\/excursions-du-camping\/\"},{\"@type\":\"ListItem\",\"position\":4,\"name\":\"La Pe\u00f1a Monta\u00f1esa\"}]},{\"@type\":\"WebSite\",\"@id\":\"https:\/\/www.penamontanesa.com\/fr\/#website\",\"url\":\"https:\/\/www.penamontanesa.com\/fr\/\",\"name\":\"Camping Pe\u00f1a Monta\u00f1esa\",\"description\":\"Camping y bungalows. Ainsa Pirineos. Parque Nacional de Ordesa y Monte Perdido.\",\"publisher\":{\"@id\":\"https:\/\/www.penamontanesa.com\/fr\/#organization\"},\"potentialAction\":[{\"@type\":\"SearchAction\",\"target\":{\"@type\":\"EntryPoint\",\"urlTemplate\":\"https:\/\/www.penamontanesa.com\/fr\/?s={search_term_string}\"},\"query-input\":{\"@type\":\"PropertyValueSpecification\",\"valueRequired\":true,\"valueName\":\"search_term_string\"}}],\"inLanguage\":\"fr-FR\"},{\"@type\":\"Organization\",\"@id\":\"https:\/\/www.penamontanesa.com\/fr\/#organization\",\"name\":\"Camping Pe\u00f1a Monta\u00f1esa\",\"url\":\"https:\/\/www.penamontanesa.com\/fr\/\",\"logo\":{\"@type\":\"ImageObject\",\"inLanguage\":\"fr-FR\",\"@id\":\"https:\/\/www.penamontanesa.com\/fr\/#\/schema\/logo\/image\/\",\"url\":\"https:\/\/www.penamontanesa.com\/wp-content\/uploads\/cropped-penamontanesa-logo-1-1.png\",\"contentUrl\":\"https:\/\/www.penamontanesa.com\/wp-content\/uploads\/cropped-penamontanesa-logo-1-1.png\",\"width\":420,\"height\":103,\"caption\":\"Camping Pe\u00f1a Monta\u00f1esa\"},\"image\":{\"@id\":\"https:\/\/www.penamontanesa.com\/fr\/#\/schema\/logo\/image\/\"}}]}<\/script>\n<!-- \/ Yoast SEO plugin. -->","yoast_head_json":{"title":"Ascension a Pe\u00f1a Monta\u00f1esa - Camping Pe\u00f1a Monta\u00f1esa","robots":{"index":"index","follow":"follow","max-snippet":"max-snippet:-1","max-image-preview":"max-image-preview:large","max-video-preview":"max-video-preview:-1"},"canonical":"https:\/\/www.penamontanesa.com\/fr\/activites\/excursions-du-camping\/la-pena-montanesa\/","og_locale":"fr_FR","og_type":"article","og_title":"Ascension a Pe\u00f1a Monta\u00f1esa - Camping Pe\u00f1a Monta\u00f1esa","og_description":"Pe\u00f1a Monta\u00f1esa (2291 m) est le point de la montagne [&hellip;]","og_url":"https:\/\/www.penamontanesa.com\/fr\/activites\/excursions-du-camping\/la-pena-montanesa\/","og_site_name":"Camping Pe\u00f1a Monta\u00f1esa","article_modified_time":"2019-03-14T09:27:40+00:00","og_image":[{"width":2048,"height":1536,"url":"https:\/\/www.penamontanesa.com\/wp-content\/uploads\/home-11.jpg","type":"image\/jpeg"}],"twitter_card":"summary_large_image","twitter_misc":{"Dur\u00e9e de lecture estim\u00e9e":"1 minute"},"schema":{"@context":"https:\/\/schema.org","@graph":[{"@type":"WebPage","@id":"https:\/\/www.penamontanesa.com\/fr\/activites\/excursions-du-camping\/la-pena-montanesa\/","url":"https:\/\/www.penamontanesa.com\/fr\/activites\/excursions-du-camping\/la-pena-montanesa\/","name":"Ascension a Pe\u00f1a Monta\u00f1esa - Camping Pe\u00f1a Monta\u00f1esa","isPartOf":{"@id":"https:\/\/www.penamontanesa.com\/fr\/#website"},"primaryImageOfPage":{"@id":"https:\/\/www.penamontanesa.com\/fr\/activites\/excursions-du-camping\/la-pena-montanesa\/#primaryimage"},"image":{"@id":"https:\/\/www.penamontanesa.com\/fr\/activites\/excursions-du-camping\/la-pena-montanesa\/#primaryimage"},"thumbnailUrl":"https:\/\/www.penamontanesa.com\/wp-content\/uploads\/home-11.jpg","datePublished":"2019-02-04T07:13:40+00:00","dateModified":"2019-03-14T09:27:40+00:00","breadcrumb":{"@id":"https:\/\/www.penamontanesa.com\/fr\/activites\/excursions-du-camping\/la-pena-montanesa\/#breadcrumb"},"inLanguage":"fr-FR","potentialAction":[{"@type":"ReadAction","target":["https:\/\/www.penamontanesa.com\/fr\/activites\/excursions-du-camping\/la-pena-montanesa\/"]}]},{"@type":"ImageObject","inLanguage":"fr-FR","@id":"https:\/\/www.penamontanesa.com\/fr\/activites\/excursions-du-camping\/la-pena-montanesa\/#primaryimage","url":"https:\/\/www.penamontanesa.com\/wp-content\/uploads\/home-11.jpg","contentUrl":"https:\/\/www.penamontanesa.com\/wp-content\/uploads\/home-11.jpg","width":2048,"height":1536},{"@type":"BreadcrumbList","@id":"https:\/\/www.penamontanesa.com\/fr\/activites\/excursions-du-camping\/la-pena-montanesa\/#breadcrumb","itemListElement":[{"@type":"ListItem","position":1,"name":"Portada","item":"https:\/\/www.penamontanesa.com\/fr\/"},{"@type":"ListItem","position":2,"name":"Activit\u00e9s","item":"https:\/\/www.penamontanesa.com\/fr\/activites\/"},{"@type":"ListItem","position":3,"name":"Randonn\u00e9es","item":"https:\/\/www.penamontanesa.com\/fr\/activites\/excursions-du-camping\/"},{"@type":"ListItem","position":4,"name":"La Pe\u00f1a Monta\u00f1esa"}]},{"@type":"WebSite","@id":"https:\/\/www.penamontanesa.com\/fr\/#website","url":"https:\/\/www.penamontanesa.com\/fr\/","name":"Camping Pe\u00f1a Monta\u00f1esa","description":"Camping y bungalows. Ainsa Pirineos. Parque Nacional de Ordesa y Monte Perdido.","publisher":{"@id":"https:\/\/www.penamontanesa.com\/fr\/#organization"},"potentialAction":[{"@type":"SearchAction","target":{"@type":"EntryPoint","urlTemplate":"https:\/\/www.penamontanesa.com\/fr\/?s={search_term_string}"},"query-input":{"@type":"PropertyValueSpecification","valueRequired":true,"valueName":"search_term_string"}}],"inLanguage":"fr-FR"},{"@type":"Organization","@id":"https:\/\/www.penamontanesa.com\/fr\/#organization","name":"Camping Pe\u00f1a Monta\u00f1esa","url":"https:\/\/www.penamontanesa.com\/fr\/","logo":{"@type":"ImageObject","inLanguage":"fr-FR","@id":"https:\/\/www.penamontanesa.com\/fr\/#\/schema\/logo\/image\/","url":"https:\/\/www.penamontanesa.com\/wp-content\/uploads\/cropped-penamontanesa-logo-1-1.png","contentUrl":"https:\/\/www.penamontanesa.com\/wp-content\/uploads\/cropped-penamontanesa-logo-1-1.png","width":420,"height":103,"caption":"Camping Pe\u00f1a Monta\u00f1esa"},"image":{"@id":"https:\/\/www.penamontanesa.com\/fr\/#\/schema\/logo\/image\/"}}]}},"_links":{"self":[{"href":"https:\/\/www.penamontanesa.com\/fr\/wp-json\/wp\/v2\/pages\/23443","targetHints":{"allow":["GET"]}}],"collection":[{"href":"https:\/\/www.penamontanesa.com\/fr\/wp-json\/wp\/v2\/pages"}],"about":[{"href":"https:\/\/www.penamontanesa.com\/fr\/wp-json\/wp\/v2\/types\/page"}],"author":[{"embeddable":true,"href":"https:\/\/www.penamontanesa.com\/fr\/wp-json\/wp\/v2\/users\/1"}],"replies":[{"embeddable":true,"href":"https:\/\/www.penamontanesa.com\/fr\/wp-json\/wp\/v2\/comments?post=23443"}],"version-history":[{"count":2,"href":"https:\/\/www.penamontanesa.com\/fr\/wp-json\/wp\/v2\/pages\/23443\/revisions"}],"predecessor-version":[{"id":23445,"href":"https:\/\/www.penamontanesa.com\/fr\/wp-json\/wp\/v2\/pages\/23443\/revisions\/23445"}],"up":[{"embeddable":true,"href":"https:\/\/www.penamontanesa.com\/fr\/wp-json\/wp\/v2\/pages\/23381"}],"wp:featuredmedia":[{"embeddable":true,"href":"https:\/\/www.penamontanesa.com\/fr\/wp-json\/wp\/v2\/media\/22461"}],"wp:attachment":[{"href":"https:\/\/www.penamontanesa.com\/fr\/wp-json\/wp\/v2\/media?parent=23443"}],"curies":[{"name":"wp","href":"https:\/\/api.w.org\/{rel}","templated":true}]}}