{"id":23457,"date":"2019-02-04T09:59:45","date_gmt":"2019-02-04T08:59:45","guid":{"rendered":"https:\/\/www.penamontanesa.com\/activites\/excursions-du-camping\/muro-de-roda\/"},"modified":"2019-03-14T10:41:01","modified_gmt":"2019-03-14T09:41:01","slug":"muro-de-roda","status":"publish","type":"page","link":"https:\/\/www.penamontanesa.com\/fr\/activites\/excursions-du-camping\/muro-de-roda\/","title":{"rendered":"Muro de Roda"},"content":{"rendered":"\n<p>Situ\u00e9 dans un emplacement strat\u00e9gique, est un village fortifi\u00e9 dans la municipalit\u00e9 de La Fueva, dans la r\u00e9gion de Sobrarbe. <br><\/p>\n\n\n\n<p>Vous atteignez Muro de Roda long d&rsquo;une piste qui monte de Tierrantona accesible en 4&#215;4.  Nous pouvons \u00e9galement visiter, profitant du reste du temps, la vall\u00e9e de Fueva, avec ses nombreux villages, dont le capital correspond \u00e0 Tierrantona. <br><\/p>\n","protected":false},"excerpt":{"rendered":"<p>Situ\u00e9 dans un emplacement strat\u00e9gique, est un village fortifi\u00e9 dans [&hellip;]<\/p>\n","protected":false},"author":1,"featured_media":22467,"parent":23381,"menu_order":2,"comment_status":"closed","ping_status":"closed","template":"","meta":{"_acf_changed":false,"footnotes":""},"class_list":["post-23457","page","type-page","status-publish","has-post-thumbnail","hentry"],"acf":[],"yoast_head":"<!-- This site is optimized with the Yoast SEO plugin v26.5 - https:\/\/yoast.com\/wordpress\/plugins\/seo\/ -->\n<title>Muro de Roda - Camping Pe\u00f1a Monta\u00f1esa<\/title>\n<meta name=\"robots\" content=\"index, follow, max-snippet:-1, max-image-preview:large, max-video-preview:-1\" \/>\n<link rel=\"canonical\" href=\"https:\/\/www.penamontanesa.com\/fr\/activites\/excursions-du-camping\/muro-de-roda\/\" \/>\n<meta property=\"og:locale\" content=\"fr_FR\" \/>\n<meta property=\"og:type\" content=\"article\" \/>\n<meta property=\"og:title\" content=\"Muro de Roda - Camping Pe\u00f1a Monta\u00f1esa\" \/>\n<meta property=\"og:description\" content=\"Situ\u00e9 dans un emplacement strat\u00e9gique, est un village fortifi\u00e9 dans [&hellip;]\" \/>\n<meta property=\"og:url\" content=\"https:\/\/www.penamontanesa.com\/fr\/activites\/excursions-du-camping\/muro-de-roda\/\" \/>\n<meta property=\"og:site_name\" content=\"Camping Pe\u00f1a Monta\u00f1esa\" \/>\n<meta property=\"article:modified_time\" content=\"2019-03-14T09:41:01+00:00\" \/>\n<meta property=\"og:image\" content=\"https:\/\/www.penamontanesa.com\/wp-content\/uploads\/muroderoda.jpg\" \/>\n\t<meta property=\"og:image:width\" content=\"2048\" \/>\n\t<meta property=\"og:image:height\" content=\"1268\" \/>\n\t<meta property=\"og:image:type\" content=\"image\/jpeg\" \/>\n<meta name=\"twitter:card\" content=\"summary_large_image\" \/>\n<script type=\"application\/ld+json\" class=\"yoast-schema-graph\">{\"@context\":\"https:\/\/schema.org\",\"@graph\":[{\"@type\":\"WebPage\",\"@id\":\"https:\/\/www.penamontanesa.com\/fr\/activites\/excursions-du-camping\/muro-de-roda\/\",\"url\":\"https:\/\/www.penamontanesa.com\/fr\/activites\/excursions-du-camping\/muro-de-roda\/\",\"name\":\"Muro de Roda - Camping Pe\u00f1a Monta\u00f1esa\",\"isPartOf\":{\"@id\":\"https:\/\/www.penamontanesa.com\/fr\/#website\"},\"primaryImageOfPage\":{\"@id\":\"https:\/\/www.penamontanesa.com\/fr\/activites\/excursions-du-camping\/muro-de-roda\/#primaryimage\"},\"image\":{\"@id\":\"https:\/\/www.penamontanesa.com\/fr\/activites\/excursions-du-camping\/muro-de-roda\/#primaryimage\"},\"thumbnailUrl\":\"https:\/\/www.penamontanesa.com\/wp-content\/uploads\/muroderoda.jpg\",\"datePublished\":\"2019-02-04T08:59:45+00:00\",\"dateModified\":\"2019-03-14T09:41:01+00:00\",\"breadcrumb\":{\"@id\":\"https:\/\/www.penamontanesa.com\/fr\/activites\/excursions-du-camping\/muro-de-roda\/#breadcrumb\"},\"inLanguage\":\"fr-FR\",\"potentialAction\":[{\"@type\":\"ReadAction\",\"target\":[\"https:\/\/www.penamontanesa.com\/fr\/activites\/excursions-du-camping\/muro-de-roda\/\"]}]},{\"@type\":\"ImageObject\",\"inLanguage\":\"fr-FR\",\"@id\":\"https:\/\/www.penamontanesa.com\/fr\/activites\/excursions-du-camping\/muro-de-roda\/#primaryimage\",\"url\":\"https:\/\/www.penamontanesa.com\/wp-content\/uploads\/muroderoda.jpg\",\"contentUrl\":\"https:\/\/www.penamontanesa.com\/wp-content\/uploads\/muroderoda.jpg\",\"width\":2048,\"height\":1268},{\"@type\":\"BreadcrumbList\",\"@id\":\"https:\/\/www.penamontanesa.com\/fr\/activites\/excursions-du-camping\/muro-de-roda\/#breadcrumb\",\"itemListElement\":[{\"@type\":\"ListItem\",\"position\":1,\"name\":\"Portada\",\"item\":\"https:\/\/www.penamontanesa.com\/fr\/\"},{\"@type\":\"ListItem\",\"position\":2,\"name\":\"Activit\u00e9s\",\"item\":\"https:\/\/www.penamontanesa.com\/fr\/activites\/\"},{\"@type\":\"ListItem\",\"position\":3,\"name\":\"Randonn\u00e9es\",\"item\":\"https:\/\/www.penamontanesa.com\/fr\/activites\/excursions-du-camping\/\"},{\"@type\":\"ListItem\",\"position\":4,\"name\":\"Muro de Roda\"}]},{\"@type\":\"WebSite\",\"@id\":\"https:\/\/www.penamontanesa.com\/fr\/#website\",\"url\":\"https:\/\/www.penamontanesa.com\/fr\/\",\"name\":\"Camping Pe\u00f1a Monta\u00f1esa\",\"description\":\"Camping y bungalows. Ainsa Pirineos. Parque Nacional de Ordesa y Monte Perdido.\",\"publisher\":{\"@id\":\"https:\/\/www.penamontanesa.com\/fr\/#organization\"},\"potentialAction\":[{\"@type\":\"SearchAction\",\"target\":{\"@type\":\"EntryPoint\",\"urlTemplate\":\"https:\/\/www.penamontanesa.com\/fr\/?s={search_term_string}\"},\"query-input\":{\"@type\":\"PropertyValueSpecification\",\"valueRequired\":true,\"valueName\":\"search_term_string\"}}],\"inLanguage\":\"fr-FR\"},{\"@type\":\"Organization\",\"@id\":\"https:\/\/www.penamontanesa.com\/fr\/#organization\",\"name\":\"Camping Pe\u00f1a Monta\u00f1esa\",\"url\":\"https:\/\/www.penamontanesa.com\/fr\/\",\"logo\":{\"@type\":\"ImageObject\",\"inLanguage\":\"fr-FR\",\"@id\":\"https:\/\/www.penamontanesa.com\/fr\/#\/schema\/logo\/image\/\",\"url\":\"https:\/\/www.penamontanesa.com\/wp-content\/uploads\/cropped-penamontanesa-logo-1-1.png\",\"contentUrl\":\"https:\/\/www.penamontanesa.com\/wp-content\/uploads\/cropped-penamontanesa-logo-1-1.png\",\"width\":420,\"height\":103,\"caption\":\"Camping Pe\u00f1a Monta\u00f1esa\"},\"image\":{\"@id\":\"https:\/\/www.penamontanesa.com\/fr\/#\/schema\/logo\/image\/\"}}]}<\/script>\n<!-- \/ Yoast SEO plugin. -->","yoast_head_json":{"title":"Muro de Roda - Camping Pe\u00f1a Monta\u00f1esa","robots":{"index":"index","follow":"follow","max-snippet":"max-snippet:-1","max-image-preview":"max-image-preview:large","max-video-preview":"max-video-preview:-1"},"canonical":"https:\/\/www.penamontanesa.com\/fr\/activites\/excursions-du-camping\/muro-de-roda\/","og_locale":"fr_FR","og_type":"article","og_title":"Muro de Roda - Camping Pe\u00f1a Monta\u00f1esa","og_description":"Situ\u00e9 dans un emplacement strat\u00e9gique, est un village fortifi\u00e9 dans [&hellip;]","og_url":"https:\/\/www.penamontanesa.com\/fr\/activites\/excursions-du-camping\/muro-de-roda\/","og_site_name":"Camping Pe\u00f1a Monta\u00f1esa","article_modified_time":"2019-03-14T09:41:01+00:00","og_image":[{"width":2048,"height":1268,"url":"https:\/\/www.penamontanesa.com\/wp-content\/uploads\/muroderoda.jpg","type":"image\/jpeg"}],"twitter_card":"summary_large_image","schema":{"@context":"https:\/\/schema.org","@graph":[{"@type":"WebPage","@id":"https:\/\/www.penamontanesa.com\/fr\/activites\/excursions-du-camping\/muro-de-roda\/","url":"https:\/\/www.penamontanesa.com\/fr\/activites\/excursions-du-camping\/muro-de-roda\/","name":"Muro de Roda - Camping Pe\u00f1a Monta\u00f1esa","isPartOf":{"@id":"https:\/\/www.penamontanesa.com\/fr\/#website"},"primaryImageOfPage":{"@id":"https:\/\/www.penamontanesa.com\/fr\/activites\/excursions-du-camping\/muro-de-roda\/#primaryimage"},"image":{"@id":"https:\/\/www.penamontanesa.com\/fr\/activites\/excursions-du-camping\/muro-de-roda\/#primaryimage"},"thumbnailUrl":"https:\/\/www.penamontanesa.com\/wp-content\/uploads\/muroderoda.jpg","datePublished":"2019-02-04T08:59:45+00:00","dateModified":"2019-03-14T09:41:01+00:00","breadcrumb":{"@id":"https:\/\/www.penamontanesa.com\/fr\/activites\/excursions-du-camping\/muro-de-roda\/#breadcrumb"},"inLanguage":"fr-FR","potentialAction":[{"@type":"ReadAction","target":["https:\/\/www.penamontanesa.com\/fr\/activites\/excursions-du-camping\/muro-de-roda\/"]}]},{"@type":"ImageObject","inLanguage":"fr-FR","@id":"https:\/\/www.penamontanesa.com\/fr\/activites\/excursions-du-camping\/muro-de-roda\/#primaryimage","url":"https:\/\/www.penamontanesa.com\/wp-content\/uploads\/muroderoda.jpg","contentUrl":"https:\/\/www.penamontanesa.com\/wp-content\/uploads\/muroderoda.jpg","width":2048,"height":1268},{"@type":"BreadcrumbList","@id":"https:\/\/www.penamontanesa.com\/fr\/activites\/excursions-du-camping\/muro-de-roda\/#breadcrumb","itemListElement":[{"@type":"ListItem","position":1,"name":"Portada","item":"https:\/\/www.penamontanesa.com\/fr\/"},{"@type":"ListItem","position":2,"name":"Activit\u00e9s","item":"https:\/\/www.penamontanesa.com\/fr\/activites\/"},{"@type":"ListItem","position":3,"name":"Randonn\u00e9es","item":"https:\/\/www.penamontanesa.com\/fr\/activites\/excursions-du-camping\/"},{"@type":"ListItem","position":4,"name":"Muro de Roda"}]},{"@type":"WebSite","@id":"https:\/\/www.penamontanesa.com\/fr\/#website","url":"https:\/\/www.penamontanesa.com\/fr\/","name":"Camping Pe\u00f1a Monta\u00f1esa","description":"Camping y bungalows. Ainsa Pirineos. Parque Nacional de Ordesa y Monte Perdido.","publisher":{"@id":"https:\/\/www.penamontanesa.com\/fr\/#organization"},"potentialAction":[{"@type":"SearchAction","target":{"@type":"EntryPoint","urlTemplate":"https:\/\/www.penamontanesa.com\/fr\/?s={search_term_string}"},"query-input":{"@type":"PropertyValueSpecification","valueRequired":true,"valueName":"search_term_string"}}],"inLanguage":"fr-FR"},{"@type":"Organization","@id":"https:\/\/www.penamontanesa.com\/fr\/#organization","name":"Camping Pe\u00f1a Monta\u00f1esa","url":"https:\/\/www.penamontanesa.com\/fr\/","logo":{"@type":"ImageObject","inLanguage":"fr-FR","@id":"https:\/\/www.penamontanesa.com\/fr\/#\/schema\/logo\/image\/","url":"https:\/\/www.penamontanesa.com\/wp-content\/uploads\/cropped-penamontanesa-logo-1-1.png","contentUrl":"https:\/\/www.penamontanesa.com\/wp-content\/uploads\/cropped-penamontanesa-logo-1-1.png","width":420,"height":103,"caption":"Camping Pe\u00f1a Monta\u00f1esa"},"image":{"@id":"https:\/\/www.penamontanesa.com\/fr\/#\/schema\/logo\/image\/"}}]}},"_links":{"self":[{"href":"https:\/\/www.penamontanesa.com\/fr\/wp-json\/wp\/v2\/pages\/23457","targetHints":{"allow":["GET"]}}],"collection":[{"href":"https:\/\/www.penamontanesa.com\/fr\/wp-json\/wp\/v2\/pages"}],"about":[{"href":"https:\/\/www.penamontanesa.com\/fr\/wp-json\/wp\/v2\/types\/page"}],"author":[{"embeddable":true,"href":"https:\/\/www.penamontanesa.com\/fr\/wp-json\/wp\/v2\/users\/1"}],"replies":[{"embeddable":true,"href":"https:\/\/www.penamontanesa.com\/fr\/wp-json\/wp\/v2\/comments?post=23457"}],"version-history":[{"count":1,"href":"https:\/\/www.penamontanesa.com\/fr\/wp-json\/wp\/v2\/pages\/23457\/revisions"}],"predecessor-version":[{"id":23458,"href":"https:\/\/www.penamontanesa.com\/fr\/wp-json\/wp\/v2\/pages\/23457\/revisions\/23458"}],"up":[{"embeddable":true,"href":"https:\/\/www.penamontanesa.com\/fr\/wp-json\/wp\/v2\/pages\/23381"}],"wp:featuredmedia":[{"embeddable":true,"href":"https:\/\/www.penamontanesa.com\/fr\/wp-json\/wp\/v2\/media\/22467"}],"wp:attachment":[{"href":"https:\/\/www.penamontanesa.com\/fr\/wp-json\/wp\/v2\/media?parent=23457"}],"curies":[{"name":"wp","href":"https:\/\/api.w.org\/{rel}","templated":true}]}}