{"id":23499,"date":"2019-02-04T10:45:25","date_gmt":"2019-02-04T09:45:25","guid":{"rendered":"https:\/\/www.penamontanesa.com\/activites\/excursions-du-camping\/parque-nacional-de-ordesa-y-monte-perdido\/"},"modified":"2019-03-14T11:04:00","modified_gmt":"2019-03-14T10:04:00","slug":"parque-nacional-de-ordesa-y-monte-perdido","status":"publish","type":"page","link":"https:\/\/www.penamontanesa.com\/fr\/activites\/excursions-du-camping\/parque-nacional-de-ordesa-y-monte-perdido\/","title":{"rendered":"Parc national d&rsquo;Ordesa et du Mont-Perdu"},"content":{"rendered":"\n<p>Le parc national d&rsquo;Ordesa et du Mont-Perdu, est situ\u00e9 dans les Pyr\u00e9n\u00e9es de Huesca, enti\u00e8rement dans la r\u00e9gion de Sobrarbe, Aragon (Espagne).<br><\/p>\n\n\n\n<p>Il est distribu\u00e9 entre les municipalit\u00e9s de Bielsa, Fanlo, Puertolas, Tella-Sin, Torla et Broto. Sa superficie occupe 15 608 ha. et la zone de protection p\u00e9riph\u00e9rique couvre 19 679 ha.<br><\/p>\n\n\n\n<p>Son altitude varie entre 700 m. dans la rivi\u00e8re Vell\u00f3s et \u00e0 3 355 m de Monte Perdido. Il s\u2019agit du deuxi\u00e8me plus ancien parc national d\u2019Espagne et plus encore d\u2019Aragon, apr\u00e8s avoir \u00e9t\u00e9 d\u00e9clar\u00e9 le 16 ao\u00fbt 1918 par d\u00e9cret royal 16-08-1918 portant le nom de la vall\u00e9e d\u2019Ordesa.<\/p>\n\n\n\n<p>Le 13 juillet 1982, avec la loi 52\/1982, le parc a \u00e9t\u00e9 \u00e9tendu et reclass\u00e9 sous son nom actuel. Actuellement, le parc a diff\u00e9rentes formes de protection en dehors du parc national. En 1977, il a \u00e9t\u00e9 d\u00e9clar\u00e9 r\u00e9serve de la biosph\u00e8re, en 1988, zone de protection sp\u00e9ciale pour les oiseaux et en 1997, il est devenu un site du patrimoine mondial par l&rsquo;UNESCO.<br><\/p>\n\n\n\n<p>Le parc national d&rsquo;Ordesa et du Mont-Perdu constitue une unit\u00e9 g\u00e9ographique de premier ordre. L\u2019imposant Monte Perdido domine son orographie, 335 m., \u00c9tant le plus grand massif calcaire d\u2019Europe occidentale, avec les sommets des Tres Sorores ou Treserols: Monte Perdido, Cilindro et Pico de A\u00f1isclo -Soum de Ramond-, d\u2019o\u00f9 ils d\u00e9rivent modes d&rsquo;armes les vall\u00e9es d&rsquo;Ordesa, A\u00f1isclo, Escua\u00edn et Pineta, cisel\u00e9es par les eaux respectives des rivi\u00e8res Arazas, Bell\u00f3s, Yaga et Cinca. L\u2019histoire g\u00e9ologique et morphologique complexe, conjugu\u00e9e \u00e0 un climat rigoureux, a entra\u00een\u00e9 une haute altitude et la pr\u00e9sence de pentes abruptes.<br><\/p>\n\n\n\n<p>Le paysage montre de grands contrastes. Dans les hautes terres, l&rsquo;extr\u00eame aridit\u00e9 des d\u00e9serts karstiques pr\u00e9domine, o\u00f9 les eaux de pluie et les eaux de fonte s&rsquo;infiltrent dans le sol \u00e0 travers les fissures et les dolines. Et dans les vall\u00e9es, l&rsquo;eau est toujours pr\u00e9sente, sautant sous forme de cascades et de ravins couverts d&rsquo;une v\u00e9g\u00e9tation exub\u00e9rante.<br><\/p>\n\n\n\n<p>Des personnalit\u00e9s illustres telles que Louis Ramond de Carbonni\u00e8res, Soler i Santal\u00f3, Lucien Briet, Ricardo del Arco, Lucas Mallada, Franz Schrader et bien d&rsquo;autres ont vant\u00e9 la grande diversit\u00e9 des environnements et des paysages.<br>  <\/p>\n","protected":false},"excerpt":{"rendered":"<p>Le parc national d&rsquo;Ordesa et du Mont-Perdu, est situ\u00e9 dans [&hellip;]<\/p>\n","protected":false},"author":1,"featured_media":22115,"parent":23381,"menu_order":6,"comment_status":"closed","ping_status":"closed","template":"","meta":{"_acf_changed":false,"footnotes":""},"class_list":["post-23499","page","type-page","status-publish","has-post-thumbnail","hentry"],"acf":[],"yoast_head":"<!-- This site is optimized with the Yoast SEO plugin v26.5 - https:\/\/yoast.com\/wordpress\/plugins\/seo\/ -->\n<title>Parc national d&#039;Ordesa et du Mont-Perdu - Camping Pe\u00f1a Monta\u00f1esa<\/title>\n<meta name=\"robots\" content=\"index, follow, max-snippet:-1, max-image-preview:large, max-video-preview:-1\" \/>\n<link rel=\"canonical\" href=\"https:\/\/www.penamontanesa.com\/fr\/activites\/excursions-du-camping\/parque-nacional-de-ordesa-y-monte-perdido\/\" \/>\n<meta property=\"og:locale\" content=\"fr_FR\" \/>\n<meta property=\"og:type\" content=\"article\" \/>\n<meta property=\"og:title\" content=\"Parc national d&#039;Ordesa et du Mont-Perdu - Camping Pe\u00f1a Monta\u00f1esa\" \/>\n<meta property=\"og:description\" content=\"Le parc national d&rsquo;Ordesa et du Mont-Perdu, est situ\u00e9 dans [&hellip;]\" \/>\n<meta property=\"og:url\" content=\"https:\/\/www.penamontanesa.com\/fr\/activites\/excursions-du-camping\/parque-nacional-de-ordesa-y-monte-perdido\/\" \/>\n<meta property=\"og:site_name\" content=\"Camping Pe\u00f1a Monta\u00f1esa\" \/>\n<meta property=\"article:modified_time\" content=\"2019-03-14T10:04:00+00:00\" \/>\n<meta property=\"og:image\" content=\"https:\/\/www.penamontanesa.com\/wp-content\/uploads\/cirque-de-soaso-et-massif-du-mont-perdu.jpg\" \/>\n\t<meta property=\"og:image:width\" content=\"2048\" \/>\n\t<meta property=\"og:image:height\" content=\"1536\" \/>\n\t<meta property=\"og:image:type\" content=\"image\/jpeg\" \/>\n<meta name=\"twitter:card\" content=\"summary_large_image\" \/>\n<meta name=\"twitter:label1\" content=\"Dur\u00e9e de lecture estim\u00e9e\" \/>\n\t<meta name=\"twitter:data1\" content=\"2 minutes\" \/>\n<script type=\"application\/ld+json\" class=\"yoast-schema-graph\">{\"@context\":\"https:\/\/schema.org\",\"@graph\":[{\"@type\":\"WebPage\",\"@id\":\"https:\/\/www.penamontanesa.com\/fr\/activites\/excursions-du-camping\/parque-nacional-de-ordesa-y-monte-perdido\/\",\"url\":\"https:\/\/www.penamontanesa.com\/fr\/activites\/excursions-du-camping\/parque-nacional-de-ordesa-y-monte-perdido\/\",\"name\":\"Parc national d'Ordesa et du Mont-Perdu - Camping Pe\u00f1a Monta\u00f1esa\",\"isPartOf\":{\"@id\":\"https:\/\/www.penamontanesa.com\/fr\/#website\"},\"primaryImageOfPage\":{\"@id\":\"https:\/\/www.penamontanesa.com\/fr\/activites\/excursions-du-camping\/parque-nacional-de-ordesa-y-monte-perdido\/#primaryimage\"},\"image\":{\"@id\":\"https:\/\/www.penamontanesa.com\/fr\/activites\/excursions-du-camping\/parque-nacional-de-ordesa-y-monte-perdido\/#primaryimage\"},\"thumbnailUrl\":\"https:\/\/www.penamontanesa.com\/wp-content\/uploads\/cirque-de-soaso-et-massif-du-mont-perdu.jpg\",\"datePublished\":\"2019-02-04T09:45:25+00:00\",\"dateModified\":\"2019-03-14T10:04:00+00:00\",\"breadcrumb\":{\"@id\":\"https:\/\/www.penamontanesa.com\/fr\/activites\/excursions-du-camping\/parque-nacional-de-ordesa-y-monte-perdido\/#breadcrumb\"},\"inLanguage\":\"fr-FR\",\"potentialAction\":[{\"@type\":\"ReadAction\",\"target\":[\"https:\/\/www.penamontanesa.com\/fr\/activites\/excursions-du-camping\/parque-nacional-de-ordesa-y-monte-perdido\/\"]}]},{\"@type\":\"ImageObject\",\"inLanguage\":\"fr-FR\",\"@id\":\"https:\/\/www.penamontanesa.com\/fr\/activites\/excursions-du-camping\/parque-nacional-de-ordesa-y-monte-perdido\/#primaryimage\",\"url\":\"https:\/\/www.penamontanesa.com\/wp-content\/uploads\/cirque-de-soaso-et-massif-du-mont-perdu.jpg\",\"contentUrl\":\"https:\/\/www.penamontanesa.com\/wp-content\/uploads\/cirque-de-soaso-et-massif-du-mont-perdu.jpg\",\"width\":2048,\"height\":1536},{\"@type\":\"BreadcrumbList\",\"@id\":\"https:\/\/www.penamontanesa.com\/fr\/activites\/excursions-du-camping\/parque-nacional-de-ordesa-y-monte-perdido\/#breadcrumb\",\"itemListElement\":[{\"@type\":\"ListItem\",\"position\":1,\"name\":\"Portada\",\"item\":\"https:\/\/www.penamontanesa.com\/fr\/\"},{\"@type\":\"ListItem\",\"position\":2,\"name\":\"Activit\u00e9s\",\"item\":\"https:\/\/www.penamontanesa.com\/fr\/activites\/\"},{\"@type\":\"ListItem\",\"position\":3,\"name\":\"Randonn\u00e9es\",\"item\":\"https:\/\/www.penamontanesa.com\/fr\/activites\/excursions-du-camping\/\"},{\"@type\":\"ListItem\",\"position\":4,\"name\":\"Parc national d&#8217;Ordesa et du Mont-Perdu\"}]},{\"@type\":\"WebSite\",\"@id\":\"https:\/\/www.penamontanesa.com\/fr\/#website\",\"url\":\"https:\/\/www.penamontanesa.com\/fr\/\",\"name\":\"Camping Pe\u00f1a Monta\u00f1esa\",\"description\":\"Camping y bungalows. Ainsa Pirineos. Parque Nacional de Ordesa y Monte Perdido.\",\"publisher\":{\"@id\":\"https:\/\/www.penamontanesa.com\/fr\/#organization\"},\"potentialAction\":[{\"@type\":\"SearchAction\",\"target\":{\"@type\":\"EntryPoint\",\"urlTemplate\":\"https:\/\/www.penamontanesa.com\/fr\/?s={search_term_string}\"},\"query-input\":{\"@type\":\"PropertyValueSpecification\",\"valueRequired\":true,\"valueName\":\"search_term_string\"}}],\"inLanguage\":\"fr-FR\"},{\"@type\":\"Organization\",\"@id\":\"https:\/\/www.penamontanesa.com\/fr\/#organization\",\"name\":\"Camping Pe\u00f1a Monta\u00f1esa\",\"url\":\"https:\/\/www.penamontanesa.com\/fr\/\",\"logo\":{\"@type\":\"ImageObject\",\"inLanguage\":\"fr-FR\",\"@id\":\"https:\/\/www.penamontanesa.com\/fr\/#\/schema\/logo\/image\/\",\"url\":\"https:\/\/www.penamontanesa.com\/wp-content\/uploads\/cropped-penamontanesa-logo-1-1.png\",\"contentUrl\":\"https:\/\/www.penamontanesa.com\/wp-content\/uploads\/cropped-penamontanesa-logo-1-1.png\",\"width\":420,\"height\":103,\"caption\":\"Camping Pe\u00f1a Monta\u00f1esa\"},\"image\":{\"@id\":\"https:\/\/www.penamontanesa.com\/fr\/#\/schema\/logo\/image\/\"}}]}<\/script>\n<!-- \/ Yoast SEO plugin. -->","yoast_head_json":{"title":"Parc national d'Ordesa et du Mont-Perdu - Camping Pe\u00f1a Monta\u00f1esa","robots":{"index":"index","follow":"follow","max-snippet":"max-snippet:-1","max-image-preview":"max-image-preview:large","max-video-preview":"max-video-preview:-1"},"canonical":"https:\/\/www.penamontanesa.com\/fr\/activites\/excursions-du-camping\/parque-nacional-de-ordesa-y-monte-perdido\/","og_locale":"fr_FR","og_type":"article","og_title":"Parc national d'Ordesa et du Mont-Perdu - Camping Pe\u00f1a Monta\u00f1esa","og_description":"Le parc national d&rsquo;Ordesa et du Mont-Perdu, est situ\u00e9 dans [&hellip;]","og_url":"https:\/\/www.penamontanesa.com\/fr\/activites\/excursions-du-camping\/parque-nacional-de-ordesa-y-monte-perdido\/","og_site_name":"Camping Pe\u00f1a Monta\u00f1esa","article_modified_time":"2019-03-14T10:04:00+00:00","og_image":[{"width":2048,"height":1536,"url":"https:\/\/www.penamontanesa.com\/wp-content\/uploads\/cirque-de-soaso-et-massif-du-mont-perdu.jpg","type":"image\/jpeg"}],"twitter_card":"summary_large_image","twitter_misc":{"Dur\u00e9e de lecture estim\u00e9e":"2 minutes"},"schema":{"@context":"https:\/\/schema.org","@graph":[{"@type":"WebPage","@id":"https:\/\/www.penamontanesa.com\/fr\/activites\/excursions-du-camping\/parque-nacional-de-ordesa-y-monte-perdido\/","url":"https:\/\/www.penamontanesa.com\/fr\/activites\/excursions-du-camping\/parque-nacional-de-ordesa-y-monte-perdido\/","name":"Parc national d'Ordesa et du Mont-Perdu - Camping Pe\u00f1a Monta\u00f1esa","isPartOf":{"@id":"https:\/\/www.penamontanesa.com\/fr\/#website"},"primaryImageOfPage":{"@id":"https:\/\/www.penamontanesa.com\/fr\/activites\/excursions-du-camping\/parque-nacional-de-ordesa-y-monte-perdido\/#primaryimage"},"image":{"@id":"https:\/\/www.penamontanesa.com\/fr\/activites\/excursions-du-camping\/parque-nacional-de-ordesa-y-monte-perdido\/#primaryimage"},"thumbnailUrl":"https:\/\/www.penamontanesa.com\/wp-content\/uploads\/cirque-de-soaso-et-massif-du-mont-perdu.jpg","datePublished":"2019-02-04T09:45:25+00:00","dateModified":"2019-03-14T10:04:00+00:00","breadcrumb":{"@id":"https:\/\/www.penamontanesa.com\/fr\/activites\/excursions-du-camping\/parque-nacional-de-ordesa-y-monte-perdido\/#breadcrumb"},"inLanguage":"fr-FR","potentialAction":[{"@type":"ReadAction","target":["https:\/\/www.penamontanesa.com\/fr\/activites\/excursions-du-camping\/parque-nacional-de-ordesa-y-monte-perdido\/"]}]},{"@type":"ImageObject","inLanguage":"fr-FR","@id":"https:\/\/www.penamontanesa.com\/fr\/activites\/excursions-du-camping\/parque-nacional-de-ordesa-y-monte-perdido\/#primaryimage","url":"https:\/\/www.penamontanesa.com\/wp-content\/uploads\/cirque-de-soaso-et-massif-du-mont-perdu.jpg","contentUrl":"https:\/\/www.penamontanesa.com\/wp-content\/uploads\/cirque-de-soaso-et-massif-du-mont-perdu.jpg","width":2048,"height":1536},{"@type":"BreadcrumbList","@id":"https:\/\/www.penamontanesa.com\/fr\/activites\/excursions-du-camping\/parque-nacional-de-ordesa-y-monte-perdido\/#breadcrumb","itemListElement":[{"@type":"ListItem","position":1,"name":"Portada","item":"https:\/\/www.penamontanesa.com\/fr\/"},{"@type":"ListItem","position":2,"name":"Activit\u00e9s","item":"https:\/\/www.penamontanesa.com\/fr\/activites\/"},{"@type":"ListItem","position":3,"name":"Randonn\u00e9es","item":"https:\/\/www.penamontanesa.com\/fr\/activites\/excursions-du-camping\/"},{"@type":"ListItem","position":4,"name":"Parc national d&#8217;Ordesa et du Mont-Perdu"}]},{"@type":"WebSite","@id":"https:\/\/www.penamontanesa.com\/fr\/#website","url":"https:\/\/www.penamontanesa.com\/fr\/","name":"Camping Pe\u00f1a Monta\u00f1esa","description":"Camping y bungalows. Ainsa Pirineos. Parque Nacional de Ordesa y Monte Perdido.","publisher":{"@id":"https:\/\/www.penamontanesa.com\/fr\/#organization"},"potentialAction":[{"@type":"SearchAction","target":{"@type":"EntryPoint","urlTemplate":"https:\/\/www.penamontanesa.com\/fr\/?s={search_term_string}"},"query-input":{"@type":"PropertyValueSpecification","valueRequired":true,"valueName":"search_term_string"}}],"inLanguage":"fr-FR"},{"@type":"Organization","@id":"https:\/\/www.penamontanesa.com\/fr\/#organization","name":"Camping Pe\u00f1a Monta\u00f1esa","url":"https:\/\/www.penamontanesa.com\/fr\/","logo":{"@type":"ImageObject","inLanguage":"fr-FR","@id":"https:\/\/www.penamontanesa.com\/fr\/#\/schema\/logo\/image\/","url":"https:\/\/www.penamontanesa.com\/wp-content\/uploads\/cropped-penamontanesa-logo-1-1.png","contentUrl":"https:\/\/www.penamontanesa.com\/wp-content\/uploads\/cropped-penamontanesa-logo-1-1.png","width":420,"height":103,"caption":"Camping Pe\u00f1a Monta\u00f1esa"},"image":{"@id":"https:\/\/www.penamontanesa.com\/fr\/#\/schema\/logo\/image\/"}}]}},"_links":{"self":[{"href":"https:\/\/www.penamontanesa.com\/fr\/wp-json\/wp\/v2\/pages\/23499","targetHints":{"allow":["GET"]}}],"collection":[{"href":"https:\/\/www.penamontanesa.com\/fr\/wp-json\/wp\/v2\/pages"}],"about":[{"href":"https:\/\/www.penamontanesa.com\/fr\/wp-json\/wp\/v2\/types\/page"}],"author":[{"embeddable":true,"href":"https:\/\/www.penamontanesa.com\/fr\/wp-json\/wp\/v2\/users\/1"}],"replies":[{"embeddable":true,"href":"https:\/\/www.penamontanesa.com\/fr\/wp-json\/wp\/v2\/comments?post=23499"}],"version-history":[{"count":1,"href":"https:\/\/www.penamontanesa.com\/fr\/wp-json\/wp\/v2\/pages\/23499\/revisions"}],"predecessor-version":[{"id":23500,"href":"https:\/\/www.penamontanesa.com\/fr\/wp-json\/wp\/v2\/pages\/23499\/revisions\/23500"}],"up":[{"embeddable":true,"href":"https:\/\/www.penamontanesa.com\/fr\/wp-json\/wp\/v2\/pages\/23381"}],"wp:featuredmedia":[{"embeddable":true,"href":"https:\/\/www.penamontanesa.com\/fr\/wp-json\/wp\/v2\/media\/22115"}],"wp:attachment":[{"href":"https:\/\/www.penamontanesa.com\/fr\/wp-json\/wp\/v2\/media?parent=23499"}],"curies":[{"name":"wp","href":"https:\/\/api.w.org\/{rel}","templated":true}]}}