{"id":23532,"date":"2019-01-31T16:57:51","date_gmt":"2019-01-31T15:57:51","guid":{"rendered":"https:\/\/www.penamontanesa.com\/activites\/excursions-du-camping\/excursion-a-san-vicente-de-labuerda\/"},"modified":"2019-03-14T11:47:43","modified_gmt":"2019-03-14T10:47:43","slug":"excursion-a-san-vicente-de-labuerda","status":"publish","type":"page","link":"https:\/\/www.penamontanesa.com\/fr\/activites\/excursions-du-camping\/excursion-a-san-vicente-de-labuerda\/","title":{"rendered":"Randonee a San Vicente de Labuerda"},"content":{"rendered":"\n<p>Notre itin\u00e9raire commence du camping. Avant d&rsquo;arriver au village, se trouve l&rsquo;\u00e9glise romane de San Vicente de Labuerda. <br><\/p>\n\n\n\n<p>En outre, cette \u00e9glise est proche o\u00f9 les reliques de saint Visorio ont \u00e9t\u00e9 trouv\u00e9s. <br><\/p>\n\n\n\n<p style=\"background-color:#d3e5cf\" class=\"has-background\"><strong>Itin\u00e9raire: <\/strong>Quitter le camping, vers l&rsquo;H\u00f4tel, prendre le chemin qui passe par les bois, en direction de San Vicente. <br>Environ 2 h. <br><\/p>\n","protected":false},"excerpt":{"rendered":"<p>Notre itin\u00e9raire commence du camping. Avant d&rsquo;arriver au village, se [&hellip;]<\/p>\n","protected":false},"author":1,"featured_media":23542,"parent":23381,"menu_order":9,"comment_status":"closed","ping_status":"closed","template":"","meta":{"_acf_changed":false,"footnotes":""},"class_list":["post-23532","page","type-page","status-publish","has-post-thumbnail","hentry"],"acf":[],"yoast_head":"<!-- This site is optimized with the Yoast SEO plugin v26.5 - https:\/\/yoast.com\/wordpress\/plugins\/seo\/ -->\n<title>Randonee a San Vicente de Labuerda - Camping Pe\u00f1a Monta\u00f1esa<\/title>\n<meta name=\"robots\" content=\"index, follow, max-snippet:-1, max-image-preview:large, max-video-preview:-1\" \/>\n<link rel=\"canonical\" href=\"https:\/\/www.penamontanesa.com\/fr\/activites\/excursions-du-camping\/excursion-a-san-vicente-de-labuerda\/\" \/>\n<meta property=\"og:locale\" content=\"fr_FR\" \/>\n<meta property=\"og:type\" content=\"article\" \/>\n<meta property=\"og:title\" content=\"Randonee a San Vicente de Labuerda - Camping Pe\u00f1a Monta\u00f1esa\" \/>\n<meta property=\"og:description\" content=\"Notre itin\u00e9raire commence du camping. Avant d&rsquo;arriver au village, se [&hellip;]\" \/>\n<meta property=\"og:url\" content=\"https:\/\/www.penamontanesa.com\/fr\/activites\/excursions-du-camping\/excursion-a-san-vicente-de-labuerda\/\" \/>\n<meta property=\"og:site_name\" content=\"Camping Pe\u00f1a Monta\u00f1esa\" \/>\n<meta property=\"article:modified_time\" content=\"2019-03-14T10:47:43+00:00\" \/>\n<meta property=\"og:image\" content=\"https:\/\/www.penamontanesa.com\/wp-content\/uploads\/iglesia-de-san-vicente-de-labuerda.jpg\" \/>\n\t<meta property=\"og:image:width\" content=\"2048\" \/>\n\t<meta property=\"og:image:height\" content=\"1536\" \/>\n\t<meta property=\"og:image:type\" content=\"image\/jpeg\" \/>\n<meta name=\"twitter:card\" content=\"summary_large_image\" \/>\n<script type=\"application\/ld+json\" class=\"yoast-schema-graph\">{\"@context\":\"https:\/\/schema.org\",\"@graph\":[{\"@type\":\"WebPage\",\"@id\":\"https:\/\/www.penamontanesa.com\/fr\/activites\/excursions-du-camping\/excursion-a-san-vicente-de-labuerda\/\",\"url\":\"https:\/\/www.penamontanesa.com\/fr\/activites\/excursions-du-camping\/excursion-a-san-vicente-de-labuerda\/\",\"name\":\"Randonee a San Vicente de Labuerda - Camping Pe\u00f1a Monta\u00f1esa\",\"isPartOf\":{\"@id\":\"https:\/\/www.penamontanesa.com\/fr\/#website\"},\"primaryImageOfPage\":{\"@id\":\"https:\/\/www.penamontanesa.com\/fr\/activites\/excursions-du-camping\/excursion-a-san-vicente-de-labuerda\/#primaryimage\"},\"image\":{\"@id\":\"https:\/\/www.penamontanesa.com\/fr\/activites\/excursions-du-camping\/excursion-a-san-vicente-de-labuerda\/#primaryimage\"},\"thumbnailUrl\":\"https:\/\/www.penamontanesa.com\/wp-content\/uploads\/iglesia-de-san-vicente-de-labuerda.jpg\",\"datePublished\":\"2019-01-31T15:57:51+00:00\",\"dateModified\":\"2019-03-14T10:47:43+00:00\",\"breadcrumb\":{\"@id\":\"https:\/\/www.penamontanesa.com\/fr\/activites\/excursions-du-camping\/excursion-a-san-vicente-de-labuerda\/#breadcrumb\"},\"inLanguage\":\"fr-FR\",\"potentialAction\":[{\"@type\":\"ReadAction\",\"target\":[\"https:\/\/www.penamontanesa.com\/fr\/activites\/excursions-du-camping\/excursion-a-san-vicente-de-labuerda\/\"]}]},{\"@type\":\"ImageObject\",\"inLanguage\":\"fr-FR\",\"@id\":\"https:\/\/www.penamontanesa.com\/fr\/activites\/excursions-du-camping\/excursion-a-san-vicente-de-labuerda\/#primaryimage\",\"url\":\"https:\/\/www.penamontanesa.com\/wp-content\/uploads\/iglesia-de-san-vicente-de-labuerda.jpg\",\"contentUrl\":\"https:\/\/www.penamontanesa.com\/wp-content\/uploads\/iglesia-de-san-vicente-de-labuerda.jpg\",\"width\":2048,\"height\":1536,\"caption\":\"Digital StillCamera\"},{\"@type\":\"BreadcrumbList\",\"@id\":\"https:\/\/www.penamontanesa.com\/fr\/activites\/excursions-du-camping\/excursion-a-san-vicente-de-labuerda\/#breadcrumb\",\"itemListElement\":[{\"@type\":\"ListItem\",\"position\":1,\"name\":\"Portada\",\"item\":\"https:\/\/www.penamontanesa.com\/fr\/\"},{\"@type\":\"ListItem\",\"position\":2,\"name\":\"Activit\u00e9s\",\"item\":\"https:\/\/www.penamontanesa.com\/fr\/activites\/\"},{\"@type\":\"ListItem\",\"position\":3,\"name\":\"Randonn\u00e9es\",\"item\":\"https:\/\/www.penamontanesa.com\/fr\/activites\/excursions-du-camping\/\"},{\"@type\":\"ListItem\",\"position\":4,\"name\":\"Randonee a San Vicente de Labuerda\"}]},{\"@type\":\"WebSite\",\"@id\":\"https:\/\/www.penamontanesa.com\/fr\/#website\",\"url\":\"https:\/\/www.penamontanesa.com\/fr\/\",\"name\":\"Camping Pe\u00f1a Monta\u00f1esa\",\"description\":\"Camping y bungalows. Ainsa Pirineos. Parque Nacional de Ordesa y Monte Perdido.\",\"publisher\":{\"@id\":\"https:\/\/www.penamontanesa.com\/fr\/#organization\"},\"potentialAction\":[{\"@type\":\"SearchAction\",\"target\":{\"@type\":\"EntryPoint\",\"urlTemplate\":\"https:\/\/www.penamontanesa.com\/fr\/?s={search_term_string}\"},\"query-input\":{\"@type\":\"PropertyValueSpecification\",\"valueRequired\":true,\"valueName\":\"search_term_string\"}}],\"inLanguage\":\"fr-FR\"},{\"@type\":\"Organization\",\"@id\":\"https:\/\/www.penamontanesa.com\/fr\/#organization\",\"name\":\"Camping Pe\u00f1a Monta\u00f1esa\",\"url\":\"https:\/\/www.penamontanesa.com\/fr\/\",\"logo\":{\"@type\":\"ImageObject\",\"inLanguage\":\"fr-FR\",\"@id\":\"https:\/\/www.penamontanesa.com\/fr\/#\/schema\/logo\/image\/\",\"url\":\"https:\/\/www.penamontanesa.com\/wp-content\/uploads\/cropped-penamontanesa-logo-1-1.png\",\"contentUrl\":\"https:\/\/www.penamontanesa.com\/wp-content\/uploads\/cropped-penamontanesa-logo-1-1.png\",\"width\":420,\"height\":103,\"caption\":\"Camping Pe\u00f1a Monta\u00f1esa\"},\"image\":{\"@id\":\"https:\/\/www.penamontanesa.com\/fr\/#\/schema\/logo\/image\/\"}}]}<\/script>\n<!-- \/ Yoast SEO plugin. -->","yoast_head_json":{"title":"Randonee a San Vicente de Labuerda - Camping Pe\u00f1a Monta\u00f1esa","robots":{"index":"index","follow":"follow","max-snippet":"max-snippet:-1","max-image-preview":"max-image-preview:large","max-video-preview":"max-video-preview:-1"},"canonical":"https:\/\/www.penamontanesa.com\/fr\/activites\/excursions-du-camping\/excursion-a-san-vicente-de-labuerda\/","og_locale":"fr_FR","og_type":"article","og_title":"Randonee a San Vicente de Labuerda - Camping Pe\u00f1a Monta\u00f1esa","og_description":"Notre itin\u00e9raire commence du camping. Avant d&rsquo;arriver au village, se [&hellip;]","og_url":"https:\/\/www.penamontanesa.com\/fr\/activites\/excursions-du-camping\/excursion-a-san-vicente-de-labuerda\/","og_site_name":"Camping Pe\u00f1a Monta\u00f1esa","article_modified_time":"2019-03-14T10:47:43+00:00","og_image":[{"width":2048,"height":1536,"url":"https:\/\/www.penamontanesa.com\/wp-content\/uploads\/iglesia-de-san-vicente-de-labuerda.jpg","type":"image\/jpeg"}],"twitter_card":"summary_large_image","schema":{"@context":"https:\/\/schema.org","@graph":[{"@type":"WebPage","@id":"https:\/\/www.penamontanesa.com\/fr\/activites\/excursions-du-camping\/excursion-a-san-vicente-de-labuerda\/","url":"https:\/\/www.penamontanesa.com\/fr\/activites\/excursions-du-camping\/excursion-a-san-vicente-de-labuerda\/","name":"Randonee a San Vicente de Labuerda - Camping Pe\u00f1a Monta\u00f1esa","isPartOf":{"@id":"https:\/\/www.penamontanesa.com\/fr\/#website"},"primaryImageOfPage":{"@id":"https:\/\/www.penamontanesa.com\/fr\/activites\/excursions-du-camping\/excursion-a-san-vicente-de-labuerda\/#primaryimage"},"image":{"@id":"https:\/\/www.penamontanesa.com\/fr\/activites\/excursions-du-camping\/excursion-a-san-vicente-de-labuerda\/#primaryimage"},"thumbnailUrl":"https:\/\/www.penamontanesa.com\/wp-content\/uploads\/iglesia-de-san-vicente-de-labuerda.jpg","datePublished":"2019-01-31T15:57:51+00:00","dateModified":"2019-03-14T10:47:43+00:00","breadcrumb":{"@id":"https:\/\/www.penamontanesa.com\/fr\/activites\/excursions-du-camping\/excursion-a-san-vicente-de-labuerda\/#breadcrumb"},"inLanguage":"fr-FR","potentialAction":[{"@type":"ReadAction","target":["https:\/\/www.penamontanesa.com\/fr\/activites\/excursions-du-camping\/excursion-a-san-vicente-de-labuerda\/"]}]},{"@type":"ImageObject","inLanguage":"fr-FR","@id":"https:\/\/www.penamontanesa.com\/fr\/activites\/excursions-du-camping\/excursion-a-san-vicente-de-labuerda\/#primaryimage","url":"https:\/\/www.penamontanesa.com\/wp-content\/uploads\/iglesia-de-san-vicente-de-labuerda.jpg","contentUrl":"https:\/\/www.penamontanesa.com\/wp-content\/uploads\/iglesia-de-san-vicente-de-labuerda.jpg","width":2048,"height":1536,"caption":"Digital StillCamera"},{"@type":"BreadcrumbList","@id":"https:\/\/www.penamontanesa.com\/fr\/activites\/excursions-du-camping\/excursion-a-san-vicente-de-labuerda\/#breadcrumb","itemListElement":[{"@type":"ListItem","position":1,"name":"Portada","item":"https:\/\/www.penamontanesa.com\/fr\/"},{"@type":"ListItem","position":2,"name":"Activit\u00e9s","item":"https:\/\/www.penamontanesa.com\/fr\/activites\/"},{"@type":"ListItem","position":3,"name":"Randonn\u00e9es","item":"https:\/\/www.penamontanesa.com\/fr\/activites\/excursions-du-camping\/"},{"@type":"ListItem","position":4,"name":"Randonee a San Vicente de Labuerda"}]},{"@type":"WebSite","@id":"https:\/\/www.penamontanesa.com\/fr\/#website","url":"https:\/\/www.penamontanesa.com\/fr\/","name":"Camping Pe\u00f1a Monta\u00f1esa","description":"Camping y bungalows. Ainsa Pirineos. Parque Nacional de Ordesa y Monte Perdido.","publisher":{"@id":"https:\/\/www.penamontanesa.com\/fr\/#organization"},"potentialAction":[{"@type":"SearchAction","target":{"@type":"EntryPoint","urlTemplate":"https:\/\/www.penamontanesa.com\/fr\/?s={search_term_string}"},"query-input":{"@type":"PropertyValueSpecification","valueRequired":true,"valueName":"search_term_string"}}],"inLanguage":"fr-FR"},{"@type":"Organization","@id":"https:\/\/www.penamontanesa.com\/fr\/#organization","name":"Camping Pe\u00f1a Monta\u00f1esa","url":"https:\/\/www.penamontanesa.com\/fr\/","logo":{"@type":"ImageObject","inLanguage":"fr-FR","@id":"https:\/\/www.penamontanesa.com\/fr\/#\/schema\/logo\/image\/","url":"https:\/\/www.penamontanesa.com\/wp-content\/uploads\/cropped-penamontanesa-logo-1-1.png","contentUrl":"https:\/\/www.penamontanesa.com\/wp-content\/uploads\/cropped-penamontanesa-logo-1-1.png","width":420,"height":103,"caption":"Camping Pe\u00f1a Monta\u00f1esa"},"image":{"@id":"https:\/\/www.penamontanesa.com\/fr\/#\/schema\/logo\/image\/"}}]}},"_links":{"self":[{"href":"https:\/\/www.penamontanesa.com\/fr\/wp-json\/wp\/v2\/pages\/23532","targetHints":{"allow":["GET"]}}],"collection":[{"href":"https:\/\/www.penamontanesa.com\/fr\/wp-json\/wp\/v2\/pages"}],"about":[{"href":"https:\/\/www.penamontanesa.com\/fr\/wp-json\/wp\/v2\/types\/page"}],"author":[{"embeddable":true,"href":"https:\/\/www.penamontanesa.com\/fr\/wp-json\/wp\/v2\/users\/1"}],"replies":[{"embeddable":true,"href":"https:\/\/www.penamontanesa.com\/fr\/wp-json\/wp\/v2\/comments?post=23532"}],"version-history":[{"count":1,"href":"https:\/\/www.penamontanesa.com\/fr\/wp-json\/wp\/v2\/pages\/23532\/revisions"}],"predecessor-version":[{"id":23535,"href":"https:\/\/www.penamontanesa.com\/fr\/wp-json\/wp\/v2\/pages\/23532\/revisions\/23535"}],"up":[{"embeddable":true,"href":"https:\/\/www.penamontanesa.com\/fr\/wp-json\/wp\/v2\/pages\/23381"}],"wp:featuredmedia":[{"embeddable":true,"href":"https:\/\/www.penamontanesa.com\/fr\/wp-json\/wp\/v2\/media\/23542"}],"wp:attachment":[{"href":"https:\/\/www.penamontanesa.com\/fr\/wp-json\/wp\/v2\/media?parent=23532"}],"curies":[{"name":"wp","href":"https:\/\/api.w.org\/{rel}","templated":true}]}}