{"id":23544,"date":"2019-02-04T09:37:19","date_gmt":"2019-02-04T08:37:19","guid":{"rendered":"https:\/\/www.penamontanesa.com\/activites\/excursions-du-camping\/castillo-de-samitier\/"},"modified":"2019-03-14T11:52:52","modified_gmt":"2019-03-14T10:52:52","slug":"castillo-de-samitier","status":"publish","type":"page","link":"https:\/\/www.penamontanesa.com\/fr\/activites\/excursions-du-camping\/castillo-de-samitier\/","title":{"rendered":"Chateau de Samitier"},"content":{"rendered":"\n<p>Promenade amusante et facile, principalement par voie ferr\u00e9e, jusqu\u2019au complexe religieux militaire du XIe si\u00e8cle form\u00e9 d\u2019une tour de d\u00e9fense baptis\u00e9e Castillo de Samitier et d\u2019une chapelle romane d\u00e9di\u00e9e aux saints Emeterio et Celedonio.<br><\/p>\n\n\n\n<p>Ces fortifications sont situ\u00e9es au sommet d&rsquo;un promontoire offrant une vue magnifique sur l&rsquo;Embalse de Mediano et la Pe\u00f1a Monta\u00f1esa au premier plan, avec les Pyr\u00e9n\u00e9es \u00e0 l&rsquo;arri\u00e8re-plan, o\u00f9 se d\u00e9tachent entre autres les massifs de Monte Perdido et de Cotiella.<br><\/p>\n\n\n\n<p>\u00c0 nos pieds coule la rivi\u00e8re Cinca qui, dans une gorge \u00e9troite et verticale connue sous le nom de D\u00e9troit d&rsquo;Entremon, relie les r\u00e9servoirs de Mediano et d&rsquo;El Grado. Au milieu de la route d&rsquo;ascension se trouve l&rsquo;ermitage gothique de N\u00aa S\u00aa de Waldesca, qui date du S.XVI. Tous les b\u00e2timents sont ouverts au public.<\/p>\n","protected":false},"excerpt":{"rendered":"<p>Promenade amusante et facile, principalement par voie ferr\u00e9e, jusqu\u2019au complexe [&hellip;]<\/p>\n","protected":false},"author":1,"featured_media":23553,"parent":23381,"menu_order":10,"comment_status":"closed","ping_status":"closed","template":"","meta":{"_acf_changed":false,"footnotes":""},"class_list":["post-23544","page","type-page","status-publish","has-post-thumbnail","hentry"],"acf":[],"yoast_head":"<!-- This site is optimized with the Yoast SEO plugin v26.5 - https:\/\/yoast.com\/wordpress\/plugins\/seo\/ -->\n<title>Chateau de Samitier - Camping Pe\u00f1a Monta\u00f1esa<\/title>\n<meta name=\"robots\" content=\"index, follow, max-snippet:-1, max-image-preview:large, max-video-preview:-1\" \/>\n<link rel=\"canonical\" href=\"https:\/\/www.penamontanesa.com\/fr\/activites\/excursions-du-camping\/castillo-de-samitier\/\" \/>\n<meta property=\"og:locale\" content=\"fr_FR\" \/>\n<meta property=\"og:type\" content=\"article\" \/>\n<meta property=\"og:title\" content=\"Chateau de Samitier - Camping Pe\u00f1a Monta\u00f1esa\" \/>\n<meta property=\"og:description\" content=\"Promenade amusante et facile, principalement par voie ferr\u00e9e, jusqu\u2019au complexe [&hellip;]\" \/>\n<meta property=\"og:url\" content=\"https:\/\/www.penamontanesa.com\/fr\/activites\/excursions-du-camping\/castillo-de-samitier\/\" \/>\n<meta property=\"og:site_name\" content=\"Camping Pe\u00f1a Monta\u00f1esa\" \/>\n<meta property=\"article:modified_time\" content=\"2019-03-14T10:52:52+00:00\" \/>\n<meta property=\"og:image\" content=\"https:\/\/www.penamontanesa.com\/wp-content\/uploads\/samitier.jpg\" \/>\n\t<meta property=\"og:image:width\" content=\"1920\" \/>\n\t<meta property=\"og:image:height\" content=\"1080\" \/>\n\t<meta property=\"og:image:type\" content=\"image\/jpeg\" \/>\n<meta name=\"twitter:card\" content=\"summary_large_image\" \/>\n<meta name=\"twitter:label1\" content=\"Dur\u00e9e de lecture estim\u00e9e\" \/>\n\t<meta name=\"twitter:data1\" content=\"1 minute\" \/>\n<script type=\"application\/ld+json\" class=\"yoast-schema-graph\">{\"@context\":\"https:\/\/schema.org\",\"@graph\":[{\"@type\":\"WebPage\",\"@id\":\"https:\/\/www.penamontanesa.com\/fr\/activites\/excursions-du-camping\/castillo-de-samitier\/\",\"url\":\"https:\/\/www.penamontanesa.com\/fr\/activites\/excursions-du-camping\/castillo-de-samitier\/\",\"name\":\"Chateau de Samitier - Camping Pe\u00f1a Monta\u00f1esa\",\"isPartOf\":{\"@id\":\"https:\/\/www.penamontanesa.com\/fr\/#website\"},\"primaryImageOfPage\":{\"@id\":\"https:\/\/www.penamontanesa.com\/fr\/activites\/excursions-du-camping\/castillo-de-samitier\/#primaryimage\"},\"image\":{\"@id\":\"https:\/\/www.penamontanesa.com\/fr\/activites\/excursions-du-camping\/castillo-de-samitier\/#primaryimage\"},\"thumbnailUrl\":\"https:\/\/www.penamontanesa.com\/wp-content\/uploads\/samitier.jpg\",\"datePublished\":\"2019-02-04T08:37:19+00:00\",\"dateModified\":\"2019-03-14T10:52:52+00:00\",\"breadcrumb\":{\"@id\":\"https:\/\/www.penamontanesa.com\/fr\/activites\/excursions-du-camping\/castillo-de-samitier\/#breadcrumb\"},\"inLanguage\":\"fr-FR\",\"potentialAction\":[{\"@type\":\"ReadAction\",\"target\":[\"https:\/\/www.penamontanesa.com\/fr\/activites\/excursions-du-camping\/castillo-de-samitier\/\"]}]},{\"@type\":\"ImageObject\",\"inLanguage\":\"fr-FR\",\"@id\":\"https:\/\/www.penamontanesa.com\/fr\/activites\/excursions-du-camping\/castillo-de-samitier\/#primaryimage\",\"url\":\"https:\/\/www.penamontanesa.com\/wp-content\/uploads\/samitier.jpg\",\"contentUrl\":\"https:\/\/www.penamontanesa.com\/wp-content\/uploads\/samitier.jpg\",\"width\":1920,\"height\":1080},{\"@type\":\"BreadcrumbList\",\"@id\":\"https:\/\/www.penamontanesa.com\/fr\/activites\/excursions-du-camping\/castillo-de-samitier\/#breadcrumb\",\"itemListElement\":[{\"@type\":\"ListItem\",\"position\":1,\"name\":\"Portada\",\"item\":\"https:\/\/www.penamontanesa.com\/fr\/\"},{\"@type\":\"ListItem\",\"position\":2,\"name\":\"Activit\u00e9s\",\"item\":\"https:\/\/www.penamontanesa.com\/fr\/activites\/\"},{\"@type\":\"ListItem\",\"position\":3,\"name\":\"Randonn\u00e9es\",\"item\":\"https:\/\/www.penamontanesa.com\/fr\/activites\/excursions-du-camping\/\"},{\"@type\":\"ListItem\",\"position\":4,\"name\":\"Chateau de Samitier\"}]},{\"@type\":\"WebSite\",\"@id\":\"https:\/\/www.penamontanesa.com\/fr\/#website\",\"url\":\"https:\/\/www.penamontanesa.com\/fr\/\",\"name\":\"Camping Pe\u00f1a Monta\u00f1esa\",\"description\":\"Camping y bungalows. Ainsa Pirineos. Parque Nacional de Ordesa y Monte Perdido.\",\"publisher\":{\"@id\":\"https:\/\/www.penamontanesa.com\/fr\/#organization\"},\"potentialAction\":[{\"@type\":\"SearchAction\",\"target\":{\"@type\":\"EntryPoint\",\"urlTemplate\":\"https:\/\/www.penamontanesa.com\/fr\/?s={search_term_string}\"},\"query-input\":{\"@type\":\"PropertyValueSpecification\",\"valueRequired\":true,\"valueName\":\"search_term_string\"}}],\"inLanguage\":\"fr-FR\"},{\"@type\":\"Organization\",\"@id\":\"https:\/\/www.penamontanesa.com\/fr\/#organization\",\"name\":\"Camping Pe\u00f1a Monta\u00f1esa\",\"url\":\"https:\/\/www.penamontanesa.com\/fr\/\",\"logo\":{\"@type\":\"ImageObject\",\"inLanguage\":\"fr-FR\",\"@id\":\"https:\/\/www.penamontanesa.com\/fr\/#\/schema\/logo\/image\/\",\"url\":\"https:\/\/www.penamontanesa.com\/wp-content\/uploads\/cropped-penamontanesa-logo-1-1.png\",\"contentUrl\":\"https:\/\/www.penamontanesa.com\/wp-content\/uploads\/cropped-penamontanesa-logo-1-1.png\",\"width\":420,\"height\":103,\"caption\":\"Camping Pe\u00f1a Monta\u00f1esa\"},\"image\":{\"@id\":\"https:\/\/www.penamontanesa.com\/fr\/#\/schema\/logo\/image\/\"}}]}<\/script>\n<!-- \/ Yoast SEO plugin. -->","yoast_head_json":{"title":"Chateau de Samitier - Camping Pe\u00f1a Monta\u00f1esa","robots":{"index":"index","follow":"follow","max-snippet":"max-snippet:-1","max-image-preview":"max-image-preview:large","max-video-preview":"max-video-preview:-1"},"canonical":"https:\/\/www.penamontanesa.com\/fr\/activites\/excursions-du-camping\/castillo-de-samitier\/","og_locale":"fr_FR","og_type":"article","og_title":"Chateau de Samitier - Camping Pe\u00f1a Monta\u00f1esa","og_description":"Promenade amusante et facile, principalement par voie ferr\u00e9e, jusqu\u2019au complexe [&hellip;]","og_url":"https:\/\/www.penamontanesa.com\/fr\/activites\/excursions-du-camping\/castillo-de-samitier\/","og_site_name":"Camping Pe\u00f1a Monta\u00f1esa","article_modified_time":"2019-03-14T10:52:52+00:00","og_image":[{"width":1920,"height":1080,"url":"https:\/\/www.penamontanesa.com\/wp-content\/uploads\/samitier.jpg","type":"image\/jpeg"}],"twitter_card":"summary_large_image","twitter_misc":{"Dur\u00e9e de lecture estim\u00e9e":"1 minute"},"schema":{"@context":"https:\/\/schema.org","@graph":[{"@type":"WebPage","@id":"https:\/\/www.penamontanesa.com\/fr\/activites\/excursions-du-camping\/castillo-de-samitier\/","url":"https:\/\/www.penamontanesa.com\/fr\/activites\/excursions-du-camping\/castillo-de-samitier\/","name":"Chateau de Samitier - Camping Pe\u00f1a Monta\u00f1esa","isPartOf":{"@id":"https:\/\/www.penamontanesa.com\/fr\/#website"},"primaryImageOfPage":{"@id":"https:\/\/www.penamontanesa.com\/fr\/activites\/excursions-du-camping\/castillo-de-samitier\/#primaryimage"},"image":{"@id":"https:\/\/www.penamontanesa.com\/fr\/activites\/excursions-du-camping\/castillo-de-samitier\/#primaryimage"},"thumbnailUrl":"https:\/\/www.penamontanesa.com\/wp-content\/uploads\/samitier.jpg","datePublished":"2019-02-04T08:37:19+00:00","dateModified":"2019-03-14T10:52:52+00:00","breadcrumb":{"@id":"https:\/\/www.penamontanesa.com\/fr\/activites\/excursions-du-camping\/castillo-de-samitier\/#breadcrumb"},"inLanguage":"fr-FR","potentialAction":[{"@type":"ReadAction","target":["https:\/\/www.penamontanesa.com\/fr\/activites\/excursions-du-camping\/castillo-de-samitier\/"]}]},{"@type":"ImageObject","inLanguage":"fr-FR","@id":"https:\/\/www.penamontanesa.com\/fr\/activites\/excursions-du-camping\/castillo-de-samitier\/#primaryimage","url":"https:\/\/www.penamontanesa.com\/wp-content\/uploads\/samitier.jpg","contentUrl":"https:\/\/www.penamontanesa.com\/wp-content\/uploads\/samitier.jpg","width":1920,"height":1080},{"@type":"BreadcrumbList","@id":"https:\/\/www.penamontanesa.com\/fr\/activites\/excursions-du-camping\/castillo-de-samitier\/#breadcrumb","itemListElement":[{"@type":"ListItem","position":1,"name":"Portada","item":"https:\/\/www.penamontanesa.com\/fr\/"},{"@type":"ListItem","position":2,"name":"Activit\u00e9s","item":"https:\/\/www.penamontanesa.com\/fr\/activites\/"},{"@type":"ListItem","position":3,"name":"Randonn\u00e9es","item":"https:\/\/www.penamontanesa.com\/fr\/activites\/excursions-du-camping\/"},{"@type":"ListItem","position":4,"name":"Chateau de Samitier"}]},{"@type":"WebSite","@id":"https:\/\/www.penamontanesa.com\/fr\/#website","url":"https:\/\/www.penamontanesa.com\/fr\/","name":"Camping Pe\u00f1a Monta\u00f1esa","description":"Camping y bungalows. Ainsa Pirineos. Parque Nacional de Ordesa y Monte Perdido.","publisher":{"@id":"https:\/\/www.penamontanesa.com\/fr\/#organization"},"potentialAction":[{"@type":"SearchAction","target":{"@type":"EntryPoint","urlTemplate":"https:\/\/www.penamontanesa.com\/fr\/?s={search_term_string}"},"query-input":{"@type":"PropertyValueSpecification","valueRequired":true,"valueName":"search_term_string"}}],"inLanguage":"fr-FR"},{"@type":"Organization","@id":"https:\/\/www.penamontanesa.com\/fr\/#organization","name":"Camping Pe\u00f1a Monta\u00f1esa","url":"https:\/\/www.penamontanesa.com\/fr\/","logo":{"@type":"ImageObject","inLanguage":"fr-FR","@id":"https:\/\/www.penamontanesa.com\/fr\/#\/schema\/logo\/image\/","url":"https:\/\/www.penamontanesa.com\/wp-content\/uploads\/cropped-penamontanesa-logo-1-1.png","contentUrl":"https:\/\/www.penamontanesa.com\/wp-content\/uploads\/cropped-penamontanesa-logo-1-1.png","width":420,"height":103,"caption":"Camping Pe\u00f1a Monta\u00f1esa"},"image":{"@id":"https:\/\/www.penamontanesa.com\/fr\/#\/schema\/logo\/image\/"}}]}},"_links":{"self":[{"href":"https:\/\/www.penamontanesa.com\/fr\/wp-json\/wp\/v2\/pages\/23544","targetHints":{"allow":["GET"]}}],"collection":[{"href":"https:\/\/www.penamontanesa.com\/fr\/wp-json\/wp\/v2\/pages"}],"about":[{"href":"https:\/\/www.penamontanesa.com\/fr\/wp-json\/wp\/v2\/types\/page"}],"author":[{"embeddable":true,"href":"https:\/\/www.penamontanesa.com\/fr\/wp-json\/wp\/v2\/users\/1"}],"replies":[{"embeddable":true,"href":"https:\/\/www.penamontanesa.com\/fr\/wp-json\/wp\/v2\/comments?post=23544"}],"version-history":[{"count":1,"href":"https:\/\/www.penamontanesa.com\/fr\/wp-json\/wp\/v2\/pages\/23544\/revisions"}],"predecessor-version":[{"id":23546,"href":"https:\/\/www.penamontanesa.com\/fr\/wp-json\/wp\/v2\/pages\/23544\/revisions\/23546"}],"up":[{"embeddable":true,"href":"https:\/\/www.penamontanesa.com\/fr\/wp-json\/wp\/v2\/pages\/23381"}],"wp:featuredmedia":[{"embeddable":true,"href":"https:\/\/www.penamontanesa.com\/fr\/wp-json\/wp\/v2\/media\/23553"}],"wp:attachment":[{"href":"https:\/\/www.penamontanesa.com\/fr\/wp-json\/wp\/v2\/media?parent=23544"}],"curies":[{"name":"wp","href":"https:\/\/api.w.org\/{rel}","templated":true}]}}