{"id":23556,"date":"2019-02-04T09:51:41","date_gmt":"2019-02-04T08:51:41","guid":{"rendered":"https:\/\/www.penamontanesa.com\/activites\/excursions-du-camping\/la-torre-de-abizanda-y-los-titiriteros\/"},"modified":"2019-03-14T11:59:36","modified_gmt":"2019-03-14T10:59:36","slug":"la-tour-dabizanda-et-les-marionnettistes","status":"publish","type":"page","link":"https:\/\/www.penamontanesa.com\/fr\/activites\/excursions-du-camping\/la-tour-dabizanda-et-les-marionnettistes\/","title":{"rendered":"La tour d&rsquo;Abizanda et les marionnettistes"},"content":{"rendered":"\n<p>L&rsquo;endroit \u00e9tait une enclave de la forteresse musulmane appel\u00e9e Abinyuyas, d&rsquo;o\u00f9 son nom actuel. Il a \u00e9t\u00e9 pris par Sancho III el Mayor.<br>\nParfaitement visible depuis la route C-138 de Barbastro \u00e0 L&rsquo;Ainsa. Domine la colline sur laquelle repose la ville.<\/p>\n\n\n\n<p>La vue sur la r\u00e9gion et les Pyr\u00e9n\u00e9es depuis son \u00e9chafaud est spectaculaire. La tour \u00e9lanc\u00e9e d&rsquo;Abizanda est l&rsquo;\u0153uvre incontest\u00e9e de ma\u00eetres lombards r\u00e9alis\u00e9e vers 1023 pour poser l&rsquo;attaque du bassin d&rsquo;Isabena. La construction de l&rsquo;enceinte et de la chapelle du ch\u00e2teau a \u00e9t\u00e9 confi\u00e9e \u00e0 des enseignants locaux.<\/p>\n\n\n\n<h2 class=\"wp-block-heading\">Les marionnettistes:<br><\/h2>\n\n\n\n<p style=\"text-align:left\">La maison pyr\u00e9n\u00e9enne des marionnettes et du th\u00e9\u00e2tre populaire est l\u2019espace stable des marionnettistes de Bin\u00e9far, o\u00f9 ils repr\u00e9sentent continuellement leurs cr\u00e9ations et offrent au visiteur une occasion de loisirs en rapport avec la culture th\u00e9\u00e2trale, musicale et festive de l\u2019environnement pyr\u00e9n\u00e9en.<br><\/p>\n\n\n\n<div class=\"wp-block-button btn\"><a class=\"wp-block-button__link\" href=\"http:\/\/www.lacasadelostiteres.com\/programacion.html\">La casa de los titeres<\/a><\/div>\n","protected":false},"excerpt":{"rendered":"<p>L&rsquo;endroit \u00e9tait une enclave de la forteresse musulmane appel\u00e9e Abinyuyas, [&hellip;]<\/p>\n","protected":false},"author":1,"featured_media":23562,"parent":23381,"menu_order":11,"comment_status":"closed","ping_status":"closed","template":"","meta":{"_acf_changed":false,"footnotes":""},"class_list":["post-23556","page","type-page","status-publish","has-post-thumbnail","hentry"],"acf":[],"yoast_head":"<!-- This site is optimized with the Yoast SEO plugin v26.5 - https:\/\/yoast.com\/wordpress\/plugins\/seo\/ -->\n<title>La tour d&#039;Abizanda et les marionnettistes  - Camping Pe\u00f1a Monta\u00f1esa<\/title>\n<meta name=\"robots\" content=\"index, follow, max-snippet:-1, max-image-preview:large, max-video-preview:-1\" \/>\n<link rel=\"canonical\" href=\"https:\/\/www.penamontanesa.com\/fr\/activites\/excursions-du-camping\/la-tour-dabizanda-et-les-marionnettistes\/\" \/>\n<meta property=\"og:locale\" content=\"fr_FR\" \/>\n<meta property=\"og:type\" content=\"article\" \/>\n<meta property=\"og:title\" content=\"La tour d&#039;Abizanda et les marionnettistes  - Camping Pe\u00f1a Monta\u00f1esa\" \/>\n<meta property=\"og:description\" content=\"L&rsquo;endroit \u00e9tait une enclave de la forteresse musulmane appel\u00e9e Abinyuyas, [&hellip;]\" \/>\n<meta property=\"og:url\" content=\"https:\/\/www.penamontanesa.com\/fr\/activites\/excursions-du-camping\/la-tour-dabizanda-et-les-marionnettistes\/\" \/>\n<meta property=\"og:site_name\" content=\"Camping Pe\u00f1a Monta\u00f1esa\" \/>\n<meta property=\"article:modified_time\" content=\"2019-03-14T10:59:36+00:00\" \/>\n<meta property=\"og:image\" content=\"https:\/\/www.penamontanesa.com\/wp-content\/uploads\/360-e1549279811259.jpg\" \/>\n\t<meta property=\"og:image:width\" content=\"1080\" \/>\n\t<meta property=\"og:image:height\" content=\"545\" \/>\n\t<meta property=\"og:image:type\" content=\"image\/jpeg\" \/>\n<meta name=\"twitter:card\" content=\"summary_large_image\" \/>\n<meta name=\"twitter:label1\" content=\"Dur\u00e9e de lecture estim\u00e9e\" \/>\n\t<meta name=\"twitter:data1\" content=\"1 minute\" \/>\n<script type=\"application\/ld+json\" class=\"yoast-schema-graph\">{\"@context\":\"https:\/\/schema.org\",\"@graph\":[{\"@type\":\"WebPage\",\"@id\":\"https:\/\/www.penamontanesa.com\/fr\/activites\/excursions-du-camping\/la-tour-dabizanda-et-les-marionnettistes\/\",\"url\":\"https:\/\/www.penamontanesa.com\/fr\/activites\/excursions-du-camping\/la-tour-dabizanda-et-les-marionnettistes\/\",\"name\":\"La tour d'Abizanda et les marionnettistes - Camping Pe\u00f1a Monta\u00f1esa\",\"isPartOf\":{\"@id\":\"https:\/\/www.penamontanesa.com\/fr\/#website\"},\"primaryImageOfPage\":{\"@id\":\"https:\/\/www.penamontanesa.com\/fr\/activites\/excursions-du-camping\/la-tour-dabizanda-et-les-marionnettistes\/#primaryimage\"},\"image\":{\"@id\":\"https:\/\/www.penamontanesa.com\/fr\/activites\/excursions-du-camping\/la-tour-dabizanda-et-les-marionnettistes\/#primaryimage\"},\"thumbnailUrl\":\"https:\/\/www.penamontanesa.com\/wp-content\/uploads\/360-e1549279811259.jpg\",\"datePublished\":\"2019-02-04T08:51:41+00:00\",\"dateModified\":\"2019-03-14T10:59:36+00:00\",\"breadcrumb\":{\"@id\":\"https:\/\/www.penamontanesa.com\/fr\/activites\/excursions-du-camping\/la-tour-dabizanda-et-les-marionnettistes\/#breadcrumb\"},\"inLanguage\":\"fr-FR\",\"potentialAction\":[{\"@type\":\"ReadAction\",\"target\":[\"https:\/\/www.penamontanesa.com\/fr\/activites\/excursions-du-camping\/la-tour-dabizanda-et-les-marionnettistes\/\"]}]},{\"@type\":\"ImageObject\",\"inLanguage\":\"fr-FR\",\"@id\":\"https:\/\/www.penamontanesa.com\/fr\/activites\/excursions-du-camping\/la-tour-dabizanda-et-les-marionnettistes\/#primaryimage\",\"url\":\"https:\/\/www.penamontanesa.com\/wp-content\/uploads\/360-e1549279811259.jpg\",\"contentUrl\":\"https:\/\/www.penamontanesa.com\/wp-content\/uploads\/360-e1549279811259.jpg\",\"width\":1080,\"height\":545},{\"@type\":\"BreadcrumbList\",\"@id\":\"https:\/\/www.penamontanesa.com\/fr\/activites\/excursions-du-camping\/la-tour-dabizanda-et-les-marionnettistes\/#breadcrumb\",\"itemListElement\":[{\"@type\":\"ListItem\",\"position\":1,\"name\":\"Portada\",\"item\":\"https:\/\/www.penamontanesa.com\/fr\/\"},{\"@type\":\"ListItem\",\"position\":2,\"name\":\"Activit\u00e9s\",\"item\":\"https:\/\/www.penamontanesa.com\/fr\/activites\/\"},{\"@type\":\"ListItem\",\"position\":3,\"name\":\"Randonn\u00e9es\",\"item\":\"https:\/\/www.penamontanesa.com\/fr\/activites\/excursions-du-camping\/\"},{\"@type\":\"ListItem\",\"position\":4,\"name\":\"La tour d&#8217;Abizanda et les marionnettistes\"}]},{\"@type\":\"WebSite\",\"@id\":\"https:\/\/www.penamontanesa.com\/fr\/#website\",\"url\":\"https:\/\/www.penamontanesa.com\/fr\/\",\"name\":\"Camping Pe\u00f1a Monta\u00f1esa\",\"description\":\"Camping y bungalows. Ainsa Pirineos. Parque Nacional de Ordesa y Monte Perdido.\",\"publisher\":{\"@id\":\"https:\/\/www.penamontanesa.com\/fr\/#organization\"},\"potentialAction\":[{\"@type\":\"SearchAction\",\"target\":{\"@type\":\"EntryPoint\",\"urlTemplate\":\"https:\/\/www.penamontanesa.com\/fr\/?s={search_term_string}\"},\"query-input\":{\"@type\":\"PropertyValueSpecification\",\"valueRequired\":true,\"valueName\":\"search_term_string\"}}],\"inLanguage\":\"fr-FR\"},{\"@type\":\"Organization\",\"@id\":\"https:\/\/www.penamontanesa.com\/fr\/#organization\",\"name\":\"Camping Pe\u00f1a Monta\u00f1esa\",\"url\":\"https:\/\/www.penamontanesa.com\/fr\/\",\"logo\":{\"@type\":\"ImageObject\",\"inLanguage\":\"fr-FR\",\"@id\":\"https:\/\/www.penamontanesa.com\/fr\/#\/schema\/logo\/image\/\",\"url\":\"https:\/\/www.penamontanesa.com\/wp-content\/uploads\/cropped-penamontanesa-logo-1-1.png\",\"contentUrl\":\"https:\/\/www.penamontanesa.com\/wp-content\/uploads\/cropped-penamontanesa-logo-1-1.png\",\"width\":420,\"height\":103,\"caption\":\"Camping Pe\u00f1a Monta\u00f1esa\"},\"image\":{\"@id\":\"https:\/\/www.penamontanesa.com\/fr\/#\/schema\/logo\/image\/\"}}]}<\/script>\n<!-- \/ Yoast SEO plugin. -->","yoast_head_json":{"title":"La tour d'Abizanda et les marionnettistes  - Camping Pe\u00f1a Monta\u00f1esa","robots":{"index":"index","follow":"follow","max-snippet":"max-snippet:-1","max-image-preview":"max-image-preview:large","max-video-preview":"max-video-preview:-1"},"canonical":"https:\/\/www.penamontanesa.com\/fr\/activites\/excursions-du-camping\/la-tour-dabizanda-et-les-marionnettistes\/","og_locale":"fr_FR","og_type":"article","og_title":"La tour d'Abizanda et les marionnettistes  - Camping Pe\u00f1a Monta\u00f1esa","og_description":"L&rsquo;endroit \u00e9tait une enclave de la forteresse musulmane appel\u00e9e Abinyuyas, [&hellip;]","og_url":"https:\/\/www.penamontanesa.com\/fr\/activites\/excursions-du-camping\/la-tour-dabizanda-et-les-marionnettistes\/","og_site_name":"Camping Pe\u00f1a Monta\u00f1esa","article_modified_time":"2019-03-14T10:59:36+00:00","og_image":[{"width":1080,"height":545,"url":"https:\/\/www.penamontanesa.com\/wp-content\/uploads\/360-e1549279811259.jpg","type":"image\/jpeg"}],"twitter_card":"summary_large_image","twitter_misc":{"Dur\u00e9e de lecture estim\u00e9e":"1 minute"},"schema":{"@context":"https:\/\/schema.org","@graph":[{"@type":"WebPage","@id":"https:\/\/www.penamontanesa.com\/fr\/activites\/excursions-du-camping\/la-tour-dabizanda-et-les-marionnettistes\/","url":"https:\/\/www.penamontanesa.com\/fr\/activites\/excursions-du-camping\/la-tour-dabizanda-et-les-marionnettistes\/","name":"La tour d'Abizanda et les marionnettistes - Camping Pe\u00f1a Monta\u00f1esa","isPartOf":{"@id":"https:\/\/www.penamontanesa.com\/fr\/#website"},"primaryImageOfPage":{"@id":"https:\/\/www.penamontanesa.com\/fr\/activites\/excursions-du-camping\/la-tour-dabizanda-et-les-marionnettistes\/#primaryimage"},"image":{"@id":"https:\/\/www.penamontanesa.com\/fr\/activites\/excursions-du-camping\/la-tour-dabizanda-et-les-marionnettistes\/#primaryimage"},"thumbnailUrl":"https:\/\/www.penamontanesa.com\/wp-content\/uploads\/360-e1549279811259.jpg","datePublished":"2019-02-04T08:51:41+00:00","dateModified":"2019-03-14T10:59:36+00:00","breadcrumb":{"@id":"https:\/\/www.penamontanesa.com\/fr\/activites\/excursions-du-camping\/la-tour-dabizanda-et-les-marionnettistes\/#breadcrumb"},"inLanguage":"fr-FR","potentialAction":[{"@type":"ReadAction","target":["https:\/\/www.penamontanesa.com\/fr\/activites\/excursions-du-camping\/la-tour-dabizanda-et-les-marionnettistes\/"]}]},{"@type":"ImageObject","inLanguage":"fr-FR","@id":"https:\/\/www.penamontanesa.com\/fr\/activites\/excursions-du-camping\/la-tour-dabizanda-et-les-marionnettistes\/#primaryimage","url":"https:\/\/www.penamontanesa.com\/wp-content\/uploads\/360-e1549279811259.jpg","contentUrl":"https:\/\/www.penamontanesa.com\/wp-content\/uploads\/360-e1549279811259.jpg","width":1080,"height":545},{"@type":"BreadcrumbList","@id":"https:\/\/www.penamontanesa.com\/fr\/activites\/excursions-du-camping\/la-tour-dabizanda-et-les-marionnettistes\/#breadcrumb","itemListElement":[{"@type":"ListItem","position":1,"name":"Portada","item":"https:\/\/www.penamontanesa.com\/fr\/"},{"@type":"ListItem","position":2,"name":"Activit\u00e9s","item":"https:\/\/www.penamontanesa.com\/fr\/activites\/"},{"@type":"ListItem","position":3,"name":"Randonn\u00e9es","item":"https:\/\/www.penamontanesa.com\/fr\/activites\/excursions-du-camping\/"},{"@type":"ListItem","position":4,"name":"La tour d&#8217;Abizanda et les marionnettistes"}]},{"@type":"WebSite","@id":"https:\/\/www.penamontanesa.com\/fr\/#website","url":"https:\/\/www.penamontanesa.com\/fr\/","name":"Camping Pe\u00f1a Monta\u00f1esa","description":"Camping y bungalows. Ainsa Pirineos. Parque Nacional de Ordesa y Monte Perdido.","publisher":{"@id":"https:\/\/www.penamontanesa.com\/fr\/#organization"},"potentialAction":[{"@type":"SearchAction","target":{"@type":"EntryPoint","urlTemplate":"https:\/\/www.penamontanesa.com\/fr\/?s={search_term_string}"},"query-input":{"@type":"PropertyValueSpecification","valueRequired":true,"valueName":"search_term_string"}}],"inLanguage":"fr-FR"},{"@type":"Organization","@id":"https:\/\/www.penamontanesa.com\/fr\/#organization","name":"Camping Pe\u00f1a Monta\u00f1esa","url":"https:\/\/www.penamontanesa.com\/fr\/","logo":{"@type":"ImageObject","inLanguage":"fr-FR","@id":"https:\/\/www.penamontanesa.com\/fr\/#\/schema\/logo\/image\/","url":"https:\/\/www.penamontanesa.com\/wp-content\/uploads\/cropped-penamontanesa-logo-1-1.png","contentUrl":"https:\/\/www.penamontanesa.com\/wp-content\/uploads\/cropped-penamontanesa-logo-1-1.png","width":420,"height":103,"caption":"Camping Pe\u00f1a Monta\u00f1esa"},"image":{"@id":"https:\/\/www.penamontanesa.com\/fr\/#\/schema\/logo\/image\/"}}]}},"_links":{"self":[{"href":"https:\/\/www.penamontanesa.com\/fr\/wp-json\/wp\/v2\/pages\/23556","targetHints":{"allow":["GET"]}}],"collection":[{"href":"https:\/\/www.penamontanesa.com\/fr\/wp-json\/wp\/v2\/pages"}],"about":[{"href":"https:\/\/www.penamontanesa.com\/fr\/wp-json\/wp\/v2\/types\/page"}],"author":[{"embeddable":true,"href":"https:\/\/www.penamontanesa.com\/fr\/wp-json\/wp\/v2\/users\/1"}],"replies":[{"embeddable":true,"href":"https:\/\/www.penamontanesa.com\/fr\/wp-json\/wp\/v2\/comments?post=23556"}],"version-history":[{"count":1,"href":"https:\/\/www.penamontanesa.com\/fr\/wp-json\/wp\/v2\/pages\/23556\/revisions"}],"predecessor-version":[{"id":23558,"href":"https:\/\/www.penamontanesa.com\/fr\/wp-json\/wp\/v2\/pages\/23556\/revisions\/23558"}],"up":[{"embeddable":true,"href":"https:\/\/www.penamontanesa.com\/fr\/wp-json\/wp\/v2\/pages\/23381"}],"wp:featuredmedia":[{"embeddable":true,"href":"https:\/\/www.penamontanesa.com\/fr\/wp-json\/wp\/v2\/media\/23562"}],"wp:attachment":[{"href":"https:\/\/www.penamontanesa.com\/fr\/wp-json\/wp\/v2\/media?parent=23556"}],"curies":[{"name":"wp","href":"https:\/\/api.w.org\/{rel}","templated":true}]}}