{"id":63369,"date":"2026-01-28T22:27:53","date_gmt":"2026-01-28T21:27:53","guid":{"rendered":"https:\/\/www.penamontanesa.com\/?page_id=63369"},"modified":"2026-03-07T13:11:52","modified_gmt":"2026-03-07T12:11:52","slug":"bungalow-madera-5-personas","status":"publish","type":"page","link":"https:\/\/www.penamontanesa.com\/fr\/hebergement\/bungalow-madera-5-personas\/","title":{"rendered":"Bungalow madera"},"content":{"rendered":"\n<div class=\"wp-block-columns has-2-columns is-layout-flex wp-container-core-columns-is-layout-9d6595d7 wp-block-columns-is-layout-flex\">\n<div class=\"wp-block-column is-layout-flow wp-block-column-is-layout-flow\">\n<p>Bungalow de madera hasta 5 plazas que ofrece <strong>comodidad y funcionalidad en cada rinc\u00f3n<\/strong>. Dispone de un comedor-cocina totalmente equipada con sof\u00e1 cama, ba\u00f1o con media ba\u00f1era, habitaci\u00f3n de matrimonio, habitaci\u00f3n con cama individual y un altillo abierto con dos camas individuales. <\/p>\n\n\n\n<p>En el exterior, un agradable porche con mesa y sillas. Ideal para familias o grupos de amigos.<\/p>\n<\/div>\n\n\n\n<div class=\"wp-block-column is-layout-flow wp-block-column-is-layout-flow\"><div class=\"wp-block-image\">\n<figure class=\"aligncenter is-resized\"><img loading=\"lazy\" decoding=\"async\" width=\"393\" height=\"600\" src=\"https:\/\/www.penamontanesa.com\/wp-content\/uploads\/bw-3-5-pax-plano.jpg\" alt=\"\" class=\"wp-image-21181\" style=\"width:170px;height:260px\" srcset=\"https:\/\/www.penamontanesa.com\/wp-content\/uploads\/bw-3-5-pax-plano.jpg 393w, https:\/\/www.penamontanesa.com\/wp-content\/uploads\/bw-3-5-pax-plano-197x300.jpg 197w, https:\/\/www.penamontanesa.com\/wp-content\/uploads\/bw-3-5-pax-plano-157x240.jpg 157w\" sizes=\"auto, (max-width: 393px) 100vw, 393px\" \/><\/figure>\n<\/div>\n\n\n<p><\/p>\n<\/div>\n<\/div>\n\n\n\n<p class=\"custom-float has-blank-3-cleargreen-background-color has-background has-medium-font-size\">Echa un vistazo <\/p>\n\n\n\n            \n                    <article id=\"advanced_gallery-block_1699642ee8ff805e46386ff53e33e974\" class=\"advanced_gallery alignwide columns-3\">\n                \n            <script>\n\n            $(document).ready(function() {\n              var owl = $('#id-gal-509049765');\n              owl.owlCarousel({\n                margin: 20,\n                nav: true,\n                autoplay:false,\n                loop: true,\n                dots: false,\n                responsive: {\n                  0: {\n                    items: 1\n                  },\n                  400: {\n\n                    items: 1\n                  },\n\n                  600: {\n\n                    items: 1\n                  },\n                  1000: {\n                    items: 3\n                  }\n                }\n              })\n            })\n\n            <\/script><div class=\"owl-container\"><div id=\"id-gal-509049765\" class=\"galeria clearfix galeria-slider owl-carousel\"><div class=\"item\"><a href=\"https:\/\/www.penamontanesa.com\/wp-content\/uploads\/bw-40s-1400x933.png\" id=\"thumb-63339\" class=\"image-link\"><div class=\"item-thumb cover\" style=\"background-image:url(https:\/\/www.penamontanesa.com\/wp-content\/uploads\/bw-40s-900x640.png)\"><\/div><\/a><\/div><div class=\"item\"><a href=\"https:\/\/www.penamontanesa.com\/wp-content\/uploads\/pa281116-9596-o-1400x1050.jpg\" id=\"thumb-63309\" class=\"image-link\"><div class=\"item-thumb cover\" style=\"background-image:url(https:\/\/www.penamontanesa.com\/wp-content\/uploads\/pa281116-9596-o-900x640.jpg)\"><\/div><\/a><\/div><div class=\"item\"><a href=\"https:\/\/www.penamontanesa.com\/wp-content\/uploads\/pa281123-9596-o-1400x1050.jpg\" id=\"thumb-63161\" class=\"image-link\"><div class=\"item-thumb cover\" style=\"background-image:url(https:\/\/www.penamontanesa.com\/wp-content\/uploads\/pa281123-9596-o-900x640.jpg)\"><\/div><\/a><\/div><div class=\"item\"><a href=\"https:\/\/www.penamontanesa.com\/wp-content\/uploads\/pa281119-9596-o-1400x1050.jpg\" id=\"thumb-63166\" class=\"image-link\"><div class=\"item-thumb cover\" style=\"background-image:url(https:\/\/www.penamontanesa.com\/wp-content\/uploads\/pa281119-9596-o-900x640.jpg)\"><\/div><\/a><\/div><div class=\"item\"><a href=\"https:\/\/www.penamontanesa.com\/wp-content\/uploads\/pa281124-9596-o-1400x1050.jpg\" id=\"thumb-63319\" class=\"image-link\"><div class=\"item-thumb cover\" style=\"background-image:url(https:\/\/www.penamontanesa.com\/wp-content\/uploads\/pa281124-9596-o-900x640.jpg)\"><\/div><\/a><\/div><div class=\"item\"><a href=\"https:\/\/www.penamontanesa.com\/wp-content\/uploads\/pa281121-9596-o-1400x1050.jpg\" id=\"thumb-63314\" class=\"image-link\"><div class=\"item-thumb cover\" style=\"background-image:url(https:\/\/www.penamontanesa.com\/wp-content\/uploads\/pa281121-9596-o-900x640.jpg)\"><\/div><\/a><\/div><div class=\"item\"><a href=\"https:\/\/www.penamontanesa.com\/wp-content\/uploads\/pa281128-9596-o-1400x1050.jpg\" id=\"thumb-63324\" class=\"image-link\"><div class=\"item-thumb cover\" style=\"background-image:url(https:\/\/www.penamontanesa.com\/wp-content\/uploads\/pa281128-9596-o-900x640.jpg)\"><\/div><\/a><\/div><div class=\"item\"><a href=\"https:\/\/www.penamontanesa.com\/wp-content\/uploads\/pa281139-9596-o-1400x1050.jpg\" id=\"thumb-63334\" class=\"image-link\"><div class=\"item-thumb cover\" style=\"background-image:url(https:\/\/www.penamontanesa.com\/wp-content\/uploads\/pa281139-9596-o-900x640.jpg)\"><\/div><\/a><\/div><div class=\"item\"><a href=\"https:\/\/www.penamontanesa.com\/wp-content\/uploads\/pa281134-9596-o-1400x1050.jpg\" id=\"thumb-63329\" class=\"image-link\"><div class=\"item-thumb cover\" style=\"background-image:url(https:\/\/www.penamontanesa.com\/wp-content\/uploads\/pa281134-9596-o-900x640.jpg)\"><\/div><\/a><\/div><\/div><\/div>            <\/article>\n        \n    \n\n\n\n\n\n<h2 class=\"wp-block-heading\" id=\"mce_20\">Resumen del alojamiento<\/h2>\n\n\n\n<div class=\"wp-block-columns has-2-columns is-layout-flex wp-container-core-columns-is-layout-9d6595d7 wp-block-columns-is-layout-flex\">\n<div class=\"wp-block-column is-layout-flow wp-block-column-is-layout-flow\">\n<ul class=\"wp-block-list\">\n<li>Vajilla<\/li>\n\n\n\n<li>Frigor\u00edfico<\/li>\n\n\n\n<li>Cocina de gas<\/li>\n\n\n\n<li>Microondas<\/li>\n<\/ul>\n<\/div>\n\n\n\n<div class=\"wp-block-column is-layout-flow wp-block-column-is-layout-flow\">\n<ul class=\"wp-block-list\">\n<li>Televisor<\/li>\n\n\n\n<li>Calefacci\u00f3n<\/li>\n\n\n\n<li>Aire acondicionado<\/li>\n\n\n\n<li>Parking gratuito<\/li>\n\n\n\n<li>Sabanas y toallas &#8211; no incluidas <\/li>\n<\/ul>\n<\/div>\n<\/div>\n\n\n\n<h2 class=\"wp-block-heading\">Otros alojamientos <\/h2>\n\n\n\n            \n        \n        \n\n            <article id=\"featured_lodgements-block_8f54886a7e66de03eb9c4839066e949b\" class=\"featured_lodgements alignwide featured-columns-3\">\n                <script>\n                    $(document).ready(function(){\n                       $(\"#featured_lodgements-block_8f54886a7e66de03eb9c4839066e949b .lodgements-slide\").owlCarousel({\n                            nav: true,\n                            dots: false,\n                            margin: 20,\n                            mouseDrag: true,\n                            responsive: {\n                                0: {\n                                    items: 1,\n                                   },\n                                768: {\n                                    items: 3,\n                                   }\n                            }\n                       });\n                    });\n\n                <\/script>\n                <div class=\"lodgements-slide owl-carousel\">\n                                \n                    \n                                        <a class=\"item-list-19022\" href=\"https:\/\/www.penamontanesa.com\/fr\/hebergement\/bungalow-2-personen\/\">\n                                                                                                                                        <div class=\"item-list-thumb-wrapper\">\n                            <div class=\"item-list-thumb cover\" style=\"background-image:url(https:\/\/www.penamontanesa.com\/wp-content\/uploads\/madera-1-1-640x480.jpg)\"><\/div>\n                        <\/div>\n                                                        <p class=\"icon-house has-medium-font-size\">Bungalow 2 personnes<span class=\"has-normal-font-size\">A partir de 58\u20ac<\/span><\/p>\n\n                    <\/a>\n                    \n                \n                    \n                                        <a class=\"item-list-21233\" href=\"https:\/\/www.penamontanesa.com\/fr\/hebergement\/bungalow-5-personnes\/\">\n                                                                                                                                        <div class=\"item-list-thumb-wrapper\">\n                            <div class=\"item-list-thumb cover\" style=\"background-image:url(https:\/\/www.penamontanesa.com\/wp-content\/uploads\/mg-7418-640x480.jpg)\"><\/div>\n                        <\/div>\n                                                        <p class=\"icon-house has-medium-font-size\">Bungalow familial<span class=\"has-normal-font-size\">A partir de 87\u20ac<\/span><\/p>\n\n                    <\/a>\n                    \n                \n                    \n                                        <a class=\"item-list-21241\" href=\"https:\/\/www.penamontanesa.com\/fr\/hebergement\/mobilhome-4-personnes\/\">\n                                                                                                                                        <div class=\"item-list-thumb-wrapper\">\n                            <div class=\"item-list-thumb cover\" style=\"background-image:url(https:\/\/www.penamontanesa.com\/wp-content\/uploads\/movil-2-640x480.jpg)\"><\/div>\n                        <\/div>\n                                                        <p class=\"icon-house has-medium-font-size\">Mobilhome<span class=\"has-normal-font-size\">A partir de 79\u20ac<\/span><\/p>\n\n                    <\/a>\n                    \n                \n                    \n                                        <a class=\"item-list-63169\" href=\"https:\/\/www.penamontanesa.com\/fr\/hebergement\/cabana-5-personas\/\">\n                                                                                                                                        <div class=\"item-list-thumb-wrapper\">\n                            <div class=\"item-list-thumb cover\" style=\"background-image:url(https:\/\/www.penamontanesa.com\/wp-content\/uploads\/cabana-nordica-640x480.png)\"><\/div>\n                        <\/div>\n                                                        <p class=\"icon-house has-medium-font-size\">Cabane Nordique<span class=\"has-normal-font-size\">A partir de 100\u20ac<\/span><\/p>\n\n                    <\/a>\n                    \n                                <\/div>\n            <\/article>\n                            <p style=\"background-color:#d3e5cf\" class=\"has-background featured-float\"><\/p>\n                    \n    \n\n\n","protected":false},"excerpt":{"rendered":"<p>Bungalow de madera hasta 5 plazas que ofrece comodidad y [&hellip;]<\/p>\n","protected":false},"author":1,"featured_media":63339,"parent":22931,"menu_order":5,"comment_status":"closed","ping_status":"closed","template":"templates\/tmpl-alojamiento.php","meta":{"_acf_changed":false,"footnotes":""},"class_list":["post-63369","page","type-page","status-publish","has-post-thumbnail","hentry","equipment-1-lit-double","equipment-1-lit-simple","equipment-couchette"],"acf":[],"yoast_head":"<!-- This site is optimized with the Yoast SEO plugin v26.5 - https:\/\/yoast.com\/wordpress\/plugins\/seo\/ -->\n<title>Bungalow familiar - Camping Pe\u00f1a Monta\u00f1esa<\/title>\n<meta name=\"description\" content=\"Bungalow en bois pouvant accueillir jusqu&#039;\u00e0 5 personnes, offrant confort et fonctionnalit\u00e9 dans chaque recoin.\" \/>\n<meta name=\"robots\" content=\"index, follow, max-snippet:-1, max-image-preview:large, max-video-preview:-1\" \/>\n<link rel=\"canonical\" href=\"https:\/\/www.penamontanesa.com\/fr\/hebergement\/bungalow-madera-5-personas\/\" \/>\n<meta property=\"og:locale\" content=\"fr_FR\" \/>\n<meta property=\"og:type\" content=\"article\" \/>\n<meta property=\"og:title\" content=\"Bungalow familiar - Camping Pe\u00f1a Monta\u00f1esa\" \/>\n<meta property=\"og:description\" content=\"Bungalow en bois pouvant accueillir jusqu&#039;\u00e0 5 personnes, offrant confort et fonctionnalit\u00e9 dans chaque recoin.\" \/>\n<meta property=\"og:url\" content=\"https:\/\/www.penamontanesa.com\/fr\/hebergement\/bungalow-madera-5-personas\/\" \/>\n<meta property=\"og:site_name\" content=\"Camping Pe\u00f1a Monta\u00f1esa\" \/>\n<meta property=\"article:modified_time\" content=\"2026-03-07T12:11:52+00:00\" \/>\n<meta property=\"og:image\" content=\"https:\/\/www.penamontanesa.com\/wp-content\/uploads\/bw-40s-1024x683.png\" \/>\n\t<meta property=\"og:image:width\" content=\"1024\" \/>\n\t<meta property=\"og:image:height\" content=\"683\" \/>\n\t<meta property=\"og:image:type\" content=\"image\/png\" \/>\n<meta name=\"twitter:card\" content=\"summary_large_image\" \/>\n<meta name=\"twitter:label1\" content=\"Dur\u00e9e de lecture estim\u00e9e\" \/>\n\t<meta name=\"twitter:data1\" content=\"1 minute\" \/>\n<script type=\"application\/ld+json\" class=\"yoast-schema-graph\">{\"@context\":\"https:\/\/schema.org\",\"@graph\":[{\"@type\":\"WebPage\",\"@id\":\"https:\/\/www.penamontanesa.com\/fr\/hebergement\/bungalow-madera-5-personas\/\",\"url\":\"https:\/\/www.penamontanesa.com\/fr\/hebergement\/bungalow-madera-5-personas\/\",\"name\":\"Bungalow familiar - Camping Pe\u00f1a Monta\u00f1esa\",\"isPartOf\":{\"@id\":\"https:\/\/www.penamontanesa.com\/fr\/#website\"},\"primaryImageOfPage\":{\"@id\":\"https:\/\/www.penamontanesa.com\/fr\/hebergement\/bungalow-madera-5-personas\/#primaryimage\"},\"image\":{\"@id\":\"https:\/\/www.penamontanesa.com\/fr\/hebergement\/bungalow-madera-5-personas\/#primaryimage\"},\"thumbnailUrl\":\"https:\/\/www.penamontanesa.com\/wp-content\/uploads\/bw-40s.png\",\"datePublished\":\"2026-01-28T21:27:53+00:00\",\"dateModified\":\"2026-03-07T12:11:52+00:00\",\"description\":\"Bungalow en bois pouvant accueillir jusqu'\u00e0 5 personnes, offrant confort et fonctionnalit\u00e9 dans chaque recoin.\",\"breadcrumb\":{\"@id\":\"https:\/\/www.penamontanesa.com\/fr\/hebergement\/bungalow-madera-5-personas\/#breadcrumb\"},\"inLanguage\":\"fr-FR\",\"potentialAction\":[{\"@type\":\"ReadAction\",\"target\":[\"https:\/\/www.penamontanesa.com\/fr\/hebergement\/bungalow-madera-5-personas\/\"]}]},{\"@type\":\"ImageObject\",\"inLanguage\":\"fr-FR\",\"@id\":\"https:\/\/www.penamontanesa.com\/fr\/hebergement\/bungalow-madera-5-personas\/#primaryimage\",\"url\":\"https:\/\/www.penamontanesa.com\/wp-content\/uploads\/bw-40s.png\",\"contentUrl\":\"https:\/\/www.penamontanesa.com\/wp-content\/uploads\/bw-40s.png\",\"width\":1536,\"height\":1024},{\"@type\":\"BreadcrumbList\",\"@id\":\"https:\/\/www.penamontanesa.com\/fr\/hebergement\/bungalow-madera-5-personas\/#breadcrumb\",\"itemListElement\":[{\"@type\":\"ListItem\",\"position\":1,\"name\":\"Portada\",\"item\":\"https:\/\/www.penamontanesa.com\/fr\/\"},{\"@type\":\"ListItem\",\"position\":2,\"name\":\"H\u00e9bergement\",\"item\":\"https:\/\/www.penamontanesa.com\/fr\/hebergement\/\"},{\"@type\":\"ListItem\",\"position\":3,\"name\":\"Bungalow madera\"}]},{\"@type\":\"WebSite\",\"@id\":\"https:\/\/www.penamontanesa.com\/fr\/#website\",\"url\":\"https:\/\/www.penamontanesa.com\/fr\/\",\"name\":\"Camping Pe\u00f1a Monta\u00f1esa\",\"description\":\"Camping y bungalows. Ainsa Pirineos. Parque Nacional de Ordesa y Monte Perdido.\",\"publisher\":{\"@id\":\"https:\/\/www.penamontanesa.com\/fr\/#organization\"},\"potentialAction\":[{\"@type\":\"SearchAction\",\"target\":{\"@type\":\"EntryPoint\",\"urlTemplate\":\"https:\/\/www.penamontanesa.com\/fr\/?s={search_term_string}\"},\"query-input\":{\"@type\":\"PropertyValueSpecification\",\"valueRequired\":true,\"valueName\":\"search_term_string\"}}],\"inLanguage\":\"fr-FR\"},{\"@type\":\"Organization\",\"@id\":\"https:\/\/www.penamontanesa.com\/fr\/#organization\",\"name\":\"Camping Pe\u00f1a Monta\u00f1esa\",\"url\":\"https:\/\/www.penamontanesa.com\/fr\/\",\"logo\":{\"@type\":\"ImageObject\",\"inLanguage\":\"fr-FR\",\"@id\":\"https:\/\/www.penamontanesa.com\/fr\/#\/schema\/logo\/image\/\",\"url\":\"https:\/\/www.penamontanesa.com\/wp-content\/uploads\/cropped-penamontanesa-logo-1-1.png\",\"contentUrl\":\"https:\/\/www.penamontanesa.com\/wp-content\/uploads\/cropped-penamontanesa-logo-1-1.png\",\"width\":420,\"height\":103,\"caption\":\"Camping Pe\u00f1a Monta\u00f1esa\"},\"image\":{\"@id\":\"https:\/\/www.penamontanesa.com\/fr\/#\/schema\/logo\/image\/\"}}]}<\/script>\n<!-- \/ Yoast SEO plugin. -->","yoast_head_json":{"title":"Bungalow familiar - Camping Pe\u00f1a Monta\u00f1esa","description":"Bungalow en bois pouvant accueillir jusqu'\u00e0 5 personnes, offrant confort et fonctionnalit\u00e9 dans chaque recoin.","robots":{"index":"index","follow":"follow","max-snippet":"max-snippet:-1","max-image-preview":"max-image-preview:large","max-video-preview":"max-video-preview:-1"},"canonical":"https:\/\/www.penamontanesa.com\/fr\/hebergement\/bungalow-madera-5-personas\/","og_locale":"fr_FR","og_type":"article","og_title":"Bungalow familiar - Camping Pe\u00f1a Monta\u00f1esa","og_description":"Bungalow en bois pouvant accueillir jusqu'\u00e0 5 personnes, offrant confort et fonctionnalit\u00e9 dans chaque recoin.","og_url":"https:\/\/www.penamontanesa.com\/fr\/hebergement\/bungalow-madera-5-personas\/","og_site_name":"Camping Pe\u00f1a Monta\u00f1esa","article_modified_time":"2026-03-07T12:11:52+00:00","og_image":[{"width":1024,"height":683,"url":"https:\/\/www.penamontanesa.com\/wp-content\/uploads\/bw-40s-1024x683.png","type":"image\/png"}],"twitter_card":"summary_large_image","twitter_misc":{"Dur\u00e9e de lecture estim\u00e9e":"1 minute"},"schema":{"@context":"https:\/\/schema.org","@graph":[{"@type":"WebPage","@id":"https:\/\/www.penamontanesa.com\/fr\/hebergement\/bungalow-madera-5-personas\/","url":"https:\/\/www.penamontanesa.com\/fr\/hebergement\/bungalow-madera-5-personas\/","name":"Bungalow familiar - Camping Pe\u00f1a Monta\u00f1esa","isPartOf":{"@id":"https:\/\/www.penamontanesa.com\/fr\/#website"},"primaryImageOfPage":{"@id":"https:\/\/www.penamontanesa.com\/fr\/hebergement\/bungalow-madera-5-personas\/#primaryimage"},"image":{"@id":"https:\/\/www.penamontanesa.com\/fr\/hebergement\/bungalow-madera-5-personas\/#primaryimage"},"thumbnailUrl":"https:\/\/www.penamontanesa.com\/wp-content\/uploads\/bw-40s.png","datePublished":"2026-01-28T21:27:53+00:00","dateModified":"2026-03-07T12:11:52+00:00","description":"Bungalow en bois pouvant accueillir jusqu'\u00e0 5 personnes, offrant confort et fonctionnalit\u00e9 dans chaque recoin.","breadcrumb":{"@id":"https:\/\/www.penamontanesa.com\/fr\/hebergement\/bungalow-madera-5-personas\/#breadcrumb"},"inLanguage":"fr-FR","potentialAction":[{"@type":"ReadAction","target":["https:\/\/www.penamontanesa.com\/fr\/hebergement\/bungalow-madera-5-personas\/"]}]},{"@type":"ImageObject","inLanguage":"fr-FR","@id":"https:\/\/www.penamontanesa.com\/fr\/hebergement\/bungalow-madera-5-personas\/#primaryimage","url":"https:\/\/www.penamontanesa.com\/wp-content\/uploads\/bw-40s.png","contentUrl":"https:\/\/www.penamontanesa.com\/wp-content\/uploads\/bw-40s.png","width":1536,"height":1024},{"@type":"BreadcrumbList","@id":"https:\/\/www.penamontanesa.com\/fr\/hebergement\/bungalow-madera-5-personas\/#breadcrumb","itemListElement":[{"@type":"ListItem","position":1,"name":"Portada","item":"https:\/\/www.penamontanesa.com\/fr\/"},{"@type":"ListItem","position":2,"name":"H\u00e9bergement","item":"https:\/\/www.penamontanesa.com\/fr\/hebergement\/"},{"@type":"ListItem","position":3,"name":"Bungalow madera"}]},{"@type":"WebSite","@id":"https:\/\/www.penamontanesa.com\/fr\/#website","url":"https:\/\/www.penamontanesa.com\/fr\/","name":"Camping Pe\u00f1a Monta\u00f1esa","description":"Camping y bungalows. Ainsa Pirineos. Parque Nacional de Ordesa y Monte Perdido.","publisher":{"@id":"https:\/\/www.penamontanesa.com\/fr\/#organization"},"potentialAction":[{"@type":"SearchAction","target":{"@type":"EntryPoint","urlTemplate":"https:\/\/www.penamontanesa.com\/fr\/?s={search_term_string}"},"query-input":{"@type":"PropertyValueSpecification","valueRequired":true,"valueName":"search_term_string"}}],"inLanguage":"fr-FR"},{"@type":"Organization","@id":"https:\/\/www.penamontanesa.com\/fr\/#organization","name":"Camping Pe\u00f1a Monta\u00f1esa","url":"https:\/\/www.penamontanesa.com\/fr\/","logo":{"@type":"ImageObject","inLanguage":"fr-FR","@id":"https:\/\/www.penamontanesa.com\/fr\/#\/schema\/logo\/image\/","url":"https:\/\/www.penamontanesa.com\/wp-content\/uploads\/cropped-penamontanesa-logo-1-1.png","contentUrl":"https:\/\/www.penamontanesa.com\/wp-content\/uploads\/cropped-penamontanesa-logo-1-1.png","width":420,"height":103,"caption":"Camping Pe\u00f1a Monta\u00f1esa"},"image":{"@id":"https:\/\/www.penamontanesa.com\/fr\/#\/schema\/logo\/image\/"}}]}},"_links":{"self":[{"href":"https:\/\/www.penamontanesa.com\/fr\/wp-json\/wp\/v2\/pages\/63369","targetHints":{"allow":["GET"]}}],"collection":[{"href":"https:\/\/www.penamontanesa.com\/fr\/wp-json\/wp\/v2\/pages"}],"about":[{"href":"https:\/\/www.penamontanesa.com\/fr\/wp-json\/wp\/v2\/types\/page"}],"author":[{"embeddable":true,"href":"https:\/\/www.penamontanesa.com\/fr\/wp-json\/wp\/v2\/users\/1"}],"replies":[{"embeddable":true,"href":"https:\/\/www.penamontanesa.com\/fr\/wp-json\/wp\/v2\/comments?post=63369"}],"version-history":[{"count":9,"href":"https:\/\/www.penamontanesa.com\/fr\/wp-json\/wp\/v2\/pages\/63369\/revisions"}],"predecessor-version":[{"id":63536,"href":"https:\/\/www.penamontanesa.com\/fr\/wp-json\/wp\/v2\/pages\/63369\/revisions\/63536"}],"up":[{"embeddable":true,"href":"https:\/\/www.penamontanesa.com\/fr\/wp-json\/wp\/v2\/pages\/22931"}],"wp:featuredmedia":[{"embeddable":true,"href":"https:\/\/www.penamontanesa.com\/fr\/wp-json\/wp\/v2\/media\/63339"}],"wp:attachment":[{"href":"https:\/\/www.penamontanesa.com\/fr\/wp-json\/wp\/v2\/media?parent=63369"}],"curies":[{"name":"wp","href":"https:\/\/api.w.org\/{rel}","templated":true}]}}