{"id":63450,"date":"2026-01-29T00:09:20","date_gmt":"2026-01-28T23:09:20","guid":{"rendered":"https:\/\/www.penamontanesa.com\/prix\/tarifas-bungalows-2\/"},"modified":"2026-03-08T04:48:51","modified_gmt":"2026-03-08T03:48:51","slug":"tarifas-cabana","status":"publish","type":"page","link":"https:\/\/www.penamontanesa.com\/fr\/prix\/tarifas-cabana\/","title":{"rendered":"Tarifs Cabane Nordique"},"content":{"rendered":"<table class=\"rates\">\r\n<tbody>\r\n<tr>\r\n<td>Cabane Nordique 2-3 p.<\/td>\r\n<td class=\"temp2\">125 \u20ac<\/td>\r\n<td class=\"temp3\">145 \u20ac<\/td>\r\n<td class=\"temp4\">185 \u20ac<\/td>\r\n<\/tr>\r\n<tr>\r\n<td>Cabane Nordique 4 p.<\/td>\r\n<td class=\"temp2\">135 \u20ac<\/td>\r\n<td class=\"temp3\">175 \u20ac<\/td>\r\n<td class=\"temp4\">215 \u20ac<\/td>\r\n<\/tr>\r\n<tr>\r\n<td>Cabane Nordique 5 p.<\/td>\r\n<td class=\"temp2\">155 \u20ac<\/td>\r\n<td class=\"temp3\">195 \u20ac<\/td>\r\n<td class=\"temp4\">245 \u20ac<\/td>\r\n<\/tr>\r\n<\/tbody>\r\n<\/table>\n\n\n\n<p class=\"has-small-font-size\">*10% TVA Comprise<\/p>\n\n\n\n<p class=\"has-very-light-gray-background-color has-background has-small-font-size\">* Le prix comprend le parking de la voiture et l\u2019utilisation de nos installations: piscine ext\u00e9rieure,\u00a0<strong>piscine couverte \/ chauff\u00e9e avec jacuzzis<\/strong>, terrain de footbal avec gazon artificiel, court de tennis, tables de ping-pong, aires de jeux pour enfants.<br>** Le jour de l\u2019arriv\u00e9e, le bungalow ou le mobilehome sera disponible \u00e0 partir de 15:00 h.<br>*** Le jour du d\u00e9part doit \u00eatre laiss\u00e9 libre avant 12:00 h. Vous pourrez rester au camping jusqu\u2019\u00e0 20h00 si vous le souhaitez.<\/p>\n\n\n\n<p><\/p>\n\n\n\n<p class=\"has-background has-small-font-size\" style=\"background-color:#fdf1e3\"><strong>POLITIQUE D\u2019ANNULATION:<\/strong><br>\u2013 ANNULATION GRATUITE, si vous annulez votre r\u00e9servation plus de 7 jours \u00e0 l\u2019avance, le camping retournera la totalit\u00e9 de vos paiements sur votre compte;<br>\u2013 Si vous annulez votre r\u00e9servation moins de 7 jours \u00e0 l\u2019avance, le camping gardera l\u2019int\u00e9gralit\u00e9 du paiement;<br>\u2013 Si vous ne vous pr\u00e9sentez pas ou vous devez reduire votre s\u00e9jour, apr\u00e8s le check-in, vous devrez payer le montant total de la r\u00e9servation initiale.<\/p>\n\n\n\n<p><\/p>\n\n\n\n<p><\/p>\n\n\n\n<p><br><\/p>\n","protected":false},"excerpt":{"rendered":"<p>*10% TVA<\/p>\n","protected":false},"author":1,"featured_media":63462,"parent":22900,"menu_order":2,"comment_status":"closed","ping_status":"closed","template":"","meta":{"_acf_changed":false,"footnotes":""},"class_list":["post-63450","page","type-page","status-publish","has-post-thumbnail","hentry"],"acf":[],"yoast_head":"<!-- This site is optimized with the Yoast SEO plugin v26.5 - https:\/\/yoast.com\/wordpress\/plugins\/seo\/ -->\n<title>Tarifs Cabane Nordique - Camping Pe\u00f1a Monta\u00f1esa<\/title>\n<meta name=\"description\" content=\"MEJOR TARIFA ONLINE, si lo encuentras mas barato como minimo te igualamos la oferta.\" \/>\n<meta name=\"robots\" content=\"index, follow, max-snippet:-1, max-image-preview:large, max-video-preview:-1\" \/>\n<link rel=\"canonical\" href=\"https:\/\/www.penamontanesa.com\/fr\/prix\/tarifas-cabana\/\" \/>\n<meta property=\"og:locale\" content=\"fr_FR\" \/>\n<meta property=\"og:type\" content=\"article\" \/>\n<meta property=\"og:title\" content=\"Tarifs Cabane Nordique - Camping Pe\u00f1a Monta\u00f1esa\" \/>\n<meta property=\"og:description\" content=\"MEJOR TARIFA ONLINE, si lo encuentras mas barato como minimo te igualamos la oferta.\" \/>\n<meta property=\"og:url\" content=\"https:\/\/www.penamontanesa.com\/fr\/prix\/tarifas-cabana\/\" \/>\n<meta property=\"og:site_name\" content=\"Camping Pe\u00f1a Monta\u00f1esa\" \/>\n<meta property=\"article:modified_time\" content=\"2026-03-08T03:48:51+00:00\" \/>\n<meta property=\"og:image\" content=\"https:\/\/www.penamontanesa.com\/wp-content\/uploads\/cabana-nordica-1024x683.png\" \/>\n\t<meta property=\"og:image:width\" content=\"1024\" \/>\n\t<meta property=\"og:image:height\" content=\"683\" \/>\n\t<meta property=\"og:image:type\" content=\"image\/png\" \/>\n<meta name=\"twitter:card\" content=\"summary_large_image\" \/>\n<meta name=\"twitter:label1\" content=\"Dur\u00e9e de lecture estim\u00e9e\" \/>\n\t<meta name=\"twitter:data1\" content=\"1 minute\" \/>\n<script type=\"application\/ld+json\" class=\"yoast-schema-graph\">{\"@context\":\"https:\/\/schema.org\",\"@graph\":[{\"@type\":\"WebPage\",\"@id\":\"https:\/\/www.penamontanesa.com\/fr\/prix\/tarifas-cabana\/\",\"url\":\"https:\/\/www.penamontanesa.com\/fr\/prix\/tarifas-cabana\/\",\"name\":\"Tarifs Cabane Nordique - Camping Pe\u00f1a Monta\u00f1esa\",\"isPartOf\":{\"@id\":\"https:\/\/www.penamontanesa.com\/fr\/#website\"},\"primaryImageOfPage\":{\"@id\":\"https:\/\/www.penamontanesa.com\/fr\/prix\/tarifas-cabana\/#primaryimage\"},\"image\":{\"@id\":\"https:\/\/www.penamontanesa.com\/fr\/prix\/tarifas-cabana\/#primaryimage\"},\"thumbnailUrl\":\"https:\/\/www.penamontanesa.com\/wp-content\/uploads\/cabana-nordica.png\",\"datePublished\":\"2026-01-28T23:09:20+00:00\",\"dateModified\":\"2026-03-08T03:48:51+00:00\",\"description\":\"MEJOR TARIFA ONLINE, si lo encuentras mas barato como minimo te igualamos la oferta.\",\"breadcrumb\":{\"@id\":\"https:\/\/www.penamontanesa.com\/fr\/prix\/tarifas-cabana\/#breadcrumb\"},\"inLanguage\":\"fr-FR\",\"potentialAction\":[{\"@type\":\"ReadAction\",\"target\":[\"https:\/\/www.penamontanesa.com\/fr\/prix\/tarifas-cabana\/\"]}]},{\"@type\":\"ImageObject\",\"inLanguage\":\"fr-FR\",\"@id\":\"https:\/\/www.penamontanesa.com\/fr\/prix\/tarifas-cabana\/#primaryimage\",\"url\":\"https:\/\/www.penamontanesa.com\/wp-content\/uploads\/cabana-nordica.png\",\"contentUrl\":\"https:\/\/www.penamontanesa.com\/wp-content\/uploads\/cabana-nordica.png\",\"width\":1536,\"height\":1024},{\"@type\":\"BreadcrumbList\",\"@id\":\"https:\/\/www.penamontanesa.com\/fr\/prix\/tarifas-cabana\/#breadcrumb\",\"itemListElement\":[{\"@type\":\"ListItem\",\"position\":1,\"name\":\"Portada\",\"item\":\"https:\/\/www.penamontanesa.com\/fr\/\"},{\"@type\":\"ListItem\",\"position\":2,\"name\":\"Prix\",\"item\":\"https:\/\/www.penamontanesa.com\/fr\/prix\/\"},{\"@type\":\"ListItem\",\"position\":3,\"name\":\"Tarifs Cabane Nordique\"}]},{\"@type\":\"WebSite\",\"@id\":\"https:\/\/www.penamontanesa.com\/fr\/#website\",\"url\":\"https:\/\/www.penamontanesa.com\/fr\/\",\"name\":\"Camping Pe\u00f1a Monta\u00f1esa\",\"description\":\"Camping y bungalows. Ainsa Pirineos. Parque Nacional de Ordesa y Monte Perdido.\",\"publisher\":{\"@id\":\"https:\/\/www.penamontanesa.com\/fr\/#organization\"},\"potentialAction\":[{\"@type\":\"SearchAction\",\"target\":{\"@type\":\"EntryPoint\",\"urlTemplate\":\"https:\/\/www.penamontanesa.com\/fr\/?s={search_term_string}\"},\"query-input\":{\"@type\":\"PropertyValueSpecification\",\"valueRequired\":true,\"valueName\":\"search_term_string\"}}],\"inLanguage\":\"fr-FR\"},{\"@type\":\"Organization\",\"@id\":\"https:\/\/www.penamontanesa.com\/fr\/#organization\",\"name\":\"Camping Pe\u00f1a Monta\u00f1esa\",\"url\":\"https:\/\/www.penamontanesa.com\/fr\/\",\"logo\":{\"@type\":\"ImageObject\",\"inLanguage\":\"fr-FR\",\"@id\":\"https:\/\/www.penamontanesa.com\/fr\/#\/schema\/logo\/image\/\",\"url\":\"https:\/\/www.penamontanesa.com\/wp-content\/uploads\/cropped-penamontanesa-logo-1-1.png\",\"contentUrl\":\"https:\/\/www.penamontanesa.com\/wp-content\/uploads\/cropped-penamontanesa-logo-1-1.png\",\"width\":420,\"height\":103,\"caption\":\"Camping Pe\u00f1a Monta\u00f1esa\"},\"image\":{\"@id\":\"https:\/\/www.penamontanesa.com\/fr\/#\/schema\/logo\/image\/\"}}]}<\/script>\n<!-- \/ Yoast SEO plugin. -->","yoast_head_json":{"title":"Tarifs Cabane Nordique - Camping Pe\u00f1a Monta\u00f1esa","description":"MEJOR TARIFA ONLINE, si lo encuentras mas barato como minimo te igualamos la oferta.","robots":{"index":"index","follow":"follow","max-snippet":"max-snippet:-1","max-image-preview":"max-image-preview:large","max-video-preview":"max-video-preview:-1"},"canonical":"https:\/\/www.penamontanesa.com\/fr\/prix\/tarifas-cabana\/","og_locale":"fr_FR","og_type":"article","og_title":"Tarifs Cabane Nordique - Camping Pe\u00f1a Monta\u00f1esa","og_description":"MEJOR TARIFA ONLINE, si lo encuentras mas barato como minimo te igualamos la oferta.","og_url":"https:\/\/www.penamontanesa.com\/fr\/prix\/tarifas-cabana\/","og_site_name":"Camping Pe\u00f1a Monta\u00f1esa","article_modified_time":"2026-03-08T03:48:51+00:00","og_image":[{"width":1024,"height":683,"url":"https:\/\/www.penamontanesa.com\/wp-content\/uploads\/cabana-nordica-1024x683.png","type":"image\/png"}],"twitter_card":"summary_large_image","twitter_misc":{"Dur\u00e9e de lecture estim\u00e9e":"1 minute"},"schema":{"@context":"https:\/\/schema.org","@graph":[{"@type":"WebPage","@id":"https:\/\/www.penamontanesa.com\/fr\/prix\/tarifas-cabana\/","url":"https:\/\/www.penamontanesa.com\/fr\/prix\/tarifas-cabana\/","name":"Tarifs Cabane Nordique - Camping Pe\u00f1a Monta\u00f1esa","isPartOf":{"@id":"https:\/\/www.penamontanesa.com\/fr\/#website"},"primaryImageOfPage":{"@id":"https:\/\/www.penamontanesa.com\/fr\/prix\/tarifas-cabana\/#primaryimage"},"image":{"@id":"https:\/\/www.penamontanesa.com\/fr\/prix\/tarifas-cabana\/#primaryimage"},"thumbnailUrl":"https:\/\/www.penamontanesa.com\/wp-content\/uploads\/cabana-nordica.png","datePublished":"2026-01-28T23:09:20+00:00","dateModified":"2026-03-08T03:48:51+00:00","description":"MEJOR TARIFA ONLINE, si lo encuentras mas barato como minimo te igualamos la oferta.","breadcrumb":{"@id":"https:\/\/www.penamontanesa.com\/fr\/prix\/tarifas-cabana\/#breadcrumb"},"inLanguage":"fr-FR","potentialAction":[{"@type":"ReadAction","target":["https:\/\/www.penamontanesa.com\/fr\/prix\/tarifas-cabana\/"]}]},{"@type":"ImageObject","inLanguage":"fr-FR","@id":"https:\/\/www.penamontanesa.com\/fr\/prix\/tarifas-cabana\/#primaryimage","url":"https:\/\/www.penamontanesa.com\/wp-content\/uploads\/cabana-nordica.png","contentUrl":"https:\/\/www.penamontanesa.com\/wp-content\/uploads\/cabana-nordica.png","width":1536,"height":1024},{"@type":"BreadcrumbList","@id":"https:\/\/www.penamontanesa.com\/fr\/prix\/tarifas-cabana\/#breadcrumb","itemListElement":[{"@type":"ListItem","position":1,"name":"Portada","item":"https:\/\/www.penamontanesa.com\/fr\/"},{"@type":"ListItem","position":2,"name":"Prix","item":"https:\/\/www.penamontanesa.com\/fr\/prix\/"},{"@type":"ListItem","position":3,"name":"Tarifs Cabane Nordique"}]},{"@type":"WebSite","@id":"https:\/\/www.penamontanesa.com\/fr\/#website","url":"https:\/\/www.penamontanesa.com\/fr\/","name":"Camping Pe\u00f1a Monta\u00f1esa","description":"Camping y bungalows. Ainsa Pirineos. Parque Nacional de Ordesa y Monte Perdido.","publisher":{"@id":"https:\/\/www.penamontanesa.com\/fr\/#organization"},"potentialAction":[{"@type":"SearchAction","target":{"@type":"EntryPoint","urlTemplate":"https:\/\/www.penamontanesa.com\/fr\/?s={search_term_string}"},"query-input":{"@type":"PropertyValueSpecification","valueRequired":true,"valueName":"search_term_string"}}],"inLanguage":"fr-FR"},{"@type":"Organization","@id":"https:\/\/www.penamontanesa.com\/fr\/#organization","name":"Camping Pe\u00f1a Monta\u00f1esa","url":"https:\/\/www.penamontanesa.com\/fr\/","logo":{"@type":"ImageObject","inLanguage":"fr-FR","@id":"https:\/\/www.penamontanesa.com\/fr\/#\/schema\/logo\/image\/","url":"https:\/\/www.penamontanesa.com\/wp-content\/uploads\/cropped-penamontanesa-logo-1-1.png","contentUrl":"https:\/\/www.penamontanesa.com\/wp-content\/uploads\/cropped-penamontanesa-logo-1-1.png","width":420,"height":103,"caption":"Camping Pe\u00f1a Monta\u00f1esa"},"image":{"@id":"https:\/\/www.penamontanesa.com\/fr\/#\/schema\/logo\/image\/"}}]}},"_links":{"self":[{"href":"https:\/\/www.penamontanesa.com\/fr\/wp-json\/wp\/v2\/pages\/63450","targetHints":{"allow":["GET"]}}],"collection":[{"href":"https:\/\/www.penamontanesa.com\/fr\/wp-json\/wp\/v2\/pages"}],"about":[{"href":"https:\/\/www.penamontanesa.com\/fr\/wp-json\/wp\/v2\/types\/page"}],"author":[{"embeddable":true,"href":"https:\/\/www.penamontanesa.com\/fr\/wp-json\/wp\/v2\/users\/1"}],"replies":[{"embeddable":true,"href":"https:\/\/www.penamontanesa.com\/fr\/wp-json\/wp\/v2\/comments?post=63450"}],"version-history":[{"count":5,"href":"https:\/\/www.penamontanesa.com\/fr\/wp-json\/wp\/v2\/pages\/63450\/revisions"}],"predecessor-version":[{"id":63651,"href":"https:\/\/www.penamontanesa.com\/fr\/wp-json\/wp\/v2\/pages\/63450\/revisions\/63651"}],"up":[{"embeddable":true,"href":"https:\/\/www.penamontanesa.com\/fr\/wp-json\/wp\/v2\/pages\/22900"}],"wp:featuredmedia":[{"embeddable":true,"href":"https:\/\/www.penamontanesa.com\/fr\/wp-json\/wp\/v2\/media\/63462"}],"wp:attachment":[{"href":"https:\/\/www.penamontanesa.com\/fr\/wp-json\/wp\/v2\/media?parent=63450"}],"curies":[{"name":"wp","href":"https:\/\/api.w.org\/{rel}","templated":true}]}}