{"id":23032,"date":"2019-01-31T15:12:22","date_gmt":"2019-01-31T14:12:22","guid":{"rendered":"https:\/\/www.penamontanesa.com\/kontakt\/"},"modified":"2022-10-03T10:01:55","modified_gmt":"2022-10-03T08:01:55","slug":"contact","status":"publish","type":"page","link":"https:\/\/www.penamontanesa.com\/nl\/contact\/","title":{"rendered":"Contact"},"content":{"rendered":"\n<div class=\"wp-block-columns has-2-columns is-layout-flex wp-container-core-columns-is-layout-9d6595d7 wp-block-columns-is-layout-flex\">\n<div class=\"wp-block-column is-layout-flow wp-block-column-is-layout-flow\">\n<div class=\"wpcf7 no-js\" id=\"wpcf7-f18642-o1\" lang=\"nl-NL\" dir=\"ltr\" data-wpcf7-id=\"18642\">\n<div class=\"screen-reader-response\"><p role=\"status\" aria-live=\"polite\" aria-atomic=\"true\"><\/p> <ul><\/ul><\/div>\n<form action=\"\/nl\/wp-json\/wp\/v2\/pages\/23032#wpcf7-f18642-o1\" method=\"post\" class=\"wpcf7-form init\" aria-label=\"Contactformulier\" novalidate=\"novalidate\" data-status=\"init\">\n<fieldset class=\"hidden-fields-container\"><input type=\"hidden\" name=\"_wpcf7\" value=\"18642\" \/><input type=\"hidden\" name=\"_wpcf7_version\" value=\"6.1.4\" \/><input type=\"hidden\" name=\"_wpcf7_locale\" value=\"nl_NL\" \/><input type=\"hidden\" name=\"_wpcf7_unit_tag\" value=\"wpcf7-f18642-o1\" \/><input type=\"hidden\" name=\"_wpcf7_container_post\" value=\"0\" \/><input type=\"hidden\" name=\"_wpcf7_posted_data_hash\" value=\"\" \/><input type=\"hidden\" name=\"_wpcf7_recaptcha_response\" value=\"\" \/>\n<\/fieldset>\n<div class=\"columna-wrapper\">\n\t<div class=\"col1-2\">\n\t\t<p><span class=\"wpcf7-form-control-wrap\" data-name=\"cont-nombre\"><input size=\"40\" maxlength=\"400\" class=\"wpcf7-form-control wpcf7-text wpcf7-validates-as-required\" aria-required=\"true\" aria-invalid=\"false\" placeholder=\"Naam\" value=\"\" type=\"text\" name=\"cont-nombre\" \/><\/span>\n\t\t<\/p>\n\t<\/div>\n\t<div class=\"col1-2\">\n\t\t<p><span class=\"wpcf7-form-control-wrap\" data-name=\"cont-email\"><input size=\"40\" maxlength=\"400\" class=\"wpcf7-form-control wpcf7-email wpcf7-validates-as-required wpcf7-text wpcf7-validates-as-email\" aria-required=\"true\" aria-invalid=\"false\" placeholder=\"Email\" value=\"\" type=\"email\" name=\"cont-email\" \/><\/span>\n\t\t<\/p>\n\t<\/div>\n<\/div>\n<p><span class=\"wpcf7-form-control-wrap\" data-name=\"cont-consulta\"><textarea cols=\"40\" rows=\"10\" maxlength=\"2000\" class=\"wpcf7-form-control wpcf7-textarea wpcf7-validates-as-required\" aria-required=\"true\" aria-invalid=\"false\" placeholder=\"Bericht\" name=\"cont-consulta\"><\/textarea><\/span>\n<\/p>\n<div class=\"infobox\">\n\t<p>In accordance with the regulations in force in protection of personal data, Regulation (EU) 2016\/679 of April 27 (GDPR) and Organic Law (ES) 15\/1999 of December 13 (LOPD) we inform you that The Responsible for the Treatment is: Camping Pe\u00f1a Monta\u00f1esa, Ctra. A\u00ednsa-Francia, Km. 2 &#8211; 22360 LABUERDA-AINSA (HUESCA). Email: info@penamontanesa.com\r\n\r\nIn the name of the Camping Pe\u00f1a Monta\u00f1esa, we treat the information you provide us with the purpose of sending you advertising related to our products by any means (postal, email or telephone and wasap) and invite you to events organized by the company. The data provided will be kept until you request the end of the activities (Suppression). The data will not be transferred to third parties except in cases where there is a legal obligation and automated decisions will not be made. You have the right to obtain confirmation of whether we are treating your personal data at Camping Pe\u00f1a Monta\u00f1esa, therefore you have the right to access your personal data, correct inaccurate data or request deletion when the data is no longer necessary for the purpose in which they were collected, and in certain occasions they can request the limitation and \/ or opposition of the same, as well as their portability and withdraw their consent.\r\n\r\nFor this purpose, you may send a letter to the email address mentioned above.\r\n\r\nIn addition, the interested party can consult us about any questions regarding the processing of their data, or contact the competent Data Protection Control Authority (AEPD) to obtain additional information or file a claim.\r\n\r\nThe legitimation is for the consent that we request and you grant us explicitly with the acceptance of the conditions of this document.\n\t<\/p>\n<\/div>\n<div class=\"columna-wrapper\">\n\t<div class=\"col2-3\">\n\t\t<p><span class=\"wpcf7-form-control-wrap\" data-name=\"privacidad\"><span class=\"wpcf7-form-control wpcf7-acceptance\"><span class=\"wpcf7-list-item\"><label><input type=\"checkbox\" name=\"privacidad\" value=\"1\" aria-invalid=\"false\" \/><span class=\"wpcf7-list-item-label\">Ik heb het <a class=\"open-popup-link\" href=\"#politica\">privacybeleid gelezen en ga hiermee akkoord<\/a>.<\/span><\/label><\/span><\/span><\/span>\n\t\t<\/p>\n\t<\/div>\n\t<div class=\"col1-3\">\n\t\t<p><button id='submit' class='wpcf7-form-control wpcf7-submit button'>Verzend onderzoek<\/button>\n\t\t<\/p>\n\t<\/div>\n<\/div>\n<div id=\"politica\" class=\"white-popup mfp-hide\">\n\t<p><p>In accordance with the regulations in force in protection of personal data, Regulation (EU) 2016\/679 of April 27 (GDPR) and Organic Law (ES) 15\/1999 of December 13 (LOPD) we inform you that The Responsible for the Treatment is: Camping Pe\u00f1a Monta\u00f1esa, Ctra. A\u00ednsa-Francia, Km. 2 &#8211; 22360 LABUERDA-AINSA (HUESCA). Email: info@penamontanesa.com<\/p>\n<p>In the name of the Camping Pe\u00f1a Monta\u00f1esa, we treat the information you provide us with the purpose of sending you advertising related to our products by any means (postal, email or telephone and wasap) and invite you to events organized by the company. The data provided will be kept until you request the end of the activities (Suppression). The data will not be transferred to third parties except in cases where there is a legal obligation and automated decisions will not be made. You have the right to obtain confirmation of whether we are treating your personal data at Camping Pe\u00f1a Monta\u00f1esa, therefore you have the right to access your personal data, correct inaccurate data or request deletion when the data is no longer necessary for the purpose in which they were collected, and in certain occasions they can request the limitation and \/ or opposition of the same, as well as their portability and withdraw their consent.<\/p>\n<p>For this purpose, you may send a letter to the email address mentioned above.<\/p>\n<p>In addition, the interested party can consult us about any questions regarding the processing of their data, or contact the competent Data Protection Control Authority (AEPD) to obtain additional information or file a claim.<\/p>\n<p>The legitimation is for the consent that we request and you grant us explicitly with the acceptance of the conditions of this document.<\/p>\n\n\t<\/p>\n<\/div><input type='hidden' class='wpcf7-pum' value='{\"closepopup\":false,\"closedelay\":0,\"openpopup\":false,\"openpopup_id\":0}' \/><div class=\"wpcf7-response-output\" aria-hidden=\"true\"><\/div>\n<\/form>\n<\/div>\n\n<\/div>\n\n\n\n<div class=\"wp-block-column is-layout-flow wp-block-column-is-layout-flow\">\n<figure class=\"wp-block-image\"><img loading=\"lazy\" decoding=\"async\" width=\"1024\" height=\"683\" src=\"https:\/\/www.penamontanesa.com\/wp-content\/uploads\/mg-8948-1024x683.jpg\" alt=\"\" class=\"wp-image-20245\" srcset=\"https:\/\/www.penamontanesa.com\/wp-content\/uploads\/mg-8948-1024x683.jpg 1024w, https:\/\/www.penamontanesa.com\/wp-content\/uploads\/mg-8948-300x200.jpg 300w, https:\/\/www.penamontanesa.com\/wp-content\/uploads\/mg-8948-1350x900.jpg 1350w, https:\/\/www.penamontanesa.com\/wp-content\/uploads\/mg-8948-90x60.jpg 90w, https:\/\/www.penamontanesa.com\/wp-content\/uploads\/mg-8948-240x160.jpg 240w, https:\/\/www.penamontanesa.com\/wp-content\/uploads\/mg-8948-1400x933.jpg 1400w, https:\/\/www.penamontanesa.com\/wp-content\/uploads\/mg-8948.jpg 2048w\" sizes=\"auto, (max-width: 1024px) 100vw, 1024px\" \/><figcaption>  Onze openingstijden van de receptie zijn vanaf <strong>08:00 uur. tot 22:30 uur<\/strong><br><\/figcaption><\/figure>\n\n\n\n<p><\/p>\n<\/div>\n<\/div>\n","protected":false},"excerpt":{"rendered":"","protected":false},"author":1,"featured_media":23033,"parent":0,"menu_order":8,"comment_status":"closed","ping_status":"closed","template":"","meta":{"_acf_changed":false,"footnotes":""},"class_list":["post-23032","page","type-page","status-publish","has-post-thumbnail","hentry"],"acf":[],"yoast_head":"<!-- This site is optimized with the Yoast SEO plugin v26.5 - https:\/\/yoast.com\/wordpress\/plugins\/seo\/ -->\n<title>Contact - Camping Pe\u00f1a Monta\u00f1esa<\/title>\n<meta name=\"robots\" content=\"index, follow, max-snippet:-1, max-image-preview:large, max-video-preview:-1\" \/>\n<link rel=\"canonical\" href=\"https:\/\/www.penamontanesa.com\/nl\/contact\/\" \/>\n<meta property=\"og:locale\" content=\"nl_NL\" \/>\n<meta property=\"og:type\" content=\"article\" \/>\n<meta property=\"og:title\" content=\"Contact - Camping Pe\u00f1a Monta\u00f1esa\" \/>\n<meta property=\"og:url\" content=\"https:\/\/www.penamontanesa.com\/nl\/contact\/\" \/>\n<meta property=\"og:site_name\" content=\"Camping Pe\u00f1a Monta\u00f1esa\" \/>\n<meta property=\"article:modified_time\" content=\"2022-10-03T08:01:55+00:00\" \/>\n<meta property=\"og:image\" content=\"https:\/\/www.penamontanesa.com\/wp-content\/uploads\/campingpenamontanesa-junio2010-11-e1548945366685.jpg\" \/>\n\t<meta property=\"og:image:width\" content=\"2048\" \/>\n\t<meta property=\"og:image:height\" content=\"593\" \/>\n\t<meta property=\"og:image:type\" content=\"image\/jpeg\" \/>\n<meta name=\"twitter:card\" content=\"summary_large_image\" \/>\n<script type=\"application\/ld+json\" class=\"yoast-schema-graph\">{\"@context\":\"https:\/\/schema.org\",\"@graph\":[{\"@type\":\"WebPage\",\"@id\":\"https:\/\/www.penamontanesa.com\/nl\/contact\/\",\"url\":\"https:\/\/www.penamontanesa.com\/nl\/contact\/\",\"name\":\"Contact - Camping Pe\u00f1a Monta\u00f1esa\",\"isPartOf\":{\"@id\":\"https:\/\/www.penamontanesa.com\/nl\/#website\"},\"primaryImageOfPage\":{\"@id\":\"https:\/\/www.penamontanesa.com\/nl\/contact\/#primaryimage\"},\"image\":{\"@id\":\"https:\/\/www.penamontanesa.com\/nl\/contact\/#primaryimage\"},\"thumbnailUrl\":\"https:\/\/www.penamontanesa.com\/wp-content\/uploads\/campingpenamontanesa-junio2010-11-e1548945366685.jpg\",\"datePublished\":\"2019-01-31T14:12:22+00:00\",\"dateModified\":\"2022-10-03T08:01:55+00:00\",\"breadcrumb\":{\"@id\":\"https:\/\/www.penamontanesa.com\/nl\/contact\/#breadcrumb\"},\"inLanguage\":\"nl-NL\",\"potentialAction\":[{\"@type\":\"ReadAction\",\"target\":[\"https:\/\/www.penamontanesa.com\/nl\/contact\/\"]}]},{\"@type\":\"ImageObject\",\"inLanguage\":\"nl-NL\",\"@id\":\"https:\/\/www.penamontanesa.com\/nl\/contact\/#primaryimage\",\"url\":\"https:\/\/www.penamontanesa.com\/wp-content\/uploads\/campingpenamontanesa-junio2010-11-e1548945366685.jpg\",\"contentUrl\":\"https:\/\/www.penamontanesa.com\/wp-content\/uploads\/campingpenamontanesa-junio2010-11-e1548945366685.jpg\",\"width\":2048,\"height\":593},{\"@type\":\"BreadcrumbList\",\"@id\":\"https:\/\/www.penamontanesa.com\/nl\/contact\/#breadcrumb\",\"itemListElement\":[{\"@type\":\"ListItem\",\"position\":1,\"name\":\"Portada\",\"item\":\"https:\/\/www.penamontanesa.com\/nl\/\"},{\"@type\":\"ListItem\",\"position\":2,\"name\":\"Contact\"}]},{\"@type\":\"WebSite\",\"@id\":\"https:\/\/www.penamontanesa.com\/nl\/#website\",\"url\":\"https:\/\/www.penamontanesa.com\/nl\/\",\"name\":\"Camping Pe\u00f1a Monta\u00f1esa\",\"description\":\"Camping y bungalows. Ainsa Pirineos. Parque Nacional de Ordesa y Monte Perdido.\",\"publisher\":{\"@id\":\"https:\/\/www.penamontanesa.com\/nl\/#organization\"},\"potentialAction\":[{\"@type\":\"SearchAction\",\"target\":{\"@type\":\"EntryPoint\",\"urlTemplate\":\"https:\/\/www.penamontanesa.com\/nl\/?s={search_term_string}\"},\"query-input\":{\"@type\":\"PropertyValueSpecification\",\"valueRequired\":true,\"valueName\":\"search_term_string\"}}],\"inLanguage\":\"nl-NL\"},{\"@type\":\"Organization\",\"@id\":\"https:\/\/www.penamontanesa.com\/nl\/#organization\",\"name\":\"Camping Pe\u00f1a Monta\u00f1esa\",\"url\":\"https:\/\/www.penamontanesa.com\/nl\/\",\"logo\":{\"@type\":\"ImageObject\",\"inLanguage\":\"nl-NL\",\"@id\":\"https:\/\/www.penamontanesa.com\/nl\/#\/schema\/logo\/image\/\",\"url\":\"https:\/\/www.penamontanesa.com\/wp-content\/uploads\/cropped-penamontanesa-logo-1-1.png\",\"contentUrl\":\"https:\/\/www.penamontanesa.com\/wp-content\/uploads\/cropped-penamontanesa-logo-1-1.png\",\"width\":420,\"height\":103,\"caption\":\"Camping Pe\u00f1a Monta\u00f1esa\"},\"image\":{\"@id\":\"https:\/\/www.penamontanesa.com\/nl\/#\/schema\/logo\/image\/\"}}]}<\/script>\n<!-- \/ Yoast SEO plugin. -->","yoast_head_json":{"title":"Contact - Camping Pe\u00f1a Monta\u00f1esa","robots":{"index":"index","follow":"follow","max-snippet":"max-snippet:-1","max-image-preview":"max-image-preview:large","max-video-preview":"max-video-preview:-1"},"canonical":"https:\/\/www.penamontanesa.com\/nl\/contact\/","og_locale":"nl_NL","og_type":"article","og_title":"Contact - Camping Pe\u00f1a Monta\u00f1esa","og_url":"https:\/\/www.penamontanesa.com\/nl\/contact\/","og_site_name":"Camping Pe\u00f1a Monta\u00f1esa","article_modified_time":"2022-10-03T08:01:55+00:00","og_image":[{"width":2048,"height":593,"url":"https:\/\/www.penamontanesa.com\/wp-content\/uploads\/campingpenamontanesa-junio2010-11-e1548945366685.jpg","type":"image\/jpeg"}],"twitter_card":"summary_large_image","schema":{"@context":"https:\/\/schema.org","@graph":[{"@type":"WebPage","@id":"https:\/\/www.penamontanesa.com\/nl\/contact\/","url":"https:\/\/www.penamontanesa.com\/nl\/contact\/","name":"Contact - Camping Pe\u00f1a Monta\u00f1esa","isPartOf":{"@id":"https:\/\/www.penamontanesa.com\/nl\/#website"},"primaryImageOfPage":{"@id":"https:\/\/www.penamontanesa.com\/nl\/contact\/#primaryimage"},"image":{"@id":"https:\/\/www.penamontanesa.com\/nl\/contact\/#primaryimage"},"thumbnailUrl":"https:\/\/www.penamontanesa.com\/wp-content\/uploads\/campingpenamontanesa-junio2010-11-e1548945366685.jpg","datePublished":"2019-01-31T14:12:22+00:00","dateModified":"2022-10-03T08:01:55+00:00","breadcrumb":{"@id":"https:\/\/www.penamontanesa.com\/nl\/contact\/#breadcrumb"},"inLanguage":"nl-NL","potentialAction":[{"@type":"ReadAction","target":["https:\/\/www.penamontanesa.com\/nl\/contact\/"]}]},{"@type":"ImageObject","inLanguage":"nl-NL","@id":"https:\/\/www.penamontanesa.com\/nl\/contact\/#primaryimage","url":"https:\/\/www.penamontanesa.com\/wp-content\/uploads\/campingpenamontanesa-junio2010-11-e1548945366685.jpg","contentUrl":"https:\/\/www.penamontanesa.com\/wp-content\/uploads\/campingpenamontanesa-junio2010-11-e1548945366685.jpg","width":2048,"height":593},{"@type":"BreadcrumbList","@id":"https:\/\/www.penamontanesa.com\/nl\/contact\/#breadcrumb","itemListElement":[{"@type":"ListItem","position":1,"name":"Portada","item":"https:\/\/www.penamontanesa.com\/nl\/"},{"@type":"ListItem","position":2,"name":"Contact"}]},{"@type":"WebSite","@id":"https:\/\/www.penamontanesa.com\/nl\/#website","url":"https:\/\/www.penamontanesa.com\/nl\/","name":"Camping Pe\u00f1a Monta\u00f1esa","description":"Camping y bungalows. Ainsa Pirineos. Parque Nacional de Ordesa y Monte Perdido.","publisher":{"@id":"https:\/\/www.penamontanesa.com\/nl\/#organization"},"potentialAction":[{"@type":"SearchAction","target":{"@type":"EntryPoint","urlTemplate":"https:\/\/www.penamontanesa.com\/nl\/?s={search_term_string}"},"query-input":{"@type":"PropertyValueSpecification","valueRequired":true,"valueName":"search_term_string"}}],"inLanguage":"nl-NL"},{"@type":"Organization","@id":"https:\/\/www.penamontanesa.com\/nl\/#organization","name":"Camping Pe\u00f1a Monta\u00f1esa","url":"https:\/\/www.penamontanesa.com\/nl\/","logo":{"@type":"ImageObject","inLanguage":"nl-NL","@id":"https:\/\/www.penamontanesa.com\/nl\/#\/schema\/logo\/image\/","url":"https:\/\/www.penamontanesa.com\/wp-content\/uploads\/cropped-penamontanesa-logo-1-1.png","contentUrl":"https:\/\/www.penamontanesa.com\/wp-content\/uploads\/cropped-penamontanesa-logo-1-1.png","width":420,"height":103,"caption":"Camping Pe\u00f1a Monta\u00f1esa"},"image":{"@id":"https:\/\/www.penamontanesa.com\/nl\/#\/schema\/logo\/image\/"}}]}},"_links":{"self":[{"href":"https:\/\/www.penamontanesa.com\/nl\/wp-json\/wp\/v2\/pages\/23032","targetHints":{"allow":["GET"]}}],"collection":[{"href":"https:\/\/www.penamontanesa.com\/nl\/wp-json\/wp\/v2\/pages"}],"about":[{"href":"https:\/\/www.penamontanesa.com\/nl\/wp-json\/wp\/v2\/types\/page"}],"author":[{"embeddable":true,"href":"https:\/\/www.penamontanesa.com\/nl\/wp-json\/wp\/v2\/users\/1"}],"replies":[{"embeddable":true,"href":"https:\/\/www.penamontanesa.com\/nl\/wp-json\/wp\/v2\/comments?post=23032"}],"version-history":[{"count":2,"href":"https:\/\/www.penamontanesa.com\/nl\/wp-json\/wp\/v2\/pages\/23032\/revisions"}],"predecessor-version":[{"id":45152,"href":"https:\/\/www.penamontanesa.com\/nl\/wp-json\/wp\/v2\/pages\/23032\/revisions\/45152"}],"wp:featuredmedia":[{"embeddable":true,"href":"https:\/\/www.penamontanesa.com\/nl\/wp-json\/wp\/v2\/media\/23033"}],"wp:attachment":[{"href":"https:\/\/www.penamontanesa.com\/nl\/wp-json\/wp\/v2\/media?parent=23032"}],"curies":[{"name":"wp","href":"https:\/\/api.w.org\/{rel}","templated":true}]}}