{"id":23454,"date":"2019-02-04T09:56:51","date_gmt":"2019-02-04T08:56:51","guid":{"rendered":"https:\/\/www.penamontanesa.com\/activiteiten\/excursies-vanaf-de-camping\/excursion-ainsa\/"},"modified":"2019-04-28T12:42:26","modified_gmt":"2019-04-28T10:42:26","slug":"ainsa-excursie","status":"publish","type":"page","link":"https:\/\/www.penamontanesa.com\/nl\/activiteiten\/excursies-vanaf-de-camping\/ainsa-excursie\/","title":{"rendered":"Wandeling a Ainsa"},"content":{"rendered":"\n<p>Het plaatsje A\u00ednsa, uitgeroepen tot Nationaal Monument in 1965, is gelegen op een plek van groot historisch belang. Omgeven door beide natuurgebieden zoals het Nationaal Park Ordesa y Monte Perdido en het Natuurpark los Ca\u00f1ones y la sierra de Guara. <br><\/p>\n\n\n\n<p>In de oude dorpskern bevinden zich gebouwen van grote historisch-kunstzinnige waarde zoals de ru\u00efne van de oude burcht gedateerd uit de 11e eeuw, de Plaza Mayor welke terug gaat tot de oorsprong in de 11e en 12e eeuw. De straatjes met de oude gerestaureerde huizen zijn een weergave van de oude dorpskern in een prachtig middeleeuwse sfeer. <br><\/p>\n\n\n\n<p> De beide rivieren Cinca en Ara doorkruisen het dorp en komen samen uit in het stuwmeer Mediano, waarop U een schitterend uitzicht heeft. <\/p>\n\n\n\n<p style=\"background-color:#d3e5cf\" class=\"has-background\"><strong>Reisbeschrijving:<\/strong>  Vertrekkend vanaf de camping richting het hotel, steekt U de weg over en neemt U het pad dat naar de Cruz Cubierta gaat, vervolgt U het pad om bij de burcht en de oude dorpskern te komen. <br><\/p>\n","protected":false},"excerpt":{"rendered":"<p>Het plaatsje A\u00ednsa, uitgeroepen tot Nationaal Monument in 1965, is [&hellip;]<\/p>\n","protected":false},"author":1,"featured_media":22519,"parent":23387,"menu_order":1,"comment_status":"closed","ping_status":"closed","template":"","meta":{"_acf_changed":false,"footnotes":""},"class_list":["post-23454","page","type-page","status-publish","has-post-thumbnail","hentry"],"acf":[],"yoast_head":"<!-- This site is optimized with the Yoast SEO plugin v26.5 - https:\/\/yoast.com\/wordpress\/plugins\/seo\/ -->\n<title>Wandeling a Ainsa - Camping Pe\u00f1a Monta\u00f1esa<\/title>\n<meta name=\"robots\" content=\"index, follow, max-snippet:-1, max-image-preview:large, max-video-preview:-1\" \/>\n<link rel=\"canonical\" href=\"https:\/\/www.penamontanesa.com\/nl\/activiteiten\/excursies-vanaf-de-camping\/ainsa-excursie\/\" \/>\n<meta property=\"og:locale\" content=\"nl_NL\" \/>\n<meta property=\"og:type\" content=\"article\" \/>\n<meta property=\"og:title\" content=\"Wandeling a Ainsa - Camping Pe\u00f1a Monta\u00f1esa\" \/>\n<meta property=\"og:description\" content=\"Het plaatsje A\u00ednsa, uitgeroepen tot Nationaal Monument in 1965, is [&hellip;]\" \/>\n<meta property=\"og:url\" content=\"https:\/\/www.penamontanesa.com\/nl\/activiteiten\/excursies-vanaf-de-camping\/ainsa-excursie\/\" \/>\n<meta property=\"og:site_name\" content=\"Camping Pe\u00f1a Monta\u00f1esa\" \/>\n<meta property=\"article:modified_time\" content=\"2019-04-28T10:42:26+00:00\" \/>\n<meta property=\"og:image\" content=\"https:\/\/www.penamontanesa.com\/wp-content\/uploads\/1280px-ainsa-m1-e1548949770620.jpg\" \/>\n\t<meta property=\"og:image:width\" content=\"1280\" \/>\n\t<meta property=\"og:image:height\" content=\"492\" \/>\n\t<meta property=\"og:image:type\" content=\"image\/jpeg\" \/>\n<meta name=\"twitter:card\" content=\"summary_large_image\" \/>\n<meta name=\"twitter:label1\" content=\"Geschatte leestijd\" \/>\n\t<meta name=\"twitter:data1\" content=\"1 minuut\" \/>\n<script type=\"application\/ld+json\" class=\"yoast-schema-graph\">{\"@context\":\"https:\/\/schema.org\",\"@graph\":[{\"@type\":\"WebPage\",\"@id\":\"https:\/\/www.penamontanesa.com\/nl\/activiteiten\/excursies-vanaf-de-camping\/ainsa-excursie\/\",\"url\":\"https:\/\/www.penamontanesa.com\/nl\/activiteiten\/excursies-vanaf-de-camping\/ainsa-excursie\/\",\"name\":\"Wandeling a Ainsa - Camping Pe\u00f1a Monta\u00f1esa\",\"isPartOf\":{\"@id\":\"https:\/\/www.penamontanesa.com\/nl\/#website\"},\"primaryImageOfPage\":{\"@id\":\"https:\/\/www.penamontanesa.com\/nl\/activiteiten\/excursies-vanaf-de-camping\/ainsa-excursie\/#primaryimage\"},\"image\":{\"@id\":\"https:\/\/www.penamontanesa.com\/nl\/activiteiten\/excursies-vanaf-de-camping\/ainsa-excursie\/#primaryimage\"},\"thumbnailUrl\":\"https:\/\/www.penamontanesa.com\/wp-content\/uploads\/1280px-ainsa-m1-e1548949770620.jpg\",\"datePublished\":\"2019-02-04T08:56:51+00:00\",\"dateModified\":\"2019-04-28T10:42:26+00:00\",\"breadcrumb\":{\"@id\":\"https:\/\/www.penamontanesa.com\/nl\/activiteiten\/excursies-vanaf-de-camping\/ainsa-excursie\/#breadcrumb\"},\"inLanguage\":\"nl-NL\",\"potentialAction\":[{\"@type\":\"ReadAction\",\"target\":[\"https:\/\/www.penamontanesa.com\/nl\/activiteiten\/excursies-vanaf-de-camping\/ainsa-excursie\/\"]}]},{\"@type\":\"ImageObject\",\"inLanguage\":\"nl-NL\",\"@id\":\"https:\/\/www.penamontanesa.com\/nl\/activiteiten\/excursies-vanaf-de-camping\/ainsa-excursie\/#primaryimage\",\"url\":\"https:\/\/www.penamontanesa.com\/wp-content\/uploads\/1280px-ainsa-m1-e1548949770620.jpg\",\"contentUrl\":\"https:\/\/www.penamontanesa.com\/wp-content\/uploads\/1280px-ainsa-m1-e1548949770620.jpg\",\"width\":1280,\"height\":492},{\"@type\":\"BreadcrumbList\",\"@id\":\"https:\/\/www.penamontanesa.com\/nl\/activiteiten\/excursies-vanaf-de-camping\/ainsa-excursie\/#breadcrumb\",\"itemListElement\":[{\"@type\":\"ListItem\",\"position\":1,\"name\":\"Portada\",\"item\":\"https:\/\/www.penamontanesa.com\/nl\/\"},{\"@type\":\"ListItem\",\"position\":2,\"name\":\"Activiteiten\",\"item\":\"https:\/\/www.penamontanesa.com\/nl\/activiteiten\/\"},{\"@type\":\"ListItem\",\"position\":3,\"name\":\"Excursies vanaf de camping\",\"item\":\"https:\/\/www.penamontanesa.com\/nl\/activiteiten\/excursies-vanaf-de-camping\/\"},{\"@type\":\"ListItem\",\"position\":4,\"name\":\"Wandeling a Ainsa\"}]},{\"@type\":\"WebSite\",\"@id\":\"https:\/\/www.penamontanesa.com\/nl\/#website\",\"url\":\"https:\/\/www.penamontanesa.com\/nl\/\",\"name\":\"Camping Pe\u00f1a Monta\u00f1esa\",\"description\":\"Camping y bungalows. Ainsa Pirineos. Parque Nacional de Ordesa y Monte Perdido.\",\"publisher\":{\"@id\":\"https:\/\/www.penamontanesa.com\/nl\/#organization\"},\"potentialAction\":[{\"@type\":\"SearchAction\",\"target\":{\"@type\":\"EntryPoint\",\"urlTemplate\":\"https:\/\/www.penamontanesa.com\/nl\/?s={search_term_string}\"},\"query-input\":{\"@type\":\"PropertyValueSpecification\",\"valueRequired\":true,\"valueName\":\"search_term_string\"}}],\"inLanguage\":\"nl-NL\"},{\"@type\":\"Organization\",\"@id\":\"https:\/\/www.penamontanesa.com\/nl\/#organization\",\"name\":\"Camping Pe\u00f1a Monta\u00f1esa\",\"url\":\"https:\/\/www.penamontanesa.com\/nl\/\",\"logo\":{\"@type\":\"ImageObject\",\"inLanguage\":\"nl-NL\",\"@id\":\"https:\/\/www.penamontanesa.com\/nl\/#\/schema\/logo\/image\/\",\"url\":\"https:\/\/www.penamontanesa.com\/wp-content\/uploads\/cropped-penamontanesa-logo-1-1.png\",\"contentUrl\":\"https:\/\/www.penamontanesa.com\/wp-content\/uploads\/cropped-penamontanesa-logo-1-1.png\",\"width\":420,\"height\":103,\"caption\":\"Camping Pe\u00f1a Monta\u00f1esa\"},\"image\":{\"@id\":\"https:\/\/www.penamontanesa.com\/nl\/#\/schema\/logo\/image\/\"}}]}<\/script>\n<!-- \/ Yoast SEO plugin. -->","yoast_head_json":{"title":"Wandeling a Ainsa - Camping Pe\u00f1a Monta\u00f1esa","robots":{"index":"index","follow":"follow","max-snippet":"max-snippet:-1","max-image-preview":"max-image-preview:large","max-video-preview":"max-video-preview:-1"},"canonical":"https:\/\/www.penamontanesa.com\/nl\/activiteiten\/excursies-vanaf-de-camping\/ainsa-excursie\/","og_locale":"nl_NL","og_type":"article","og_title":"Wandeling a Ainsa - Camping Pe\u00f1a Monta\u00f1esa","og_description":"Het plaatsje A\u00ednsa, uitgeroepen tot Nationaal Monument in 1965, is [&hellip;]","og_url":"https:\/\/www.penamontanesa.com\/nl\/activiteiten\/excursies-vanaf-de-camping\/ainsa-excursie\/","og_site_name":"Camping Pe\u00f1a Monta\u00f1esa","article_modified_time":"2019-04-28T10:42:26+00:00","og_image":[{"width":1280,"height":492,"url":"https:\/\/www.penamontanesa.com\/wp-content\/uploads\/1280px-ainsa-m1-e1548949770620.jpg","type":"image\/jpeg"}],"twitter_card":"summary_large_image","twitter_misc":{"Geschatte leestijd":"1 minuut"},"schema":{"@context":"https:\/\/schema.org","@graph":[{"@type":"WebPage","@id":"https:\/\/www.penamontanesa.com\/nl\/activiteiten\/excursies-vanaf-de-camping\/ainsa-excursie\/","url":"https:\/\/www.penamontanesa.com\/nl\/activiteiten\/excursies-vanaf-de-camping\/ainsa-excursie\/","name":"Wandeling a Ainsa - Camping Pe\u00f1a Monta\u00f1esa","isPartOf":{"@id":"https:\/\/www.penamontanesa.com\/nl\/#website"},"primaryImageOfPage":{"@id":"https:\/\/www.penamontanesa.com\/nl\/activiteiten\/excursies-vanaf-de-camping\/ainsa-excursie\/#primaryimage"},"image":{"@id":"https:\/\/www.penamontanesa.com\/nl\/activiteiten\/excursies-vanaf-de-camping\/ainsa-excursie\/#primaryimage"},"thumbnailUrl":"https:\/\/www.penamontanesa.com\/wp-content\/uploads\/1280px-ainsa-m1-e1548949770620.jpg","datePublished":"2019-02-04T08:56:51+00:00","dateModified":"2019-04-28T10:42:26+00:00","breadcrumb":{"@id":"https:\/\/www.penamontanesa.com\/nl\/activiteiten\/excursies-vanaf-de-camping\/ainsa-excursie\/#breadcrumb"},"inLanguage":"nl-NL","potentialAction":[{"@type":"ReadAction","target":["https:\/\/www.penamontanesa.com\/nl\/activiteiten\/excursies-vanaf-de-camping\/ainsa-excursie\/"]}]},{"@type":"ImageObject","inLanguage":"nl-NL","@id":"https:\/\/www.penamontanesa.com\/nl\/activiteiten\/excursies-vanaf-de-camping\/ainsa-excursie\/#primaryimage","url":"https:\/\/www.penamontanesa.com\/wp-content\/uploads\/1280px-ainsa-m1-e1548949770620.jpg","contentUrl":"https:\/\/www.penamontanesa.com\/wp-content\/uploads\/1280px-ainsa-m1-e1548949770620.jpg","width":1280,"height":492},{"@type":"BreadcrumbList","@id":"https:\/\/www.penamontanesa.com\/nl\/activiteiten\/excursies-vanaf-de-camping\/ainsa-excursie\/#breadcrumb","itemListElement":[{"@type":"ListItem","position":1,"name":"Portada","item":"https:\/\/www.penamontanesa.com\/nl\/"},{"@type":"ListItem","position":2,"name":"Activiteiten","item":"https:\/\/www.penamontanesa.com\/nl\/activiteiten\/"},{"@type":"ListItem","position":3,"name":"Excursies vanaf de camping","item":"https:\/\/www.penamontanesa.com\/nl\/activiteiten\/excursies-vanaf-de-camping\/"},{"@type":"ListItem","position":4,"name":"Wandeling a Ainsa"}]},{"@type":"WebSite","@id":"https:\/\/www.penamontanesa.com\/nl\/#website","url":"https:\/\/www.penamontanesa.com\/nl\/","name":"Camping Pe\u00f1a Monta\u00f1esa","description":"Camping y bungalows. Ainsa Pirineos. Parque Nacional de Ordesa y Monte Perdido.","publisher":{"@id":"https:\/\/www.penamontanesa.com\/nl\/#organization"},"potentialAction":[{"@type":"SearchAction","target":{"@type":"EntryPoint","urlTemplate":"https:\/\/www.penamontanesa.com\/nl\/?s={search_term_string}"},"query-input":{"@type":"PropertyValueSpecification","valueRequired":true,"valueName":"search_term_string"}}],"inLanguage":"nl-NL"},{"@type":"Organization","@id":"https:\/\/www.penamontanesa.com\/nl\/#organization","name":"Camping Pe\u00f1a Monta\u00f1esa","url":"https:\/\/www.penamontanesa.com\/nl\/","logo":{"@type":"ImageObject","inLanguage":"nl-NL","@id":"https:\/\/www.penamontanesa.com\/nl\/#\/schema\/logo\/image\/","url":"https:\/\/www.penamontanesa.com\/wp-content\/uploads\/cropped-penamontanesa-logo-1-1.png","contentUrl":"https:\/\/www.penamontanesa.com\/wp-content\/uploads\/cropped-penamontanesa-logo-1-1.png","width":420,"height":103,"caption":"Camping Pe\u00f1a Monta\u00f1esa"},"image":{"@id":"https:\/\/www.penamontanesa.com\/nl\/#\/schema\/logo\/image\/"}}]}},"_links":{"self":[{"href":"https:\/\/www.penamontanesa.com\/nl\/wp-json\/wp\/v2\/pages\/23454","targetHints":{"allow":["GET"]}}],"collection":[{"href":"https:\/\/www.penamontanesa.com\/nl\/wp-json\/wp\/v2\/pages"}],"about":[{"href":"https:\/\/www.penamontanesa.com\/nl\/wp-json\/wp\/v2\/types\/page"}],"author":[{"embeddable":true,"href":"https:\/\/www.penamontanesa.com\/nl\/wp-json\/wp\/v2\/users\/1"}],"replies":[{"embeddable":true,"href":"https:\/\/www.penamontanesa.com\/nl\/wp-json\/wp\/v2\/comments?post=23454"}],"version-history":[{"count":4,"href":"https:\/\/www.penamontanesa.com\/nl\/wp-json\/wp\/v2\/pages\/23454\/revisions"}],"predecessor-version":[{"id":24380,"href":"https:\/\/www.penamontanesa.com\/nl\/wp-json\/wp\/v2\/pages\/23454\/revisions\/24380"}],"up":[{"embeddable":true,"href":"https:\/\/www.penamontanesa.com\/nl\/wp-json\/wp\/v2\/pages\/23387"}],"wp:featuredmedia":[{"embeddable":true,"href":"https:\/\/www.penamontanesa.com\/nl\/wp-json\/wp\/v2\/media\/22519"}],"wp:attachment":[{"href":"https:\/\/www.penamontanesa.com\/nl\/wp-json\/wp\/v2\/media?parent=23454"}],"curies":[{"name":"wp","href":"https:\/\/api.w.org\/{rel}","templated":true}]}}