{"id":23511,"date":"2019-01-31T17:01:08","date_gmt":"2019-01-31T16:01:08","guid":{"rendered":"https:\/\/www.penamontanesa.com\/activiteiten\/excursies-vanaf-de-camping\/monastery-of-san-victorian\/"},"modified":"2019-04-28T13:03:59","modified_gmt":"2019-04-28T11:03:59","slug":"monastery-of-san-victorian","status":"publish","type":"page","link":"https:\/\/www.penamontanesa.com\/nl\/activiteiten\/excursies-vanaf-de-camping\/monastery-of-san-victorian\/","title":{"rendered":"Klooster San Victorian"},"content":{"rendered":"\n<p>Het klooster van San Victori\u00e1n bevindt zich op \u00e9\u00e9n van de zuid-hellingen van de berg Pe\u00f1a Monta\u00f1esa, bij het dorpje Los Molinos op een paar kilometer afstand van A\u00ednsa. <br><\/p>\n\n\n\n<p>Het klooster vindt zijn oorsprong in de 11e eeuw, nadat de monniken vanuit het gotische klooster in As\u00e1n in de buurt van Huesca naar hier zijn overgeplaatst. Het klooster is recent gerestaureerd, grondig schoongemaakt en het dak van de kerk gereconstrueerd. <br><\/p>\n\n\n\n<p> Het klooster is hoofdzakelijk ontstaan door bouwwerken gedateerd uit de 16e en 18e eeuw. <br><\/p>\n","protected":false},"excerpt":{"rendered":"<p>Het klooster van San Victori\u00e1n bevindt zich op \u00e9\u00e9n van [&hellip;]<\/p>\n","protected":false},"author":1,"featured_media":23512,"parent":23387,"menu_order":7,"comment_status":"closed","ping_status":"closed","template":"","meta":{"_acf_changed":false,"footnotes":""},"class_list":["post-23511","page","type-page","status-publish","has-post-thumbnail","hentry"],"acf":[],"yoast_head":"<!-- This site is optimized with the Yoast SEO plugin v26.5 - https:\/\/yoast.com\/wordpress\/plugins\/seo\/ -->\n<title>Klooster San Victorian - Camping Pe\u00f1a Monta\u00f1esa<\/title>\n<meta name=\"robots\" content=\"index, follow, max-snippet:-1, max-image-preview:large, max-video-preview:-1\" \/>\n<link rel=\"canonical\" href=\"https:\/\/www.penamontanesa.com\/nl\/activiteiten\/excursies-vanaf-de-camping\/monastery-of-san-victorian\/\" \/>\n<meta property=\"og:locale\" content=\"nl_NL\" \/>\n<meta property=\"og:type\" content=\"article\" \/>\n<meta property=\"og:title\" content=\"Klooster San Victorian - Camping Pe\u00f1a Monta\u00f1esa\" \/>\n<meta property=\"og:description\" content=\"Het klooster van San Victori\u00e1n bevindt zich op \u00e9\u00e9n van [&hellip;]\" \/>\n<meta property=\"og:url\" content=\"https:\/\/www.penamontanesa.com\/nl\/activiteiten\/excursies-vanaf-de-camping\/monastery-of-san-victorian\/\" \/>\n<meta property=\"og:site_name\" content=\"Camping Pe\u00f1a Monta\u00f1esa\" \/>\n<meta property=\"article:modified_time\" content=\"2019-04-28T11:03:59+00:00\" \/>\n<meta property=\"og:image\" content=\"https:\/\/www.penamontanesa.com\/wp-content\/uploads\/monasterio-de-san-victorian.jpg\" \/>\n\t<meta property=\"og:image:width\" content=\"2048\" \/>\n\t<meta property=\"og:image:height\" content=\"1360\" \/>\n\t<meta property=\"og:image:type\" content=\"image\/jpeg\" \/>\n<meta name=\"twitter:card\" content=\"summary_large_image\" \/>\n<script type=\"application\/ld+json\" class=\"yoast-schema-graph\">{\"@context\":\"https:\/\/schema.org\",\"@graph\":[{\"@type\":\"WebPage\",\"@id\":\"https:\/\/www.penamontanesa.com\/nl\/activiteiten\/excursies-vanaf-de-camping\/monastery-of-san-victorian\/\",\"url\":\"https:\/\/www.penamontanesa.com\/nl\/activiteiten\/excursies-vanaf-de-camping\/monastery-of-san-victorian\/\",\"name\":\"Klooster San Victorian - Camping Pe\u00f1a Monta\u00f1esa\",\"isPartOf\":{\"@id\":\"https:\/\/www.penamontanesa.com\/nl\/#website\"},\"primaryImageOfPage\":{\"@id\":\"https:\/\/www.penamontanesa.com\/nl\/activiteiten\/excursies-vanaf-de-camping\/monastery-of-san-victorian\/#primaryimage\"},\"image\":{\"@id\":\"https:\/\/www.penamontanesa.com\/nl\/activiteiten\/excursies-vanaf-de-camping\/monastery-of-san-victorian\/#primaryimage\"},\"thumbnailUrl\":\"https:\/\/www.penamontanesa.com\/wp-content\/uploads\/monasterio-de-san-victorian.jpg\",\"datePublished\":\"2019-01-31T16:01:08+00:00\",\"dateModified\":\"2019-04-28T11:03:59+00:00\",\"breadcrumb\":{\"@id\":\"https:\/\/www.penamontanesa.com\/nl\/activiteiten\/excursies-vanaf-de-camping\/monastery-of-san-victorian\/#breadcrumb\"},\"inLanguage\":\"nl-NL\",\"potentialAction\":[{\"@type\":\"ReadAction\",\"target\":[\"https:\/\/www.penamontanesa.com\/nl\/activiteiten\/excursies-vanaf-de-camping\/monastery-of-san-victorian\/\"]}]},{\"@type\":\"ImageObject\",\"inLanguage\":\"nl-NL\",\"@id\":\"https:\/\/www.penamontanesa.com\/nl\/activiteiten\/excursies-vanaf-de-camping\/monastery-of-san-victorian\/#primaryimage\",\"url\":\"https:\/\/www.penamontanesa.com\/wp-content\/uploads\/monasterio-de-san-victorian.jpg\",\"contentUrl\":\"https:\/\/www.penamontanesa.com\/wp-content\/uploads\/monasterio-de-san-victorian.jpg\",\"width\":2048,\"height\":1360},{\"@type\":\"BreadcrumbList\",\"@id\":\"https:\/\/www.penamontanesa.com\/nl\/activiteiten\/excursies-vanaf-de-camping\/monastery-of-san-victorian\/#breadcrumb\",\"itemListElement\":[{\"@type\":\"ListItem\",\"position\":1,\"name\":\"Portada\",\"item\":\"https:\/\/www.penamontanesa.com\/nl\/\"},{\"@type\":\"ListItem\",\"position\":2,\"name\":\"Activiteiten\",\"item\":\"https:\/\/www.penamontanesa.com\/nl\/activiteiten\/\"},{\"@type\":\"ListItem\",\"position\":3,\"name\":\"Excursies vanaf de camping\",\"item\":\"https:\/\/www.penamontanesa.com\/nl\/activiteiten\/excursies-vanaf-de-camping\/\"},{\"@type\":\"ListItem\",\"position\":4,\"name\":\"Klooster San Victorian\"}]},{\"@type\":\"WebSite\",\"@id\":\"https:\/\/www.penamontanesa.com\/nl\/#website\",\"url\":\"https:\/\/www.penamontanesa.com\/nl\/\",\"name\":\"Camping Pe\u00f1a Monta\u00f1esa\",\"description\":\"Camping y bungalows. Ainsa Pirineos. Parque Nacional de Ordesa y Monte Perdido.\",\"publisher\":{\"@id\":\"https:\/\/www.penamontanesa.com\/nl\/#organization\"},\"potentialAction\":[{\"@type\":\"SearchAction\",\"target\":{\"@type\":\"EntryPoint\",\"urlTemplate\":\"https:\/\/www.penamontanesa.com\/nl\/?s={search_term_string}\"},\"query-input\":{\"@type\":\"PropertyValueSpecification\",\"valueRequired\":true,\"valueName\":\"search_term_string\"}}],\"inLanguage\":\"nl-NL\"},{\"@type\":\"Organization\",\"@id\":\"https:\/\/www.penamontanesa.com\/nl\/#organization\",\"name\":\"Camping Pe\u00f1a Monta\u00f1esa\",\"url\":\"https:\/\/www.penamontanesa.com\/nl\/\",\"logo\":{\"@type\":\"ImageObject\",\"inLanguage\":\"nl-NL\",\"@id\":\"https:\/\/www.penamontanesa.com\/nl\/#\/schema\/logo\/image\/\",\"url\":\"https:\/\/www.penamontanesa.com\/wp-content\/uploads\/cropped-penamontanesa-logo-1-1.png\",\"contentUrl\":\"https:\/\/www.penamontanesa.com\/wp-content\/uploads\/cropped-penamontanesa-logo-1-1.png\",\"width\":420,\"height\":103,\"caption\":\"Camping Pe\u00f1a Monta\u00f1esa\"},\"image\":{\"@id\":\"https:\/\/www.penamontanesa.com\/nl\/#\/schema\/logo\/image\/\"}}]}<\/script>\n<!-- \/ Yoast SEO plugin. -->","yoast_head_json":{"title":"Klooster San Victorian - Camping Pe\u00f1a Monta\u00f1esa","robots":{"index":"index","follow":"follow","max-snippet":"max-snippet:-1","max-image-preview":"max-image-preview:large","max-video-preview":"max-video-preview:-1"},"canonical":"https:\/\/www.penamontanesa.com\/nl\/activiteiten\/excursies-vanaf-de-camping\/monastery-of-san-victorian\/","og_locale":"nl_NL","og_type":"article","og_title":"Klooster San Victorian - Camping Pe\u00f1a Monta\u00f1esa","og_description":"Het klooster van San Victori\u00e1n bevindt zich op \u00e9\u00e9n van [&hellip;]","og_url":"https:\/\/www.penamontanesa.com\/nl\/activiteiten\/excursies-vanaf-de-camping\/monastery-of-san-victorian\/","og_site_name":"Camping Pe\u00f1a Monta\u00f1esa","article_modified_time":"2019-04-28T11:03:59+00:00","og_image":[{"width":2048,"height":1360,"url":"https:\/\/www.penamontanesa.com\/wp-content\/uploads\/monasterio-de-san-victorian.jpg","type":"image\/jpeg"}],"twitter_card":"summary_large_image","schema":{"@context":"https:\/\/schema.org","@graph":[{"@type":"WebPage","@id":"https:\/\/www.penamontanesa.com\/nl\/activiteiten\/excursies-vanaf-de-camping\/monastery-of-san-victorian\/","url":"https:\/\/www.penamontanesa.com\/nl\/activiteiten\/excursies-vanaf-de-camping\/monastery-of-san-victorian\/","name":"Klooster San Victorian - Camping Pe\u00f1a Monta\u00f1esa","isPartOf":{"@id":"https:\/\/www.penamontanesa.com\/nl\/#website"},"primaryImageOfPage":{"@id":"https:\/\/www.penamontanesa.com\/nl\/activiteiten\/excursies-vanaf-de-camping\/monastery-of-san-victorian\/#primaryimage"},"image":{"@id":"https:\/\/www.penamontanesa.com\/nl\/activiteiten\/excursies-vanaf-de-camping\/monastery-of-san-victorian\/#primaryimage"},"thumbnailUrl":"https:\/\/www.penamontanesa.com\/wp-content\/uploads\/monasterio-de-san-victorian.jpg","datePublished":"2019-01-31T16:01:08+00:00","dateModified":"2019-04-28T11:03:59+00:00","breadcrumb":{"@id":"https:\/\/www.penamontanesa.com\/nl\/activiteiten\/excursies-vanaf-de-camping\/monastery-of-san-victorian\/#breadcrumb"},"inLanguage":"nl-NL","potentialAction":[{"@type":"ReadAction","target":["https:\/\/www.penamontanesa.com\/nl\/activiteiten\/excursies-vanaf-de-camping\/monastery-of-san-victorian\/"]}]},{"@type":"ImageObject","inLanguage":"nl-NL","@id":"https:\/\/www.penamontanesa.com\/nl\/activiteiten\/excursies-vanaf-de-camping\/monastery-of-san-victorian\/#primaryimage","url":"https:\/\/www.penamontanesa.com\/wp-content\/uploads\/monasterio-de-san-victorian.jpg","contentUrl":"https:\/\/www.penamontanesa.com\/wp-content\/uploads\/monasterio-de-san-victorian.jpg","width":2048,"height":1360},{"@type":"BreadcrumbList","@id":"https:\/\/www.penamontanesa.com\/nl\/activiteiten\/excursies-vanaf-de-camping\/monastery-of-san-victorian\/#breadcrumb","itemListElement":[{"@type":"ListItem","position":1,"name":"Portada","item":"https:\/\/www.penamontanesa.com\/nl\/"},{"@type":"ListItem","position":2,"name":"Activiteiten","item":"https:\/\/www.penamontanesa.com\/nl\/activiteiten\/"},{"@type":"ListItem","position":3,"name":"Excursies vanaf de camping","item":"https:\/\/www.penamontanesa.com\/nl\/activiteiten\/excursies-vanaf-de-camping\/"},{"@type":"ListItem","position":4,"name":"Klooster San Victorian"}]},{"@type":"WebSite","@id":"https:\/\/www.penamontanesa.com\/nl\/#website","url":"https:\/\/www.penamontanesa.com\/nl\/","name":"Camping Pe\u00f1a Monta\u00f1esa","description":"Camping y bungalows. Ainsa Pirineos. Parque Nacional de Ordesa y Monte Perdido.","publisher":{"@id":"https:\/\/www.penamontanesa.com\/nl\/#organization"},"potentialAction":[{"@type":"SearchAction","target":{"@type":"EntryPoint","urlTemplate":"https:\/\/www.penamontanesa.com\/nl\/?s={search_term_string}"},"query-input":{"@type":"PropertyValueSpecification","valueRequired":true,"valueName":"search_term_string"}}],"inLanguage":"nl-NL"},{"@type":"Organization","@id":"https:\/\/www.penamontanesa.com\/nl\/#organization","name":"Camping Pe\u00f1a Monta\u00f1esa","url":"https:\/\/www.penamontanesa.com\/nl\/","logo":{"@type":"ImageObject","inLanguage":"nl-NL","@id":"https:\/\/www.penamontanesa.com\/nl\/#\/schema\/logo\/image\/","url":"https:\/\/www.penamontanesa.com\/wp-content\/uploads\/cropped-penamontanesa-logo-1-1.png","contentUrl":"https:\/\/www.penamontanesa.com\/wp-content\/uploads\/cropped-penamontanesa-logo-1-1.png","width":420,"height":103,"caption":"Camping Pe\u00f1a Monta\u00f1esa"},"image":{"@id":"https:\/\/www.penamontanesa.com\/nl\/#\/schema\/logo\/image\/"}}]}},"_links":{"self":[{"href":"https:\/\/www.penamontanesa.com\/nl\/wp-json\/wp\/v2\/pages\/23511","targetHints":{"allow":["GET"]}}],"collection":[{"href":"https:\/\/www.penamontanesa.com\/nl\/wp-json\/wp\/v2\/pages"}],"about":[{"href":"https:\/\/www.penamontanesa.com\/nl\/wp-json\/wp\/v2\/types\/page"}],"author":[{"embeddable":true,"href":"https:\/\/www.penamontanesa.com\/nl\/wp-json\/wp\/v2\/users\/1"}],"replies":[{"embeddable":true,"href":"https:\/\/www.penamontanesa.com\/nl\/wp-json\/wp\/v2\/comments?post=23511"}],"version-history":[{"count":3,"href":"https:\/\/www.penamontanesa.com\/nl\/wp-json\/wp\/v2\/pages\/23511\/revisions"}],"predecessor-version":[{"id":24387,"href":"https:\/\/www.penamontanesa.com\/nl\/wp-json\/wp\/v2\/pages\/23511\/revisions\/24387"}],"up":[{"embeddable":true,"href":"https:\/\/www.penamontanesa.com\/nl\/wp-json\/wp\/v2\/pages\/23387"}],"wp:featuredmedia":[{"embeddable":true,"href":"https:\/\/www.penamontanesa.com\/nl\/wp-json\/wp\/v2\/media\/23512"}],"wp:attachment":[{"href":"https:\/\/www.penamontanesa.com\/nl\/wp-json\/wp\/v2\/media?parent=23511"}],"curies":[{"name":"wp","href":"https:\/\/api.w.org\/{rel}","templated":true}]}}