{"id":24107,"date":"2019-03-20T08:53:19","date_gmt":"2019-03-20T07:53:19","guid":{"rendered":"https:\/\/www.penamontanesa.com\/privacy-policy\/"},"modified":"2019-03-20T08:53:19","modified_gmt":"2019-03-20T07:53:19","slug":"privacy-policy","status":"publish","type":"page","link":"https:\/\/www.penamontanesa.com\/nl\/privacy-policy\/","title":{"rendered":"Privacy Policy"},"content":{"rendered":"\n<p>In accordance with the regulations in force in protection of personal data, Regulation (EU) 2016\/679 of April 27 (GDPR) and Organic Law (ES) 15\/1999 of December 13 (LOPD) we inform you that The Responsible for the Treatment is: Camping Pe\u00f1a Monta\u00f1esa, Ctra. A\u00ednsa-Francia, Km. 2 &#8211; 22360 LABUERDA-AINSA (HUESCA). Email: info@penamontanesa.com<\/p>\n\n\n\n<p>In the name of the Camping Pe\u00f1a Monta\u00f1esa, we treat the information you provide us with the purpose of sending you advertising related to our products by any means (postal, email or telephone and wasap) and invite you to events organized by the company. The data provided will be kept until you request the end of the activities (Suppression). The data will not be transferred to third parties except in cases where there is a legal obligation and automated decisions will not be made. You have the right to obtain confirmation of whether we are treating your personal data at Camping Pe\u00f1a Monta\u00f1esa, therefore you have the right to access your personal data, correct inaccurate data or request deletion when the data is no longer necessary for the purpose in which they were collected, and in certain occasions they can request the limitation and \/ or opposition of the same, as well as their portability and withdraw their consent.<\/p>\n\n\n\n<p>For this purpose, you may send a letter to the email address mentioned above.<\/p>\n\n\n\n<p>In addition, the interested party can consult us about any questions regarding the processing of their data, or contact the competent Data Protection Control Authority (AEPD) to obtain additional information or file a claim.<\/p>\n\n\n\n<p>The legitimation is for the consent that we request and you grant us explicitly with the acceptance of the conditions of this document.<\/p>\n","protected":false},"excerpt":{"rendered":"<p>In accordance with the regulations in force in protection of [&hellip;]<\/p>\n","protected":false},"author":1,"featured_media":0,"parent":0,"menu_order":1,"comment_status":"closed","ping_status":"closed","template":"","meta":{"_acf_changed":false,"footnotes":""},"class_list":["post-24107","page","type-page","status-publish","hentry"],"acf":[],"yoast_head":"<!-- This site is optimized with the Yoast SEO plugin v26.5 - https:\/\/yoast.com\/wordpress\/plugins\/seo\/ -->\n<title>Privacy Policy - Camping Pe\u00f1a Monta\u00f1esa<\/title>\n<meta name=\"robots\" content=\"index, follow, max-snippet:-1, max-image-preview:large, max-video-preview:-1\" \/>\n<link rel=\"canonical\" href=\"https:\/\/www.penamontanesa.com\/nl\/privacy-policy\/\" \/>\n<meta property=\"og:locale\" content=\"nl_NL\" \/>\n<meta property=\"og:type\" content=\"article\" \/>\n<meta property=\"og:title\" content=\"Privacy Policy - Camping Pe\u00f1a Monta\u00f1esa\" \/>\n<meta property=\"og:description\" content=\"In accordance with the regulations in force in protection of [&hellip;]\" \/>\n<meta property=\"og:url\" content=\"https:\/\/www.penamontanesa.com\/nl\/privacy-policy\/\" \/>\n<meta property=\"og:site_name\" content=\"Camping Pe\u00f1a Monta\u00f1esa\" \/>\n<meta name=\"twitter:card\" content=\"summary_large_image\" \/>\n<meta name=\"twitter:label1\" content=\"Geschatte leestijd\" \/>\n\t<meta name=\"twitter:data1\" content=\"1 minuut\" \/>\n<script type=\"application\/ld+json\" class=\"yoast-schema-graph\">{\"@context\":\"https:\/\/schema.org\",\"@graph\":[{\"@type\":\"WebPage\",\"@id\":\"https:\/\/www.penamontanesa.com\/nl\/privacy-policy\/\",\"url\":\"https:\/\/www.penamontanesa.com\/nl\/privacy-policy\/\",\"name\":\"Privacy Policy - Camping Pe\u00f1a Monta\u00f1esa\",\"isPartOf\":{\"@id\":\"https:\/\/www.penamontanesa.com\/nl\/#website\"},\"datePublished\":\"2019-03-20T07:53:19+00:00\",\"breadcrumb\":{\"@id\":\"https:\/\/www.penamontanesa.com\/nl\/privacy-policy\/#breadcrumb\"},\"inLanguage\":\"nl-NL\",\"potentialAction\":[{\"@type\":\"ReadAction\",\"target\":[\"https:\/\/www.penamontanesa.com\/nl\/privacy-policy\/\"]}]},{\"@type\":\"BreadcrumbList\",\"@id\":\"https:\/\/www.penamontanesa.com\/nl\/privacy-policy\/#breadcrumb\",\"itemListElement\":[{\"@type\":\"ListItem\",\"position\":1,\"name\":\"Portada\",\"item\":\"https:\/\/www.penamontanesa.com\/nl\/\"},{\"@type\":\"ListItem\",\"position\":2,\"name\":\"Privacy Policy\"}]},{\"@type\":\"WebSite\",\"@id\":\"https:\/\/www.penamontanesa.com\/nl\/#website\",\"url\":\"https:\/\/www.penamontanesa.com\/nl\/\",\"name\":\"Camping Pe\u00f1a Monta\u00f1esa\",\"description\":\"Camping y bungalows. Ainsa Pirineos. Parque Nacional de Ordesa y Monte Perdido.\",\"publisher\":{\"@id\":\"https:\/\/www.penamontanesa.com\/nl\/#organization\"},\"potentialAction\":[{\"@type\":\"SearchAction\",\"target\":{\"@type\":\"EntryPoint\",\"urlTemplate\":\"https:\/\/www.penamontanesa.com\/nl\/?s={search_term_string}\"},\"query-input\":{\"@type\":\"PropertyValueSpecification\",\"valueRequired\":true,\"valueName\":\"search_term_string\"}}],\"inLanguage\":\"nl-NL\"},{\"@type\":\"Organization\",\"@id\":\"https:\/\/www.penamontanesa.com\/nl\/#organization\",\"name\":\"Camping Pe\u00f1a Monta\u00f1esa\",\"url\":\"https:\/\/www.penamontanesa.com\/nl\/\",\"logo\":{\"@type\":\"ImageObject\",\"inLanguage\":\"nl-NL\",\"@id\":\"https:\/\/www.penamontanesa.com\/nl\/#\/schema\/logo\/image\/\",\"url\":\"https:\/\/www.penamontanesa.com\/wp-content\/uploads\/cropped-penamontanesa-logo-1-1.png\",\"contentUrl\":\"https:\/\/www.penamontanesa.com\/wp-content\/uploads\/cropped-penamontanesa-logo-1-1.png\",\"width\":420,\"height\":103,\"caption\":\"Camping Pe\u00f1a Monta\u00f1esa\"},\"image\":{\"@id\":\"https:\/\/www.penamontanesa.com\/nl\/#\/schema\/logo\/image\/\"}}]}<\/script>\n<!-- \/ Yoast SEO plugin. -->","yoast_head_json":{"title":"Privacy Policy - Camping Pe\u00f1a Monta\u00f1esa","robots":{"index":"index","follow":"follow","max-snippet":"max-snippet:-1","max-image-preview":"max-image-preview:large","max-video-preview":"max-video-preview:-1"},"canonical":"https:\/\/www.penamontanesa.com\/nl\/privacy-policy\/","og_locale":"nl_NL","og_type":"article","og_title":"Privacy Policy - Camping Pe\u00f1a Monta\u00f1esa","og_description":"In accordance with the regulations in force in protection of [&hellip;]","og_url":"https:\/\/www.penamontanesa.com\/nl\/privacy-policy\/","og_site_name":"Camping Pe\u00f1a Monta\u00f1esa","twitter_card":"summary_large_image","twitter_misc":{"Geschatte leestijd":"1 minuut"},"schema":{"@context":"https:\/\/schema.org","@graph":[{"@type":"WebPage","@id":"https:\/\/www.penamontanesa.com\/nl\/privacy-policy\/","url":"https:\/\/www.penamontanesa.com\/nl\/privacy-policy\/","name":"Privacy Policy - Camping Pe\u00f1a Monta\u00f1esa","isPartOf":{"@id":"https:\/\/www.penamontanesa.com\/nl\/#website"},"datePublished":"2019-03-20T07:53:19+00:00","breadcrumb":{"@id":"https:\/\/www.penamontanesa.com\/nl\/privacy-policy\/#breadcrumb"},"inLanguage":"nl-NL","potentialAction":[{"@type":"ReadAction","target":["https:\/\/www.penamontanesa.com\/nl\/privacy-policy\/"]}]},{"@type":"BreadcrumbList","@id":"https:\/\/www.penamontanesa.com\/nl\/privacy-policy\/#breadcrumb","itemListElement":[{"@type":"ListItem","position":1,"name":"Portada","item":"https:\/\/www.penamontanesa.com\/nl\/"},{"@type":"ListItem","position":2,"name":"Privacy Policy"}]},{"@type":"WebSite","@id":"https:\/\/www.penamontanesa.com\/nl\/#website","url":"https:\/\/www.penamontanesa.com\/nl\/","name":"Camping Pe\u00f1a Monta\u00f1esa","description":"Camping y bungalows. Ainsa Pirineos. Parque Nacional de Ordesa y Monte Perdido.","publisher":{"@id":"https:\/\/www.penamontanesa.com\/nl\/#organization"},"potentialAction":[{"@type":"SearchAction","target":{"@type":"EntryPoint","urlTemplate":"https:\/\/www.penamontanesa.com\/nl\/?s={search_term_string}"},"query-input":{"@type":"PropertyValueSpecification","valueRequired":true,"valueName":"search_term_string"}}],"inLanguage":"nl-NL"},{"@type":"Organization","@id":"https:\/\/www.penamontanesa.com\/nl\/#organization","name":"Camping Pe\u00f1a Monta\u00f1esa","url":"https:\/\/www.penamontanesa.com\/nl\/","logo":{"@type":"ImageObject","inLanguage":"nl-NL","@id":"https:\/\/www.penamontanesa.com\/nl\/#\/schema\/logo\/image\/","url":"https:\/\/www.penamontanesa.com\/wp-content\/uploads\/cropped-penamontanesa-logo-1-1.png","contentUrl":"https:\/\/www.penamontanesa.com\/wp-content\/uploads\/cropped-penamontanesa-logo-1-1.png","width":420,"height":103,"caption":"Camping Pe\u00f1a Monta\u00f1esa"},"image":{"@id":"https:\/\/www.penamontanesa.com\/nl\/#\/schema\/logo\/image\/"}}]}},"_links":{"self":[{"href":"https:\/\/www.penamontanesa.com\/nl\/wp-json\/wp\/v2\/pages\/24107","targetHints":{"allow":["GET"]}}],"collection":[{"href":"https:\/\/www.penamontanesa.com\/nl\/wp-json\/wp\/v2\/pages"}],"about":[{"href":"https:\/\/www.penamontanesa.com\/nl\/wp-json\/wp\/v2\/types\/page"}],"author":[{"embeddable":true,"href":"https:\/\/www.penamontanesa.com\/nl\/wp-json\/wp\/v2\/users\/1"}],"replies":[{"embeddable":true,"href":"https:\/\/www.penamontanesa.com\/nl\/wp-json\/wp\/v2\/comments?post=24107"}],"version-history":[{"count":0,"href":"https:\/\/www.penamontanesa.com\/nl\/wp-json\/wp\/v2\/pages\/24107\/revisions"}],"wp:attachment":[{"href":"https:\/\/www.penamontanesa.com\/nl\/wp-json\/wp\/v2\/media?parent=24107"}],"curies":[{"name":"wp","href":"https:\/\/api.w.org\/{rel}","templated":true}]}}