{"id":63182,"date":"2026-01-27T20:33:05","date_gmt":"2026-01-27T19:33:05","guid":{"rendered":"https:\/\/www.penamontanesa.com\/?page_id=63182"},"modified":"2026-01-29T15:14:57","modified_gmt":"2026-01-29T14:14:57","slug":"houten-huisje-voor-5-personen","status":"publish","type":"page","link":"https:\/\/www.penamontanesa.com\/nl\/accommodaties\/houten-huisje-voor-5-personen\/","title":{"rendered":"Houten huisje Pyrenee\u00ebn"},"content":{"rendered":"\n<div class=\"wp-block-columns are-vertically-aligned-center has-2-columns is-layout-flex wp-container-core-columns-is-layout-9d6595d7 wp-block-columns-is-layout-flex\">\n<div class=\"wp-block-column is-vertically-aligned-center is-layout-flow wp-block-column-is-layout-flow\">\n<p class=\"has-text-align-left\">Exclusieve houten chalet in Scandinavische stijl, ontworpen voor een comfortabel verblijf midden in de natuur.<\/p>\n\n\n\n<p>Het chalet heeft een gezellige woonkamer met een slaapbank en een volledig uitgeruste keuken, een complete badkamer met douche, een slaapkamer met een tweepersoonsbed en een charmante zolder met twee eenpersoonsbedden.<br>Buiten is er een gezellige veranda met een tafel en stoelen.<\/p>\n\n\n\n<p class=\"has-text-align-left\">* Geschikt voor 2 tot 5 personen.<\/p>\n<\/div>\n\n\n\n<div class=\"wp-block-column is-vertically-aligned-center is-layout-flow wp-block-column-is-layout-flow\"><div class=\"wp-block-image is-resized\">\n<figure class=\"aligncenter size-full\"><img loading=\"lazy\" decoding=\"async\" width=\"441\" height=\"719\" src=\"https:\/\/www.penamontanesa.com\/wp-content\/uploads\/planta-baja.png\" alt=\"\" class=\"wp-image-63281\" style=\"width:230px\" srcset=\"https:\/\/www.penamontanesa.com\/wp-content\/uploads\/planta-baja.png 441w, https:\/\/www.penamontanesa.com\/wp-content\/uploads\/planta-baja-184x300.png 184w, https:\/\/www.penamontanesa.com\/wp-content\/uploads\/planta-baja-147x240.png 147w\" sizes=\"auto, (max-width: 441px) 100vw, 441px\" \/><\/figure>\n<\/div>\n\n\n<p>Begane grond<\/p>\n<\/div>\n<\/div>\n\n\n\n<p class=\"custom-float has-blank-3-cleargreen-background-color has-background has-medium-font-size\">Een unieke ruimte waar design, warmte en comfort samenkomen voor een uitzonderlijke rustgevende ervaring.<\/p>\n\n\n\n            \n                    <article id=\"advanced_gallery-block_dd0ef6f7d55dafb9b2c9d879d5386655\" class=\"advanced_gallery alignwide columns-3\">\n                \n            <script>\n\n            $(document).ready(function() {\n              var owl = $('#id-gal-2021635211');\n              owl.owlCarousel({\n                margin: 20,\n                nav: true,\n                autoplay:false,\n                loop: true,\n                dots: false,\n                responsive: {\n                  0: {\n                    items: 1\n                  },\n                  400: {\n\n                    items: 1\n                  },\n\n                  600: {\n\n                    items: 1\n                  },\n                  1000: {\n                    items: 3\n                  }\n                }\n              })\n            })\n\n            <\/script><div class=\"owl-container\"><div id=\"id-gal-2021635211\" class=\"galeria clearfix galeria-slider owl-carousel\"><div class=\"item\"><a href=\"https:\/\/www.penamontanesa.com\/wp-content\/uploads\/pa281178-9596-o-1400x1050.jpg\" id=\"thumb-63103\" class=\"image-link\"><div class=\"item-thumb cover\" style=\"background-image:url(https:\/\/www.penamontanesa.com\/wp-content\/uploads\/pa281178-9596-o-900x640.jpg)\"><\/div><\/a><\/div><div class=\"item\"><a href=\"https:\/\/www.penamontanesa.com\/wp-content\/uploads\/pa281212-9862-xl-1400x1050.jpg\" id=\"thumb-63133\" class=\"image-link\"><div class=\"item-thumb cover\" style=\"background-image:url(https:\/\/www.penamontanesa.com\/wp-content\/uploads\/pa281212-9862-xl-900x640.jpg)\"><\/div><\/a><\/div><div class=\"item\"><a href=\"https:\/\/www.penamontanesa.com\/wp-content\/uploads\/pa281202-9596-o-1400x1050.jpg\" id=\"thumb-63128\" class=\"image-link\"><div class=\"item-thumb cover\" style=\"background-image:url(https:\/\/www.penamontanesa.com\/wp-content\/uploads\/pa281202-9596-o-900x640.jpg)\"><\/div><\/a><\/div><div class=\"item\"><a href=\"https:\/\/www.penamontanesa.com\/wp-content\/uploads\/pa281193-9596-o-1400x1050.jpg\" id=\"thumb-63113\" class=\"image-link\"><div class=\"item-thumb cover\" style=\"background-image:url(https:\/\/www.penamontanesa.com\/wp-content\/uploads\/pa281193-9596-o-900x640.jpg)\"><\/div><\/a><\/div><div class=\"item\"><a href=\"https:\/\/www.penamontanesa.com\/wp-content\/uploads\/pa281200-9862-xl-1400x1050.jpg\" id=\"thumb-63118\" class=\"image-link\"><div class=\"item-thumb cover\" style=\"background-image:url(https:\/\/www.penamontanesa.com\/wp-content\/uploads\/pa281200-9862-xl-900x640.jpg)\"><\/div><\/a><\/div><div class=\"item\"><a href=\"https:\/\/www.penamontanesa.com\/wp-content\/uploads\/pa281187-9862-xl-1400x1050.jpg\" id=\"thumb-63098\" class=\"image-link\"><div class=\"item-thumb cover\" style=\"background-image:url(https:\/\/www.penamontanesa.com\/wp-content\/uploads\/pa281187-9862-xl-900x640.jpg)\"><\/div><\/a><\/div><\/div><\/div>            <\/article>\n        \n    \n\n\n\n\n\n<h2 class=\"wp-block-heading\" id=\"mce_20\">Inventaris<\/h2>\n\n\n\n<div class=\"wp-block-columns has-2-columns is-layout-flex wp-container-core-columns-is-layout-9d6595d7 wp-block-columns-is-layout-flex\">\n<div class=\"wp-block-column is-layout-flow wp-block-column-is-layout-flow\">\n<ul class=\"wp-block-list\">\n<li>Serviesgoed<\/li>\n\n\n\n<li>Koelkast<\/li>\n\n\n\n<li>Inductiekookplaat<\/li>\n\n\n\n<li>Magnetron<\/li>\n<\/ul>\n<\/div>\n\n\n\n<div class=\"wp-block-column is-layout-flow wp-block-column-is-layout-flow\">\n<ul class=\"wp-block-list\">\n<li>TV<\/li>\n\n\n\n<li>Airconditioning<\/li>\n\n\n\n<li>Gratis parkeergelegenheid<\/li>\n\n\n\n<li>Lakens en handdoeken &#8211; niet inbegrepen<\/li>\n<\/ul>\n<\/div>\n<\/div>\n\n\n\n<h2 class=\"wp-block-heading\">Andere accommodaties<\/h2>\n\n\n\n            \n        \n        \n\n            <article id=\"featured_lodgements-block_6ac7264badd4fc463af85a5aa2edc46f\" class=\"featured_lodgements alignwide featured-columns-3\">\n                <script>\n                    $(document).ready(function(){\n                       $(\"#featured_lodgements-block_6ac7264badd4fc463af85a5aa2edc46f .lodgements-slide\").owlCarousel({\n                            nav: true,\n                            dots: false,\n                            margin: 20,\n                            mouseDrag: true,\n                            responsive: {\n                                0: {\n                                    items: 1,\n                                   },\n                                768: {\n                                    items: 3,\n                                   }\n                            }\n                       });\n                    });\n\n                <\/script>\n                <div class=\"lodgements-slide owl-carousel\">\n                                \n                    \n                                        <a class=\"item-list-19022\" href=\"https:\/\/www.penamontanesa.com\/nl\/accommodaties\/bungalow-2-personas\/\">\n                                                                                                                                        <div class=\"item-list-thumb-wrapper\">\n                            <div class=\"item-list-thumb cover\" style=\"background-image:url(https:\/\/www.penamontanesa.com\/wp-content\/uploads\/madera-1-1-640x480.jpg)\"><\/div>\n                        <\/div>\n                                                        <p class=\"icon-house has-medium-font-size\">Bungalow 2 personen<span class=\"has-normal-font-size\">Vanaf 58\u20ac<\/span><\/p>\n\n                    <\/a>\n                    \n                \n                    \n                                        <a class=\"item-list-63367\" href=\"https:\/\/www.penamontanesa.com\/nl\/accommodaties\/houten-bungalow-5-personen-2\/\">\n                                                                                                                                        <div class=\"item-list-thumb-wrapper\">\n                            <div class=\"item-list-thumb cover\" style=\"background-image:url(https:\/\/www.penamontanesa.com\/wp-content\/uploads\/bw-40s-640x480.png)\"><\/div>\n                        <\/div>\n                                                        <p class=\"icon-house has-medium-font-size\">Houten bungalow<span class=\"has-normal-font-size\">Vanaf 87\u20ac<\/span><\/p>\n\n                    <\/a>\n                    \n                \n                    \n                                        <a class=\"item-list-23598\" href=\"https:\/\/www.penamontanesa.com\/nl\/accommodaties\/bungalow-5-personen\/\">\n                                                                                                                                        <div class=\"item-list-thumb-wrapper\">\n                            <div class=\"item-list-thumb cover\" style=\"background-image:url(https:\/\/www.penamontanesa.com\/wp-content\/uploads\/mg-7418-640x480.jpg)\"><\/div>\n                        <\/div>\n                                                        <p class=\"icon-house has-medium-font-size\">Familiebungalow<span class=\"has-normal-font-size\">Vanaf 87\u20ac<\/span><\/p>\n\n                    <\/a>\n                    \n                \n                    \n                                        <a class=\"item-list-21241\" href=\"https:\/\/www.penamontanesa.com\/nl\/accommodaties\/mobilhome-4-personen\/\">\n                                                                                                                                        <div class=\"item-list-thumb-wrapper\">\n                            <div class=\"item-list-thumb cover\" style=\"background-image:url(https:\/\/www.penamontanesa.com\/wp-content\/uploads\/movil-2-640x480.jpg)\"><\/div>\n                        <\/div>\n                                                        <p class=\"icon-house has-medium-font-size\">Mobilhome<span class=\"has-normal-font-size\">Vanaf 66\u20ac<\/span><\/p>\n\n                    <\/a>\n                    \n                                <\/div>\n            <\/article>\n                            <p style=\"background-color:#d3e5cf\" class=\"has-background featured-float\"><\/p>\n                    \n    \n\n\n","protected":false},"excerpt":{"rendered":"<p>Exclusieve houten chalet in Scandinavische stijl, ontworpen voor een comfortabel [&hellip;]<\/p>\n","protected":false},"author":1,"featured_media":63200,"parent":22936,"menu_order":4,"comment_status":"closed","ping_status":"closed","template":"templates\/tmpl-alojamiento.php","meta":{"_acf_changed":false,"footnotes":""},"class_list":["post-63182","page","type-page","status-publish","has-post-thumbnail","hentry","equipment-1-tweepersoonsbed","equipment-2-eenpersoonsbedden","equipment-complete-badkamer","equipment-parkeren"],"acf":[],"yoast_head":"<!-- This site is optimized with the Yoast SEO plugin v26.5 - https:\/\/yoast.com\/wordpress\/plugins\/seo\/ -->\n<title>Houten huisje Pyrenee\u00ebn - Camping Pe\u00f1a Monta\u00f1esa<\/title>\n<meta name=\"description\" content=\"Ontdek de Pirineo Nordic-hut, een houten toevluchtsoord dat ideaal is voor vijf personen, omgeven door de natuur en met alle comfort.\" \/>\n<meta name=\"robots\" content=\"index, follow, max-snippet:-1, max-image-preview:large, max-video-preview:-1\" \/>\n<link rel=\"canonical\" href=\"https:\/\/www.penamontanesa.com\/nl\/accommodaties\/houten-huisje-voor-5-personen\/\" \/>\n<meta property=\"og:locale\" content=\"nl_NL\" \/>\n<meta property=\"og:type\" content=\"article\" \/>\n<meta property=\"og:title\" content=\"Houten huisje Pyrenee\u00ebn - Camping Pe\u00f1a Monta\u00f1esa\" \/>\n<meta property=\"og:description\" content=\"Ontdek de Pirineo Nordic-hut, een houten toevluchtsoord dat ideaal is voor vijf personen, omgeven door de natuur en met alle comfort.\" \/>\n<meta property=\"og:url\" content=\"https:\/\/www.penamontanesa.com\/nl\/accommodaties\/houten-huisje-voor-5-personen\/\" \/>\n<meta property=\"og:site_name\" content=\"Camping Pe\u00f1a Monta\u00f1esa\" \/>\n<meta property=\"article:modified_time\" content=\"2026-01-29T14:14:57+00:00\" \/>\n<meta property=\"og:image\" content=\"https:\/\/www.penamontanesa.com\/wp-content\/uploads\/cabana-nordica-1024x683.png\" \/>\n\t<meta property=\"og:image:width\" content=\"1024\" \/>\n\t<meta property=\"og:image:height\" content=\"683\" \/>\n\t<meta property=\"og:image:type\" content=\"image\/png\" \/>\n<meta name=\"twitter:card\" content=\"summary_large_image\" \/>\n<meta name=\"twitter:label1\" content=\"Geschatte leestijd\" \/>\n\t<meta name=\"twitter:data1\" content=\"1 minuut\" \/>\n<script type=\"application\/ld+json\" class=\"yoast-schema-graph\">{\"@context\":\"https:\/\/schema.org\",\"@graph\":[{\"@type\":\"WebPage\",\"@id\":\"https:\/\/www.penamontanesa.com\/nl\/accommodaties\/houten-huisje-voor-5-personen\/\",\"url\":\"https:\/\/www.penamontanesa.com\/nl\/accommodaties\/houten-huisje-voor-5-personen\/\",\"name\":\"Houten huisje Pyrenee\u00ebn - Camping Pe\u00f1a Monta\u00f1esa\",\"isPartOf\":{\"@id\":\"https:\/\/www.penamontanesa.com\/nl\/#website\"},\"primaryImageOfPage\":{\"@id\":\"https:\/\/www.penamontanesa.com\/nl\/accommodaties\/houten-huisje-voor-5-personen\/#primaryimage\"},\"image\":{\"@id\":\"https:\/\/www.penamontanesa.com\/nl\/accommodaties\/houten-huisje-voor-5-personen\/#primaryimage\"},\"thumbnailUrl\":\"https:\/\/www.penamontanesa.com\/wp-content\/uploads\/cabana-nordica-e1769643463956.png\",\"datePublished\":\"2026-01-27T19:33:05+00:00\",\"dateModified\":\"2026-01-29T14:14:57+00:00\",\"description\":\"Ontdek de Pirineo Nordic-hut, een houten toevluchtsoord dat ideaal is voor vijf personen, omgeven door de natuur en met alle comfort.\",\"breadcrumb\":{\"@id\":\"https:\/\/www.penamontanesa.com\/nl\/accommodaties\/houten-huisje-voor-5-personen\/#breadcrumb\"},\"inLanguage\":\"nl-NL\",\"potentialAction\":[{\"@type\":\"ReadAction\",\"target\":[\"https:\/\/www.penamontanesa.com\/nl\/accommodaties\/houten-huisje-voor-5-personen\/\"]}]},{\"@type\":\"ImageObject\",\"inLanguage\":\"nl-NL\",\"@id\":\"https:\/\/www.penamontanesa.com\/nl\/accommodaties\/houten-huisje-voor-5-personen\/#primaryimage\",\"url\":\"https:\/\/www.penamontanesa.com\/wp-content\/uploads\/cabana-nordica-e1769643463956.png\",\"contentUrl\":\"https:\/\/www.penamontanesa.com\/wp-content\/uploads\/cabana-nordica-e1769643463956.png\",\"width\":1536,\"height\":1024},{\"@type\":\"BreadcrumbList\",\"@id\":\"https:\/\/www.penamontanesa.com\/nl\/accommodaties\/houten-huisje-voor-5-personen\/#breadcrumb\",\"itemListElement\":[{\"@type\":\"ListItem\",\"position\":1,\"name\":\"Portada\",\"item\":\"https:\/\/www.penamontanesa.com\/nl\/\"},{\"@type\":\"ListItem\",\"position\":2,\"name\":\"Accommodaties\",\"item\":\"https:\/\/www.penamontanesa.com\/nl\/accommodaties\/\"},{\"@type\":\"ListItem\",\"position\":3,\"name\":\"Houten huisje Pyrenee\u00ebn\"}]},{\"@type\":\"WebSite\",\"@id\":\"https:\/\/www.penamontanesa.com\/nl\/#website\",\"url\":\"https:\/\/www.penamontanesa.com\/nl\/\",\"name\":\"Camping Pe\u00f1a Monta\u00f1esa\",\"description\":\"Camping y bungalows. Ainsa Pirineos. Parque Nacional de Ordesa y Monte Perdido.\",\"publisher\":{\"@id\":\"https:\/\/www.penamontanesa.com\/nl\/#organization\"},\"potentialAction\":[{\"@type\":\"SearchAction\",\"target\":{\"@type\":\"EntryPoint\",\"urlTemplate\":\"https:\/\/www.penamontanesa.com\/nl\/?s={search_term_string}\"},\"query-input\":{\"@type\":\"PropertyValueSpecification\",\"valueRequired\":true,\"valueName\":\"search_term_string\"}}],\"inLanguage\":\"nl-NL\"},{\"@type\":\"Organization\",\"@id\":\"https:\/\/www.penamontanesa.com\/nl\/#organization\",\"name\":\"Camping Pe\u00f1a Monta\u00f1esa\",\"url\":\"https:\/\/www.penamontanesa.com\/nl\/\",\"logo\":{\"@type\":\"ImageObject\",\"inLanguage\":\"nl-NL\",\"@id\":\"https:\/\/www.penamontanesa.com\/nl\/#\/schema\/logo\/image\/\",\"url\":\"https:\/\/www.penamontanesa.com\/wp-content\/uploads\/cropped-penamontanesa-logo-1-1.png\",\"contentUrl\":\"https:\/\/www.penamontanesa.com\/wp-content\/uploads\/cropped-penamontanesa-logo-1-1.png\",\"width\":420,\"height\":103,\"caption\":\"Camping Pe\u00f1a Monta\u00f1esa\"},\"image\":{\"@id\":\"https:\/\/www.penamontanesa.com\/nl\/#\/schema\/logo\/image\/\"}}]}<\/script>\n<!-- \/ Yoast SEO plugin. -->","yoast_head_json":{"title":"Houten huisje Pyrenee\u00ebn - Camping Pe\u00f1a Monta\u00f1esa","description":"Ontdek de Pirineo Nordic-hut, een houten toevluchtsoord dat ideaal is voor vijf personen, omgeven door de natuur en met alle comfort.","robots":{"index":"index","follow":"follow","max-snippet":"max-snippet:-1","max-image-preview":"max-image-preview:large","max-video-preview":"max-video-preview:-1"},"canonical":"https:\/\/www.penamontanesa.com\/nl\/accommodaties\/houten-huisje-voor-5-personen\/","og_locale":"nl_NL","og_type":"article","og_title":"Houten huisje Pyrenee\u00ebn - Camping Pe\u00f1a Monta\u00f1esa","og_description":"Ontdek de Pirineo Nordic-hut, een houten toevluchtsoord dat ideaal is voor vijf personen, omgeven door de natuur en met alle comfort.","og_url":"https:\/\/www.penamontanesa.com\/nl\/accommodaties\/houten-huisje-voor-5-personen\/","og_site_name":"Camping Pe\u00f1a Monta\u00f1esa","article_modified_time":"2026-01-29T14:14:57+00:00","og_image":[{"width":1024,"height":683,"url":"https:\/\/www.penamontanesa.com\/wp-content\/uploads\/cabana-nordica-1024x683.png","type":"image\/png"}],"twitter_card":"summary_large_image","twitter_misc":{"Geschatte leestijd":"1 minuut"},"schema":{"@context":"https:\/\/schema.org","@graph":[{"@type":"WebPage","@id":"https:\/\/www.penamontanesa.com\/nl\/accommodaties\/houten-huisje-voor-5-personen\/","url":"https:\/\/www.penamontanesa.com\/nl\/accommodaties\/houten-huisje-voor-5-personen\/","name":"Houten huisje Pyrenee\u00ebn - Camping Pe\u00f1a Monta\u00f1esa","isPartOf":{"@id":"https:\/\/www.penamontanesa.com\/nl\/#website"},"primaryImageOfPage":{"@id":"https:\/\/www.penamontanesa.com\/nl\/accommodaties\/houten-huisje-voor-5-personen\/#primaryimage"},"image":{"@id":"https:\/\/www.penamontanesa.com\/nl\/accommodaties\/houten-huisje-voor-5-personen\/#primaryimage"},"thumbnailUrl":"https:\/\/www.penamontanesa.com\/wp-content\/uploads\/cabana-nordica-e1769643463956.png","datePublished":"2026-01-27T19:33:05+00:00","dateModified":"2026-01-29T14:14:57+00:00","description":"Ontdek de Pirineo Nordic-hut, een houten toevluchtsoord dat ideaal is voor vijf personen, omgeven door de natuur en met alle comfort.","breadcrumb":{"@id":"https:\/\/www.penamontanesa.com\/nl\/accommodaties\/houten-huisje-voor-5-personen\/#breadcrumb"},"inLanguage":"nl-NL","potentialAction":[{"@type":"ReadAction","target":["https:\/\/www.penamontanesa.com\/nl\/accommodaties\/houten-huisje-voor-5-personen\/"]}]},{"@type":"ImageObject","inLanguage":"nl-NL","@id":"https:\/\/www.penamontanesa.com\/nl\/accommodaties\/houten-huisje-voor-5-personen\/#primaryimage","url":"https:\/\/www.penamontanesa.com\/wp-content\/uploads\/cabana-nordica-e1769643463956.png","contentUrl":"https:\/\/www.penamontanesa.com\/wp-content\/uploads\/cabana-nordica-e1769643463956.png","width":1536,"height":1024},{"@type":"BreadcrumbList","@id":"https:\/\/www.penamontanesa.com\/nl\/accommodaties\/houten-huisje-voor-5-personen\/#breadcrumb","itemListElement":[{"@type":"ListItem","position":1,"name":"Portada","item":"https:\/\/www.penamontanesa.com\/nl\/"},{"@type":"ListItem","position":2,"name":"Accommodaties","item":"https:\/\/www.penamontanesa.com\/nl\/accommodaties\/"},{"@type":"ListItem","position":3,"name":"Houten huisje Pyrenee\u00ebn"}]},{"@type":"WebSite","@id":"https:\/\/www.penamontanesa.com\/nl\/#website","url":"https:\/\/www.penamontanesa.com\/nl\/","name":"Camping Pe\u00f1a Monta\u00f1esa","description":"Camping y bungalows. Ainsa Pirineos. Parque Nacional de Ordesa y Monte Perdido.","publisher":{"@id":"https:\/\/www.penamontanesa.com\/nl\/#organization"},"potentialAction":[{"@type":"SearchAction","target":{"@type":"EntryPoint","urlTemplate":"https:\/\/www.penamontanesa.com\/nl\/?s={search_term_string}"},"query-input":{"@type":"PropertyValueSpecification","valueRequired":true,"valueName":"search_term_string"}}],"inLanguage":"nl-NL"},{"@type":"Organization","@id":"https:\/\/www.penamontanesa.com\/nl\/#organization","name":"Camping Pe\u00f1a Monta\u00f1esa","url":"https:\/\/www.penamontanesa.com\/nl\/","logo":{"@type":"ImageObject","inLanguage":"nl-NL","@id":"https:\/\/www.penamontanesa.com\/nl\/#\/schema\/logo\/image\/","url":"https:\/\/www.penamontanesa.com\/wp-content\/uploads\/cropped-penamontanesa-logo-1-1.png","contentUrl":"https:\/\/www.penamontanesa.com\/wp-content\/uploads\/cropped-penamontanesa-logo-1-1.png","width":420,"height":103,"caption":"Camping Pe\u00f1a Monta\u00f1esa"},"image":{"@id":"https:\/\/www.penamontanesa.com\/nl\/#\/schema\/logo\/image\/"}}]}},"_links":{"self":[{"href":"https:\/\/www.penamontanesa.com\/nl\/wp-json\/wp\/v2\/pages\/63182","targetHints":{"allow":["GET"]}}],"collection":[{"href":"https:\/\/www.penamontanesa.com\/nl\/wp-json\/wp\/v2\/pages"}],"about":[{"href":"https:\/\/www.penamontanesa.com\/nl\/wp-json\/wp\/v2\/types\/page"}],"author":[{"embeddable":true,"href":"https:\/\/www.penamontanesa.com\/nl\/wp-json\/wp\/v2\/users\/1"}],"replies":[{"embeddable":true,"href":"https:\/\/www.penamontanesa.com\/nl\/wp-json\/wp\/v2\/comments?post=63182"}],"version-history":[{"count":17,"href":"https:\/\/www.penamontanesa.com\/nl\/wp-json\/wp\/v2\/pages\/63182\/revisions"}],"predecessor-version":[{"id":63517,"href":"https:\/\/www.penamontanesa.com\/nl\/wp-json\/wp\/v2\/pages\/63182\/revisions\/63517"}],"up":[{"embeddable":true,"href":"https:\/\/www.penamontanesa.com\/nl\/wp-json\/wp\/v2\/pages\/22936"}],"wp:featuredmedia":[{"embeddable":true,"href":"https:\/\/www.penamontanesa.com\/nl\/wp-json\/wp\/v2\/media\/63200"}],"wp:attachment":[{"href":"https:\/\/www.penamontanesa.com\/nl\/wp-json\/wp\/v2\/media?parent=63182"}],"curies":[{"name":"wp","href":"https:\/\/api.w.org\/{rel}","templated":true}]}}